{"id":304,"date":"2022-02-01T09:29:55","date_gmt":"2022-02-01T09:29:55","guid":{"rendered":"https:\/\/wordpressriverthemes.com\/tanda-elem\/?page_id=304"},"modified":"2024-12-20T11:55:43","modified_gmt":"2024-12-20T10:55:43","slug":"company","status":"publish","type":"page","link":"https:\/\/sxe-consulting.com\/en\/lentreprise\/","title":{"rendered":"SXE Consulting"},"content":{"rendered":"<div data-elementor-type=\"wp-page\" data-elementor-id=\"304\" class=\"elementor elementor-304\" data-elementor-post-type=\"page\">\n\t\t\t\t\t\t<section class=\"elementor-section elementor-top-section elementor-element elementor-element-f9598b5 elementor-section-boxed elementor-section-height-default elementor-section-height-default\" data-id=\"f9598b5\" data-element_type=\"section\" data-e-type=\"section\">\n\t\t\t\t\t\t<div class=\"elementor-container elementor-column-gap-default\">\n\t\t\t\t\t<div class=\"elementor-column elementor-col-100 elementor-top-column elementor-element elementor-element-8a9c01b\" data-id=\"8a9c01b\" data-element_type=\"column\" data-e-type=\"column\">\n\t\t\t<div class=\"elementor-widget-wrap elementor-element-populated\">\n\t\t\t\t\t\t<div class=\"elementor-element elementor-element-2c8d98c elementor-widget elementor-widget-spacer\" data-id=\"2c8d98c\" data-element_type=\"widget\" data-e-type=\"widget\" data-widget_type=\"spacer.default\">\n\t\t\t\t<div class=\"elementor-widget-container\">\n\t\t\t\t\t\t\t<div class=\"elementor-spacer\">\n\t\t\t<div class=\"elementor-spacer-inner\"><\/div>\n\t\t<\/div>\n\t\t\t\t\t\t<\/div>\n\t\t\t\t<\/div>\n\t\t\t\t\t<\/div>\n\t\t<\/div>\n\t\t\t\t\t<\/div>\n\t\t<\/section>\n\t\t\t\t<section class=\"elementor-section elementor-top-section elementor-element elementor-element-c5b8af3 elementor-section-boxed elementor-section-height-default elementor-section-height-default\" data-id=\"c5b8af3\" data-element_type=\"section\" data-e-type=\"section\">\n\t\t\t\t\t\t<div class=\"elementor-container elementor-column-gap-default\">\n\t\t\t\t\t<div class=\"elementor-column elementor-col-50 elementor-top-column elementor-element elementor-element-bc1e9f7\" data-id=\"bc1e9f7\" data-element_type=\"column\" data-e-type=\"column\">\n\t\t\t<div class=\"elementor-widget-wrap elementor-element-populated\">\n\t\t\t\t\t\t<div class=\"elementor-element elementor-element-d587f95 elementor-widget elementor-widget-heading\" data-id=\"d587f95\" data-element_type=\"widget\" data-e-type=\"widget\" data-widget_type=\"heading.default\">\n\t\t\t\t<div class=\"elementor-widget-container\">\n\t\t\t\t\t<h1 class=\"elementor-heading-title elementor-size-default\">Who we are<\/h1>\t\t\t\t<\/div>\n\t\t\t\t<\/div>\n\t\t\t\t<div class=\"elementor-element elementor-element-33e1f8c elementor-widget elementor-widget-heading\" data-id=\"33e1f8c\" data-element_type=\"widget\" data-e-type=\"widget\" data-widget_type=\"heading.default\">\n\t\t\t\t<div class=\"elementor-widget-container\">\n\t\t\t\t\t<h2 class=\"elementor-heading-title elementor-size-default\">Your partner in operational excellence<\/h2>\t\t\t\t<\/div>\n\t\t\t\t<\/div>\n\t\t\t\t<div class=\"elementor-element elementor-element-6fb44c0 elementor-widget elementor-widget-text-editor\" data-id=\"6fb44c0\" data-element_type=\"widget\" data-e-type=\"widget\" data-widget_type=\"text-editor.default\">\n\t\t\t\t<div class=\"elementor-widget-container\">\n\t\t\t\t\t\t\t\t\t<p>With <strong>more <span class=\"notion-enable-hover\" data-token-index=\"1\">25 years of experience<\/span><\/strong>, SXE Consulting supports <strong><span class=\"notion-enable-hover\" data-token-index=\"3\">SMES<\/span><\/strong> in optimizing their industrial performance. Our tailor-made approach aims to improve the efficiency of your operations, reduce costs and prepare you for tomorrow's challenges.<br \/><!-- notionvc: 2ac75422-211a-40e1-92dc-09b3cda592e1 --><\/p>\t\t\t\t\t\t\t\t<\/div>\n\t\t\t\t<\/div>\n\t\t\t\t\t<\/div>\n\t\t<\/div>\n\t\t\t\t<div class=\"elementor-column elementor-col-50 elementor-top-column elementor-element elementor-element-0e509f6\" data-id=\"0e509f6\" data-element_type=\"column\" data-e-type=\"column\">\n\t\t\t<div class=\"elementor-widget-wrap elementor-element-populated\">\n\t\t\t\t\t\t<div class=\"elementor-element elementor-element-02d07cc e-transform elementor-widget elementor-widget-image\" data-id=\"02d07cc\" data-element_type=\"widget\" data-e-type=\"widget\" data-settings=\"{&quot;_transform_rotateZ_effect&quot;:{&quot;unit&quot;:&quot;px&quot;,&quot;size&quot;:-4,&quot;sizes&quot;:[]},&quot;_transform_rotateZ_effect_laptop&quot;:{&quot;unit&quot;:&quot;deg&quot;,&quot;size&quot;:&quot;&quot;,&quot;sizes&quot;:[]},&quot;_transform_rotateZ_effect_tablet&quot;:{&quot;unit&quot;:&quot;deg&quot;,&quot;size&quot;:&quot;&quot;,&quot;sizes&quot;:[]},&quot;_transform_rotateZ_effect_mobile&quot;:{&quot;unit&quot;:&quot;deg&quot;,&quot;size&quot;:&quot;&quot;,&quot;sizes&quot;:[]}}\" data-widget_type=\"image.default\">\n\t\t\t\t<div class=\"elementor-widget-container\">\n\t\t\t\t\t\t\t\t\t\t\t\t\t\t\t<img fetchpriority=\"high\" decoding=\"async\" width=\"1200\" height=\"800\" src=\"https:\/\/sxe-consulting.com\/wp-content\/uploads\/2024\/09\/transformation-digitale-sxe-consulting.jpg\" class=\"attachment-full size-full wp-image-11589\" alt=\"Digital transformation SXE\" srcset=\"https:\/\/sxe-consulting.com\/wp-content\/uploads\/2024\/09\/transformation-digitale-sxe-consulting.jpg 1200w, https:\/\/sxe-consulting.com\/wp-content\/uploads\/2024\/09\/transformation-digitale-sxe-consulting-300x200.jpg 300w, https:\/\/sxe-consulting.com\/wp-content\/uploads\/2024\/09\/transformation-digitale-sxe-consulting-1024x683.jpg 1024w, https:\/\/sxe-consulting.com\/wp-content\/uploads\/2024\/09\/transformation-digitale-sxe-consulting-768x512.jpg 768w, https:\/\/sxe-consulting.com\/wp-content\/uploads\/2024\/09\/transformation-digitale-sxe-consulting-495x330.jpg 495w, https:\/\/sxe-consulting.com\/wp-content\/uploads\/2024\/09\/transformation-digitale-sxe-consulting-270x180.jpg 270w, https:\/\/sxe-consulting.com\/wp-content\/uploads\/2024\/09\/transformation-digitale-sxe-consulting-600x400.jpg 600w\" sizes=\"(max-width: 1200px) 100vw, 1200px\" \/>\t\t\t\t\t\t\t\t\t\t\t\t\t\t\t<\/div>\n\t\t\t\t<\/div>\n\t\t\t\t\t<\/div>\n\t\t<\/div>\n\t\t\t\t\t<\/div>\n\t\t<\/section>\n\t\t\t\t<section class=\"elementor-section elementor-top-section elementor-element elementor-element-9826bfc elementor-section-boxed elementor-section-height-default elementor-section-height-default\" data-id=\"9826bfc\" data-element_type=\"section\" data-e-type=\"section\">\n\t\t\t\t\t\t<div class=\"elementor-container elementor-column-gap-default\">\n\t\t\t\t\t<div class=\"elementor-column elementor-col-100 elementor-top-column elementor-element elementor-element-633e5b2\" data-id=\"633e5b2\" data-element_type=\"column\" data-e-type=\"column\">\n\t\t\t<div class=\"elementor-widget-wrap elementor-element-populated\">\n\t\t\t\t\t\t<div class=\"elementor-element elementor-element-9e87acc elementor-widget elementor-widget-spacer\" data-id=\"9e87acc\" data-element_type=\"widget\" data-e-type=\"widget\" data-widget_type=\"spacer.default\">\n\t\t\t\t<div class=\"elementor-widget-container\">\n\t\t\t\t\t\t\t<div class=\"elementor-spacer\">\n\t\t\t<div class=\"elementor-spacer-inner\"><\/div>\n\t\t<\/div>\n\t\t\t\t\t\t<\/div>\n\t\t\t\t<\/div>\n\t\t\t\t\t<\/div>\n\t\t<\/div>\n\t\t\t\t\t<\/div>\n\t\t<\/section>\n\t\t\t\t<section class=\"elementor-section elementor-top-section elementor-element elementor-element-031df19 elementor-section-boxed elementor-section-height-default elementor-section-height-default\" data-id=\"031df19\" data-element_type=\"section\" data-e-type=\"section\" data-settings=\"{&quot;background_background&quot;:&quot;classic&quot;}\">\n\t\t\t\t\t\t<div class=\"elementor-container elementor-column-gap-default\">\n\t\t\t\t\t<div class=\"elementor-column elementor-col-50 elementor-top-column elementor-element elementor-element-755456e\" data-id=\"755456e\" data-element_type=\"column\" data-e-type=\"column\">\n\t\t\t<div class=\"elementor-widget-wrap elementor-element-populated\">\n\t\t\t\t\t\t<div class=\"elementor-element elementor-element-28ee84c e-transform elementor-widget elementor-widget-image\" data-id=\"28ee84c\" data-element_type=\"widget\" data-e-type=\"widget\" data-settings=\"{&quot;_transform_rotateZ_effect&quot;:{&quot;unit&quot;:&quot;px&quot;,&quot;size&quot;:-4,&quot;sizes&quot;:[]},&quot;_transform_rotateZ_effect_laptop&quot;:{&quot;unit&quot;:&quot;deg&quot;,&quot;size&quot;:&quot;&quot;,&quot;sizes&quot;:[]},&quot;_transform_rotateZ_effect_tablet&quot;:{&quot;unit&quot;:&quot;deg&quot;,&quot;size&quot;:&quot;&quot;,&quot;sizes&quot;:[]},&quot;_transform_rotateZ_effect_mobile&quot;:{&quot;unit&quot;:&quot;deg&quot;,&quot;size&quot;:&quot;&quot;,&quot;sizes&quot;:[]}}\" data-widget_type=\"image.default\">\n\t\t\t\t<div class=\"elementor-widget-container\">\n\t\t\t\t\t\t\t\t\t\t\t\t\t\t\t<img decoding=\"async\" width=\"1196\" height=\"794\" src=\"https:\/\/sxe-consulting.com\/wp-content\/uploads\/2024\/12\/Xavier-Schuster-SXE-Consulting.png\" class=\"attachment-full size-full wp-image-12102\" alt=\"\" srcset=\"https:\/\/sxe-consulting.com\/wp-content\/uploads\/2024\/12\/Xavier-Schuster-SXE-Consulting.png 1196w, https:\/\/sxe-consulting.com\/wp-content\/uploads\/2024\/12\/Xavier-Schuster-SXE-Consulting-300x199.png 300w, https:\/\/sxe-consulting.com\/wp-content\/uploads\/2024\/12\/Xavier-Schuster-SXE-Consulting-1024x680.png 1024w, https:\/\/sxe-consulting.com\/wp-content\/uploads\/2024\/12\/Xavier-Schuster-SXE-Consulting-768x510.png 768w\" sizes=\"(max-width: 1196px) 100vw, 1196px\" \/>\t\t\t\t\t\t\t\t\t\t\t\t\t\t\t<\/div>\n\t\t\t\t<\/div>\n\t\t\t\t\t<\/div>\n\t\t<\/div>\n\t\t\t\t<div class=\"elementor-column elementor-col-50 elementor-top-column elementor-element elementor-element-c575c73\" data-id=\"c575c73\" data-element_type=\"column\" data-e-type=\"column\">\n\t\t\t<div class=\"elementor-widget-wrap elementor-element-populated\">\n\t\t\t\t\t\t<div class=\"elementor-element elementor-element-4ebd954 elementor-widget elementor-widget-heading\" data-id=\"4ebd954\" data-element_type=\"widget\" data-e-type=\"widget\" data-widget_type=\"heading.default\">\n\t\t\t\t<div class=\"elementor-widget-container\">\n\t\t\t\t\t<h2 class=\"elementor-heading-title elementor-size-default\">Xavier Schuster<\/h2>\t\t\t\t<\/div>\n\t\t\t\t<\/div>\n\t\t\t\t<div class=\"elementor-element elementor-element-5a6da6f elementor-widget elementor-widget-heading\" data-id=\"5a6da6f\" data-element_type=\"widget\" data-e-type=\"widget\" data-widget_type=\"heading.default\">\n\t\t\t\t<div class=\"elementor-widget-container\">\n\t\t\t\t\t<span class=\"elementor-heading-title elementor-size-default\">Founder and Managing Director of SXE Consulting<\/span>\t\t\t\t<\/div>\n\t\t\t\t<\/div>\n\t\t\t\t<div class=\"elementor-element elementor-element-e9fd748 elementor-widget elementor-widget-text-editor\" data-id=\"e9fd748\" data-element_type=\"widget\" data-e-type=\"widget\" data-widget_type=\"text-editor.default\">\n\t\t\t\t<div class=\"elementor-widget-container\">\n\t\t\t\t\t\t\t\t\t<p><span class=\"notion-enable-hover\" data-token-index=\"0\">X<b>avier Schuster<\/b><\/span>, engineer in <span class=\"notion-enable-hover\" data-token-index=\"2\"><b>industrial engineering<\/b><\/span>, founded SXE Consulting to put his expertise at the service of SMEs. After working on a number of projects in complex industrial environments, he realized that SMEs needed personalized support in order to reach their full potential.\u2019<span class=\"notion-enable-hover\" data-token-index=\"4\"><b>operational excellence<\/b><\/span>. Its mission is to offer concrete, customized solutions, enabling companies to maximize their competitiveness while remaining agile.<!-- notionvc: db195433-5368-4830-97a6-931ef2afa0f7 --><\/p>\t\t\t\t\t\t\t\t<\/div>\n\t\t\t\t<\/div>\n\t\t\t\t<div class=\"elementor-element elementor-element-cb9fdd3 elementor-widget elementor-widget-text-editor\" data-id=\"cb9fdd3\" data-element_type=\"widget\" data-e-type=\"widget\" data-widget_type=\"text-editor.default\">\n\t\t\t\t<div class=\"elementor-widget-container\">\n\t\t\t\t\t\t\t\t\t<blockquote><p><em><span class=\"notion-enable-hover\" data-token-index=\"0\">\u201c<strong>Every company has a unique potential to exploit, and our role is to help them reach their full operational potential.<\/strong>\u201c<\/span> - Xavier Schuster<\/em><!-- notionvc: 13f06775-c23c-4a8f-9a38-c845c795f85a --><\/p><\/blockquote>\t\t\t\t\t\t\t\t<\/div>\n\t\t\t\t<\/div>\n\t\t\t\t<div class=\"elementor-element elementor-element-653aa6f elementor-widget elementor-widget-button\" data-id=\"653aa6f\" data-element_type=\"widget\" data-e-type=\"widget\" data-widget_type=\"button.default\">\n\t\t\t\t<div class=\"elementor-widget-container\">\n\t\t\t\t\t\t\t\t\t<div class=\"elementor-button-wrapper\">\n\t\t\t\t\t<a class=\"elementor-button elementor-button-link elementor-size-sm\" href=\"https:\/\/sxe-consulting.com\/en\/our-services\/\">\n\t\t\t\t\t\t<span class=\"elementor-button-content-wrapper\">\n\t\t\t\t\t\t\t\t\t<span class=\"elementor-button-text\">Discover our services<\/span>\n\t\t\t\t\t<\/span>\n\t\t\t\t\t<\/a>\n\t\t\t\t<\/div>\n\t\t\t\t\t\t\t\t<\/div>\n\t\t\t\t<\/div>\n\t\t\t\t\t<\/div>\n\t\t<\/div>\n\t\t\t\t\t<\/div>\n\t\t<\/section>\n\t\t\t\t<section class=\"elementor-section elementor-top-section elementor-element elementor-element-48a12e8 elementor-section-boxed elementor-section-height-default elementor-section-height-default\" data-id=\"48a12e8\" data-element_type=\"section\" data-e-type=\"section\" data-settings=\"{&quot;background_background&quot;:&quot;classic&quot;}\">\n\t\t\t\t\t\t<div class=\"elementor-container elementor-column-gap-default\">\n\t\t\t\t\t<div class=\"elementor-column elementor-col-50 elementor-top-column elementor-element elementor-element-3732b64\" data-id=\"3732b64\" data-element_type=\"column\" data-e-type=\"column\">\n\t\t\t<div class=\"elementor-widget-wrap elementor-element-populated\">\n\t\t\t\t\t\t<div class=\"elementor-element elementor-element-22b18f0 elementor-widget elementor-widget-heading\" data-id=\"22b18f0\" data-element_type=\"widget\" data-e-type=\"widget\" data-widget_type=\"heading.default\">\n\t\t\t\t<div class=\"elementor-widget-container\">\n\t\t\t\t\t<h2 class=\"elementor-heading-title elementor-size-default\">Our commitment: <br>Excellence &amp; Performance<\/h2>\t\t\t\t<\/div>\n\t\t\t\t<\/div>\n\t\t\t\t<div class=\"elementor-element elementor-element-caacf80 elementor-widget elementor-widget-text-editor\" data-id=\"caacf80\" data-element_type=\"widget\" data-e-type=\"widget\" data-widget_type=\"text-editor.default\">\n\t\t\t\t<div class=\"elementor-widget-container\">\n\t\t\t\t\t\t\t\t\t<p><span style=\"color: #ffffff;\">We believe that\u2019<strong>operational excellence<\/strong> is not just a question of efficiency, but also of sustainability and innovation. SXE Consulting is committed to providing long-term solutions that keep pace with technological developments, guaranteeing measurable, lasting results.<\/span><\/p><p><span style=\"color: #ffffff;\">Our support is based on a collaborative, personalized approach. We work in close cooperation with your teams to gain an in-depth understanding of your needs and build solutions that integrate naturally into your processes. This collaboration enables a transfer of skills and long-term autonomy.<\/span><!-- notionvc: 662b236d-3374-468b-9a77-bf16dc415dcf --><\/p>\t\t\t\t\t\t\t\t<\/div>\n\t\t\t\t<\/div>\n\t\t\t\t\t<\/div>\n\t\t<\/div>\n\t\t\t\t<div class=\"elementor-column elementor-col-50 elementor-top-column elementor-element elementor-element-9ba98ba\" data-id=\"9ba98ba\" data-element_type=\"column\" data-e-type=\"column\">\n\t\t\t<div class=\"elementor-widget-wrap elementor-element-populated\">\n\t\t\t\t\t\t<div class=\"elementor-element elementor-element-9597c0f elementor-widget elementor-widget-heading\" data-id=\"9597c0f\" data-element_type=\"widget\" data-e-type=\"widget\" data-widget_type=\"heading.default\">\n\t\t\t\t<div class=\"elementor-widget-container\">\n\t\t\t\t\t<h2 class=\"elementor-heading-title elementor-size-default\">A sustainable vision of operational excellence<\/h2>\t\t\t\t<\/div>\n\t\t\t\t<\/div>\n\t\t\t\t<div class=\"elementor-element elementor-element-4378629 elementor-widget elementor-widget-text-editor\" data-id=\"4378629\" data-element_type=\"widget\" data-e-type=\"widget\" data-widget_type=\"text-editor.default\">\n\t\t\t\t<div class=\"elementor-widget-container\">\n\t\t\t\t\t\t\t\t\t<p><span style=\"color: #ffffff;\">In a world where economic and environmental requirements are constantly evolving, SXE Consulting is committed to integrating sustainable practices into every intervention. We believe that\u2019<strong>operational excellence<\/strong> goes hand in hand with environmental responsibility and infrastructure modernization.<\/span><\/p><p><span style=\"color: #ffffff;\">Our aim is to prepare your company for tomorrow's challenges, whether they involve integrating innovative technologies or meeting the growing demands of social responsibility.<\/span><\/p><p><!-- notionvc: d47ea1a0-a1ac-487a-9d1b-11090da56f92 --><\/p>\t\t\t\t\t\t\t\t<\/div>\n\t\t\t\t<\/div>\n\t\t\t\t\t<\/div>\n\t\t<\/div>\n\t\t\t\t\t<\/div>\n\t\t<\/section>\n\t\t\t\t<section class=\"elementor-section elementor-top-section elementor-element elementor-element-07d0e1a elementor-section-boxed elementor-section-height-default elementor-section-height-default\" data-id=\"07d0e1a\" data-element_type=\"section\" data-e-type=\"section\" data-settings=\"{&quot;background_background&quot;:&quot;classic&quot;}\">\n\t\t\t\t\t\t<div class=\"elementor-container elementor-column-gap-default\">\n\t\t\t\t\t<div class=\"elementor-column elementor-col-100 elementor-top-column elementor-element elementor-element-948b0e7\" data-id=\"948b0e7\" data-element_type=\"column\" data-e-type=\"column\">\n\t\t\t<div class=\"elementor-widget-wrap elementor-element-populated\">\n\t\t\t\t\t\t<div class=\"elementor-element elementor-element-8b94e73 elementor-widget elementor-widget-spacer\" data-id=\"8b94e73\" data-element_type=\"widget\" data-e-type=\"widget\" data-widget_type=\"spacer.default\">\n\t\t\t\t<div class=\"elementor-widget-container\">\n\t\t\t\t\t\t\t<div class=\"elementor-spacer\">\n\t\t\t<div class=\"elementor-spacer-inner\"><\/div>\n\t\t<\/div>\n\t\t\t\t\t\t<\/div>\n\t\t\t\t<\/div>\n\t\t\t\t<div class=\"elementor-element elementor-element-5c747f9 elementor-widget elementor-widget-heading\" data-id=\"5c747f9\" data-element_type=\"widget\" data-e-type=\"widget\" data-widget_type=\"heading.default\">\n\t\t\t\t<div class=\"elementor-widget-container\">\n\t\t\t\t\t<h2 class=\"elementor-heading-title elementor-size-default\">Why SXE Consulting?<\/h2>\t\t\t\t<\/div>\n\t\t\t\t<\/div>\n\t\t\t\t<section class=\"elementor-section elementor-inner-section elementor-element elementor-element-1cf735a elementor-section-boxed elementor-section-height-default elementor-section-height-default\" data-id=\"1cf735a\" data-element_type=\"section\" data-e-type=\"section\">\n\t\t\t\t\t\t<div class=\"elementor-container elementor-column-gap-default\">\n\t\t\t\t\t<div class=\"elementor-column elementor-col-33 elementor-inner-column elementor-element elementor-element-c99c291\" data-id=\"c99c291\" data-element_type=\"column\" data-e-type=\"column\">\n\t\t\t<div class=\"elementor-widget-wrap elementor-element-populated\">\n\t\t\t\t\t\t<div class=\"elementor-element elementor-element-47785f2 elementor-widget elementor-widget-heading\" data-id=\"47785f2\" data-element_type=\"widget\" data-e-type=\"widget\" data-widget_type=\"heading.default\">\n\t\t\t\t<div class=\"elementor-widget-container\">\n\t\t\t\t\t<h3 class=\"elementor-heading-title elementor-size-default\">Recognized expertise<\/h3>\t\t\t\t<\/div>\n\t\t\t\t<\/div>\n\t\t\t\t<div class=\"elementor-element elementor-element-5012c5b elementor-widget elementor-widget-text-editor\" data-id=\"5012c5b\" data-element_type=\"widget\" data-e-type=\"widget\" data-widget_type=\"text-editor.default\">\n\t\t\t\t<div class=\"elementor-widget-container\">\n\t\t\t\t\t\t\t\t\t<p>Over 20 years' experience in industrial management.<!-- notionvc: aa979cf5-7f59-4938-89e2-9b73c8dac2d9 --><br \/><!-- notionvc: 10843a52-2bd8-470e-9d27-0a7cf976489d --><\/p>\t\t\t\t\t\t\t\t<\/div>\n\t\t\t\t<\/div>\n\t\t\t\t\t<\/div>\n\t\t<\/div>\n\t\t\t\t<div class=\"elementor-column elementor-col-33 elementor-inner-column elementor-element elementor-element-1a553bd\" data-id=\"1a553bd\" data-element_type=\"column\" data-e-type=\"column\">\n\t\t\t<div class=\"elementor-widget-wrap elementor-element-populated\">\n\t\t\t\t\t\t<div class=\"elementor-element elementor-element-2eef1ca elementor-widget elementor-widget-heading\" data-id=\"2eef1ca\" data-element_type=\"widget\" data-e-type=\"widget\" data-widget_type=\"heading.default\">\n\t\t\t\t<div class=\"elementor-widget-container\">\n\t\t\t\t\t<h3 class=\"elementor-heading-title elementor-size-default\">Customized support<\/h3>\t\t\t\t<\/div>\n\t\t\t\t<\/div>\n\t\t\t\t<div class=\"elementor-element elementor-element-1067224 elementor-widget elementor-widget-text-editor\" data-id=\"1067224\" data-element_type=\"widget\" data-e-type=\"widget\" data-widget_type=\"text-editor.default\">\n\t\t\t\t<div class=\"elementor-widget-container\">\n\t\t\t\t\t\t\t\t\t<p>Specific solutions for SMEs.<!-- notionvc: abe14b4b-0e83-4879-9c6b-bfb241840fff --><br \/><!-- notionvc: 10843a52-2bd8-470e-9d27-0a7cf976489d --><\/p>\t\t\t\t\t\t\t\t<\/div>\n\t\t\t\t<\/div>\n\t\t\t\t\t<\/div>\n\t\t<\/div>\n\t\t\t\t<div class=\"elementor-column elementor-col-33 elementor-inner-column elementor-element elementor-element-ea3ac9a\" data-id=\"ea3ac9a\" data-element_type=\"column\" data-e-type=\"column\">\n\t\t\t<div class=\"elementor-widget-wrap elementor-element-populated\">\n\t\t\t\t\t\t<div class=\"elementor-element elementor-element-3f85058 elementor-widget elementor-widget-heading\" data-id=\"3f85058\" data-element_type=\"widget\" data-e-type=\"widget\" data-widget_type=\"heading.default\">\n\t\t\t\t<div class=\"elementor-widget-container\">\n\t\t\t\t\t<h3 class=\"elementor-heading-title elementor-size-default\">Sustainable commitment<\/h3>\t\t\t\t<\/div>\n\t\t\t\t<\/div>\n\t\t\t\t<div class=\"elementor-element elementor-element-1549018 elementor-widget elementor-widget-text-editor\" data-id=\"1549018\" data-element_type=\"widget\" data-e-type=\"widget\" data-widget_type=\"text-editor.default\">\n\t\t\t\t<div class=\"elementor-widget-container\">\n\t\t\t\t\t\t\t\t\t<p>An approach that combines innovation and sustainability.<!-- notionvc: 33584de4-0f5d-4172-84a4-757037ff1541 --><br \/><!-- notionvc: 10843a52-2bd8-470e-9d27-0a7cf976489d --><\/p>\t\t\t\t\t\t\t\t<\/div>\n\t\t\t\t<\/div>\n\t\t\t\t\t<\/div>\n\t\t<\/div>\n\t\t\t\t\t<\/div>\n\t\t<\/section>\n\t\t\t\t<div class=\"elementor-element elementor-element-86926f1 elementor-widget elementor-widget-spacer\" data-id=\"86926f1\" data-element_type=\"widget\" data-e-type=\"widget\" data-widget_type=\"spacer.default\">\n\t\t\t\t<div class=\"elementor-widget-container\">\n\t\t\t\t\t\t\t<div class=\"elementor-spacer\">\n\t\t\t<div class=\"elementor-spacer-inner\"><\/div>\n\t\t<\/div>\n\t\t\t\t\t\t<\/div>\n\t\t\t\t<\/div>\n\t\t\t\t<div class=\"elementor-element elementor-element-8ade662 elementor-widget elementor-widget-text-editor\" data-id=\"8ade662\" data-element_type=\"widget\" data-e-type=\"widget\" data-widget_type=\"text-editor.default\">\n\t\t\t\t<div class=\"elementor-widget-container\">\n\t\t\t\t\t\t\t\t\t<p><span style=\"color: #003366;\"><strong><span class=\"notion-enable-hover\" data-token-index=\"0\"><a style=\"color: #003366;\" href=\"https:\/\/sxe-consulting.com\/en\/contact\/\">Contact us<\/a> starting today<\/span><\/strong> to find out how SXE Consulting can help you achieve the\u2019<strong><span class=\"notion-enable-hover\" data-token-index=\"2\">operational excellence<\/span><\/strong> in your company.<\/span><!-- notionvc: 7921c2dd-86ca-4db6-8835-d291d32df599 --><br \/><!-- notionvc: 40739dc4-9f5e-4747-a2be-7cdea8f16ef2 --><!-- notionvc: a8649687-fd14-4121-826f-72e2dbc2eb07 --><!-- notionvc: c3cdc701-079b-469f-9878-2be22669bd4a --><\/p>\t\t\t\t\t\t\t\t<\/div>\n\t\t\t\t<\/div>\n\t\t\t\t<div class=\"elementor-element elementor-element-b401e42 elementor-align-center elementor-widget elementor-widget-button\" data-id=\"b401e42\" data-element_type=\"widget\" data-e-type=\"widget\" data-widget_type=\"button.default\">\n\t\t\t\t<div class=\"elementor-widget-container\">\n\t\t\t\t\t\t\t\t\t<div class=\"elementor-button-wrapper\">\n\t\t\t\t\t<a class=\"elementor-button elementor-button-link elementor-size-sm\" href=\"https:\/\/sxe-consulting.com\/en\/contact\/\">\n\t\t\t\t\t\t<span class=\"elementor-button-content-wrapper\">\n\t\t\t\t\t\t\t\t\t<span class=\"elementor-button-text\">Contact us now<\/span>\n\t\t\t\t\t<\/span>\n\t\t\t\t\t<\/a>\n\t\t\t\t<\/div>\n\t\t\t\t\t\t\t\t<\/div>\n\t\t\t\t<\/div>\n\t\t\t\t\t<\/div>\n\t\t<\/div>\n\t\t\t\t\t<\/div>\n\t\t<\/section>\n\t\t\t\t<\/div>","protected":false},"excerpt":{"rendered":"<p>Qui sommes-nous ? Votre partenaire en excellence op\u00e9rationnelle Avec plus de 25 ans d\u2019exp\u00e9rience, SXE Consulting accompagne les PME dans l\u2019optimisation de leurs performances industrielles. Notre approche sur mesure vise \u00e0 am\u00e9liorer l\u2019efficacit\u00e9 de vos op\u00e9rations, \u00e0 r\u00e9duire les co\u00fbts et \u00e0 vous pr\u00e9parer aux d\u00e9fis de demain. Xavier Schuster Fondateur et directeur de SXE [&hellip;]<\/p>\n","protected":false},"author":1,"featured_media":10619,"parent":0,"menu_order":0,"comment_status":"closed","ping_status":"closed","template":"elementor_header_footer","meta":{"_sitemap_exclude":false,"_sitemap_priority":"","_sitemap_frequency":"","footnotes":""},"definition":[],"class_list":["post-304","page","type-page","status-publish","has-post-thumbnail","hentry"],"jetpack_sharing_enabled":true,"_links":{"self":[{"href":"https:\/\/sxe-consulting.com\/en\/wp-json\/wp\/v2\/pages\/304","targetHints":{"allow":["GET"]}}],"collection":[{"href":"https:\/\/sxe-consulting.com\/en\/wp-json\/wp\/v2\/pages"}],"about":[{"href":"https:\/\/sxe-consulting.com\/en\/wp-json\/wp\/v2\/types\/page"}],"author":[{"embeddable":true,"href":"https:\/\/sxe-consulting.com\/en\/wp-json\/wp\/v2\/users\/1"}],"replies":[{"embeddable":true,"href":"https:\/\/sxe-consulting.com\/en\/wp-json\/wp\/v2\/comments?post=304"}],"version-history":[{"count":0,"href":"https:\/\/sxe-consulting.com\/en\/wp-json\/wp\/v2\/pages\/304\/revisions"}],"wp:featuredmedia":[{"embeddable":true,"href":"https:\/\/sxe-consulting.com\/en\/wp-json\/wp\/v2\/media\/10619"}],"wp:attachment":[{"href":"https:\/\/sxe-consulting.com\/en\/wp-json\/wp\/v2\/media?parent=304"}],"wp:term":[{"taxonomy":"definition","embeddable":true,"href":"https:\/\/sxe-consulting.com\/en\/wp-json\/wp\/v2\/definition?post=304"}],"curies":[{"name":"wp","href":"https:\/\/api.w.org\/{rel}","templated":true}]}}