{"id":12572,"date":"2025-10-21T23:50:37","date_gmt":"2025-10-21T21:50:37","guid":{"rendered":"https:\/\/sxe-consulting.com\/?page_id=12572"},"modified":"2025-10-21T23:50:37","modified_gmt":"2025-10-21T21:50:37","slug":"qqoqccp-definition","status":"publish","type":"page","link":"https:\/\/sxe-consulting.com\/en\/glossaire-industriel\/qqoqccp-definition\/","title":{"rendered":"QQOQCCP"},"content":{"rendered":"<p>The method <strong>QQOQCCP<\/strong> est une grille d&#8217;analyse et d&#8217;investigation syst\u00e9matique. Son nom est l&#8217;acronyme des sept questions fondamentales qu&#8217;elle utilise : <strong>Who<\/strong>, <strong>What<\/strong>, <strong>Where<\/strong>, <strong>When<\/strong>, <strong>How to<\/strong>, <strong>How much<\/strong>, and <strong>Why<\/strong>.<\/p>\n<p><!--more--><\/p>\n<p><strong>In-depth definition :<\/strong> Cet outil est fondamental en <strong>Industrial Engineering<\/strong> and in <strong>Gestion de Projet<\/strong>. Il est utilis\u00e9 pour deux objectifs principaux :<\/p>\n<ol>\n<li><strong>D\u00e9crire et D\u00e9finir un Probl\u00e8me :<\/strong> C&#8217;est l&#8217;\u00e9tape initiale de toute d\u00e9marche de r\u00e9solution de probl\u00e8mes (<strong>8D analysis<\/strong>, <strong>Method 5 Why<\/strong>). Il permet de collecter toutes les informations factuelles n\u00e9cessaires pour passer du sympt\u00f4me \u00e0 une description claire et mesurable (similaire au <strong>D2<\/strong> the\u2019<strong>8D analysis<\/strong>).<\/li>\n<li><strong>Analyser une Situation ou un Processus :<\/strong> Il permet d&#8217;\u00e9valuer de mani\u00e8re exhaustive un processus existant (<strong>Manufacturing range<\/strong>, <strong>Standardization<\/strong>) ou un nouveau projet, en s&#8217;assurant qu&#8217;aucun aspect essentiel n&#8217;a \u00e9t\u00e9 n\u00e9glig\u00e9.<\/li>\n<\/ol>\n<p>L&#8217;application de cette grille garantit que les d\u00e9cisions et les analyses sont bas\u00e9es sur des faits concrets, ce qui est essentiel pour l&#8217;<strong>Operational Excellence<\/strong> and the <strong>Lean Management<\/strong>.<\/p>\n<h3><strong>Le D\u00e9tail des Sept Questions (Facteurs de Performance)<\/strong><\/h3>\n<p>Chacune des sept questions permet de balayer un aspect critique de la situation ou du probl\u00e8me, assurant une analyse compl\u00e8te.<\/p>\n<table>\n<thead>\n<tr>\n<th>Question<\/th>\n<th>Facteur Analys\u00e9<\/th>\n<th>Objectif dans l&#8217;Analyse<\/th>\n<\/tr>\n<\/thead>\n<tbody>\n<tr>\n<td><strong>Q<\/strong>ui ?<\/td>\n<td>Les acteurs (Op\u00e9rateurs, \u00e9quipes, clients, fournisseurs, machines).<\/td>\n<td>D\u00e9finir qui est concern\u00e9, qui r\u00e9alise l&#8217;action, et qui est impact\u00e9 (le client).<\/td>\n<\/tr>\n<tr>\n<td><strong>Q<\/strong>uoi ?<\/td>\n<td>L&#8217;objet, la nature de l&#8217;action ou le probl\u00e8me (le d\u00e9faut, le <strong>Muda<\/strong>).<\/td>\n<td>D\u00e9terminer ce qui se passe ou ce qui doit \u00eatre fait. C&#8217;est l&#8217;effet \u00e0 analyser (similaire au sommet du <strong>Ishikawa diagram<\/strong>).<\/td>\n<\/tr>\n<tr>\n<td><strong>O<\/strong>\u00f9 ?<\/td>\n<td>Le lieu, la zone g\u00e9ographique, le poste de travail.<\/td>\n<td>Localiser l&#8217;\u00e9v\u00e9nement ou l&#8217;action. Indispensable pour l&#8217;analyse sur le terrain (<em>Gemba<\/em>).<\/td>\n<\/tr>\n<tr>\n<td><strong>Q<\/strong>uand ?<\/td>\n<td>Le moment, la fr\u00e9quence, la dur\u00e9e, le cycle.<\/td>\n<td>D\u00e9terminer quand l&#8217;\u00e9v\u00e9nement s&#8217;est produit (une fois, r\u00e9guli\u00e8rement, apr\u00e8s une \u00e9tape sp\u00e9cifique). Facteur cl\u00e9 pour la <strong>Preventive Maintenance<\/strong>.<\/td>\n<\/tr>\n<tr>\n<td><strong>C<\/strong>omment ?<\/td>\n<td>Le mode op\u00e9ratoire, les moyens, les conditions de travail.<\/td>\n<td>D\u00e9crire la fa\u00e7on dont le probl\u00e8me appara\u00eet ou dont l&#8217;action est r\u00e9alis\u00e9e (via quelle <strong>M\u00e9thode<\/strong>, avec quel \u00e9quipement &#8211; la cat\u00e9gorie des <strong>Resources<\/strong>).<\/td>\n<\/tr>\n<tr>\n<td><strong>C<\/strong>ombien ?<\/td>\n<td>La quantit\u00e9, le co\u00fbt, la mesure (les <strong>KPI<\/strong>).<\/td>\n<td>Quantifier l&#8217;impact. Quel est le volume de rebuts ? Quel est le <strong>Cost of Goods Sold<\/strong> ? Quelle est la perte de <strong>TRS<\/strong> ?<\/td>\n<\/tr>\n<tr>\n<td><strong>P<\/strong>ourquoi ?<\/td>\n<td>La justification, l&#8217;objectif, la cause.<\/td>\n<td>D\u00e9terminer l&#8217;objectif de l&#8217;action ou la raison d&#8217;\u00eatre du probl\u00e8me (l&#8217;\u00e9tape vers la <strong>Cause Racine<\/strong>).<\/td>\n<\/tr>\n<\/tbody>\n<\/table>\n<h3><strong>QQOQCCP dans l&#8217;Am\u00e9lioration Continue<\/strong><\/h3>\n<p>The method <strong>QQOQCCP<\/strong> sert de point de d\u00e9part pour structurer l&#8217;information avant de passer \u00e0 l&#8217;analyse plus profonde :<\/p>\n<ul>\n<li><strong>D\u00e9finition du Plan d&#8217;Action :<\/strong> Une fois le probl\u00e8me d\u00e9fini, le <strong>QQOQCCP<\/strong> est utilis\u00e9 pour valider la pertinence et la faisabilit\u00e9 du plan d&#8217;action qui en d\u00e9coule : <em>Who<\/em> va faire <em>What<\/em>, <em>Where<\/em> and <em>When<\/em> ?<\/li>\n<li><strong>Audit et Standardisation :<\/strong> Il est un excellent outil d&#8217;audit pour les responsables <strong>Quality<\/strong> souhaitant v\u00e9rifier la bonne application de la <strong>Standardization<\/strong> sur le terrain.<\/li>\n<\/ul>\n<p>In conclusion, the <strong>QQOQCCP<\/strong> est l&#8217;outil d&#8217;investigation initial qui permet aux \u00e9quipes de <strong>Industrial Engineering<\/strong> de passer des perceptions subjectives \u00e0 des faits objectifs, garantissant que les efforts d&#8217;<strong>Continuous Improvement<\/strong> or <strong>KAIZEN<\/strong> sont cibl\u00e9s et efficaces.<\/p>\n<p><!-- notionvc: 5bc71be8-f355-499e-bee4-4e5c0209b93d --><\/p>\n<p><!-- notionvc: 50c0bdc4-ad8b-4108-8cd6-1c882cbf6a9d --><\/p>\n<p data-start=\"3483\" data-end=\"3654\"><!-- notionvc: 55748b84-6bc7-48d1-980a-8210c919df08 --><\/p>","protected":false},"excerpt":{"rendered":"<p>La m\u00e9thode QQOQCCP est une grille d&#8217;analyse et d&#8217;investigation syst\u00e9matique. Son nom est l&#8217;acronyme des sept questions fondamentales qu&#8217;elle utilise : Qui, Quoi, O\u00f9, Quand, Comment, Combien, et Pourquoi.<\/p>","protected":false},"author":1,"featured_media":0,"parent":12324,"menu_order":0,"comment_status":"closed","ping_status":"closed","template":"","meta":{"_sitemap_exclude":false,"_sitemap_priority":"","_sitemap_frequency":"","footnotes":""},"definition":[99],"class_list":["post-12572","page","type-page","status-publish","hentry","definition-definition"],"jetpack_sharing_enabled":true,"_links":{"self":[{"href":"https:\/\/sxe-consulting.com\/en\/wp-json\/wp\/v2\/pages\/12572","targetHints":{"allow":["GET"]}}],"collection":[{"href":"https:\/\/sxe-consulting.com\/en\/wp-json\/wp\/v2\/pages"}],"about":[{"href":"https:\/\/sxe-consulting.com\/en\/wp-json\/wp\/v2\/types\/page"}],"author":[{"embeddable":true,"href":"https:\/\/sxe-consulting.com\/en\/wp-json\/wp\/v2\/users\/1"}],"replies":[{"embeddable":true,"href":"https:\/\/sxe-consulting.com\/en\/wp-json\/wp\/v2\/comments?post=12572"}],"version-history":[{"count":0,"href":"https:\/\/sxe-consulting.com\/en\/wp-json\/wp\/v2\/pages\/12572\/revisions"}],"up":[{"embeddable":true,"href":"https:\/\/sxe-consulting.com\/en\/wp-json\/wp\/v2\/pages\/12324"}],"wp:attachment":[{"href":"https:\/\/sxe-consulting.com\/en\/wp-json\/wp\/v2\/media?parent=12572"}],"wp:term":[{"taxonomy":"definition","embeddable":true,"href":"https:\/\/sxe-consulting.com\/en\/wp-json\/wp\/v2\/definition?post=12572"}],"curies":[{"name":"wp","href":"https:\/\/api.w.org\/{rel}","templated":true}]}}