{"id":12569,"date":"2025-10-21T23:48:40","date_gmt":"2025-10-21T21:48:40","guid":{"rendered":"https:\/\/sxe-consulting.com\/?page_id=12569"},"modified":"2025-10-21T23:48:40","modified_gmt":"2025-10-21T21:48:40","slug":"series-production-definition","status":"publish","type":"page","link":"https:\/\/sxe-consulting.com\/en\/glossaire-industriel\/production-de-serie-definition\/","title":{"rendered":"Series Production"},"content":{"rendered":"<p>Visit <strong>Series Production<\/strong> is a manufacturing organization where the same product (or a set of similar products) is manufactured in <strong>large quantities<\/strong> over a long period of time, according to a process and specifications <strong>standardized<\/strong>.<\/p>\n<p><!--more--><\/p>\n<p><strong>In-depth definition :<\/strong> This system is the mainstay of high-volume industries (automotive, electronics, consumer goods). Its main advantage is the search for\u2019<strong>economies of scale<\/strong> the larger the volume, the greater the <strong>Cost of Goods Sold<\/strong> unit costs, mainly thanks to the allocation of fixed\u2019<strong>Industrialisation<\/strong> (tool design, initial settings, training) on a large number of units. To be effective, Series Production requires a high level of expertise. <strong>Standardization<\/strong> and a high level of process control, often measured by <strong>KPI (Key Performance Indicator)<\/strong> as the <strong>TRS (Taux de Rendement Synth\u00e9tique)<\/strong>.<\/p>\n<h3><strong>The Foundations of Performance in Series Production<\/strong><\/h3>\n<p>A mass production system is based on a number of operating principles.\u2019<strong>Operational Excellence<\/strong> :<\/p>\n<h3><strong>1. Specialization and Repeatability<\/strong><\/h3>\n<ul>\n<li><strong>Process :<\/strong> Operations are broken down into simple, repetitive and sequential tasks. This specialization ensures a rapid learning curve for operators and the use of dedicated, highly automated machines.<\/li>\n<li><strong>Impact:<\/strong> Reduces variability (a <strong>Six Sigma<\/strong>) and maximizes speed.<\/li>\n<\/ul>\n<h3><strong>2. Standardization of workflows and controls<\/strong><\/h3>\n<ul>\n<li><strong>Manufacturing range :<\/strong> Each step must be perfectly defined in the <strong>Manufacturing range<\/strong> and <strong>Work Instructions<\/strong> to ensure that each unit leaving the chain is identical to the previous one (conformity to <strong>Technical specifications<\/strong>).<\/li>\n<li><strong>Quality :<\/strong> Visit <strong>Quality<\/strong> is integrated into the process (not added at the end) by systems <strong>Poka-Yoke<\/strong> and automatic controls (<strong>Machine Vision<\/strong>), often analyzed by tools such as the\u2019<strong>FMECA<\/strong> to prevent defects before they occur.<\/li>\n<\/ul>\n<h3><strong>3. Flow and inventory management<\/strong><\/h3>\n<ul>\n<li><strong>Logistics :<\/strong> The challenge is to minimize waste (<strong>Muda<\/strong>) linked to inventory and transport. Modern plants are often organized into <strong>Flux Pouss\u00e9<\/strong> (central planning based on forecasts) or integrate the principles of the <strong>Lean Management<\/strong> (<strong>Pulled Flow<\/strong> and <strong>Kanban<\/strong>) to regulate work in progress (<em>WIP<\/em>).<\/li>\n<\/ul>\n<h3><strong>Series Production vs. Unit\/Discontinuous Production<\/strong><\/h3>\n<p>The choice of organization depends on volume and variety:<\/p>\n<table>\n<thead>\n<tr>\n<th>Features<\/th>\n<th>Series Production<\/th>\n<th>Unitary\/Discontinuous Production<\/th>\n<\/tr>\n<\/thead>\n<tbody>\n<tr>\n<td><strong>Volume<\/strong><\/td>\n<td>High and constant<\/td>\n<td>Low or customized<\/td>\n<\/tr>\n<tr>\n<td><strong>Variety<\/strong><\/td>\n<td>Low (uniform products)<\/td>\n<td>High (customized products)<\/td>\n<\/tr>\n<tr>\n<td><strong>Cost Dominant<\/strong><\/td>\n<td>High fixed investment costs<\/td>\n<td>Variable labor and material costs<\/td>\n<\/tr>\n<tr>\n<td><strong>Example<\/strong><\/td>\n<td>Car assembly, bottle making<\/td>\n<td>Shipbuilding, highly specialized equipment<\/td>\n<\/tr>\n<\/tbody>\n<\/table>\n<h3><strong>The Challenges of Continuous Improvement<\/strong><\/h3>\n<p>In Series Production, the initiatives of\u2019<strong>Continuous Improvement<\/strong>, as the\u2019<strong>8D analysis<\/strong> or the <strong>The 5 Whys<\/strong>, are crucial. Even a minor defect can affect thousands of units, resulting in massive non-quality costs. The objective of <strong>Industrial Engineering<\/strong> is therefore to make the chain as resilient as possible to the vagaries of the <strong>Supply Chain<\/strong> or the <strong>Maintenance<\/strong>.<\/p>\n<p>In conclusion, the <strong>Series Production<\/strong> is the driving force behind modern mass production. Its success is based on a combination of automation, statistical rigor and constant discipline to maintain the highest quality standards. <strong>Standardization<\/strong> scale manufacturing methods.<\/p>\n<p><!-- notionvc: 3273ca4a-c69f-4be5-b646-4734f344a5dc --><\/p>\n<p><!-- notionvc: 50c0bdc4-ad8b-4108-8cd6-1c882cbf6a9d --><\/p>\n<p data-start=\"3483\" data-end=\"3654\"><!-- notionvc: 55748b84-6bc7-48d1-980a-8210c919df08 --><\/p>","protected":false},"excerpt":{"rendered":"<p>La Production de S\u00e9rie est un mode d&#8217;organisation de la fabrication o\u00f9 le m\u00eame produit (ou un ensemble de produits similaires) est fabriqu\u00e9 en grandes quantit\u00e9s sur une longue p\u00e9riode, selon un processus et des sp\u00e9cifications standardis\u00e9s.<\/p>","protected":false},"author":1,"featured_media":0,"parent":12324,"menu_order":0,"comment_status":"closed","ping_status":"closed","template":"","meta":{"_sitemap_exclude":false,"_sitemap_priority":"","_sitemap_frequency":"","footnotes":""},"definition":[99],"class_list":["post-12569","page","type-page","status-publish","hentry","definition-definition"],"jetpack_sharing_enabled":true,"_links":{"self":[{"href":"https:\/\/sxe-consulting.com\/en\/wp-json\/wp\/v2\/pages\/12569","targetHints":{"allow":["GET"]}}],"collection":[{"href":"https:\/\/sxe-consulting.com\/en\/wp-json\/wp\/v2\/pages"}],"about":[{"href":"https:\/\/sxe-consulting.com\/en\/wp-json\/wp\/v2\/types\/page"}],"author":[{"embeddable":true,"href":"https:\/\/sxe-consulting.com\/en\/wp-json\/wp\/v2\/users\/1"}],"replies":[{"embeddable":true,"href":"https:\/\/sxe-consulting.com\/en\/wp-json\/wp\/v2\/comments?post=12569"}],"version-history":[{"count":0,"href":"https:\/\/sxe-consulting.com\/en\/wp-json\/wp\/v2\/pages\/12569\/revisions"}],"up":[{"embeddable":true,"href":"https:\/\/sxe-consulting.com\/en\/wp-json\/wp\/v2\/pages\/12324"}],"wp:attachment":[{"href":"https:\/\/sxe-consulting.com\/en\/wp-json\/wp\/v2\/media?parent=12569"}],"wp:term":[{"taxonomy":"definition","embeddable":true,"href":"https:\/\/sxe-consulting.com\/en\/wp-json\/wp\/v2\/definition?post=12569"}],"curies":[{"name":"wp","href":"https:\/\/api.w.org\/{rel}","templated":true}]}}