{"id":12568,"date":"2025-10-21T23:48:05","date_gmt":"2025-10-21T21:48:05","guid":{"rendered":"https:\/\/sxe-consulting.com\/?page_id=12568"},"modified":"2025-10-21T23:48:05","modified_gmt":"2025-10-21T21:48:05","slug":"performance-operationnelle-definition","status":"publish","type":"page","link":"https:\/\/sxe-consulting.com\/en\/glossaire-industriel\/performance-operationnelle-definition\/","title":{"rendered":"Operational Performance"},"content":{"rendered":"<p>Visit <strong>Operational Performance<\/strong> est la capacit\u00e9 d&#8217;une organisation \u00e0 <strong>ex\u00e9cuter ses processus quotidiens de mani\u00e8re constante et sup\u00e9rieure<\/strong> afin d&#8217;atteindre ses objectifs strat\u00e9giques globaux (financiers, de march\u00e9, et de qualit\u00e9).<\/p>\n<p><!--more--><\/p>\n<p><strong>In-depth definition :<\/strong> C&#8217;est le r\u00e9sultat d&#8217;une recherche incessante d&#8217;<strong>Operational Excellence<\/strong>, qui ne se limite pas \u00e0 la simple efficacit\u00e9 (faire les choses correctement), mais englobe l&#8217;<strong>efficacit\u00e9<\/strong> (faire les bonnes choses) et l&#8217;<strong>agilit\u00e9<\/strong>. Elle est mesur\u00e9e par des <strong>KPI (Key Performance Indicator)<\/strong> clairs (comme les co\u00fbts, la qualit\u00e9, les d\u00e9lais et la s\u00e9curit\u00e9). Atteindre la Performance Op\u00e9rationnelle signifie non seulement optimiser les processus actuels (via l&#8217;\u00e9limination du <strong>Muda<\/strong> ou l&#8217;utilisation du <strong>Lean Six Sigma<\/strong>), mais aussi instaurer une culture de <strong>Standardization<\/strong> and\u2019<strong>Continuous Improvement<\/strong> or <strong>KAIZEN<\/strong>.<\/p>\n<h3><strong>Les Trois Piliers de la Performance Op\u00e9rationnelle<\/strong><\/h3>\n<p>La mise en \u0153uvre d&#8217;une haute Performance industrielle repose sur l&#8217;alignement de trois domaines cl\u00e9s :<\/p>\n<h3><strong>1. L&#8217;Efficacit\u00e9 des Processus (M\u00e9thodes)<\/strong><\/h3>\n<p>Ce pilier se concentre sur l&#8217;optimisation des flux de travail et l&#8217;\u00e9limination du gaspillage.<\/p>\n<ul>\n<li><strong>Concepts cl\u00e9s :<\/strong> <strong>Lean Management<\/strong> (\u00e9limination du <strong>Muda<\/strong>, <strong>5S<\/strong>, <strong>Kanban<\/strong>, <strong>Pulled Flow<\/strong>), <strong>Standardization<\/strong> des <strong>Work Instructions<\/strong>, et utilisation d&#8217;outils de r\u00e9solution de probl\u00e8mes (<strong>8D analysis<\/strong>, <strong>Method 5 Why<\/strong>).<\/li>\n<li><strong>Objective:<\/strong> R\u00e9duire les d\u00e9lais (<em>Lead Time<\/em>), minimiser le <strong>Cost of Goods Sold<\/strong> et fiabiliser la <strong>Manufacturing range<\/strong>.<\/li>\n<\/ul>\n<h3><strong>2. La Qualit\u00e9 et la Fiabilit\u00e9 (Produit)<\/strong><\/h3>\n<p>Ce pilier garantit que le produit ou service est conforme aux sp\u00e9cifications du <strong>Technical specifications (CCT)<\/strong> et aux attentes du client.<\/p>\n<ul>\n<li><strong>Concepts cl\u00e9s :<\/strong> <strong>Six Sigma<\/strong> (r\u00e9duction de la variabilit\u00e9), <strong>FMECA<\/strong> (analyse pr\u00e9ventive des risques), et syst\u00e8mes <strong>Poka-Yoke<\/strong> (anti-erreurs).<\/li>\n<li><strong>Objective:<\/strong> R\u00e9duire les d\u00e9fauts, les rebuts et les plaintes clients, et am\u00e9liorer le niveau de la <strong>Quality<\/strong>.<\/li>\n<\/ul>\n<h3><strong>3. L&#8217;Engagement et l&#8217;Alignement (Humain)<\/strong><\/h3>\n<p>Un management participatif assure que la culture d&#8217;entreprise soutient activement l&#8217;am\u00e9lioration.<\/p>\n<ul>\n<li><strong>Concepts cl\u00e9s :<\/strong> <strong>Visual Management<\/strong> (transparence des <strong>KPI<\/strong>), formation continue, responsabilisation des \u00e9quipes (autonomie dans le <strong>KAIZEN<\/strong>), et alignement des objectifs strat\u00e9giques (via la m\u00e9thode <strong>OKR<\/strong>).<\/li>\n<li><strong>Objective:<\/strong> Cr\u00e9er un environnement o\u00f9 chaque employ\u00e9 contribue \u00e0 l&#8217;am\u00e9lioration du processus, en s&#8217;appuyant sur l&#8217;intelligence collective (comme le <strong>Brainstorming<\/strong>).<\/li>\n<\/ul>\n<h3><strong>Mesurer la Performance Op\u00e9rationnelle<\/strong><\/h3>\n<p>La Performance Op\u00e9rationnelle se mesure par des indicateurs qui refl\u00e8tent l&#8217;\u00e9tat de sant\u00e9 du syst\u00e8me de production :<\/p>\n<ul>\n<li><strong>KPI de Flux :<\/strong> Temps de Cycle, Temps de Travers\u00e9e (<em>Lead Time<\/em>), Taux de Service.<\/li>\n<li><strong>KPI de Fiabilit\u00e9 :<\/strong> <strong>TRS (Taux de Rendement Synth\u00e9tique)<\/strong>, Taux de disponibilit\u00e9 machine (li\u00e9 \u00e0 la <strong>Preventive Maintenance<\/strong>).<\/li>\n<li><strong>KPI de Qualit\u00e9 :<\/strong> Taux de Rebuts, Taux de Non-Conformit\u00e9, PPM (<strong>Six Sigma<\/strong>).<\/li>\n<\/ul>\n<p>L&#8217;atteinte d&#8217;une haute Performance Op\u00e9rationnelle n&#8217;est donc pas un \u00e9tat final, mais le r\u00e9sultat d&#8217;un cycle continu de planification, d&#8217;ex\u00e9cution et de v\u00e9rification (<strong>PDCA<\/strong>) qui garantit que le syst\u00e8me s&#8217;am\u00e9liore et s&#8217;adapte constamment aux d\u00e9fis internes et externes (nouvelles technologies de l&#8217;<strong>Industry 4.0<\/strong>, pression sur les <strong>Co\u00fbts de Revient<\/strong>).<\/p>\n<p>In conclusion, the <strong>Operational Performance<\/strong> est le moteur de la comp\u00e9titivit\u00e9 durable : c&#8217;est la capacit\u00e9 \u00e0 transformer efficacement les ressources en valeur ajout\u00e9 pour le client, jour apr\u00e8s jour, en respectant les standards les plus \u00e9lev\u00e9s.<\/p>\n<p><!-- notionvc: 1a8b4a49-6778-4c1a-bd8b-74a582e61a49 --><\/p>\n<p><!-- notionvc: 50c0bdc4-ad8b-4108-8cd6-1c882cbf6a9d --><\/p>\n<p data-start=\"3483\" data-end=\"3654\"><!-- notionvc: 55748b84-6bc7-48d1-980a-8210c919df08 --><\/p>","protected":false},"excerpt":{"rendered":"<p>La Performance Op\u00e9rationnelle est la capacit\u00e9 d&#8217;une organisation \u00e0 ex\u00e9cuter ses processus quotidiens de mani\u00e8re constante et sup\u00e9rieure afin d&#8217;atteindre ses objectifs strat\u00e9giques globaux (financiers, de march\u00e9, et de qualit\u00e9).<\/p>","protected":false},"author":1,"featured_media":0,"parent":12324,"menu_order":0,"comment_status":"closed","ping_status":"closed","template":"","meta":{"_sitemap_exclude":false,"_sitemap_priority":"","_sitemap_frequency":"","footnotes":""},"definition":[99],"class_list":["post-12568","page","type-page","status-publish","hentry","definition-definition"],"jetpack_sharing_enabled":true,"_links":{"self":[{"href":"https:\/\/sxe-consulting.com\/en\/wp-json\/wp\/v2\/pages\/12568","targetHints":{"allow":["GET"]}}],"collection":[{"href":"https:\/\/sxe-consulting.com\/en\/wp-json\/wp\/v2\/pages"}],"about":[{"href":"https:\/\/sxe-consulting.com\/en\/wp-json\/wp\/v2\/types\/page"}],"author":[{"embeddable":true,"href":"https:\/\/sxe-consulting.com\/en\/wp-json\/wp\/v2\/users\/1"}],"replies":[{"embeddable":true,"href":"https:\/\/sxe-consulting.com\/en\/wp-json\/wp\/v2\/comments?post=12568"}],"version-history":[{"count":0,"href":"https:\/\/sxe-consulting.com\/en\/wp-json\/wp\/v2\/pages\/12568\/revisions"}],"up":[{"embeddable":true,"href":"https:\/\/sxe-consulting.com\/en\/wp-json\/wp\/v2\/pages\/12324"}],"wp:attachment":[{"href":"https:\/\/sxe-consulting.com\/en\/wp-json\/wp\/v2\/media?parent=12568"}],"wp:term":[{"taxonomy":"definition","embeddable":true,"href":"https:\/\/sxe-consulting.com\/en\/wp-json\/wp\/v2\/definition?post=12568"}],"curies":[{"name":"wp","href":"https:\/\/api.w.org\/{rel}","templated":true}]}}