{"id":12555,"date":"2025-10-21T23:40:12","date_gmt":"2025-10-21T21:40:12","guid":{"rendered":"https:\/\/sxe-consulting.com\/?page_id=12555"},"modified":"2025-10-21T23:40:12","modified_gmt":"2025-10-21T21:40:12","slug":"dense-refractories","status":"publish","type":"page","link":"https:\/\/sxe-consulting.com\/en\/glossaire-industriel\/les-refractaires-denses\/","title":{"rendered":"Dense refractories"},"content":{"rendered":"<p>Visit <strong>Dense Refractories<\/strong> (are a category of refractory materials characterized by a high <strong>low porosity<\/strong> and a <strong>high density<\/strong> refractories. They are the opposite of insulating refractories, which are light and pore-rich.<\/p>\n<p><!--more--><\/p>\n<p><strong>In-depth definition :<\/strong> In the context of the <strong>Industrial Engineering<\/strong>, The density of a refractory is a key indicator of its performance. A material is considered dense when its <strong>open pore volume<\/strong> is minimal (often less than 10-15 %). This low porosity is achieved through advanced manufacturing processes, such as the use of very fine, optimized particle sizes during pressing (sintering), or by melt-casting techniques (as with\u2019<strong>AZS electrofusion<\/strong> and the\u2019<strong>Fused alumina<\/strong>).<\/p>\n<p>The main purpose of a dense refractory is not thermal insulation, but the <strong>mechanical strength<\/strong> and the <strong>resistance to chemical penetration<\/strong>.<\/p>\n<h3><strong>The Role of Density in Industrial Performance<\/strong><\/h3>\n<p>The low porosity of dense refractories confers major operational advantages in the most demanding environments:<\/p>\n<ol>\n<li><strong>Superior corrosion resistance :<\/strong> The main advantage. A dense material has few paths (pores) for corrosive agents (slag, glass or molten metal) to penetrate its structure. This considerably slows down the degradation caused by chemical attack, and prolongs the life of the coating (reduced <strong>Corrective Maintenance<\/strong>).<\/li>\n<li><strong>High mechanical and abrasion resistance :<\/strong> The compact structure of the material ensures better resistance to high temperature loading (low <strong>creep<\/strong>) and excellent resistance to mechanical wear or erosion caused by rapid flows of molten material.<\/li>\n<li><strong>Dimensional stability :<\/strong> Dense materials, especially those made from pure oxides (such as <strong>Oxidic Refractory Materials<\/strong> or <strong>Non-Oxidic<\/strong> high performance), better maintain their shape and volume under thermal stress, essential for the reliability of furnace structures.<\/li>\n<\/ol>\n<h3><strong>Strategic Applications<\/strong><\/h3>\n<p>Dense refractories are used for the <strong>work surface<\/strong>, This is the layer in direct contact with the molten materials:<\/p>\n<ul>\n<li><strong>Steel and metal industry :<\/strong> Lining of ladles, converters and furnaces (Mag-Carbon, Silicon Carbide, Pure Magnesia).<\/li>\n<li><strong>Glass industry :<\/strong> Electro-melted blocks in the melting basin (<strong>AZS electrofusion<\/strong>, <strong>Fused alumina<\/strong>).<\/li>\n<li><strong>Chemicals and Petrochemicals :<\/strong> High-temperature reactors and furnaces.<\/li>\n<\/ul>\n<h3><strong>Dense Refractories vs. Insulating Refractories<\/strong><\/h3>\n<p>The choice between a dense refractory and an insulating refractory is a strategic compromise dictated by the <strong>Industrial Engineering<\/strong> to optimize energy efficiency and longevity:<\/p>\n<ul>\n<li><strong>Dense Refractory Bricks :<\/strong> Used in <strong>inner lining (warm layer)<\/strong> to resist mechanical and chemical destruction. They conduct heat, but are necessary for durability.<\/li>\n<li><strong>Insulating Refractory Bricks (Lightweight) :<\/strong> Used in <strong>outer layer (cold layer)<\/strong>, behind the dense cladding to retain heat and reduce energy consumption (energy efficiency).<\/li>\n<\/ul>\n<p>Combining the two results in a kiln wall in which the dense refractory provides strength and the insulating refractory ensures thermal performance, thus guaranteeing the best possible heat dissipation.\u2019<strong>Operational Excellence<\/strong> of the system.<\/p>\n<p><!-- notionvc: 1ec320aa-a283-4847-a1b5-ee680ef792d4 --><\/p>\n<p><!-- notionvc: 50c0bdc4-ad8b-4108-8cd6-1c882cbf6a9d --><\/p>\n<p data-start=\"3483\" data-end=\"3654\"><!-- notionvc: 55748b84-6bc7-48d1-980a-8210c919df08 --><\/p>","protected":false},"excerpt":{"rendered":"<p>Les R\u00e9fractaires Denses (ou lourds) sont une cat\u00e9gorie de mat\u00e9riaux r\u00e9fractaires caract\u00e9ris\u00e9s par une faible porosit\u00e9 et une haute masse volumique apparente. Ils sont l&#8217;inverse des r\u00e9fractaires isolants, qui sont l\u00e9gers et riches en pores.<\/p>","protected":false},"author":1,"featured_media":0,"parent":12324,"menu_order":0,"comment_status":"closed","ping_status":"closed","template":"","meta":{"_sitemap_exclude":false,"_sitemap_priority":"","_sitemap_frequency":"","footnotes":""},"definition":[99],"class_list":["post-12555","page","type-page","status-publish","hentry","definition-definition"],"jetpack_sharing_enabled":true,"_links":{"self":[{"href":"https:\/\/sxe-consulting.com\/en\/wp-json\/wp\/v2\/pages\/12555","targetHints":{"allow":["GET"]}}],"collection":[{"href":"https:\/\/sxe-consulting.com\/en\/wp-json\/wp\/v2\/pages"}],"about":[{"href":"https:\/\/sxe-consulting.com\/en\/wp-json\/wp\/v2\/types\/page"}],"author":[{"embeddable":true,"href":"https:\/\/sxe-consulting.com\/en\/wp-json\/wp\/v2\/users\/1"}],"replies":[{"embeddable":true,"href":"https:\/\/sxe-consulting.com\/en\/wp-json\/wp\/v2\/comments?post=12555"}],"version-history":[{"count":0,"href":"https:\/\/sxe-consulting.com\/en\/wp-json\/wp\/v2\/pages\/12555\/revisions"}],"up":[{"embeddable":true,"href":"https:\/\/sxe-consulting.com\/en\/wp-json\/wp\/v2\/pages\/12324"}],"wp:attachment":[{"href":"https:\/\/sxe-consulting.com\/en\/wp-json\/wp\/v2\/media?parent=12555"}],"wp:term":[{"taxonomy":"definition","embeddable":true,"href":"https:\/\/sxe-consulting.com\/en\/wp-json\/wp\/v2\/definition?post=12555"}],"curies":[{"name":"wp","href":"https:\/\/api.w.org\/{rel}","templated":true}]}}