{"id":12526,"date":"2025-10-21T23:22:57","date_gmt":"2025-10-21T21:22:57","guid":{"rendered":"https:\/\/sxe-consulting.com\/?page_id=12526"},"modified":"2025-10-21T23:22:57","modified_gmt":"2025-10-21T21:22:57","slug":"sillimanite-definition","status":"publish","type":"page","link":"https:\/\/sxe-consulting.com\/en\/glossaire-industriel\/sillimanite-definition\/","title":{"rendered":"Sillimanite"},"content":{"rendered":"<p>Visit <strong>Sillimanite<\/strong> is a mineral belonging to the aluminum silicate group, like Andalusite and Kyanite (polymorphs with the same chemical formula: Al2SiO5). It is a key material in the ceramics and high-performance refractory industries.<\/p>\n<p><!--more--><\/p>\n<p><strong>In-depth definition :<\/strong> Unlike the <strong>Mulite<\/strong> (which is synthesized), Sillimanite is a naturally occurring mineral. Its crystalline structure is stable up to around 1545\u2218C. When heated to higher temperatures (\u2019<strong>Industrialisation<\/strong>), Sillimanite decomposes to form <strong>Mulite<\/strong> and vitreous silica. This transformation gives products made from Sillimanite exceptional refractory and mechanical properties, as Mulite offers great structural stability.<\/p>\n<h3><strong>Properties and Use in Industrial Engineering<\/strong><\/h3>\n<p>Sillimanite is highly valued in the manufacture of refractory bricks because of its characteristics, which make it an excellent base material for the manufacture of finished products:<\/p>\n<ol>\n<li><strong>High Temperature Stability :<\/strong> It retains its mechanical properties and does not deform at very high temperatures.<\/li>\n<li><strong>Low thermal expansion coefficient :<\/strong> It's a property inherited from the <strong>Mulite<\/strong> (its decomposition product). This characteristic ensures excellent <strong>thermal shock resistance<\/strong> (ability to withstand rapid heating and cooling cycles without cracking), a critical criterion for a refractory brick.<\/li>\n<li><strong>Corrosion resistance :<\/strong> It shows good resistance to slag attack (metallurgical residues) and to certain glasses, although inferior to more advanced refractories such as\u2019<strong>AZS electrofusion<\/strong>.<\/li>\n<\/ol>\n<table>\n<thead>\n<tr>\n<th>Field of application<\/th>\n<th>Key role<\/th>\n<\/tr>\n<\/thead>\n<tbody>\n<tr>\n<td><strong>Heavy Refractories<\/strong><\/td>\n<td>Bricks for cement kilns, glass furnaces (less critical parts), blast furnaces<\/td>\n<\/tr>\n<tr>\n<td><strong>Technical Ceramics<\/strong><\/td>\n<td>Crucibles and molds for investment casting<\/td>\n<\/tr>\n<tr>\n<td><strong>Glass industry<\/strong><\/td>\n<td>Furnace linings in less aggressive areas than those using AZS<\/td>\n<\/tr>\n<\/tbody>\n<\/table>\n<h3><strong>Sillimanite vs. Mulite Synthetic<\/strong><\/h3>\n<p>Although the final properties of high-performance alumina-silica are largely due to the presence of the <strong>Mulite<\/strong>, The use of natural sillimanite as a raw material often offers an economic advantage. Sillimanite is an excellent natural source of the two necessary oxides (Al2O3 and SiO2) in the right proportion to form stable Mulite, simplifying the refractory manufacturing process.<\/p>\n<p>In conclusion, the <strong>Sillimanite<\/strong> is an essential mineral raw material which, thanks to its ability to form <strong>Mulite<\/strong> at high temperatures, enables the production of durable and resilient refractories, contributing directly to the reliability of thermal processes in heavy industry.<\/p>\n<p><!-- notionvc: 0823244f-9a6b-4b4c-ba26-35d8c874e5a2 --><\/p>","protected":false},"excerpt":{"rendered":"<p>La Sillimanite est un min\u00e9ral qui appartient au groupe des silicates d&#8217;aluminium, tout comme l&#8217;Andalousite et le Kyanite (polymorphes avec la m\u00eame formule chimique : Al2SiO5). C&#8217;est un mat\u00e9riau cl\u00e9 dans l&#8217;industrie de la c\u00e9ramique et des r\u00e9fractaires de haute performance.<\/p>","protected":false},"author":1,"featured_media":0,"parent":12324,"menu_order":0,"comment_status":"closed","ping_status":"closed","template":"","meta":{"_sitemap_exclude":false,"_sitemap_priority":"","_sitemap_frequency":"","footnotes":""},"definition":[99],"class_list":["post-12526","page","type-page","status-publish","hentry","definition-definition"],"jetpack_sharing_enabled":true,"_links":{"self":[{"href":"https:\/\/sxe-consulting.com\/en\/wp-json\/wp\/v2\/pages\/12526","targetHints":{"allow":["GET"]}}],"collection":[{"href":"https:\/\/sxe-consulting.com\/en\/wp-json\/wp\/v2\/pages"}],"about":[{"href":"https:\/\/sxe-consulting.com\/en\/wp-json\/wp\/v2\/types\/page"}],"author":[{"embeddable":true,"href":"https:\/\/sxe-consulting.com\/en\/wp-json\/wp\/v2\/users\/1"}],"replies":[{"embeddable":true,"href":"https:\/\/sxe-consulting.com\/en\/wp-json\/wp\/v2\/comments?post=12526"}],"version-history":[{"count":0,"href":"https:\/\/sxe-consulting.com\/en\/wp-json\/wp\/v2\/pages\/12526\/revisions"}],"up":[{"embeddable":true,"href":"https:\/\/sxe-consulting.com\/en\/wp-json\/wp\/v2\/pages\/12324"}],"wp:attachment":[{"href":"https:\/\/sxe-consulting.com\/en\/wp-json\/wp\/v2\/media?parent=12526"}],"wp:term":[{"taxonomy":"definition","embeddable":true,"href":"https:\/\/sxe-consulting.com\/en\/wp-json\/wp\/v2\/definition?post=12526"}],"curies":[{"name":"wp","href":"https:\/\/api.w.org\/{rel}","templated":true}]}}