{"id":12516,"date":"2025-10-21T23:21:41","date_gmt":"2025-10-21T21:21:41","guid":{"rendered":"https:\/\/sxe-consulting.com\/?page_id=12516"},"modified":"2025-10-21T23:22:02","modified_gmt":"2025-10-21T21:22:02","slug":"silica-definition","status":"publish","type":"page","link":"https:\/\/sxe-consulting.com\/en\/glossaire-industriel\/silice-definition\/","title":{"rendered":"Silica"},"content":{"rendered":"<p>Visit <strong>Silica<\/strong> is the common name given to silicon dioxide (SiO2). It is an extremely abundant mineral oxide, making up nearly 60 % of the earth's crust. Its most common form is <strong>Quartz<\/strong>.<\/p>\n<p><!--more--><\/p>\n<p><strong>In-depth definition :<\/strong> Silica is the most important raw material for many manufacturing industries. In its crystalline form (quartz, quartz sand), it is chemically inert, very hard and has a high melting point (around 1700\u2218C). Silica is the fundamental constituent of two families of materials critical to the <strong>Industrial Engineering<\/strong> These include vitreous materials (glass) and ceramic\/refractory materials. Its purity is an essential quality criterion, as impurities (such as iron oxide) can alter the optical or thermal properties of the finished product.<\/p>\n<h3><strong>Central role in High Performance Materials<\/strong><\/h3>\n<p>Silica is used, either as a main component or as a binder and additive, to impart specific properties to materials, which is essential for the <strong>Industrial Performance<\/strong> :<\/p>\n<h3><strong>A. Glass and binder industry<\/strong><\/h3>\n<ul>\n<li><strong>Glass (Amorphous Silica) :<\/strong> Silica is the main ingredient in glass. When silica sand is fused and then rapidly cooled, it fails to form an ordered crystalline structure, giving glass its transparent optical properties and amorphous structure.<\/li>\n<li><strong>Cement and Concrete:<\/strong> Silica (in the form of silica fume or additives) is used in concrete and mortar to improve strength, density and durability.<\/li>\n<\/ul>\n<h3><strong>B. Refractories and Technical Ceramics<\/strong><\/h3>\n<ul>\n<li><strong>Thermal stability :<\/strong> Silica is a key component in medium to high-performance refractory bricks. It is combined with alumina to form <strong>Mulite<\/strong> (Al2O3-SiO2), which is highly stable and offers excellent resistance to thermal shock.<\/li>\n<li><strong>Electrofused Refractories :<\/strong> Silica is one of the three major components of\u2019<strong>AZS electrofusion<\/strong> (Alumina-Zirconia-Silica). In this case, its proportion is carefully controlled to obtain the glassy phase that binds the zirconia and alumina crystals together, optimizing resistance to corrosion by molten glass.<\/li>\n<\/ul>\n<h3><strong>C. Electronics and Semiconductors<\/strong><\/h3>\n<ul>\n<li><strong>Silicon :<\/strong> After reduction, silica is the source of the <strong>silicon<\/strong> the world's most widely used semiconductor. The purity required here is extreme (electronic-grade silicon) for the manufacture of chips and integrated circuits.<\/li>\n<li><strong>Fiber Optics :<\/strong> Ultra-pure silica is used to manufacture the optical fibers that form the backbone of digital communication, a pillar of the\u2019<strong>Industry 4.0<\/strong> and <strong>Industrial Digitization<\/strong>.<\/li>\n<\/ul>\n<h3><strong>Quality and Health Considerations<\/strong><\/h3>\n<p>Silica purity is a critical factor in the\u2019<strong>Industrialisation<\/strong>. For example, in the flat glass industry, silica must be very low in iron oxides to guarantee transparency.<\/p>\n<p>In addition, a major consideration in <strong>Operational Excellence<\/strong> is the <strong>health and safety<\/strong> (a principle of the <strong>5S<\/strong>). Silica in respirable crystalline form (dust) is a health hazard requiring strict safety measures and handling protocols.<\/p>\n<p>In conclusion, the <strong>Silica<\/strong> is the basic mineral used to manufacture products ranging from everyday window glass to the most complex computer chips. Its control and efficient transformation are at the heart of the <strong>Industrial Engineering<\/strong> modern.<\/p>\n<p><!-- notionvc: e969a9a9-aaef-4ced-984b-571b83e8e8c3 --><\/p>","protected":false},"excerpt":{"rendered":"<p>La Silice est le nom commun donn\u00e9 au dioxyde de silicium (SiO2). C&#8217;est un oxyde min\u00e9ral extr\u00eamement abondant, constituant pr\u00e8s de 60 % de la cro\u00fbte terrestre. Sa forme la plus courante est le Quartz.<\/p>","protected":false},"author":1,"featured_media":0,"parent":12324,"menu_order":0,"comment_status":"closed","ping_status":"closed","template":"","meta":{"_sitemap_exclude":false,"_sitemap_priority":"","_sitemap_frequency":"","footnotes":""},"definition":[99],"class_list":["post-12516","page","type-page","status-publish","hentry","definition-definition"],"jetpack_sharing_enabled":true,"_links":{"self":[{"href":"https:\/\/sxe-consulting.com\/en\/wp-json\/wp\/v2\/pages\/12516","targetHints":{"allow":["GET"]}}],"collection":[{"href":"https:\/\/sxe-consulting.com\/en\/wp-json\/wp\/v2\/pages"}],"about":[{"href":"https:\/\/sxe-consulting.com\/en\/wp-json\/wp\/v2\/types\/page"}],"author":[{"embeddable":true,"href":"https:\/\/sxe-consulting.com\/en\/wp-json\/wp\/v2\/users\/1"}],"replies":[{"embeddable":true,"href":"https:\/\/sxe-consulting.com\/en\/wp-json\/wp\/v2\/comments?post=12516"}],"version-history":[{"count":0,"href":"https:\/\/sxe-consulting.com\/en\/wp-json\/wp\/v2\/pages\/12516\/revisions"}],"up":[{"embeddable":true,"href":"https:\/\/sxe-consulting.com\/en\/wp-json\/wp\/v2\/pages\/12324"}],"wp:attachment":[{"href":"https:\/\/sxe-consulting.com\/en\/wp-json\/wp\/v2\/media?parent=12516"}],"wp:term":[{"taxonomy":"definition","embeddable":true,"href":"https:\/\/sxe-consulting.com\/en\/wp-json\/wp\/v2\/definition?post=12516"}],"curies":[{"name":"wp","href":"https:\/\/api.w.org\/{rel}","templated":true}]}}