{"id":12502,"date":"2025-10-20T23:49:12","date_gmt":"2025-10-20T21:49:12","guid":{"rendered":"https:\/\/sxe-consulting.com\/?page_id=12502"},"modified":"2025-10-20T23:49:12","modified_gmt":"2025-10-20T21:49:12","slug":"kanban-definition","status":"publish","type":"page","link":"https:\/\/sxe-consulting.com\/en\/glossaire-industriel\/kanban-definition\/","title":{"rendered":"Kanban"},"content":{"rendered":"<p>Visit <strong>Kanban<\/strong> is an operational and visual tool for <strong>Lean Management<\/strong>, which takes its name from the two Japanese characters : <em>Kan<\/em> (map or visual signal) and <em>Ban<\/em> (table). Developed by Toyota, it is the key element for implementing the <strong>Pull System<\/strong> in an environment of <strong>Series Production<\/strong>.<\/p>\n<p><!--more--><\/p>\n<p><strong>In-depth definition :<\/strong> Kanban is a <strong>signalling system<\/strong> which regulates production and the supply of materials. Its role is to trigger the manufacture or delivery of a part only when the downstream workstation (the internal customer) needs it. The Kanban card or signal circulates between workstations: when the stock of a component reaches a predefined minimum level (the replenishment point), the card is sent to the upstream workstation (the internal supplier) to authorize production or delivery of the exact number of parts consumed. The aim is to <strong>strictly limit the work in progress (WIP - <em>Work In Progress<\/em>)<\/strong> and avoid <strong>overproduction<\/strong> (the most dangerous waste, <em>Muda<\/em>).<\/p>\n<h3><strong>The Fundamental Principles and Golden Rules of Kanban<\/strong><\/h3>\n<p>For a Kanban system to be effective and support the\u2019<strong>Operational Excellence<\/strong>, four rules must be scrupulously observed:<\/p>\n<ol>\n<li><strong>Produce\/Deliver only what is Withdrawn :<\/strong> The upstream station must only produce the parts indicated by the kanban signal. This ensures that production is <em>drawn<\/em> by real demand, not <em>push<\/em> through theoretical planning (<strong>MRP<\/strong>).<\/li>\n<li><strong>One Kanban per container (or batch):<\/strong> Each container or batch of parts must have an associated Kanban card. The return of this card is the replenishment signal.<\/li>\n<li><strong>No Part Without Kanban :<\/strong> No part may be produced, transported or stored unless it is attached to a Kanban signal. This rule disciplines the workshop and ensures strict control of the <strong>WIP<\/strong>.<\/li>\n<li><strong>Check Quality at each Stage:<\/strong> Kanban makes the workshop very sensitive to problems of <strong>Quality<\/strong>. If a fault occurs, the downstream station stops firing, and the problem immediately recurs, forcing the downstream station to stop firing. <strong>Root Cause Analysis (RCA)<\/strong> and the\u2019<strong>Continuous Improvement (KAIZEN)<\/strong> at the upstream station.<\/li>\n<\/ol>\n<h3><strong>Kanban and Industrial Performance<\/strong><\/h3>\n<p>The implementation of Kanban by <strong>Industrial Engineering<\/strong> is a prerequisite for transforming a <strong>Flux Pouss\u00e9<\/strong> into a system of <strong>Pulled Flow<\/strong> performing :<\/p>\n<ul>\n<li><strong>Drastic inventory reduction :<\/strong> Kanban is designed to run the business with the minimum safety stock necessary to cover variations in demand and replenishment lead times. This frees up capital (working capital) and space.<\/li>\n<li><strong>Identifying Problems (Bottlenecks) :<\/strong> By limiting <strong>WIP<\/strong>, Kanban makes problems visible. If a <strong>Bottleneck<\/strong> slows down a step, the upstream queue quickly empties, and the other stations stop, clearly exposing the source of the blockage (one of the main objectives of the <strong>Visual Management<\/strong>).<\/li>\n<li><strong>Lean management :<\/strong> The company is constantly looking for ways to reduce the number of Kanban cards, and therefore inventory. Each successful reduction exposes the next problem or waste to be eliminated, fuelling the cycle. <strong>PDCA<\/strong>.<\/li>\n<\/ul>\n<h3><strong>Digital Kanban (e-Kanban) and Industry 4.0<\/strong><\/h3>\n<p>In the age of <strong>Industrial Digitization<\/strong>, Kanban has evolved:<\/p>\n<ul>\n<li><strong>e-Kanban :<\/strong> Physical cards are replaced by electronic signals. Barcode scanners or sensors, for example <strong>IoT<\/strong> detect consumption and send an automatic signal to the system <strong>MES (Manufacturing Execution System)<\/strong> or the\u2019<strong>ERP (Enterprise Resource Planning)<\/strong> to generate a production or purchase order.<\/li>\n<li><strong>Kanban and AI:<\/strong> Visit <strong>Machine Learning<\/strong> can help dynamically optimize lot size (the number of parts per kanban) and trigger point to better respond to variations in demand and supply. <strong>Takt Time<\/strong>.<\/li>\n<\/ul>\n<p>The essence of <strong>Kanban<\/strong> remains the same: <strong>visualize the flow, limit WIP, and drive production by real demand<\/strong>. It is the control mechanism that gives the plant its flexibility and efficiency. <strong>Pulled Flow<\/strong>.<\/p>\n<p><!-- notionvc: 12064eb7-ea80-4fe9-9633-f331c2058e94 --><\/p>\n<p data-start=\"3483\" data-end=\"3654\"><!-- notionvc: 55748b84-6bc7-48d1-980a-8210c919df08 --><\/p>","protected":false},"excerpt":{"rendered":"<p>Le Kanban est un outil op\u00e9rationnel et visuel du Lean Management, qui tire son nom des deux caract\u00e8res japonais : Kan (carte ou signal visuel) et Ban (tableau). D\u00e9velopp\u00e9 par Toyota, il est l&#8217;\u00e9l\u00e9ment cl\u00e9 qui permet d&#8217;impl\u00e9menter le Flux Tir\u00e9 (Pull System) dans un environnement de Production de S\u00e9rie.<\/p>","protected":false},"author":1,"featured_media":0,"parent":12324,"menu_order":0,"comment_status":"closed","ping_status":"closed","template":"","meta":{"_sitemap_exclude":false,"_sitemap_priority":"","_sitemap_frequency":"","footnotes":""},"definition":[99],"class_list":["post-12502","page","type-page","status-publish","hentry","definition-definition"],"jetpack_sharing_enabled":true,"_links":{"self":[{"href":"https:\/\/sxe-consulting.com\/en\/wp-json\/wp\/v2\/pages\/12502","targetHints":{"allow":["GET"]}}],"collection":[{"href":"https:\/\/sxe-consulting.com\/en\/wp-json\/wp\/v2\/pages"}],"about":[{"href":"https:\/\/sxe-consulting.com\/en\/wp-json\/wp\/v2\/types\/page"}],"author":[{"embeddable":true,"href":"https:\/\/sxe-consulting.com\/en\/wp-json\/wp\/v2\/users\/1"}],"replies":[{"embeddable":true,"href":"https:\/\/sxe-consulting.com\/en\/wp-json\/wp\/v2\/comments?post=12502"}],"version-history":[{"count":0,"href":"https:\/\/sxe-consulting.com\/en\/wp-json\/wp\/v2\/pages\/12502\/revisions"}],"up":[{"embeddable":true,"href":"https:\/\/sxe-consulting.com\/en\/wp-json\/wp\/v2\/pages\/12324"}],"wp:attachment":[{"href":"https:\/\/sxe-consulting.com\/en\/wp-json\/wp\/v2\/media?parent=12502"}],"wp:term":[{"taxonomy":"definition","embeddable":true,"href":"https:\/\/sxe-consulting.com\/en\/wp-json\/wp\/v2\/definition?post=12502"}],"curies":[{"name":"wp","href":"https:\/\/api.w.org\/{rel}","templated":true}]}}