{"id":12399,"date":"2025-10-07T11:47:25","date_gmt":"2025-10-07T09:47:25","guid":{"rendered":"https:\/\/sxe-consulting.com\/?page_id=12399"},"modified":"2025-10-07T11:47:25","modified_gmt":"2025-10-07T09:47:25","slug":"vsm-definition","status":"publish","type":"page","link":"https:\/\/sxe-consulting.com\/en\/glossaire-industriel\/vsm-definition\/","title":{"rendered":"VSM (Value Stream Mapping) Definition"},"content":{"rendered":"<p>Visit <strong>Value Stream Mapping (VSM)<\/strong>, or <strong>Value Chain Mapping<\/strong> (or <strong>Mapping material and information flows<\/strong>), is a visual analysis tool for the <strong>Lean Management<\/strong>. It provides a comprehensive representation of <strong>all stages<\/strong> (from customer order to delivery) required for a product or service to be created.<\/p>\n<p><!--more--><\/p>\n<p><strong>In-depth definition :<\/strong> Developed and popularized by Toyota, the objective of the VSM is to clearly show the <strong>Value added (VA)<\/strong> and, above all <strong>waste (Muda) and inefficiencies<\/strong> (irregularities, overloads) lurking in the process. It's the tool that transforms a simple process analysis into an analysis of\u2019<strong>Operational Excellence<\/strong> strategic.<\/p>\n<p>A VSM map shows two main flows:<\/p>\n<ol>\n<li><strong>Physical Flow:<\/strong> Product movement (cycle time, waiting time, stock).<\/li>\n<li><strong>The Information Flow :<\/strong> Signals that tell people and machines what to do (planning <strong>ERP<\/strong>, commands, instructions).<\/li>\n<\/ol>\n<p>The VSM is always carried out in two stages: the <strong>Current State Map<\/strong> (<em>Current State Map<\/em>) to visualize problems, and the <strong>Future State Map<\/strong> (<em>Future State Map<\/em>) to define improvements (<strong>KAIZEN<\/strong>).<\/p>\n<h3><strong>VSM Key Components<\/strong><\/h3>\n<p>A standard VSM is built around two timelines to distinguish the useful from the useless, fundamental concepts for the <strong>Industrial Engineering<\/strong> :<\/p>\n<h3><strong>1. The Upper Time Line (Physics)<\/strong><\/h3>\n<p>It represents the stages in the transformation process (cutting, assembly, baking, etc.). Each stage is measured by <strong>KPI<\/strong> crucial :<\/p>\n<ul>\n<li><strong>Cycle time (CT) :<\/strong> The time taken by the operator or machine to complete a unit.<\/li>\n<li><strong>Changeover time (SET UP) :<\/strong> The time required to switch from one product to another (e.g. the <strong>SMED<\/strong> aims to reduce this time).<\/li>\n<li><strong>TRS :<\/strong> Visit <strong>Synthetic yield<\/strong> equipment.<\/li>\n<li><strong>Inventory :<\/strong> The level of <strong>stock<\/strong> (or <strong>WIP<\/strong> \u2013 <em>Work In Process<\/em>) between stages (major source of <strong>Muda<\/strong>).<\/li>\n<\/ul>\n<h3><strong>2. The Lower Time Line (Delay)<\/strong><\/h3>\n<p>It represents the flow of total time:<\/p>\n<ul>\n<li><strong>Value-added time (VA Time) :<\/strong> The sum of the Cycle Times (CT) of all stages. This is the actual transformation time for which the customer is willing to pay.<\/li>\n<li><strong>Non-Value-Added Time (NVA Time) :<\/strong> The sum of all waiting, transport and storage times. This is the <strong>Muda<\/strong> total.<\/li>\n<li><strong>Lead Time :<\/strong> Total time from start to finish (VA Time + NVA Time).<\/li>\n<\/ul>\n<p>The objective of VSM is to reduce the <strong>Crossing time<\/strong> by tackling the <strong>Time without added value<\/strong>, and increase\u2019<strong>Flow efficiency<\/strong> (VA Time \/ Lead Time).<\/p>\n<h3><strong>The VSM Process in Continuous Improvement<\/strong><\/h3>\n<ol>\n<li><strong>Define Product Family :<\/strong> The analysis focuses on a group of products that share the same processing steps.<\/li>\n<li><strong>Drawing the Current State:<\/strong> The <strong>KAIZEN<\/strong> (often in the field - <em>Gemba<\/em>) collects actual data and draws the flow, insisting on standard icons to represent stocks, lead times and information flows (systems <strong>ERP<\/strong> or <strong>Kanban<\/strong>).<\/li>\n<li><strong>Designing the Future State:<\/strong> The team eliminates <strong>Mudas<\/strong> identified (usually targeting overproduction, inventories and expectations). It defines how the process will be driven from now on (moving from a <strong>Flux Pouss\u00e9<\/strong> to a <strong>Pulled Flow<\/strong>).<\/li>\n<li><strong>Plan the Action:<\/strong> The action plan (often based on the <strong>Pareto method<\/strong> of the greatest waste) is defined to move from the Current state to the Future state (Phase <strong>Plan<\/strong> from <strong>PDCA<\/strong>).<\/li>\n<\/ol>\n<p>In conclusion, the <strong>VSM<\/strong> is the visual tool par excellence. It enables teams to see the whole system at a glance, and to move from detecting local problems to optimizing global flows, thus maximizing the efficiency of the system. <strong>ROI (Return on Investment)<\/strong> efforts to\u2019<strong>Continuous Improvement<\/strong>.<\/p>\n<p><!-- notionvc: a7709644-eafb-4059-bf46-44e95e144150 --><\/p>","protected":false},"excerpt":{"rendered":"<p>La Value Stream Mapping (VSM), ou Cartographie de la Cha\u00eene de Valeur (ou Cartographie des Flux de Mati\u00e8res et d&#8217;Informations), est un outil d&#8217;analyse visuelle du Lean Management. Elle permet de repr\u00e9senter de mani\u00e8re exhaustive l&#8217;ensemble des \u00e9tapes (de la commande client \u00e0 la livraison) n\u00e9cessaires pour qu&#8217;un produit ou un service soit cr\u00e9\u00e9.<\/p>","protected":false},"author":1,"featured_media":0,"parent":12324,"menu_order":0,"comment_status":"closed","ping_status":"closed","template":"","meta":{"_sitemap_exclude":false,"_sitemap_priority":"","_sitemap_frequency":"","footnotes":""},"definition":[99],"class_list":["post-12399","page","type-page","status-publish","hentry","definition-definition"],"jetpack_sharing_enabled":true,"_links":{"self":[{"href":"https:\/\/sxe-consulting.com\/en\/wp-json\/wp\/v2\/pages\/12399","targetHints":{"allow":["GET"]}}],"collection":[{"href":"https:\/\/sxe-consulting.com\/en\/wp-json\/wp\/v2\/pages"}],"about":[{"href":"https:\/\/sxe-consulting.com\/en\/wp-json\/wp\/v2\/types\/page"}],"author":[{"embeddable":true,"href":"https:\/\/sxe-consulting.com\/en\/wp-json\/wp\/v2\/users\/1"}],"replies":[{"embeddable":true,"href":"https:\/\/sxe-consulting.com\/en\/wp-json\/wp\/v2\/comments?post=12399"}],"version-history":[{"count":0,"href":"https:\/\/sxe-consulting.com\/en\/wp-json\/wp\/v2\/pages\/12399\/revisions"}],"up":[{"embeddable":true,"href":"https:\/\/sxe-consulting.com\/en\/wp-json\/wp\/v2\/pages\/12324"}],"wp:attachment":[{"href":"https:\/\/sxe-consulting.com\/en\/wp-json\/wp\/v2\/media?parent=12399"}],"wp:term":[{"taxonomy":"definition","embeddable":true,"href":"https:\/\/sxe-consulting.com\/en\/wp-json\/wp\/v2\/definition?post=12399"}],"curies":[{"name":"wp","href":"https:\/\/api.w.org\/{rel}","templated":true}]}}