{"id":12367,"date":"2025-10-06T15:57:21","date_gmt":"2025-10-06T13:57:21","guid":{"rendered":"https:\/\/sxe-consulting.com\/?page_id=12367"},"modified":"2025-10-06T15:57:21","modified_gmt":"2025-10-06T13:57:21","slug":"push-system","status":"publish","type":"page","link":"https:\/\/sxe-consulting.com\/en\/glossaire-industriel\/push-system\/","title":{"rendered":"Flux Pouss\u00e9 (Push System)"},"content":{"rendered":"<p>Visit <strong>Flux Pouss\u00e9 (Push System)<\/strong> is a production organization model where product manufacturing is triggered upstream, not by real and immediate customer demand, but by a <strong>forward planning<\/strong> (based on sales forecasts and stock targets). This is the historical model of the mass production era.<\/p>\n<p><!--more--><\/p>\n<p><strong>In-depth definition :<\/strong> In a Pulsed Flow system, production is launched according to a predetermined <strong>centralized planning<\/strong>, often dictated by the planning department or the\u2019<strong>ERP (Enterprise Resource Planning)<\/strong>, The products or semi-finished products are \u201cpushed\u201d to the next stage, and then to the finished goods stock, whether or not there is downstream demand. The fundamental assumption is that it is more efficient to produce large batches (economy of scale) in anticipation of future demand. Production orders are created to saturate machine capacity, maximize volumes and minimize tool changeover times, without waiting for a market signal.<\/p>\n<h3><strong>The Pushed Flow Cycle and Tools<\/strong><\/h3>\n<p>The operation of a Pulsed Flow system relies on precise tools and concepts:<\/p>\n<ol>\n<li><strong>Planning (MRP) :<\/strong> The heart of the system is often the <strong>MRP (Material Requirements Planning)<\/strong>, which calculates material and component requirements to execute the Master Production Plan (MPP), itself based on sales forecasts. This calculation determines the manufacturing orders that will be \u201cpushed\u201d into production.<\/li>\n<li><strong>Lot size :<\/strong> In order to make machine set-up times more profitable, the Flux Pouss\u00e9 system favours production by <strong>large batches<\/strong>. Although this reduces the unit cost of manufacture (thanks to the effect of scale), it significantly increases product transit times and the level of in-process and finished inventory.<\/li>\n<li><strong>Postal Independence:<\/strong> Each workstation produces at its maximum capacity, or according to schedule, and stores the surplus before passing it on to the next stage. The workstations are disconnected from each other by <strong>buffer stocks<\/strong>.<\/li>\n<\/ol>\n<h3><strong>Strategic Risks of the Push Model (Muda and Counter-Performance)<\/strong><\/h3>\n<p>Although historically effective for stable, low-variety markets, Push Flow has major disadvantages in a modern, volatile, customer-centric environment. These disadvantages are directly linked to the seven wastes (<em>Muda<\/em>) identified by the <strong>Lean Management<\/strong> :<\/p>\n<ol>\n<li><strong>Overstock (most visible Muda):<\/strong> This is the direct consequence of Push Flow. Production based on forecasts generates <strong>Buffer stocks<\/strong> important. These inventories are expensive (capital investment, storage space, insurance) and mask process problems.<\/li>\n<li><strong>Overproduction :<\/strong> The risk of producing items that are ultimately not demanded by the market. Overproduction leads to obsolescence, markdowns and, in the worst case scenario, scrap.<\/li>\n<li><strong>Waiting time and Cycle length :<\/strong> Products often have to wait until the downstream station has consumed its own buffer stock. This considerably lengthens <strong>crossing time<\/strong> (<em>Lead Time<\/em>), making the company slow and unresponsive.<\/li>\n<li><strong>Poor Quality :<\/strong> A defect produced in a push-flow process is often not detected until much further down the line. The company may have produced thousands of defective units before the alarm is sounded, resulting in massive non-quality costs.<\/li>\n<\/ol>\n<h3><strong>The Impact on the Supply Chain and the Need for Evolution<\/strong><\/h3>\n<p>For SMEs advised by an engineering consultant, maintaining a purely push-flow system can jeopardize the company's success.\u2019<strong>Operational Excellence<\/strong> :<\/p>\n<ul>\n<li><strong>Market responsiveness:<\/strong> The company is unable to react quickly to peaks or troughs in demand, nor to quickly integrate changes in customer specifications (requiring modifications in the <strong>Manufacturing file<\/strong>).<\/li>\n<li><strong>Financial fixed assets :<\/strong> The excess inventory generated by this system weighs heavily on working capital requirements.<\/li>\n<li><strong>Visibility :<\/strong> Buffer stocks conceal inefficiencies and <strong>Choke bolts<\/strong> making the\u2019<strong>Continuous Improvement (KAIZEN)<\/strong> difficult to target.<\/li>\n<\/ul>\n<p>This is why, in most modern industries, companies are looking to migrate to a more agile and responsive system, the <strong>Pulled Flow<\/strong>, This is achieved by using intelligent inventory management software to provide the necessary visibility for this transition. Even if certain processes (such as refining or energy production) remain naturally advanced, the objective of the <strong>Industrial Engineering<\/strong> is to isolate this tipping point and apply the principle of <strong>Pulled Flow<\/strong> as far upstream as possible, for example by using <strong>Kanban<\/strong> or <strong>Safety Stock<\/strong> to absorb variability without generating unnecessary overstock.<\/p>\n<p data-start=\"3483\" data-end=\"3654\"><!-- notionvc: 4bb0c48f-e17d-4cce-bfce-0e32df9ba8f5 --><\/p>","protected":false},"excerpt":{"rendered":"<p>Le Flux Pouss\u00e9 (Push System) est un mod\u00e8le d&#8217;organisation de la production o\u00f9 la fabrication des produits est d\u00e9clench\u00e9e en amont, non pas par une demande client r\u00e9elle et imm\u00e9diate, mais par une planification pr\u00e9visionnelle (bas\u00e9e sur des pr\u00e9visions de vente et des objectifs de stock). C&#8217;est le mod\u00e8le historique de l&#8217;\u00e8re de la production [&hellip;]<\/p>\n","protected":false},"author":1,"featured_media":0,"parent":12324,"menu_order":0,"comment_status":"closed","ping_status":"closed","template":"","meta":{"_sitemap_exclude":false,"_sitemap_priority":"","_sitemap_frequency":"","footnotes":""},"definition":[99],"class_list":["post-12367","page","type-page","status-publish","hentry","definition-definition"],"jetpack_sharing_enabled":true,"_links":{"self":[{"href":"https:\/\/sxe-consulting.com\/en\/wp-json\/wp\/v2\/pages\/12367","targetHints":{"allow":["GET"]}}],"collection":[{"href":"https:\/\/sxe-consulting.com\/en\/wp-json\/wp\/v2\/pages"}],"about":[{"href":"https:\/\/sxe-consulting.com\/en\/wp-json\/wp\/v2\/types\/page"}],"author":[{"embeddable":true,"href":"https:\/\/sxe-consulting.com\/en\/wp-json\/wp\/v2\/users\/1"}],"replies":[{"embeddable":true,"href":"https:\/\/sxe-consulting.com\/en\/wp-json\/wp\/v2\/comments?post=12367"}],"version-history":[{"count":0,"href":"https:\/\/sxe-consulting.com\/en\/wp-json\/wp\/v2\/pages\/12367\/revisions"}],"up":[{"embeddable":true,"href":"https:\/\/sxe-consulting.com\/en\/wp-json\/wp\/v2\/pages\/12324"}],"wp:attachment":[{"href":"https:\/\/sxe-consulting.com\/en\/wp-json\/wp\/v2\/media?parent=12367"}],"wp:term":[{"taxonomy":"definition","embeddable":true,"href":"https:\/\/sxe-consulting.com\/en\/wp-json\/wp\/v2\/definition?post=12367"}],"curies":[{"name":"wp","href":"https:\/\/api.w.org\/{rel}","templated":true}]}}