{"id":10848,"date":"2022-06-22T12:14:21","date_gmt":"2022-06-22T10:14:21","guid":{"rendered":"https:\/\/sxe-consulting.com\/?page_id=10848"},"modified":"2022-06-22T12:22:38","modified_gmt":"2022-06-22T10:22:38","slug":"legal-notice","status":"publish","type":"page","link":"https:\/\/sxe-consulting.com\/en\/mentions-legales\/","title":{"rendered":"Legal Notices"},"content":{"rendered":"<div data-elementor-type=\"wp-page\" data-elementor-id=\"10848\" class=\"elementor elementor-10848\" data-elementor-post-type=\"page\">\n\t\t\t\t\t\t<section class=\"elementor-section elementor-top-section elementor-element elementor-element-7268cc3 elementor-section-boxed elementor-section-height-default elementor-section-height-default\" data-id=\"7268cc3\" data-element_type=\"section\" data-e-type=\"section\">\n\t\t\t\t\t\t<div class=\"elementor-container elementor-column-gap-default\">\n\t\t\t\t\t<div class=\"elementor-column elementor-col-100 elementor-top-column elementor-element elementor-element-7e2df78\" data-id=\"7e2df78\" data-element_type=\"column\" data-e-type=\"column\">\n\t\t\t<div class=\"elementor-widget-wrap elementor-element-populated\">\n\t\t\t\t\t\t<div class=\"elementor-element elementor-element-887c670 elementor-widget elementor-widget-heading\" data-id=\"887c670\" data-element_type=\"widget\" data-e-type=\"widget\" data-widget_type=\"heading.default\">\n\t\t\t\t<div class=\"elementor-widget-container\">\n\t\t\t\t\t<h2 class=\"elementor-heading-title elementor-size-default\">Legal Notices<\/h2>\t\t\t\t<\/div>\n\t\t\t\t<\/div>\n\t\t\t\t\t<\/div>\n\t\t<\/div>\n\t\t\t\t\t<\/div>\n\t\t<\/section>\n\t\t\t\t<section class=\"elementor-section elementor-top-section elementor-element elementor-element-888081f elementor-section-boxed elementor-section-height-default elementor-section-height-default\" data-id=\"888081f\" data-element_type=\"section\" data-e-type=\"section\">\n\t\t\t\t\t\t<div class=\"elementor-container elementor-column-gap-default\">\n\t\t\t\t\t<div class=\"elementor-column elementor-col-100 elementor-top-column elementor-element elementor-element-40103dd\" data-id=\"40103dd\" data-element_type=\"column\" data-e-type=\"column\">\n\t\t\t<div class=\"elementor-widget-wrap elementor-element-populated\">\n\t\t\t\t\t\t<div class=\"elementor-element elementor-element-55ab2d3 elementor-widget elementor-widget-text-editor\" data-id=\"55ab2d3\" data-element_type=\"widget\" data-e-type=\"widget\" data-widget_type=\"text-editor.default\">\n\t\t\t\t<div class=\"elementor-widget-container\">\n\t\t\t\t\t\t\t\t\t<p>Please read these terms of use carefully before using this site. By connecting to this site, you accept these terms and conditions without reservation. Also, in accordance with article 6 of French law no. 2004-575 of June 21, 2004 on confidence in the digital economy, those responsible for this website <a href=\"https:\/\/sxe-consulting.com\/en\/\">www.sxe-consulting.com<\/a>&nbsp;are :<\/p>\n<p><strong>Site editor :<\/strong><\/p>\n<p>SXE Consulting<br>Editorial manager: SXE Consulting<br>Email : contact@sxe-consulting.com<br>Website : <a href=\"https:\/\/sxe-consulting.com\/en\/\">www.sxe-consulting.com<\/a><\/p>\n<p><strong>Accommodation :<\/strong>&nbsp;OVH<br>2 Rue Kellermann, 59100 Roubaix<br>Website :&nbsp;<a href=\"http:\/\/https\/\/www.ovh.com\/fr\/mail\/\" target=\"_blank\" rel=\"noreferrer noopener\">https:\/\/www.ovh.com\/fr\/mail\/<\/a><\/p>\n<p><strong>Development :<\/strong><\/p>\n<p>SXE Consulting<br>Website :&nbsp; <a href=\"https:\/\/sxe-consulting.com\/en\/\">www.sxe-consulting.com<\/a><\/p>\n<p><strong>Terms of use : <\/strong>This site ( <a href=\"https:\/\/sxe-consulting.com\/en\/\">www.sxe-consulting.com<\/a> )is offered in various web languages (HTML, HTML5, Javascript, CSS, etc.) for greater ease of use and more pleasing graphics, we recommend that you use modern browsers such as Internet Explorer, Safari, Firefox, Google Chrome, etc...<\/p>\n<p>SXE Consulting makes every effort to provide reliable information and to update its websites reliably. However, errors or omissions may occur. Internet users should therefore check with SXE Consulting to ensure that the information provided is accurate, and report any changes to the site that they deem useful. SXE Consulting is in no way responsible for the use made of this information, or for any direct or indirect damage that may result.<\/p>\n<p><strong>Cookies<\/strong> The site&nbsp; <a href=\"https:\/\/sxe-consulting.com\/en\/\">www.sxe-consulting.com<\/a> may ask you to accept cookies for statistical and display purposes. A cookie is a piece of information placed on your hard disk by the server of the site you are visiting. It contains a number of data items that are stored on your computer in a simple text file that a server accesses to read and record information. Some parts of this site cannot be used without accepting cookies.<br>Find out more about cookies and our privacy policy at&nbsp;<a href=\"https:\/\/sxe-consulting.com\/en\/cookies-privacy-policy\/\">this page.<\/a><\/p>\n<p><strong>Hyperlinks :<\/strong> These websites may contain links to other websites or resources available on the Internet. SXE Consulting has no means of controlling the sites linked to its Internet sites. SXE Consulting is not responsible for the availability of such external sites and sources, nor does it guarantee them. SXE Consulting cannot be held responsible for any damage of any nature whatsoever resulting from the content of these external sites or sources, and in particular from the information, products or services they offer, or from any use that may be made of these elements. The risks associated with such use shall be borne entirely by the Internet user, who must comply with their conditions of use.<\/p>\n<p>Users, subscribers and visitors to the websites may not set up a hyperlink to this site without the express prior authorization of SXE Consulting.<\/p>\n<p>Should a user or visitor wish to set up a hyperlink to one of SXE Consulting's websites, he or she should send an e-mail to the site requesting the hyperlink. SXE Consulting reserves the right to accept or refuse a hyperlink without having to justify its decision.<\/p>\n<p><strong>Services provided : <\/strong>All the company's activities and information are presented on our website&nbsp; <a href=\"https:\/\/sxe-consulting.com\/en\/\">www.sxe-consulting.com<\/a>. SXE Consulting endeavours to provide on the site <a href=\"https:\/\/sxe-consulting.com\/en\/\">www.sxe-consulting.com<\/a> information as accurate as possible. the information on the site <a href=\"https:\/\/sxe-consulting.com\/en\/\">www.sxe-consulting.com<\/a> are not exhaustive and photos are non-contractual. They are given subject to modifications having been made since they were put on line. In addition, all information on the site <a href=\"https:\/\/sxe-consulting.com\/en\/\">www.sxe-consulting.com<\/a>&nbsp;are given for information only, and may change or evolve without notice.<\/p>\n<p><strong>Contractual limitations on data :<\/strong>The information contained on this site is as accurate as possible, and the site is updated at various times of the year. However, it may contain inaccuracies or omissions. If you notice a gap, error or what appears to be a malfunction, please report it by e-mail to contact@sxe-consulting.com, describing the problem as precisely as possible (page causing the problem, type of computer and browser used, etc.).<\/p>\n<p>Any content downloaded is done so at the user's own risk and under the user's sole responsibility. Consequently, the company cannot be held responsible for any damage to the user's computer or loss of data resulting from downloading. In addition, the user of the site undertakes to access the site using recent, virus-free equipment, and with an up-to-date, latest-generation browser.<\/p>\n<p>SXE Consulting cannot be held responsible for the hypertext links set up on this website to other resources on the Internet.<\/p>\n<p><strong>Intellectual property : <\/strong>All content on the site <a href=\"https:\/\/sxe-consulting.com\/en\/\">www.sxe-consulting.com<\/a>, All content, including but not limited to graphics, images, texts, videos, animations, sounds, logos, gifs and icons, as well as their formatting, is the exclusive property of the company, with the exception of trademarks, logos or content belonging to other partner companies or authors.<\/p>\n<p>Any reproduction, distribution, modification, adaptation, retransmission or publication, even partial, of these various elements is strictly forbidden without the express written consent of SXE Consulting. This representation or reproduction, by any means whatsoever, constitutes an infringement punishable by articles L.335-2 et seq. of the French Intellectual Property Code. Failure to comply with this prohibition constitutes an infringement that may incur the civil and criminal liability of the infringer. In addition, the owners of the copied Content may take legal action against you.<\/p>\n<p><strong>Declaration to the CNIL :<\/strong>&nbsp;In accordance with the French Data Protection Act 78-17 of January 6, 1978 (amended by Act 2004-801 of August 6, 2004 on the protection of individuals with regard to the processing of personal data), this site has not been declared to the Commission Nationale de l'Informatique et des Libert\u00e9s (<a href=\"http:\/\/www.cnil.fr\/\" target=\"_blank\" rel=\"noreferrer noopener\">www.cnil.fr<\/a>).<\/p>\n<p><strong>Disputes :<br><\/strong>These site conditions <a href=\"https:\/\/sxe-consulting.com\/en\/\">www.sxe-consulting.com<\/a>&nbsp;are governed by French law, and any dispute or litigation arising from the interpretation or execution thereof shall be submitted to the exclusive jurisdiction of the courts having jurisdiction over the company's registered office. The reference language for the settlement of any disputes shall be French.<\/p>\n<p><strong>Personal data : <\/strong><\/p>\n<p>In general, you are not required to provide us with any personal data when you visit our website. <a href=\"https:\/\/sxe-consulting.com\/en\/\">www.sxe-consulting.com<\/a>.<br>However, there are certain exceptions to this principle. For some of the services offered on our site, you may be asked to provide us with data such as your name, position, company name, e-mail address and telephone number. This is the case when you fill in the online form in the \u00abcontact\u00bb section. In all cases, you can refuse to provide your personal data. In this case, you will not be able to use the site's services, in particular to request information about our company, or to receive our newsletters.<\/p>\n<p>Finally, we may automatically collect certain information about you when you simply browse our website, in particular: information concerning the use of our site, such as the areas you visit and the services you access, your IP address, the type of browser you use and your access times. Such information is used exclusively for internal statistical purposes, in order to improve the quality of the services offered to you. Databases are protected by the provisions of the law of July 1, 1998 transposing directive 96\/9 of March 11, 1996 on the legal protection of databases.<\/p>\t\t\t\t\t\t\t\t<\/div>\n\t\t\t\t<\/div>\n\t\t\t\t\t<\/div>\n\t\t<\/div>\n\t\t\t\t\t<\/div>\n\t\t<\/section>\n\t\t\t\t<\/div>","protected":false},"excerpt":{"rendered":"<p>Mentions L\u00e9gales Merci de lire avec attention les diff\u00e9rentes modalit\u00e9s d\u2019utilisation du pr\u00e9sent site avant d\u2019y parcourir ses pages. En vous connectant sur ce site, vous acceptez sans r\u00e9serves les pr\u00e9sentes modalit\u00e9s. Aussi, conform\u00e9ment \u00e0 l\u2019article n\u00b06 de la Loi n\u00b02004-575 du 21 Juin 2004 pour la confiance dans l\u2019\u00e9conomie num\u00e9rique, les responsables du pr\u00e9sent [&hellip;]<\/p>\n","protected":false},"author":1,"featured_media":0,"parent":0,"menu_order":0,"comment_status":"closed","ping_status":"closed","template":"elementor_header_footer","meta":{"_sitemap_exclude":false,"_sitemap_priority":"","_sitemap_frequency":"","footnotes":""},"definition":[],"class_list":["post-10848","page","type-page","status-publish","hentry"],"jetpack_sharing_enabled":true,"_links":{"self":[{"href":"https:\/\/sxe-consulting.com\/en\/wp-json\/wp\/v2\/pages\/10848","targetHints":{"allow":["GET"]}}],"collection":[{"href":"https:\/\/sxe-consulting.com\/en\/wp-json\/wp\/v2\/pages"}],"about":[{"href":"https:\/\/sxe-consulting.com\/en\/wp-json\/wp\/v2\/types\/page"}],"author":[{"embeddable":true,"href":"https:\/\/sxe-consulting.com\/en\/wp-json\/wp\/v2\/users\/1"}],"replies":[{"embeddable":true,"href":"https:\/\/sxe-consulting.com\/en\/wp-json\/wp\/v2\/comments?post=10848"}],"version-history":[{"count":0,"href":"https:\/\/sxe-consulting.com\/en\/wp-json\/wp\/v2\/pages\/10848\/revisions"}],"wp:attachment":[{"href":"https:\/\/sxe-consulting.com\/en\/wp-json\/wp\/v2\/media?parent=10848"}],"wp:term":[{"taxonomy":"definition","embeddable":true,"href":"https:\/\/sxe-consulting.com\/en\/wp-json\/wp\/v2\/definition?post=10848"}],"curies":[{"name":"wp","href":"https:\/\/api.w.org\/{rel}","templated":true}]}}