{"id":12574,"date":"2025-10-21T23:51:53","date_gmt":"2025-10-21T21:51:53","guid":{"rendered":"https:\/\/sxe-consulting.com\/?page_id=12574"},"modified":"2025-10-21T23:51:53","modified_gmt":"2025-10-21T21:51:53","slug":"feuerfeste-elektroschmelzen-definition","status":"publish","type":"page","link":"https:\/\/sxe-consulting.com\/de\/glossaire-industriel\/refractaires-electrofondus-definition\/","title":{"rendered":"Elektrogeschmolzene feuerfeste Materialien"},"content":{"rendered":"<p>Die <strong>Refrakt\u00e4re Elektroschmelzen<\/strong> sind keramische Materialien mit sehr hoher Leistung, die sich durch eine <strong>au\u00dfergew\u00f6hnliche Dichte<\/strong> und eine <strong>fast keine Porosit\u00e4t<\/strong>. Sie werden in einem einzigartigen Verfahren hergestellt, das das vollst\u00e4ndige Schmelzen der Rohstoffe in einem elektrischen Lichtbogenofen bei Temperaturen von weit \u00fcber 2000\u2218C beinhaltet.<\/p>\n<p><!--more--><\/p>\n<p><strong>Vertiefte Definition :<\/strong> Im Gegensatz zu geformten Standardfeuerfeststoffen, die durch Sintern (Verdichten und Brennen von festen Pulvern) hergestellt werden, sind elektrogeschmolzene Feuerfeststoffe buchst\u00e4blich <strong>gegossen<\/strong> in fl\u00fcssiger Form in Formen (oft aus Sand). Nach dem Abk\u00fchlen und Erstarren werden die so entstandenen Bl\u00f6cke auf die endg\u00fcltige Gr\u00f6\u00dfe ges\u00e4gt und geschliffen. Durch dieses Verfahren erh\u00e4lt man eine einzigartige Kristallstruktur mit perfekt ineinandergreifenden Kristallen, wodurch praktisch alle offenen Poren beseitigt werden. Dies ist die h\u00f6chste Stufe der <strong>Dichtes Feuerfest<\/strong>.<\/p>\n<h3><strong>Schl\u00fcsselvorteile in der betrieblichen Leistung<\/strong><\/h3>\n<p>Die porenfreie Struktur und die hohe Reinheit verleihen den elektrogeschmolzenen feuerfesten Steinen un\u00fcbertroffene Eigenschaften und machen sie unverzichtbar f\u00fcr die kritischsten Anwendungen des <strong>Wirtschaftsingenieurwesen<\/strong> :<\/p>\n<ol>\n<li><strong>Ultimative Korrosionsbest\u00e4ndigkeit :<\/strong> Das ist ihr gr\u00f6\u00dfter Vorteil. Durch das Fehlen von Porosit\u00e4t wird das Eindringen aggressiver Fl\u00fcssigkeiten (wie Glas oder feine Schlacke) in die Materialstruktur vollst\u00e4ndig verhindert. Dies garantiert eine maximale Lebensdauer in Bereichen mit starken Turbulenzen oder hohen Temperaturen.<\/li>\n<li><strong>Hohe Refrakt\u00e4rit\u00e4t und chemische Stabilit\u00e4t :<\/strong> Ihre Schmelzpunkte sind extrem hoch und ihre chemische Tr\u00e4gheit macht sie stabil gegen\u00fcber komplexen chemischen Angriffen.<\/li>\n<li><strong>Geringe Erosion :<\/strong> Ihre Dichte und kristalline H\u00e4rte verleihen ihnen eine au\u00dfergew\u00f6hnliche Widerstandsf\u00e4higkeit gegen physische Erosion, die durch die Bewegung geschmolzener Fl\u00fcssigkeiten verursacht wird.<\/li>\n<\/ol>\n<h3><strong>Der Fall des AZS-Elektrofunks (Aluminiumoxid-Zirkoniumoxid-Siliziumdioxid)<\/strong><\/h3>\n<p>Der ber\u00fchmteste und am h\u00e4ufigsten verwendete Typ der elektrogeschmolzenen Feuerfeststoffe ist die\u2019<strong>AZS<\/strong> (f\u00fcr <strong>Aluminiumoxid<\/strong> (Al2O3), <strong>Zirkoniumdioxid<\/strong> (ZrO2) und <strong>Siliziumdioxid<\/strong> (SiO2)).<\/p>\n<table>\n<thead>\n<tr>\n<th>Komponente<\/th>\n<th>Rolle in der Leistung<\/th>\n<\/tr>\n<\/thead>\n<tbody>\n<tr>\n<td><strong>Aluminiumoxid<\/strong><\/td>\n<td>Bringt eine sehr hohe Refrakt\u00e4rit\u00e4t und eine gute chemische Best\u00e4ndigkeit mit sich.<\/td>\n<\/tr>\n<tr>\n<td><strong>Zirkoniumdioxid<\/strong><\/td>\n<td>Hinzugef\u00fcgt wegen seiner F\u00e4higkeit, die Dimensionsstabilit\u00e4t zu verbessern und der Korrosion durch geschmolzene Silikate (Glas) zu widerstehen.<\/td>\n<\/tr>\n<tr>\n<td><strong>Siliziumdioxid<\/strong><\/td>\n<td>Wird als Schmelzmittel verwendet, um beim Abk\u00fchlen die Glasphase zu erzeugen, die die Kristalle miteinander verbindet.<\/td>\n<\/tr>\n<\/tbody>\n<\/table>\n<p>AZS ist das Material der Wahl f\u00fcr die <strong>Glasschmelzbecken<\/strong> (Flanken, B\u00f6den), wo die geringste Verschmutzung oder Abnutzung die <strong>Qualit\u00e4t<\/strong> des produzierten Glases.<\/p>\n<h3><strong>Strategische Anwendungen<\/strong><\/h3>\n<p>Aufgrund ihrer hohen Investitionskosten werden elektrogeschmolzene Feuerfestmaterialien strategisch in den Bereichen des Ofens eingesetzt, die dem st\u00e4rksten Verschlei\u00df unterliegen:<\/p>\n<ul>\n<li><strong>Glasindustrie :<\/strong> Bereiche, die mit dem Glasbad in Ber\u00fchrung kommen, insbesondere um die Flotationslinie und die Elektroden.<\/li>\n<li><strong>Eisen- und Stahlindustrie :<\/strong> Kritische Bereiche von Gie\u00dfpfannen oder \u00d6fen, in denen die Turbulenzen der Schlacke am gr\u00f6\u00dften sind.<\/li>\n<li><strong>Herstellung von Spezialchemikalien :<\/strong> Reaktoren oder Verbrennungsanlagen, in denen die Prozessgase und -fl\u00fcssigkeiten hochgradig korrosiv sind.<\/li>\n<\/ul>\n<p>Abschlie\u00dfend <strong>Refrakt\u00e4re Elektroschmelzen<\/strong> sind die f\u00fchrenden L\u00f6sungen, um eine maximale Lebensdauer unter extremsten thermischen und chemischen Bedingungen zu gew\u00e4hrleisten. Sie sind eine direkte Investition in die Zuverl\u00e4ssigkeit des Prozesses und die Aufrechterhaltung einer <strong>Qualit\u00e4t<\/strong> konstant, wodurch der Bedarf an <strong>Wartung<\/strong>.<\/p>\n<p><!-- notionvc: 9043a385-1515-4fbf-9445-7e3f90b2a0e8 --><\/p>\n<p><!-- notionvc: 50c0bdc4-ad8b-4108-8cd6-1c882cbf6a9d --><\/p>\n<p data-start=\"3483\" data-end=\"3654\"><!-- notionvc: 55748b84-6bc7-48d1-980a-8210c919df08 --><\/p>","protected":false},"excerpt":{"rendered":"<p>Les R\u00e9fractaires \u00c9lectrofondus sont des mat\u00e9riaux c\u00e9ramiques de tr\u00e8s haute performance, caract\u00e9ris\u00e9s par une densit\u00e9 exceptionnelle et une porosit\u00e9 quasi nulle. Ils sont produits par un proc\u00e9d\u00e9 unique qui implique la fusion compl\u00e8te des mati\u00e8res premi\u00e8res dans un four \u00e9lectrique \u00e0 arc, \u00e0 des temp\u00e9ratures d\u00e9passant largement les 2000\u2218C.<\/p>","protected":false},"author":1,"featured_media":0,"parent":12324,"menu_order":0,"comment_status":"closed","ping_status":"closed","template":"","meta":{"_sitemap_exclude":false,"_sitemap_priority":"","_sitemap_frequency":"","footnotes":""},"definition":[99],"class_list":["post-12574","page","type-page","status-publish","hentry","definition-definition"],"jetpack_sharing_enabled":true,"_links":{"self":[{"href":"https:\/\/sxe-consulting.com\/de\/wp-json\/wp\/v2\/pages\/12574","targetHints":{"allow":["GET"]}}],"collection":[{"href":"https:\/\/sxe-consulting.com\/de\/wp-json\/wp\/v2\/pages"}],"about":[{"href":"https:\/\/sxe-consulting.com\/de\/wp-json\/wp\/v2\/types\/page"}],"author":[{"embeddable":true,"href":"https:\/\/sxe-consulting.com\/de\/wp-json\/wp\/v2\/users\/1"}],"replies":[{"embeddable":true,"href":"https:\/\/sxe-consulting.com\/de\/wp-json\/wp\/v2\/comments?post=12574"}],"version-history":[{"count":0,"href":"https:\/\/sxe-consulting.com\/de\/wp-json\/wp\/v2\/pages\/12574\/revisions"}],"up":[{"embeddable":true,"href":"https:\/\/sxe-consulting.com\/de\/wp-json\/wp\/v2\/pages\/12324"}],"wp:attachment":[{"href":"https:\/\/sxe-consulting.com\/de\/wp-json\/wp\/v2\/media?parent=12574"}],"wp:term":[{"taxonomy":"definition","embeddable":true,"href":"https:\/\/sxe-consulting.com\/de\/wp-json\/wp\/v2\/definition?post=12574"}],"curies":[{"name":"wp","href":"https:\/\/api.w.org\/{rel}","templated":true}]}}