{"id":12573,"date":"2025-10-21T23:51:11","date_gmt":"2025-10-21T21:51:11","guid":{"rendered":"https:\/\/sxe-consulting.com\/?page_id=12573"},"modified":"2025-10-21T23:51:11","modified_gmt":"2025-10-21T21:51:11","slug":"industriellen-refraktaren-definition","status":"publish","type":"page","link":"https:\/\/sxe-consulting.com\/de\/glossaire-industriel\/refracaires-industriels-definition\/","title":{"rendered":"Industrielle Refrakt\u00e4re"},"content":{"rendered":"<p>Die <strong>Industrielle Feuerfeststoffe<\/strong> sind nichtmetallische, meist keramische Materialien, die die wesentliche Eigenschaft besitzen, ihre physikalischen und chemischen Eigenschaften (mechanische Festigkeit, Dimensionsstabilit\u00e4t) bei <strong>sehr hohe Betriebstemperaturen<\/strong>, oft \u00fcber 1000\u2218C und \u00fcber 1500\u2218C.<\/p>\n<p><!--more--><\/p>\n<p><strong>Vertiefte Definition :<\/strong> Ihre wichtigste Rolle, die grundlegend f\u00fcr die <strong>Wirtschaftsingenieurwesen<\/strong>, Das Ziel des Projekts ist es, die <strong>Innenverkleidungen<\/strong> von \u00d6fen, Kesseln, Reaktoren und anderen thermischen Anlagen. Sie fungieren als isolierende und sch\u00fctzende Barriere und erf\u00fcllen zwei lebenswichtige Funktionen f\u00fcr die <strong>Operative Leistung<\/strong> :<\/p>\n<ol>\n<li><strong>Thermal Containment :<\/strong> Halten Sie die W\u00e4rme im Prozess, um die Energieeffizienz zu maximieren.<\/li>\n<li><strong>Struktureller Schutz :<\/strong> Sch\u00fctzt die \u00e4u\u00dfere Metallh\u00fclle der Ausr\u00fcstung vor extremer Hitze, chemischer Korrosion (Schlacke, Schmelzb\u00e4der) und physikalischer Erosion.<\/li>\n<\/ol>\n<p>Ohne sie k\u00f6nnte die Schwerindustrie (Stahl, Zement, Glas, Petrochemie) schlichtweg nicht funktionieren, da die Baumetalle schmelzen oder sich verformen w\u00fcrden.<\/p>\n<h3><strong>Klassifizierung und Hauptkategorien<\/strong><\/h3>\n<p>Feuerfeste Materialien werden nach ihrer Zusammensetzung und Form klassifiziert, wobei jede Kategorie einem bestimmten Bedarf der\u2019<strong>Industrialisierung<\/strong> :<\/p>\n<h3><strong>1. Nach chemischer Zusammensetzung<\/strong><\/h3>\n<ul>\n<li><strong>Oxydische Feuerfeststoffe :<\/strong> Die umfangreichste Familie, stabil in oxidierender Atmosph\u00e4re. Umfasst die\u2019<strong>Aluminiumoxid<\/strong> (rein oder fusioniert), die <strong>Siliziumdioxid<\/strong>, Die <strong>Magnesia<\/strong> (basisch, wichtig f\u00fcr Stahl), und die <strong>Zirkoniumdioxid<\/strong> (wie in der\u2019<strong>Elektrofon AZS<\/strong>). Sie werden aufgrund ihrer hohen Refrakt\u00e4rit\u00e4t und ihrer spezifischen chemischen Korrosionsbest\u00e4ndigkeit ausgew\u00e4hlt.<\/li>\n<li><strong>Nichtoxidische feuerfeste Materialien :<\/strong> Materialien auf der Basis von <strong>Kohlenstoff<\/strong> (<strong>Graphit<\/strong>), Siliziumkarbid (SiC) oder Nitride. Sie sind unverzichtbar f\u00fcr Anwendungen in reduzierender Atmosph\u00e4re (ohne Sauerstoff) und wegen ihrer ausgezeichneten Best\u00e4ndigkeit gegen Temperaturschocks und der Nichtbenetzbarkeit durch Metalle.<\/li>\n<\/ul>\n<h3><strong>2. Nach Form und Umsetzung<\/strong><\/h3>\n<ul>\n<li><strong>Geformte feuerfeste Materialien (Ziegel) :<\/strong> Materialien, die geformt, gebrannt (gesintert) und in Form von Ziegelsteinen oder vorgefertigten Formen geliefert werden (z. B. <strong>Sillimanit<\/strong> oder <strong>Andalusien<\/strong>). Sie bieten eine hohe Dichte und eine sehr kontrollierte Qualit\u00e4t.<\/li>\n<li><strong>Monolithische (Nicht geformte) feuerfeste Materialien :<\/strong> In loser Sch\u00fcttung gelieferte Materialien (Zement, Beton, Stampfmassen), die direkt vor Ort aufgebracht werden, um einen Belag zu bilden <strong>ohne Fugen<\/strong>. Sie werden bevorzugt bei komplexen Formen und der <strong>Korrigierende Wartung<\/strong> schnell.<\/li>\n<\/ul>\n<h3><strong>Die Herausforderung der Langlebigkeit<\/strong><\/h3>\n<p>Die Auswahl und Verwaltung von <strong>Industrielle Feuerfeststoffe<\/strong> haben einen direkten Einfluss auf die <strong>KPI<\/strong> und der <strong>Verdienstkosten<\/strong> :<\/p>\n<ul>\n<li><strong>Hohe Zuverl\u00e4ssigkeit :<\/strong> Die richtige Wahl des feuerfesten Materials (z. B. ein <strong>Feuerfest Dicht<\/strong> gegen Erosion) verl\u00e4ngert die Lebensdauer des Ofens und verringert die H\u00e4ufigkeit ungeplanter Stillstandszeiten. Eine falsche Auswahl kann zu katastrophalen Ausf\u00e4llen f\u00fchren, analysiert <em>im Nachhinein<\/em> durch eine <strong>8D-Analyse<\/strong> oder ein <strong>5 Why<\/strong>.<\/li>\n<li><strong>Energieeffizienz :<\/strong> Die strategische Nutzung von <strong>isolierende Feuerfeststoffe<\/strong> (leicht und por\u00f6s) hinter der dichten Arbeitsschicht reduziert den W\u00e4rmeverlust durch die Ofenwand und spart so Energie.<\/li>\n<li><strong>Qualit\u00e4t des Produkts :<\/strong> Stabile, wenig reaktive Feuerfeststoffe minimieren die Kontamination von geschmolzenem Metall, Glas oder Zement und garantieren so die <strong>Qualit\u00e4t<\/strong> gefordert von der <strong>CCT<\/strong>.<\/li>\n<\/ul>\n<p>Abschlie\u00dfend <strong>Industrielle Feuerfeststoffe<\/strong> sind die ger\u00e4uscharmen Materialien, die die moderne Massenproduktion unterst\u00fctzen. Sie sind das Ergebnis komplexer Ingenieurskunst, bei der die Beherrschung des Materials entscheidend ist, um die Robustheit, Sicherheit und Wirtschaftlichkeit aller Prozesse zu gew\u00e4hrleisten, die mit hohen Temperaturen zu tun haben.<\/p>\n<p><!-- notionvc: d55e3d7c-2623-4d95-8f0e-b23ca56170bd --><\/p>\n<p><!-- notionvc: 50c0bdc4-ad8b-4108-8cd6-1c882cbf6a9d --><\/p>\n<p data-start=\"3483\" data-end=\"3654\"><!-- notionvc: 55748b84-6bc7-48d1-980a-8210c919df08 --><\/p>","protected":false},"excerpt":{"rendered":"<p>Les R\u00e9fractaires Industriels sont des mat\u00e9riaux non m\u00e9talliques, g\u00e9n\u00e9ralement de nature c\u00e9ramique, qui poss\u00e8dent la propri\u00e9t\u00e9 essentielle de conserver leurs caract\u00e9ristiques physiques et chimiques (r\u00e9sistance m\u00e9canique, stabilit\u00e9 dimensionnelle) \u00e0 des temp\u00e9ratures de service tr\u00e8s \u00e9lev\u00e9es, souvent sup\u00e9rieures \u00e0 1000\u2218C et au-del\u00e0 de 1500\u2218C.<\/p>","protected":false},"author":1,"featured_media":0,"parent":12324,"menu_order":0,"comment_status":"closed","ping_status":"closed","template":"","meta":{"_sitemap_exclude":false,"_sitemap_priority":"","_sitemap_frequency":"","footnotes":""},"definition":[99],"class_list":["post-12573","page","type-page","status-publish","hentry","definition-definition"],"jetpack_sharing_enabled":true,"_links":{"self":[{"href":"https:\/\/sxe-consulting.com\/de\/wp-json\/wp\/v2\/pages\/12573","targetHints":{"allow":["GET"]}}],"collection":[{"href":"https:\/\/sxe-consulting.com\/de\/wp-json\/wp\/v2\/pages"}],"about":[{"href":"https:\/\/sxe-consulting.com\/de\/wp-json\/wp\/v2\/types\/page"}],"author":[{"embeddable":true,"href":"https:\/\/sxe-consulting.com\/de\/wp-json\/wp\/v2\/users\/1"}],"replies":[{"embeddable":true,"href":"https:\/\/sxe-consulting.com\/de\/wp-json\/wp\/v2\/comments?post=12573"}],"version-history":[{"count":0,"href":"https:\/\/sxe-consulting.com\/de\/wp-json\/wp\/v2\/pages\/12573\/revisions"}],"up":[{"embeddable":true,"href":"https:\/\/sxe-consulting.com\/de\/wp-json\/wp\/v2\/pages\/12324"}],"wp:attachment":[{"href":"https:\/\/sxe-consulting.com\/de\/wp-json\/wp\/v2\/media?parent=12573"}],"wp:term":[{"taxonomy":"definition","embeddable":true,"href":"https:\/\/sxe-consulting.com\/de\/wp-json\/wp\/v2\/definition?post=12573"}],"curies":[{"name":"wp","href":"https:\/\/api.w.org\/{rel}","templated":true}]}}