{"id":12572,"date":"2025-10-21T23:50:37","date_gmt":"2025-10-21T21:50:37","guid":{"rendered":"https:\/\/sxe-consulting.com\/?page_id=12572"},"modified":"2025-10-21T23:50:37","modified_gmt":"2025-10-21T21:50:37","slug":"qqoqccp-definition","status":"publish","type":"page","link":"https:\/\/sxe-consulting.com\/de\/glossaire-industriel\/qqoqccp-definition\/","title":{"rendered":"QQOQCCP"},"content":{"rendered":"<p>Die Methode <strong>QQOQCCP<\/strong> ist ein systematisches Analyse- und Untersuchungsraster. Sein Name ist ein Akronym f\u00fcr die sieben Grundfragen, die es verwendet: <strong>Wer<\/strong>, <strong>Was<\/strong>, <strong>Wo<\/strong>, <strong>Wann<\/strong>, <strong>Wie<\/strong>, <strong>Wie viel<\/strong>, und <strong>Warum<\/strong>.<\/p>\n<p><!--more--><\/p>\n<p><strong>Vertiefte Definition :<\/strong> Dieses Werkzeug ist grundlegend in <strong>Wirtschaftsingenieurwesen<\/strong> und in <strong>Projektmanagement<\/strong>. Es wird f\u00fcr zwei Hauptzwecke eingesetzt:<\/p>\n<ol>\n<li><strong>Beschreiben und Definieren eines Problems :<\/strong> Dies ist der Anfangsschritt eines jeden Probleml\u00f6sungsprozesses (<strong>8D-Analyse<\/strong>, <strong>Methode 5 Why<\/strong>). Er erm\u00f6glicht es, alle sachlichen Informationen zu sammeln, die notwendig sind, um vom Symptom zu einer klaren und messbaren Beschreibung zu gelangen (\u00e4hnlich dem <strong>D2<\/strong> der\u2019<strong>8D-Analyse<\/strong>).<\/li>\n<li><strong>Eine Situation oder einen Prozess analysieren :<\/strong> Er erm\u00f6glicht eine umfassende Bewertung eines bestehenden Prozesses (<strong>Herstellungsprogramm<\/strong>, <strong>Standardisierung<\/strong>) oder ein neues Projekt und stellt dabei sicher, dass kein wesentlicher Aspekt \u00fcbersehen wurde.<\/li>\n<\/ol>\n<p>Die Anwendung dieses Rasters stellt sicher, dass Entscheidungen und Analysen auf harten Fakten beruhen, was f\u00fcr die\u2019<strong>Operative Exzellenz<\/strong> und der <strong>Lean Management<\/strong>.<\/p>\n<h3><strong>Die Details der Sieben Fragen (Leistungsfaktoren)<\/strong><\/h3>\n<p>Mit jeder der sieben Fragen wird ein kritischer Aspekt der Situation oder des Problems abgedeckt, wodurch eine umfassende Analyse gew\u00e4hrleistet wird.<\/p>\n<table>\n<thead>\n<tr>\n<th>Frage<\/th>\n<th>Analysierter Faktor<\/th>\n<th>Ziel in der Analyse<\/th>\n<\/tr>\n<\/thead>\n<tbody>\n<tr>\n<td><strong>Q<\/strong>ui?<\/td>\n<td>Akteure (Operatoren, Teams, Kunden, Lieferanten, Maschinen).<\/td>\n<td>Definieren Sie, wer betroffen ist, wer die Aktion durchf\u00fchrt und wer davon betroffen ist (der Kunde).<\/td>\n<\/tr>\n<tr>\n<td><strong>Q<\/strong>uoi?<\/td>\n<td>Der Gegenstand, die Art der Handlung oder das Problem (der Fehler, das <strong>Muda<\/strong>).<\/td>\n<td>Feststellen, was passiert oder was getan werden muss. Dies ist der zu analysierende Effekt (\u00e4hnlich dem Gipfel des <strong>Ishikawa-Diagramm<\/strong>).<\/td>\n<\/tr>\n<tr>\n<td><strong>O<\/strong>\u00f9 ?<\/td>\n<td>Der Ort, das geografische Gebiet, der Arbeitsplatz.<\/td>\n<td>Lokalisieren Sie das Ereignis oder die Handlung. Unerl\u00e4sslich f\u00fcr die Analyse vor Ort (<em>Gemba<\/em>).<\/td>\n<\/tr>\n<tr>\n<td><strong>Q<\/strong>u wann?<\/td>\n<td>Der Zeitpunkt, die H\u00e4ufigkeit, die Dauer, der Zyklus.<\/td>\n<td>Bestimmen Sie, wann das Ereignis stattgefunden hat (einmalig, regelm\u00e4\u00dfig, nach einem bestimmten Schritt). Schl\u00fcsselfaktor f\u00fcr die <strong>Vorbeugende Instandhaltung<\/strong>.<\/td>\n<\/tr>\n<tr>\n<td><strong>C<\/strong>omment?<\/td>\n<td>Die Arbeitsweise, die Mittel, die Arbeitsbedingungen.<\/td>\n<td>Beschreiben Sie, wie das Problem entsteht oder wie die Handlung durchgef\u00fchrt wird (\u00fcber welche <strong>Methode<\/strong>, mit welcher Ausr\u00fcstung - die Kategorie der <strong>Mittel<\/strong>).<\/td>\n<\/tr>\n<tr>\n<td><strong>C<\/strong>ombien?<\/td>\n<td>Menge, Kosten, Ma\u00df (die <strong>KPI<\/strong>).<\/td>\n<td>Quantifizieren Sie die Auswirkungen. Wie hoch ist das Volumen an Ausschuss? Wie hoch ist der <strong>Verdienstkosten<\/strong> ? Wie hoch ist der Verlust von <strong>TRS<\/strong> ?<\/td>\n<\/tr>\n<tr>\n<td><strong>P<\/strong>Warum?<\/td>\n<td>Die Begr\u00fcndung, das Ziel, die Ursache.<\/td>\n<td>Bestimmen Sie das Ziel der Handlung oder den Grund f\u00fcr das Problem (der Schritt zur <strong>Ursache Wurzel<\/strong>).<\/td>\n<\/tr>\n<\/tbody>\n<\/table>\n<h3><strong>QQOQCCP in der kontinuierlichen Verbesserung<\/strong><\/h3>\n<p>Die Methode <strong>QQOQCCP<\/strong> dient als Ausgangspunkt, um die Informationen zu strukturieren, bevor man zu einer tieferen Analyse \u00fcbergeht:<\/p>\n<ul>\n<li><strong>Definition des Aktionsplans :<\/strong> Sobald das Problem definiert ist, wird <strong>QQOQCCP<\/strong> wird verwendet, um die Relevanz und Durchf\u00fchrbarkeit des daraus resultierenden Aktionsplans zu validieren : <em>Wer<\/em> wird <em>Was<\/em>, <em>Wo<\/em> und <em>Wann<\/em> ?<\/li>\n<li><strong>Pr\u00fcfung und Standardisierung :<\/strong> Es ist ein hervorragendes Pr\u00fcfungsinstrument f\u00fcr Manager <strong>Qualit\u00e4t<\/strong> die die korrekte Anwendung der <strong>Standardisierung<\/strong> auf dem Feld.<\/li>\n<\/ul>\n<p>Zusammenfassend l\u00e4sst sich sagen, dass die Methode <strong>QQOQCCP<\/strong> ist das erste Untersuchungsinstrument, das den Teams erm\u00f6glicht <strong>Wirtschaftsingenieurwesen<\/strong> von subjektiven Wahrnehmungen zu objektiven Tatsachen \u00fcbergehen, wodurch sichergestellt wird, dass die Bem\u00fchungen von\u2019<strong>Kontinuierliche Verbesserung<\/strong> oder <strong>KAIZEN<\/strong> sind zielgerichtet und effektiv.<\/p>\n<p><!-- notionvc: 5bc71be8-f355-499e-bee4-4e5c0209b93d --><\/p>\n<p><!-- notionvc: 50c0bdc4-ad8b-4108-8cd6-1c882cbf6a9d --><\/p>\n<p data-start=\"3483\" data-end=\"3654\"><!-- notionvc: 55748b84-6bc7-48d1-980a-8210c919df08 --><\/p>","protected":false},"excerpt":{"rendered":"<p>La m\u00e9thode QQOQCCP est une grille d&#8217;analyse et d&#8217;investigation syst\u00e9matique. Son nom est l&#8217;acronyme des sept questions fondamentales qu&#8217;elle utilise : Qui, Quoi, O\u00f9, Quand, Comment, Combien, et Pourquoi.<\/p>","protected":false},"author":1,"featured_media":0,"parent":12324,"menu_order":0,"comment_status":"closed","ping_status":"closed","template":"","meta":{"_sitemap_exclude":false,"_sitemap_priority":"","_sitemap_frequency":"","footnotes":""},"definition":[99],"class_list":["post-12572","page","type-page","status-publish","hentry","definition-definition"],"jetpack_sharing_enabled":true,"_links":{"self":[{"href":"https:\/\/sxe-consulting.com\/de\/wp-json\/wp\/v2\/pages\/12572","targetHints":{"allow":["GET"]}}],"collection":[{"href":"https:\/\/sxe-consulting.com\/de\/wp-json\/wp\/v2\/pages"}],"about":[{"href":"https:\/\/sxe-consulting.com\/de\/wp-json\/wp\/v2\/types\/page"}],"author":[{"embeddable":true,"href":"https:\/\/sxe-consulting.com\/de\/wp-json\/wp\/v2\/users\/1"}],"replies":[{"embeddable":true,"href":"https:\/\/sxe-consulting.com\/de\/wp-json\/wp\/v2\/comments?post=12572"}],"version-history":[{"count":0,"href":"https:\/\/sxe-consulting.com\/de\/wp-json\/wp\/v2\/pages\/12572\/revisions"}],"up":[{"embeddable":true,"href":"https:\/\/sxe-consulting.com\/de\/wp-json\/wp\/v2\/pages\/12324"}],"wp:attachment":[{"href":"https:\/\/sxe-consulting.com\/de\/wp-json\/wp\/v2\/media?parent=12572"}],"wp:term":[{"taxonomy":"definition","embeddable":true,"href":"https:\/\/sxe-consulting.com\/de\/wp-json\/wp\/v2\/definition?post=12572"}],"curies":[{"name":"wp","href":"https:\/\/api.w.org\/{rel}","templated":true}]}}