{"id":12571,"date":"2025-10-21T23:49:59","date_gmt":"2025-10-21T21:49:59","guid":{"rendered":"https:\/\/sxe-consulting.com\/?page_id=12571"},"modified":"2025-10-21T23:49:59","modified_gmt":"2025-10-21T21:49:59","slug":"industrieller-genie-definition-2","status":"publish","type":"page","link":"https:\/\/sxe-consulting.com\/de\/glossaire-industriel\/genie-industriel-definition-2\/","title":{"rendered":"Industriegenie"},"content":{"rendered":"<p>Die <strong>Wirtschaftsingenieurwesen<\/strong> ist die Ingenieurdisziplin, die sich mit der\u2019<strong>Optimierung komplexer Systeme<\/strong> die Menschen, Informationen, Energie, Ausr\u00fcstung und Materialien einbezieht. Ihr vorrangiges Ziel ist es <strong>entwerfen, verbessern und verwalten<\/strong> integrierte Prozesse, um die beste <strong>Operative Leistung<\/strong> m\u00f6glich, sei es bei der Herstellung, der Logistik oder den Dienstleistungen. Er ist der Garant daf\u00fcr, dass die gesamte Wertsch\u00f6pfungskette einheitlich und effizient ist.<\/p>\n<p><!--more--><\/p>\n<p>Im Gegensatz zu anderen Ingenieurwissenschaften, die sich auf ein bestimmtes Produkt oder eine bestimmte Ausr\u00fcstung (Mechanik, Elektrik, Materialien wie feuerfeste Steine) konzentrieren, verfolgt das Industrial Engineering eine <strong>ganzheitlicher und systemischer Ansatz<\/strong>. Ein Industrieingenieur m\u00f6chte nicht nur eine schnellere Maschine konstruieren, sondern auch sicherstellen, dass diese Maschine sich nahtlos in den Produktionsablauf einf\u00fcgt, leicht zu warten ist (\u00fcber die <strong>Vorbeugende Instandhaltung<\/strong>) und dass ihre Verwendung nicht zu Verschwendung f\u00fchrt (<strong>Muda<\/strong>) oder nachgeschalteten Fehlern. Er arbeitet an der Minimierung des <strong>Verdienstkosten<\/strong> indem sie sicherstellt, dass alle Komponenten eines Produktionssystems effizient zusammenarbeiten, um den <strong>Technisches Pflichtenheft (CCT)<\/strong>. Im Wesentlichen ist er das Herzst\u00fcck des\u2019<strong>Operative Exzellenz<\/strong> : mehr, besser, mit weniger Ressourcen machen.<\/p>\n<h3><strong>Die zentrale Rolle in der Wertsch\u00f6pfungskette und die Interventionsschwerpunkte<\/strong><\/h3>\n<p>Das Fachwissen der Wirtschaftsingenieurwissenschaften ist in jeder Phase des Lebenszyklus eines Produkts und des Herstellungsprozesses gefragt und wirkt als Katalysator f\u00fcr Zuverl\u00e4ssigkeit und Wettbewerbsf\u00e4higkeit.<\/p>\n<h3><strong>1. Konzeption und Industrialisierung (Upstream)<\/strong><\/h3>\n<p>Dies ist die Phase, in der bestimmt wird <strong>wie<\/strong> das Produkt auf die kosteng\u00fcnstigste Weise hergestellt wird. Der Wirtschaftsingenieur spielt eine Schl\u00fcsselrolle in der Phase des\u2019<strong>Industrialisierung<\/strong> :<\/p>\n<ul>\n<li><strong>Risikomanagement :<\/strong> L\u2019<strong>AMDEC Prozesse<\/strong> (Analyse der Ausfallmodi, ihrer Auswirkungen und ihrer Kritikalit\u00e4t) wird vom Industrial Engineering durchgef\u00fchrt, um die mit der Herstellung verbundenen Risiken vorbeugend zu analysieren, bevor die <strong>Serienproduktion<\/strong>.<\/li>\n<li><strong>Technologische Wahl (Productic) :<\/strong> Bestimmen Sie den richtigen Grad der Automatisierung (die Rolle der <strong>Produktionstechnik<\/strong>) ist kritisch. Der Ingenieur muss das Gleichgewicht finden, um das geforderte Volumen zu erf\u00fcllen, ohne in die\u2019<strong>Over-Engineering<\/strong> (unn\u00f6tige \u00dcberkomplexit\u00e4t), die die Kosten unn\u00f6tig erh\u00f6hen w\u00fcrde.<\/li>\n<li><strong>Strukturierung der Methoden :<\/strong> Industrial Engineering entwirft das <strong>Herstellungsordner<\/strong>, die die <strong>Herstellungsprogramm<\/strong> detailliert und die <strong>Arbeitsanweisungen<\/strong>. Diese Dokumente garantieren die <strong>Standardisierung<\/strong> und die Reproduzierbarkeit von Vorg\u00e4ngen, die die Grundlage f\u00fcr jede gleichbleibende Qualit\u00e4t ist.<\/li>\n<\/ul>\n<h3><strong>2. Produktions- und Qualit\u00e4tsmanagement (Operativ)<\/strong><\/h3>\n<p>Sobald der Prozess in Gang gesetzt ist, steuert die Industrietechnik die t\u00e4gliche Effizienz der Abl\u00e4ufe :<\/p>\n<ul>\n<li><strong>Optimierung von Abl\u00e4ufen :<\/strong> Er setzt die Methoden des <strong>Lean Management<\/strong> (<strong>5S<\/strong>, <strong>Kanban<\/strong>, <strong>Gezogener Fluss<\/strong>), um die Produktion fl\u00fcssiger zu gestalten, \u00fcberh\u00f6hte Lagerbest\u00e4nde zu minimieren und die <strong>Mudas<\/strong> (Verschwendung) von Zeit, Transport und Wartezeiten.<\/li>\n<li><strong>Qualit\u00e4tskontrolle :<\/strong> Die <strong>Qualit\u00e4t<\/strong> wird \u00fcber den Einsatz von Tools in den Prozess integriert <strong>Six Sigma<\/strong> (um die Variabilit\u00e4t zu verringern) und Anti-Fehler-Systeme (<strong>Poka-Yoke<\/strong>). Wenn Probleme auftreten, koordiniert der Ingenieur Teams, um strenge Analysen durchzuf\u00fchren, wie z. B. die\u2019<strong>8D-Analyse<\/strong> oder die <strong>5-Why-Methode<\/strong> um die Wurzelursachen zu identifizieren und zu beseitigen (<strong>RCA<\/strong>).<\/li>\n<li><strong>Logistik :<\/strong> Er verwaltet das Design und die Effektivit\u00e4t der <strong>Lieferkette<\/strong>, Sie m\u00fcssen sicherstellen, dass die Rohstoffstr\u00f6me (wie z. B. die <strong>Feuerfeste Materialien<\/strong> die in den \u00d6fen verwendet werden) und Endprodukte optimal sind.<\/li>\n<\/ul>\n<h3><strong>3. Kontinuierliche Verbesserung (KAIZEN)<\/strong><\/h3>\n<p>Industrial Engineering ist der Motor des <strong>KAIZEN<\/strong>. Er macht die Prozesse nicht nur stabil, sondern verbessert sie auch st\u00e4ndig.<\/p>\n<ul>\n<li><strong>Leistungssteuerung :<\/strong> Er definiert und verfolgt die <strong>KPI<\/strong> (Key Performance Indicators) entscheidend, insbesondere die <strong>TRS (Synthetische Ertragsrate)<\/strong>, Sie k\u00f6nnen mithilfe von Dashboards oder Methoden zur strategischen Ausrichtung wie den <strong>OKR<\/strong>.<\/li>\n<li><strong>Analyse und Priorisierung :<\/strong> Er nutzt die Datenanalyse (<strong>Big Data<\/strong>) und Werkzeuge wie die <strong>Pareto-Methode<\/strong> um die kostspieligsten Bereiche der Verschwendung oder des Leistungsverlusts zu identifizieren und so die Verbesserungsbem\u00fchungen dort auszurichten, wo die Wirkung am gr\u00f6\u00dften ist.<\/li>\n<\/ul>\n<h3><strong>Schlussfolgerung: Die Wirbels\u00e4ule der Effektivit\u00e4t<\/strong><\/h3>\n<p>Die <strong>Wirtschaftsingenieurwesen<\/strong> ist das R\u00fcckgrat der Fertigungseffizienz und der Garant f\u00fcr die langfristige Wettbewerbsf\u00e4higkeit. Er ist der Integrator, der daf\u00fcr sorgt, dass die Produktionssysteme nicht nur in der Lage sind, das Produkt herzustellen (die Rolle der <strong>Produktionstechnik<\/strong>), sondern dass sie dies auf m\u00f6glichst kosteng\u00fcnstige, zuverl\u00e4ssige und nachhaltige Weise tun. Ihr systemischer Ansatz ist der Grundstein f\u00fcr die <strong>Operative Leistung<\/strong> in der modernen Wirtschaft.<\/p>\n<p><!-- notionvc: bbcffc8f-eee9-4b70-8d71-5e7e05090bde --><\/p>\n<p><!-- notionvc: 50c0bdc4-ad8b-4108-8cd6-1c882cbf6a9d --><\/p>\n<p data-start=\"3483\" data-end=\"3654\"><!-- notionvc: 55748b84-6bc7-48d1-980a-8210c919df08 --><\/p>","protected":false},"excerpt":{"rendered":"<p>Le G\u00e9nie Industriel est la discipline d&#8217;ing\u00e9nierie qui s&#8217;occupe de l&#8217;optimisation de syst\u00e8mes complexes impliquant des personnes, des informations, de l&#8217;\u00e9nergie, des \u00e9quipements et des mat\u00e9riaux. Son objectif primordial est de concevoir, am\u00e9liorer et g\u00e9rer des processus int\u00e9gr\u00e9s pour garantir la meilleure Performance Op\u00e9rationnelle possible, que ce soit dans la fabrication, la logistique, ou les [&hellip;]<\/p>\n","protected":false},"author":1,"featured_media":0,"parent":12324,"menu_order":0,"comment_status":"closed","ping_status":"closed","template":"","meta":{"_sitemap_exclude":false,"_sitemap_priority":"","_sitemap_frequency":"","footnotes":""},"definition":[99],"class_list":["post-12571","page","type-page","status-publish","hentry","definition-definition"],"jetpack_sharing_enabled":true,"_links":{"self":[{"href":"https:\/\/sxe-consulting.com\/de\/wp-json\/wp\/v2\/pages\/12571","targetHints":{"allow":["GET"]}}],"collection":[{"href":"https:\/\/sxe-consulting.com\/de\/wp-json\/wp\/v2\/pages"}],"about":[{"href":"https:\/\/sxe-consulting.com\/de\/wp-json\/wp\/v2\/types\/page"}],"author":[{"embeddable":true,"href":"https:\/\/sxe-consulting.com\/de\/wp-json\/wp\/v2\/users\/1"}],"replies":[{"embeddable":true,"href":"https:\/\/sxe-consulting.com\/de\/wp-json\/wp\/v2\/comments?post=12571"}],"version-history":[{"count":0,"href":"https:\/\/sxe-consulting.com\/de\/wp-json\/wp\/v2\/pages\/12571\/revisions"}],"up":[{"embeddable":true,"href":"https:\/\/sxe-consulting.com\/de\/wp-json\/wp\/v2\/pages\/12324"}],"wp:attachment":[{"href":"https:\/\/sxe-consulting.com\/de\/wp-json\/wp\/v2\/media?parent=12571"}],"wp:term":[{"taxonomy":"definition","embeddable":true,"href":"https:\/\/sxe-consulting.com\/de\/wp-json\/wp\/v2\/definition?post=12571"}],"curies":[{"name":"wp","href":"https:\/\/api.w.org\/{rel}","templated":true}]}}