{"id":12570,"date":"2025-10-21T23:49:17","date_gmt":"2025-10-21T21:49:17","guid":{"rendered":"https:\/\/sxe-consulting.com\/?page_id=12570"},"modified":"2025-10-21T23:49:17","modified_gmt":"2025-10-21T21:49:17","slug":"produktionstechnik-definition","status":"publish","type":"page","link":"https:\/\/sxe-consulting.com\/de\/glossaire-industriel\/productique-definition\/","title":{"rendered":"Produktionstechnik"},"content":{"rendered":"<p>Die <strong>Produktionstechnik<\/strong> ist die technische Disziplin, die alle <strong>Methoden, Techniken und Technologien der Automatisierung und Computerisierung<\/strong> die zum Entwerfen, Verwalten und Optimieren von Produktionssystemen verwendet werden. Sie ist das technologische Herzst\u00fcck des\u2019<strong>Industrialisierung<\/strong>.<\/p>\n<p><!--more--><\/p>\n<p><strong>Vertiefte Definition :<\/strong> W\u00e4hrend der <strong>Wirtschaftsingenieurwesen<\/strong> konzentriert sich auf die Gesamtorganisation und die Optimierung der Abl\u00e4ufe (<strong>Lean Management<\/strong>, <strong>Six Sigma<\/strong>), konzentriert sich die Productique auf die\u2019<strong>physische und digitale Ausstattung<\/strong> : Maschinen, Werkzeuge, Roboter und Software, die die Verarbeitung von Rohstoffen erm\u00f6glichen (<strong>Siliziumdioxid<\/strong>, <strong>Feuerfeste Tonerde<\/strong>, usw.) in Endprodukte umzuwandeln. Das Ziel der Produktionstechnik ist die Maximierung des <strong>TRS (Synthetische Ertragsrate)<\/strong> der Ausr\u00fcstung und gew\u00e4hrleisten eine <strong>Flexibilit\u00e4t<\/strong> ausreichend, um auf Nachfrageschwankungen zu reagieren.<\/p>\n<h3><strong>Die technologischen S\u00e4ulen der Produktionstechnik<\/strong><\/h3>\n<p>Die moderne Produktionstechnik ist untrennbar mit den Konzepten der\u2019<strong>Industrie 4.0<\/strong> und beruht auf der Integration von Technologien :<\/p>\n<h3><strong>1. Erweiterte Automatisierung<\/strong><\/h3>\n<ul>\n<li><strong>Robotik und Cobotik :<\/strong> Einsatz von Industrierobotern zur Ausf\u00fchrung von sich wiederholenden, gef\u00e4hrlichen oder kraftraubenden Aufgaben, die eine <strong>Standardisierung<\/strong> und eine Geschwindigkeit, die der Mensch nicht erreichen kann.<\/li>\n<li><strong>Numerisch gesteuerte Maschinen (CNC) :<\/strong> Werkzeuge, die komplexe Teile mit einer sehr hohen <strong>Genauigkeit<\/strong> und engen Toleranzen (<strong>Qualit\u00e4t<\/strong>).<\/li>\n<\/ul>\n<h3><strong>2. Informatisierung der Abl\u00e4ufe<\/strong><\/h3>\n<ul>\n<li><strong>MES-Systeme (<em>Manufacturing Execution System<\/em>) :<\/strong> Software, die in Echtzeit die Verbindung zwischen der globalen Planung (ERP) und der Werkstatt herstellt. Sie erm\u00f6glichen die Verfolgung von Fertigungsauftr\u00e4gen, das Sammeln von Leistungsdaten (<strong>Big Data<\/strong>) und die Maschinen zu steuern.<\/li>\n<li><strong>Simulation und Digitale Zwillinge :<\/strong> Verwendung von Computermodellen zum Testen von \u00c4nderungen der <strong>Herstellungsprogramm<\/strong> oder neue Ger\u00e4te vor der physischen Installation, wodurch das Risiko von Fehlern verringert wird (<strong>AMDEC<\/strong>) und die Zeit bis zur Produktionsfreigabe.<\/li>\n<\/ul>\n<h3><strong>3. Kontrolle und Zuverl\u00e4ssigkeit<\/strong><\/h3>\n<ul>\n<li><strong>Bildverarbeitungssysteme (Machine Vision) :<\/strong> Intelligente Kameras, die f\u00fcr Inspektionen von <strong>Qualit\u00e4t<\/strong> ultraschnelle, ber\u00fchrungslose Verfahren, die die Fehlererkennung sicherstellen und die Ger\u00e4te verst\u00e4rken <strong>Poka-Yoke<\/strong>.<\/li>\n<li><strong>Industrielle IoT :<\/strong> Angeschlossene Sensoren zur Erfassung von Echtzeitdaten (Temperatur, Vibration, Verbrauch), die f\u00fcr die Einrichtung einer <strong>Vorausschauende Wartung<\/strong> statt korrektiv.<\/li>\n<\/ul>\n<h3><strong>Produktionsautomatisierung im Dienste der betrieblichen Leistung<\/strong><\/h3>\n<p>Die Investition in die Produktionstechnik ist durch die direkte Verbesserung der <strong>KPI<\/strong> und der <strong>Operative Leistung<\/strong> :<\/p>\n<ul>\n<li><strong>Kosten senken :<\/strong> Automatisierung reduziert Arbeitskosten und Materialverschwendung (<strong>Muda<\/strong>).<\/li>\n<li><strong>Hohe Zuverl\u00e4ssigkeit :<\/strong> Automatisierte und gut gewartete Maschinen bieten eine h\u00f6here Verf\u00fcgbarkeit und Regelm\u00e4\u00dfigkeit, die Schl\u00fcsselelemente f\u00fcr eine effektive Planung.<\/li>\n<li><strong>Hohe Qualit\u00e4t :<\/strong> Computergest\u00fctzte Prozesse und automatische Kontrollen reduzieren menschliche Fehler (eine h\u00e4ufige Wurzelursache, die von der <strong>5-Warum-Methode<\/strong>) und garantieren eine strengere Einhaltung der Spezifikationen des <strong>Technisches Pflichtenheft<\/strong>.<\/li>\n<\/ul>\n<p>Abschlie\u00dfend <strong>Produktionstechnik<\/strong> ist die Gesamtheit der technologischen Werkzeuge, die die Strategien des <strong>Wirtschaftsingenieurwesen<\/strong>. Sie bietet die technischen M\u00f6glichkeiten, um in gro\u00dfem Ma\u00dfstab schnell, pr\u00e4zise und zuverl\u00e4ssig zu operieren.<\/p>\n<p><!-- notionvc: 88fe97d5-7b7e-4d0c-841a-8d734b5579fd --><\/p>\n<p><!-- notionvc: 50c0bdc4-ad8b-4108-8cd6-1c882cbf6a9d --><\/p>\n<p data-start=\"3483\" data-end=\"3654\"><!-- notionvc: 55748b84-6bc7-48d1-980a-8210c919df08 --><\/p>","protected":false},"excerpt":{"rendered":"<p>La Productique est la discipline technique qui englobe l&#8217;ensemble des m\u00e9thodes, techniques et technologies d&#8217;automatisation et d&#8217;informatisation utilis\u00e9es pour concevoir, g\u00e9rer et optimiser les syst\u00e8mes de production. Elle est le c\u0153ur technologique du processus d&#8217;Industrialisation.<\/p>","protected":false},"author":1,"featured_media":0,"parent":12324,"menu_order":0,"comment_status":"closed","ping_status":"closed","template":"","meta":{"_sitemap_exclude":false,"_sitemap_priority":"","_sitemap_frequency":"","footnotes":""},"definition":[99],"class_list":["post-12570","page","type-page","status-publish","hentry","definition-definition"],"jetpack_sharing_enabled":true,"_links":{"self":[{"href":"https:\/\/sxe-consulting.com\/de\/wp-json\/wp\/v2\/pages\/12570","targetHints":{"allow":["GET"]}}],"collection":[{"href":"https:\/\/sxe-consulting.com\/de\/wp-json\/wp\/v2\/pages"}],"about":[{"href":"https:\/\/sxe-consulting.com\/de\/wp-json\/wp\/v2\/types\/page"}],"author":[{"embeddable":true,"href":"https:\/\/sxe-consulting.com\/de\/wp-json\/wp\/v2\/users\/1"}],"replies":[{"embeddable":true,"href":"https:\/\/sxe-consulting.com\/de\/wp-json\/wp\/v2\/comments?post=12570"}],"version-history":[{"count":0,"href":"https:\/\/sxe-consulting.com\/de\/wp-json\/wp\/v2\/pages\/12570\/revisions"}],"up":[{"embeddable":true,"href":"https:\/\/sxe-consulting.com\/de\/wp-json\/wp\/v2\/pages\/12324"}],"wp:attachment":[{"href":"https:\/\/sxe-consulting.com\/de\/wp-json\/wp\/v2\/media?parent=12570"}],"wp:term":[{"taxonomy":"definition","embeddable":true,"href":"https:\/\/sxe-consulting.com\/de\/wp-json\/wp\/v2\/definition?post=12570"}],"curies":[{"name":"wp","href":"https:\/\/api.w.org\/{rel}","templated":true}]}}