{"id":12569,"date":"2025-10-21T23:48:40","date_gmt":"2025-10-21T21:48:40","guid":{"rendered":"https:\/\/sxe-consulting.com\/?page_id=12569"},"modified":"2025-10-21T23:48:40","modified_gmt":"2025-10-21T21:48:40","slug":"serienproduktion-definition","status":"publish","type":"page","link":"https:\/\/sxe-consulting.com\/de\/glossaire-industriel\/production-de-serie-definition\/","title":{"rendered":"Serienproduktion"},"content":{"rendered":"<p>Die <strong>Serienproduktion<\/strong> ist eine Organisationsform der Herstellung, bei der das gleiche Produkt (oder eine Reihe \u00e4hnlicher Produkte) hergestellt wird in <strong>gro\u00dfe Mengen<\/strong> \u00fcber einen l\u00e4ngeren Zeitraum, nach einem Verfahren und nach Spezifikationen <strong>standardisiert<\/strong>.<\/p>\n<p><!--more--><\/p>\n<p><strong>Vertiefte Definition :<\/strong> Dieses System ist der Grundpfeiler f\u00fcr Industrien mit hohem Volumen (Automobil, Elektronik, Konsumg\u00fcter). Sein Hauptvorteil ist die Suche nach\u2019<strong>Gr\u00f6\u00dfenvorteile<\/strong> : Je gr\u00f6\u00dfer das Volumen, desto <strong>Verdienstkosten<\/strong> Der Preis pro Einheit sinkt, was vor allem auf die Verteilung der Fixkosten von\u2019<strong>Industrialisierung<\/strong> (Werkzeugdesign, Ersteinstellungen, Schulung) auf einer gro\u00dfen Anzahl von Einheiten. Um effizient zu sein, erfordert die Serienfertigung ein hohes Ma\u00df an <strong>Standardisierung<\/strong> und eine hohe Prozessbeherrschung, oft gemessen an <strong>KPI (Key Performance Indicator)<\/strong> wie der <strong>TRS (Synthetische Ertragsrate)<\/strong>.<\/p>\n<h3><strong>Die Grundlagen der Leistung in der Serienproduktion<\/strong><\/h3>\n<p>Ein Massenproduktionssystem beruht auf mehreren Prinzipien der\u2019<strong>Operative Exzellenz<\/strong> :<\/p>\n<h3><strong>1. Spezialisierung und Wiederholbarkeit<\/strong><\/h3>\n<ul>\n<li><strong>Prozess :<\/strong> Die Arbeitsschritte werden in einfache, sich wiederholende und sequenzielle Aufgaben zerlegt. Diese Spezialisierung erm\u00f6glicht eine schnelle Lernkurve der Bediener und den Einsatz von dedizierten, hochautomatisierten Maschinen.<\/li>\n<li><strong>Auswirkungen :<\/strong> Reduziert die Variabilit\u00e4t (ein Ziel des <strong>Six Sigma<\/strong>) und maximiert die Geschwindigkeit.<\/li>\n<\/ul>\n<h3><strong>2. Standardisierung von Abl\u00e4ufen und Kontrollen<\/strong><\/h3>\n<ul>\n<li><strong>Herstellungsbereich :<\/strong> Jeder Schritt muss genau in der <strong>Herstellungsprogramm<\/strong> und die <strong>Arbeitsanweisungen<\/strong> um sicherzustellen, dass jede Einheit, die die Kette verl\u00e4sst, mit der vorherigen identisch ist (Einhaltung des <strong>Technisches Pflichtenheft<\/strong>).<\/li>\n<li><strong>Qualit\u00e4t :<\/strong> Die <strong>Qualit\u00e4t<\/strong> wird durch Systeme in den Prozess integriert (nicht am Ende hinzugef\u00fcgt) <strong>Poka-Yoke<\/strong> und automatische Kontrollen (<strong>Machine Vision<\/strong>), die h\u00e4ufig mithilfe von Tools wie dem\u2019<strong>AMDEC<\/strong> um Defekte zu verhindern, bevor sie auftreten.<\/li>\n<\/ul>\n<h3><strong>3. Verwaltung von Warenstr\u00f6men und Best\u00e4nden<\/strong><\/h3>\n<ul>\n<li><strong>Logistik :<\/strong> Die Herausforderung besteht darin, die Verschwendung zu minimieren (<strong>Muda<\/strong>), die mit Lagerbest\u00e4nden und Transport verbunden sind. Moderne Fabriken nehmen oft eine Organisation in <strong>Pushed Flow<\/strong> (zentrale Planung auf der Grundlage von Prognosen) oder integrieren Prinzipien des <strong>Lean Management<\/strong> (<strong>Gezogener Fluss<\/strong> und <strong>Kanban<\/strong>), um die laufenden Arbeiten zu regulieren (<em>WIP<\/em>).<\/li>\n<\/ul>\n<h3><strong>Serienproduktion vs. Einzel-\/Discontinue-Produktion<\/strong><\/h3>\n<p>Die Wahl der Organisationsform h\u00e4ngt von der Menge und der Vielfalt ab :<\/p>\n<table>\n<thead>\n<tr>\n<th>Merkmal<\/th>\n<th>Serienproduktion<\/th>\n<th>Einzelne\/kontinuierliche Produktion<\/th>\n<\/tr>\n<\/thead>\n<tbody>\n<tr>\n<td><strong>Volumen<\/strong><\/td>\n<td>Hoch und konstant<\/td>\n<td>Niedrig oder ma\u00dfgeschneidert<\/td>\n<\/tr>\n<tr>\n<td><strong>Sorte<\/strong><\/td>\n<td>Gering (einheitliche Produkte)<\/td>\n<td>Hoch (personalisierte Produkte)<\/td>\n<\/tr>\n<tr>\n<td><strong>Kosten Dominant<\/strong><\/td>\n<td>Hohe fixe Investitionskosten<\/td>\n<td>Variable Arbeits- und Materialkosten<\/td>\n<\/tr>\n<tr>\n<td><strong>Beispiel<\/strong><\/td>\n<td>Autos zusammenbauen, Flaschen herstellen<\/td>\n<td>Schiffbau, hochspezialisierte Ausr\u00fcstung<\/td>\n<\/tr>\n<\/tbody>\n<\/table>\n<h3><strong>Die Herausforderungen der kontinuierlichen Verbesserung<\/strong><\/h3>\n<p>In der Serienproduktion sind die Initiativen von\u2019<strong>Kontinuierliche Verbesserung<\/strong>, wie die\u2019<strong>8D-Analyse<\/strong> oder die <strong>5-Warum-Methode<\/strong>, sind von entscheidender Bedeutung. Denn ein noch so kleiner Fehler wirkt sich auf Tausende von Einheiten aus und verursacht massive Kosten f\u00fcr Nicht-Qualit\u00e4t. Das Ziel des <strong>Wirtschaftsingenieurwesen<\/strong> ist es also, die Kette so widerstandsf\u00e4hig wie m\u00f6glich gegen die Unw\u00e4gbarkeiten der <strong>Lieferkette<\/strong> oder der <strong>Wartung<\/strong>.<\/p>\n<p>Abschlie\u00dfend <strong>Serienproduktion<\/strong> ist der Motor der modernen Massenproduktion. Ihr Erfolg beruht auf einer Kombination aus Automatisierung, statistischer Genauigkeit und st\u00e4ndiger Disziplin zur Aufrechterhaltung der <strong>Standardisierung<\/strong> ma\u00dfstabsgetreue Herstellungsmethoden.<\/p>\n<p><!-- notionvc: 3273ca4a-c69f-4be5-b646-4734f344a5dc --><\/p>\n<p><!-- notionvc: 50c0bdc4-ad8b-4108-8cd6-1c882cbf6a9d --><\/p>\n<p data-start=\"3483\" data-end=\"3654\"><!-- notionvc: 55748b84-6bc7-48d1-980a-8210c919df08 --><\/p>","protected":false},"excerpt":{"rendered":"<p>La Production de S\u00e9rie est un mode d&#8217;organisation de la fabrication o\u00f9 le m\u00eame produit (ou un ensemble de produits similaires) est fabriqu\u00e9 en grandes quantit\u00e9s sur une longue p\u00e9riode, selon un processus et des sp\u00e9cifications standardis\u00e9s.<\/p>","protected":false},"author":1,"featured_media":0,"parent":12324,"menu_order":0,"comment_status":"closed","ping_status":"closed","template":"","meta":{"_sitemap_exclude":false,"_sitemap_priority":"","_sitemap_frequency":"","footnotes":""},"definition":[99],"class_list":["post-12569","page","type-page","status-publish","hentry","definition-definition"],"jetpack_sharing_enabled":true,"_links":{"self":[{"href":"https:\/\/sxe-consulting.com\/de\/wp-json\/wp\/v2\/pages\/12569","targetHints":{"allow":["GET"]}}],"collection":[{"href":"https:\/\/sxe-consulting.com\/de\/wp-json\/wp\/v2\/pages"}],"about":[{"href":"https:\/\/sxe-consulting.com\/de\/wp-json\/wp\/v2\/types\/page"}],"author":[{"embeddable":true,"href":"https:\/\/sxe-consulting.com\/de\/wp-json\/wp\/v2\/users\/1"}],"replies":[{"embeddable":true,"href":"https:\/\/sxe-consulting.com\/de\/wp-json\/wp\/v2\/comments?post=12569"}],"version-history":[{"count":0,"href":"https:\/\/sxe-consulting.com\/de\/wp-json\/wp\/v2\/pages\/12569\/revisions"}],"up":[{"embeddable":true,"href":"https:\/\/sxe-consulting.com\/de\/wp-json\/wp\/v2\/pages\/12324"}],"wp:attachment":[{"href":"https:\/\/sxe-consulting.com\/de\/wp-json\/wp\/v2\/media?parent=12569"}],"wp:term":[{"taxonomy":"definition","embeddable":true,"href":"https:\/\/sxe-consulting.com\/de\/wp-json\/wp\/v2\/definition?post=12569"}],"curies":[{"name":"wp","href":"https:\/\/api.w.org\/{rel}","templated":true}]}}