{"id":12568,"date":"2025-10-21T23:48:05","date_gmt":"2025-10-21T21:48:05","guid":{"rendered":"https:\/\/sxe-consulting.com\/?page_id=12568"},"modified":"2025-10-21T23:48:05","modified_gmt":"2025-10-21T21:48:05","slug":"operative-leistung-definition","status":"publish","type":"page","link":"https:\/\/sxe-consulting.com\/de\/glossaire-industriel\/performance-operationnelle-definition\/","title":{"rendered":"Operative Leistung"},"content":{"rendered":"<p>Die <strong>Operative Leistung<\/strong> ist die F\u00e4higkeit einer Organisation <strong>ihre t\u00e4glichen Prozesse auf konstante und \u00fcberlegene Weise ausf\u00fchren<\/strong> um ihre globalen strategischen Ziele (Finanz-, Markt- und Qualit\u00e4tsziele) zu erreichen.<\/p>\n<p><!--more--><\/p>\n<p><strong>Vertiefte Definition :<\/strong> Das ist das Ergebnis einer unerm\u00fcdlichen Suche nach\u2019<strong>Operative Exzellenz<\/strong>, Das bedeutet nicht nur Effizienz (die Dinge richtig zu tun), sondern auch die\u2019<strong>Wirksamkeit<\/strong> (die richtigen Dinge tun) und die\u2019<strong>Agilit\u00e4t<\/strong>. Sie wird gemessen durch <strong>KPI (Key Performance Indicator)<\/strong> klaren Zielen (wie Kosten, Qualit\u00e4t, Zeit und Sicherheit). Das Erreichen der operativen Leistung bedeutet nicht nur, die aktuellen Prozesse zu optimieren (\u00fcber die Eliminierung von <strong>Muda<\/strong> oder die Verwendung des <strong>Lean Six Sigma<\/strong>), sondern auch eine Kultur des <strong>Standardisierung<\/strong> und von\u2019<strong>Kontinuierliche Verbesserung<\/strong> oder <strong>KAIZEN<\/strong>.<\/p>\n<h3><strong>Die drei S\u00e4ulen der betrieblichen Leistung<\/strong><\/h3>\n<p>Die Umsetzung einer industriellen Hochleistung beruht auf der Angleichung von drei Schl\u00fcsselbereichen:<\/p>\n<h3><strong>1. Effektivit\u00e4t von Prozessen (Methoden)<\/strong><\/h3>\n<p>Diese S\u00e4ule konzentriert sich auf die Optimierung von Arbeitsabl\u00e4ufen und die Vermeidung von Verschwendung.<\/p>\n<ul>\n<li><strong>Schl\u00fcsselkonzepte :<\/strong> <strong>Lean Management<\/strong> (Beseitigung des <strong>Muda<\/strong>, <strong>5S<\/strong>, <strong>Kanban<\/strong>, <strong>Gezogener Fluss<\/strong>), <strong>Standardisierung<\/strong> der <strong>Arbeitsanweisungen<\/strong>, und Nutzung von Probleml\u00f6sungsinstrumenten (<strong>8D-Analyse<\/strong>, <strong>Methode 5 Why<\/strong>).<\/li>\n<li><strong>Ziele:<\/strong> Verk\u00fcrzung der Fristen (<em>Lead Time<\/em>), minimieren Sie den <strong>Verdienstkosten<\/strong> und zuverl\u00e4ssig die <strong>Herstellungsprogramm<\/strong>.<\/li>\n<\/ul>\n<h3><strong>2. Qualit\u00e4t und Zuverl\u00e4ssigkeit (Produkt)<\/strong><\/h3>\n<p>Diese S\u00e4ule garantiert, dass das Produkt oder die Dienstleistung den Spezifikationen des <strong>Technisches Pflichtenheft (CCT)<\/strong> und den Erwartungen des Kunden entsprechen.<\/p>\n<ul>\n<li><strong>Schl\u00fcsselkonzepte :<\/strong> <strong>Six Sigma<\/strong> (Verringerung der Variabilit\u00e4t), <strong>AMDEC<\/strong> (pr\u00e4ventive Risikoanalyse), und Systeme <strong>Poka-Yoke<\/strong> (Anti-Fehler).<\/li>\n<li><strong>Ziele:<\/strong> Reduzieren Sie Fehler, Ausschuss und Kundenbeschwerden und verbessern Sie die <strong>Qualit\u00e4t<\/strong>.<\/li>\n<\/ul>\n<h3><strong>3. Engagement und Ausrichtung (Mensch)<\/strong><\/h3>\n<p>Ein partizipatives Management sorgt daf\u00fcr, dass die Unternehmenskultur die Verbesserung aktiv unterst\u00fctzt.<\/p>\n<ul>\n<li><strong>Schl\u00fcsselkonzepte :<\/strong> <strong>Visuelles Management<\/strong> (Transparenz von <strong>KPI<\/strong>), Weiterbildung, Bef\u00e4higung der Teams (Autonomie in der <strong>KAIZEN<\/strong>), und Ausrichtung der strategischen Ziele (\u00fcber die Methode <strong>OKR<\/strong>).<\/li>\n<li><strong>Ziele:<\/strong> Schaffen Sie ein Umfeld, in dem jeder Mitarbeiter zur Verbesserung des Prozesses beitr\u00e4gt, indem Sie sich auf kollektive Intelligenz (wie das <strong>Brainstorming<\/strong>).<\/li>\n<\/ul>\n<h3><strong>Messung der operativen Leistung<\/strong><\/h3>\n<p>Die Operative Leistung wird anhand von Indikatoren gemessen, die den Gesundheitszustand des Produktionssystems widerspiegeln:<\/p>\n<ul>\n<li><strong>Flux-KPIs :<\/strong> Zykluszeit, Traversierungszeit (<em>Lead Time<\/em>), Service Rate.<\/li>\n<li><strong>KPIs f\u00fcr Zuverl\u00e4ssigkeit :<\/strong> <strong>TRS (Synthetische Ertragsrate)<\/strong>, Die Verf\u00fcgbarkeitsrate der Maschine (bezogen auf die <strong>Vorbeugende Instandhaltung<\/strong>).<\/li>\n<li><strong>Qualit\u00e4ts-KPIs :<\/strong> Ausschussquote, Non-Compliance-Rate, PPM (<strong>Six Sigma<\/strong>).<\/li>\n<\/ul>\n<p>Das Erreichen einer hohen betrieblichen Leistung ist also kein Endzustand, sondern das Ergebnis eines kontinuierlichen Zyklus von Planung, Durchf\u00fchrung und \u00dcberpr\u00fcfung (<strong>PDCA<\/strong>), die sicherstellt, dass sich das System st\u00e4ndig verbessert und an interne und externe Herausforderungen anpasst (neue Technologien der\u2019<strong>Industrie 4.0<\/strong>, Druck auf die Menschen <strong>Einkommenskosten<\/strong>).<\/p>\n<p>Abschlie\u00dfend <strong>Operative Leistung<\/strong> ist der Motor f\u00fcr nachhaltige Wettbewerbsf\u00e4higkeit: Es ist die F\u00e4higkeit, Ressourcen effizient in Mehrwert f\u00fcr den Kunden umzuwandeln, Tag f\u00fcr Tag, unter Einhaltung der h\u00f6chsten Standards.<\/p>\n<p><!-- notionvc: 1a8b4a49-6778-4c1a-bd8b-74a582e61a49 --><\/p>\n<p><!-- notionvc: 50c0bdc4-ad8b-4108-8cd6-1c882cbf6a9d --><\/p>\n<p data-start=\"3483\" data-end=\"3654\"><!-- notionvc: 55748b84-6bc7-48d1-980a-8210c919df08 --><\/p>","protected":false},"excerpt":{"rendered":"<p>La Performance Op\u00e9rationnelle est la capacit\u00e9 d&#8217;une organisation \u00e0 ex\u00e9cuter ses processus quotidiens de mani\u00e8re constante et sup\u00e9rieure afin d&#8217;atteindre ses objectifs strat\u00e9giques globaux (financiers, de march\u00e9, et de qualit\u00e9).<\/p>","protected":false},"author":1,"featured_media":0,"parent":12324,"menu_order":0,"comment_status":"closed","ping_status":"closed","template":"","meta":{"_sitemap_exclude":false,"_sitemap_priority":"","_sitemap_frequency":"","footnotes":""},"definition":[99],"class_list":["post-12568","page","type-page","status-publish","hentry","definition-definition"],"jetpack_sharing_enabled":true,"_links":{"self":[{"href":"https:\/\/sxe-consulting.com\/de\/wp-json\/wp\/v2\/pages\/12568","targetHints":{"allow":["GET"]}}],"collection":[{"href":"https:\/\/sxe-consulting.com\/de\/wp-json\/wp\/v2\/pages"}],"about":[{"href":"https:\/\/sxe-consulting.com\/de\/wp-json\/wp\/v2\/types\/page"}],"author":[{"embeddable":true,"href":"https:\/\/sxe-consulting.com\/de\/wp-json\/wp\/v2\/users\/1"}],"replies":[{"embeddable":true,"href":"https:\/\/sxe-consulting.com\/de\/wp-json\/wp\/v2\/comments?post=12568"}],"version-history":[{"count":0,"href":"https:\/\/sxe-consulting.com\/de\/wp-json\/wp\/v2\/pages\/12568\/revisions"}],"up":[{"embeddable":true,"href":"https:\/\/sxe-consulting.com\/de\/wp-json\/wp\/v2\/pages\/12324"}],"wp:attachment":[{"href":"https:\/\/sxe-consulting.com\/de\/wp-json\/wp\/v2\/media?parent=12568"}],"wp:term":[{"taxonomy":"definition","embeddable":true,"href":"https:\/\/sxe-consulting.com\/de\/wp-json\/wp\/v2\/definition?post=12568"}],"curies":[{"name":"wp","href":"https:\/\/api.w.org\/{rel}","templated":true}]}}