{"id":12567,"date":"2025-10-21T23:47:27","date_gmt":"2025-10-21T21:47:27","guid":{"rendered":"https:\/\/sxe-consulting.com\/?page_id=12567"},"modified":"2025-10-21T23:47:27","modified_gmt":"2025-10-21T21:47:27","slug":"muda-definition","status":"publish","type":"page","link":"https:\/\/sxe-consulting.com\/de\/glossaire-industriel\/muda-definition\/","title":{"rendered":"Muda"},"content":{"rendered":"<p><strong>Muda<\/strong> ist ein japanischer Begriff und bedeutet <strong>Verschwendung, Nutzlosigkeit oder T\u00e4tigkeit ohne Mehrwert<\/strong>. Dies ist das zentrale Konzept des <strong>Lean Management<\/strong>, das vom Toyota-Produktionssystem (TPS) entwickelt wurde. Das Ziel der\u2019<strong>Operative Exzellenz<\/strong> ist die systematische Beseitigung aller Formen von <strong>Muda<\/strong> um die Kosten zu senken und die <strong>Industrielle Leistung<\/strong>.<\/p>\n<p><!--more--><\/p>\n<p><strong>Vertiefte Definition :<\/strong> In jedem Herstellungs- oder Dienstleistungsprozess lassen sich die Aktivit\u00e4ten in drei Kategorien einteilen:<\/p>\n<ol>\n<li><strong>Wertsch\u00f6pfung (VA) :<\/strong> Aktionen, die das Produkt umwandeln, f\u00fcr das der Kunde bereit ist zu zahlen.<\/li>\n<li><strong>Muda (Verschwendung) :<\/strong> Aktionen, die Ressourcen (Zeit, Geld, Materialien) verbrauchen, ohne dem Produkt einen Wert hinzuzuf\u00fcgen.<\/li>\n<li><strong>Mura (Unregelm\u00e4\u00dfigkeit) und Muri (\u00dcberlastung) :<\/strong> Die beiden anderen \u201cM\u201d in der GST, die h\u00e4ufig die Ursache f\u00fcr Muda sind.<\/li>\n<\/ol>\n<p>Die Beseitigung von Muda ist die direkteste Ma\u00dfnahme, um die Rentabilit\u00e4t und Zuverl\u00e4ssigkeit von Produktionssystemen zu verbessern.<\/p>\n<h3><strong>Die sieben klassischen Kategorien der Verschwendung (7 Muda)<\/strong><\/h3>\n<p>Die <strong>Lean Management<\/strong> hat sieben Arten von Verschwendung formalisiert, die aktiv gesucht und beseitigt werden m\u00fcssen, um eine\u2019<strong>Kontinuierliche Verbesserung (KAIZEN)<\/strong>. Gepr\u00e4gt durch das Akronym <strong>TIM WOODS<\/strong> (in englischer Sprache) ist dieser Rahmen das Hauptwerkzeug der Teams von <strong>Wirtschaftsingenieurwesen<\/strong> auf dem Feld (Gemba) :<\/p>\n<table>\n<thead>\n<tr>\n<th>Art der Verschwendung (Muda)<\/th>\n<th>Bedeutung<\/th>\n<th>Auswirkungen auf die industrielle Leistung<\/th>\n<\/tr>\n<\/thead>\n<tbody>\n<tr>\n<td><strong>Transporte<\/strong><\/td>\n<td>Unn\u00f6tige Bewegung von Materialien, Produkten oder Informationen.<\/td>\n<td>Erh\u00f6ht die Zeit f\u00fcr die \u00dcberquerung (<em>Lead Time<\/em>) und das Risiko von Sch\u00e4den (<strong>Qualit\u00e4t<\/strong>).<\/td>\n<\/tr>\n<tr>\n<td><strong>Inventare (Lagerbest\u00e4nde)<\/strong><\/td>\n<td>\u00dcberfluss an Rohstoffen, unfertigen Arbeiten (<strong>WIP<\/strong>) oder fertige Produkte.<\/td>\n<td>Kapital binden, Probleme verschleiern (z. B. fehlende <strong>Standardisierung<\/strong>) und erh\u00f6ht das Risiko der Veralterung.<\/td>\n<\/tr>\n<tr>\n<td><strong>Bewegungen<\/strong><\/td>\n<td>Unn\u00f6tige Bewegungen von Personen oder Ger\u00e4ten (Werkzeug suchen, herumlaufen).<\/td>\n<td>Ursache f\u00fcr M\u00fcdigkeit, Unfallrisiko (Verbindung mit der <strong>5S-Methode<\/strong> und Ergonomie).<\/td>\n<\/tr>\n<tr>\n<td><strong>Warten<\/strong><\/td>\n<td>Zeit, in der Personal oder Ausr\u00fcstung inaktiv ist (Warten auf eine Komponente, eine Entscheidung).<\/td>\n<td>Reduziert den <strong>TRS (Synthetische Ertragsrate)<\/strong> und verl\u00e4ngert die Fristen.<\/td>\n<\/tr>\n<tr>\n<td><strong>\u00dcberproduktion<\/strong><\/td>\n<td>Mehr, fr\u00fcher oder in gr\u00f6\u00dferen Mengen produzieren als n\u00f6tig.<\/td>\n<td>Die gef\u00e4hrlichste Verschwendung, da sie die anderen sechs Mudas (Lagerung, Transport, M\u00e4ngel usw.) erzeugt. Widerspricht dem Prinzip des <strong>Gezogener Fluss (Kanban)<\/strong>.<\/td>\n<\/tr>\n<tr>\n<td><strong>\u00dcberbehandlung<\/strong><\/td>\n<td>\u00dcberm\u00e4\u00dfige oder nicht vom Kunden geforderte Qualit\u00e4tsarbeit leisten (<strong>Over-Engineering<\/strong>).<\/td>\n<td>Verwendung unn\u00f6tiger Werkzeuge, Verfahren oder Materialien, die den <strong>Verdienstkosten<\/strong>.<\/td>\n<\/tr>\n<tr>\n<td><strong>Defekte (Rebuts)<\/strong><\/td>\n<td>Herstellung von nicht konformen Teilen, die nachbearbeitet oder entsorgt werden m\u00fcssen.<\/td>\n<td>F\u00fchrt zur Verwendung von reaktiven Probleml\u00f6sungswerkzeugen (<strong>8D-Analyse<\/strong>, <strong>5 Why<\/strong>), wodurch die Kosten f\u00fcr Nicht-Qualit\u00e4t steigen.<\/td>\n<\/tr>\n<\/tbody>\n<\/table>\n<h3><strong>Die Rolle des Muda in der kontinuierlichen Verbesserung<\/strong><\/h3>\n<p>Die Identifizierung des Muda ist der erste Schritt im Zyklus <strong>PDCA (Plan-Do-Check-Act)<\/strong>. Sobald das Team die vorrangige Verschwendung identifiziert hat (oft \u00fcber die <strong>Pareto-Methode<\/strong>), kann sie Verbesserungsinstrumente anwenden, um sie zu beseitigen :<\/p>\n<ul>\n<li><strong>Vorr\u00e4te (Inventories)<\/strong> \u2192 Implementierung des <strong>Kanban<\/strong> und des <strong>Gezogener Fluss<\/strong>.<\/li>\n<li><strong>Bewegungen (Motionen)<\/strong> \u2192 Reorganisation der Werkstatt \u00fcber die <strong>5S-Methode<\/strong> und der ergonomischen Analyse.<\/li>\n<li><strong>Defekte (Defects)<\/strong> \u2192 Einrichten von Anti-Fehler-Vorkehrungen (<strong>Poka-Yoke<\/strong>) und Verwendung des <strong>Six Sigma<\/strong> um die Variabilit\u00e4t zu verringern.<\/li>\n<\/ul>\n<p>Zusammenfassend l\u00e4sst sich sagen, dass die Jagd auf <strong>Muda<\/strong> ist eine Mentalit\u00e4t. Es ist der bewusste Akt, Unn\u00f6tiges sichtbar zu machen, um die Ressourcen des Unternehmens ausschlie\u00dflich auf die Aktivit\u00e4ten zu konzentrieren, die dem Kunden einen Mehrwert bringen.<\/p>\n<p><!-- notionvc: e41c463f-d351-4242-9d5a-c0a32db047ca --><\/p>\n<p><!-- notionvc: 50c0bdc4-ad8b-4108-8cd6-1c882cbf6a9d --><\/p>\n<p data-start=\"3483\" data-end=\"3654\"><!-- notionvc: 55748b84-6bc7-48d1-980a-8210c919df08 --><\/p>","protected":false},"excerpt":{"rendered":"<p>Muda est un terme japonais signifiant gaspillage, inutilit\u00e9 ou activit\u00e9 sans valeur ajout\u00e9e. C&#8217;est le concept central du Lean Management, d\u00e9velopp\u00e9 par le syst\u00e8me de production Toyota (TPS). L&#8217;objectif de l&#8217;Excellence Op\u00e9rationnelle est l&#8217;\u00e9limination syst\u00e9matique de toutes les formes de Muda afin de r\u00e9duire les co\u00fbts et d&#8217;am\u00e9liorer la Performance Industrielle.<\/p>","protected":false},"author":1,"featured_media":0,"parent":12324,"menu_order":0,"comment_status":"closed","ping_status":"closed","template":"","meta":{"_sitemap_exclude":false,"_sitemap_priority":"","_sitemap_frequency":"","footnotes":""},"definition":[99],"class_list":["post-12567","page","type-page","status-publish","hentry","definition-definition"],"jetpack_sharing_enabled":true,"_links":{"self":[{"href":"https:\/\/sxe-consulting.com\/de\/wp-json\/wp\/v2\/pages\/12567","targetHints":{"allow":["GET"]}}],"collection":[{"href":"https:\/\/sxe-consulting.com\/de\/wp-json\/wp\/v2\/pages"}],"about":[{"href":"https:\/\/sxe-consulting.com\/de\/wp-json\/wp\/v2\/types\/page"}],"author":[{"embeddable":true,"href":"https:\/\/sxe-consulting.com\/de\/wp-json\/wp\/v2\/users\/1"}],"replies":[{"embeddable":true,"href":"https:\/\/sxe-consulting.com\/de\/wp-json\/wp\/v2\/comments?post=12567"}],"version-history":[{"count":0,"href":"https:\/\/sxe-consulting.com\/de\/wp-json\/wp\/v2\/pages\/12567\/revisions"}],"up":[{"embeddable":true,"href":"https:\/\/sxe-consulting.com\/de\/wp-json\/wp\/v2\/pages\/12324"}],"wp:attachment":[{"href":"https:\/\/sxe-consulting.com\/de\/wp-json\/wp\/v2\/media?parent=12567"}],"wp:term":[{"taxonomy":"definition","embeddable":true,"href":"https:\/\/sxe-consulting.com\/de\/wp-json\/wp\/v2\/definition?post=12567"}],"curies":[{"name":"wp","href":"https:\/\/api.w.org\/{rel}","templated":true}]}}