{"id":12557,"date":"2025-10-21T23:46:45","date_gmt":"2025-10-21T21:46:45","guid":{"rendered":"https:\/\/sxe-consulting.com\/?page_id=12557"},"modified":"2025-10-21T23:46:45","modified_gmt":"2025-10-21T21:46:45","slug":"okr-definition","status":"publish","type":"page","link":"https:\/\/sxe-consulting.com\/de\/glossaire-industriel\/okr-definition\/","title":{"rendered":"OKR-Methode (Objectives and Key Results, Ziele und Schl\u00fcsselergebnisse)"},"content":{"rendered":"<p>Die Methode <strong>OKR<\/strong> (<em>Ziele und wichtige Ergebnisse<\/em>, oder <strong>Ziele und Schl\u00fcsselergebnisse<\/strong>) ist ein Management- und Kommunikationsrahmen, der Organisationen dabei hilft <strong>ehrgeizige Ziele zu definieren und deren Erreichung zu \u00fcberwachen<\/strong> indem sie den Fortschritt auf transparente und quantifizierbare Weise messen.<\/p>\n<p><!--more--><\/p>\n<p><strong>Vertiefte Definition :<\/strong> Die OKR-Methode, die urspr\u00fcnglich von Andy Grove bei Intel entwickelt und von Google popularisiert wurde, ist ein strategisches Werkzeug zur\u2019<strong>Operative Exzellenz<\/strong> die darauf abzielt <strong>ausrichten<\/strong> das gesamte Unternehmen - von den F\u00fchrungskr\u00e4ften bis zu den Au\u00dfendienstmitarbeitern - auf die strategischen Priorit\u00e4ten. Sie wird in der Regel in kurzen Zyklen (viertelj\u00e4hrlich) eingesetzt und stellt sicher, dass Energie und Ressourcen auf die wenigen Initiativen konzentriert werden, die den gr\u00f6\u00dften Wert generieren werden. Sie ist das Instrument, das hochrangige Bestrebungen in messbare und steuerbare Aktionen umwandelt.<\/p>\n<h3><strong>Die bipartite Struktur: Ziele und Schl\u00fcsselergebnisse<\/strong><\/h3>\n<p>Jeder OKR besteht aus zwei untrennbaren Komponenten:<\/p>\n<h3><strong>1. Das Ziel (O - Objective)<\/strong><\/h3>\n<ul>\n<li><strong>Was :<\/strong> Er definiert, was man erreichen will. Es ist die <strong>Ziel<\/strong> oder Absaugen.<\/li>\n<li><strong>Merkmal :<\/strong> Das Ziel muss sein <strong>qualitativ<\/strong>, <strong>ehrgeizig<\/strong> (inspirierend) und leicht verst\u00e4ndlich sein. Er muss die Frage beantworten: <em>Wohin wollen wir gehen?<\/em><\/li>\n<\/ul>\n<h3><strong>2. Die Schl\u00fcsselergebnisse (KR - Key Results)<\/strong><\/h3>\n<ul>\n<li><strong>Wie :<\/strong> Sie legen fest, wie der Fortschritt auf dem Weg zum Ziel gemessen werden soll. Sie sind die <strong>Meilensteine<\/strong> des Fortschritts.<\/li>\n<li><strong>Merkmal :<\/strong> Die Schl\u00fcsselergebnisse sollten <strong>quantitativ<\/strong>, <strong>spezifisch<\/strong>, <strong>messbar<\/strong> und sachlich sein. Sie m\u00fcssen die Frage beantworten: <em>Woran erkennen wir, dass wir das Ziel erreicht haben?<\/em><\/li>\n<\/ul>\n<blockquote><p>Industrielles Beispiel (Industrial Engineering) :<\/p>\n<ul>\n<li><strong>Ziel (O) :<\/strong> Drastische Verbesserung der Zuverl\u00e4ssigkeit unserer Herstellungsprozesse.<\/li>\n<li><strong>Ergebnis Schl\u00fcssel 1 (KR1) :<\/strong> Erh\u00f6hen Sie den <strong>TRS (Synthetische Ertragsrate)<\/strong> durchschnittlich 65% bis 80% auf kritischen Strecken.<\/li>\n<li><strong>Ergebnis Schl\u00fcssel 2 (KR2) :<\/strong> Senkung der Anzahl ungeplanter Maschinenausf\u00e4lle (korrektive Wartung) von 15 auf weniger als 5 pro Monat (\u00fcber einen Aufwand von <strong>Vorbeugende Instandhaltung<\/strong>).<\/li>\n<li><strong>Ergebnis Schl\u00fcssel 3 (KR3) :<\/strong> Senkung der Rate der nicht konformen Produkte (Ausschuss) von 5% auf 1% (durch die Implementierung von <strong>Poka-Yoke<\/strong>).<\/li>\n<\/ul>\n<\/blockquote>\n<h3><strong>Die OKR-Vorteile im Managementkontext<\/strong><\/h3>\n<p>Die Einf\u00fchrung von OKRs durch die Teams von <strong>Wirtschaftsingenieurwesen<\/strong> und F\u00fchrung bringt mehrere entscheidende Vorteile f\u00fcr die <strong>Industrielle Leistung<\/strong> :<\/p>\n<ul>\n<li><strong>Ausrichtung und Fokus :<\/strong> OKRs stellen sicher, dass alle Teams, von der Werkstatt (<strong>5S<\/strong>, <strong>Kanban<\/strong>) bis hin zum Kundenservice arbeiten in die gleiche Richtung, um die Ziele des Unternehmens zu erreichen. Das ist das Ende der Siloarbeit.<\/li>\n<li><strong>Objektive Ma\u00dfnahme :<\/strong> Indem Sie die Teams dazu zwingen, die <strong>Quantifizierbare Schl\u00fcsselergebnisse<\/strong> (die <strong>KPI<\/strong> verbessert), beseitigt die Methode Unklarheiten und erm\u00f6glicht die Steuerung der Wirksamkeit von\u2019<strong>Kontinuierliche Verbesserung (KAIZEN)<\/strong>.<\/li>\n<li><strong>Transparenz :<\/strong> OKRs sind innerhalb der Organisation \u00f6ffentlich. Jeder wei\u00df, woran seine Kollegen arbeiten, was die <strong>Zusammenarbeit<\/strong> und die Erkennung von Abh\u00e4ngigkeiten.<\/li>\n<li><strong>Verpflichtung (<em>Stretch Goals<\/em>) :<\/strong> Die Ziele werden dazu ermutigt, ehrgeizig zu sein. Es wird als Erfolg angesehen, wenn ein KR 60-70% erreicht, da dies bedeutet, dass das Team sich hohe Ziele gesetzt und dazugelernt hat.<\/li>\n<\/ul>\n<p>Zusammenfassend l\u00e4sst sich sagen, dass die Methode <strong>OKR<\/strong> ist das strategische Instrument des partizipativen Managements, das den \u201croten Faden\u201d des Unternehmens liefert. Sie stellt sicher, dass jede Verbesserungsanstrengung direkt mit der Wertsch\u00f6pfung und dem Anspruch der Organisation verkn\u00fcpft ist.<\/p>\n<p><!-- notionvc: 7df2ee95-897f-4568-a353-aabe2351e5a4 --><\/p>\n<p><!-- notionvc: 50c0bdc4-ad8b-4108-8cd6-1c882cbf6a9d --><\/p>\n<p data-start=\"3483\" data-end=\"3654\"><!-- notionvc: 55748b84-6bc7-48d1-980a-8210c919df08 --><\/p>","protected":false},"excerpt":{"rendered":"<p>La m\u00e9thode OKR (Objectives and Key Results, ou Objectifs et R\u00e9sultats Cl\u00e9s) est un cadre de gestion et de communication qui aide les organisations \u00e0 d\u00e9finir et \u00e0 suivre la r\u00e9alisation d&#8217;objectifs ambitieux en mesurant les progr\u00e8s de mani\u00e8re transparente et quantifiable.<\/p>","protected":false},"author":1,"featured_media":0,"parent":12324,"menu_order":0,"comment_status":"closed","ping_status":"closed","template":"","meta":{"_sitemap_exclude":false,"_sitemap_priority":"","_sitemap_frequency":"","footnotes":""},"definition":[99],"class_list":["post-12557","page","type-page","status-publish","hentry","definition-definition"],"jetpack_sharing_enabled":true,"_links":{"self":[{"href":"https:\/\/sxe-consulting.com\/de\/wp-json\/wp\/v2\/pages\/12557","targetHints":{"allow":["GET"]}}],"collection":[{"href":"https:\/\/sxe-consulting.com\/de\/wp-json\/wp\/v2\/pages"}],"about":[{"href":"https:\/\/sxe-consulting.com\/de\/wp-json\/wp\/v2\/types\/page"}],"author":[{"embeddable":true,"href":"https:\/\/sxe-consulting.com\/de\/wp-json\/wp\/v2\/users\/1"}],"replies":[{"embeddable":true,"href":"https:\/\/sxe-consulting.com\/de\/wp-json\/wp\/v2\/comments?post=12557"}],"version-history":[{"count":0,"href":"https:\/\/sxe-consulting.com\/de\/wp-json\/wp\/v2\/pages\/12557\/revisions"}],"up":[{"embeddable":true,"href":"https:\/\/sxe-consulting.com\/de\/wp-json\/wp\/v2\/pages\/12324"}],"wp:attachment":[{"href":"https:\/\/sxe-consulting.com\/de\/wp-json\/wp\/v2\/media?parent=12557"}],"wp:term":[{"taxonomy":"definition","embeddable":true,"href":"https:\/\/sxe-consulting.com\/de\/wp-json\/wp\/v2\/definition?post=12557"}],"curies":[{"name":"wp","href":"https:\/\/api.w.org\/{rel}","templated":true}]}}