{"id":12556,"date":"2025-10-21T23:45:56","date_gmt":"2025-10-21T21:45:56","guid":{"rendered":"https:\/\/sxe-consulting.com\/?page_id=12556"},"modified":"2025-10-21T23:45:56","modified_gmt":"2025-10-21T21:45:56","slug":"methode-5-why","status":"publish","type":"page","link":"https:\/\/sxe-consulting.com\/de\/glossaire-industriel\/methode-5-why\/","title":{"rendered":"Methode 5 Why"},"content":{"rendered":"<p>Die <strong>5-Warum-Methode<\/strong> (oder <em>5 Why<\/em>) ist eine iterative Abfragetechnik, die im <strong>Lean Management<\/strong> und die\u2019<strong>Kontinuierliche Verbesserung (KAIZEN)<\/strong>. Ihr Ziel ist es, \u00fcber das Symptom eines Problems hinaus zu graben, um die <strong>Ursache Wurzel<\/strong> (<em>Root Cause<\/em>) zugrunde liegt.<\/p>\n<p><!--more--><\/p>\n<p><strong>Vertiefte Definition :<\/strong> Diese Methode, die im Rahmen des Toyota-Produktionssystems (TPS) entwickelt und popul\u00e4r gemacht wurde, beruht auf dem Prinzip, dass durch die Nachfrage nach <strong>\u201cWarum?\u201d<\/strong> wiederholt (in der Regel f\u00fcnfmal, daher der Name), kann das Team die Kausalkette vom sichtbaren Problem bis zum Systemversagen oder zur fehlenden <strong>Standardisierung<\/strong> die das Problem erst m\u00f6glich gemacht hat. Es ist ein einfaches und effektives Werkzeug, das oft als Erg\u00e4nzung zum <strong>Ishikawa-Diagramm<\/strong> oder w\u00e4hrend der Phase <strong>D4 (Die Wurzel der Ursache ermitteln)<\/strong> einer <strong>8D-Analyse<\/strong>, Es ist keine komplexe statistische Analyse erforderlich.<\/p>\n<h3><strong>Der F\u00fcnf-Schritte-Prozess (Beispiel aus der Industrie)<\/strong><\/h3>\n<p>Die Anwendung der Methode ist ein logischer Pfad, bei dem die Antwort auf eine Frage \u201cWarum?\u201d zum Gegenstand der n\u00e4chsten Frage wird.<\/p>\n<p><strong>Initial Problem (Symptom) :<\/strong> Die Montagemaschine n\u22183 ist heute Morgen ausgefallen, was zu einem Produktionsstopp gef\u00fchrt hat.<\/p>\n<ol>\n<li><strong>Warum ist die Maschine ausgefallen?<\/strong>\n<ul>\n<li><em>Antwort :<\/em> Die Motorschutzsicherung ist durchgebrannt.<\/li>\n<\/ul>\n<\/li>\n<li><strong>Warum ist die Sicherung durchgebrannt?<\/strong>\n<ul>\n<li><em>Antwort :<\/em> Der Motor ist \u00fcberhitzt.<\/li>\n<\/ul>\n<\/li>\n<li><strong>Warum ist der Motor \u00fcberhitzt?<\/strong>\n<ul>\n<li><em>Antwort :<\/em> Das Schmiersystem hat nicht genug \u00d6l geliefert.<\/li>\n<\/ul>\n<\/li>\n<li><strong>Warum hat das Schmiersystem nicht genug \u00d6l geliefert?<\/strong>\n<ul>\n<li><em>Antwort :<\/em> Der Techniker von <strong>Vorbeugende Instandhaltung<\/strong> hat bei seiner letzten Runde vergessen, \u00d6l nachzuf\u00fcllen.<\/li>\n<\/ul>\n<\/li>\n<li><strong>Warum hat der Techniker vergessen, das Geld aufzuf\u00fcllen?<\/strong>\n<ul>\n<li><em>Antwort (Cause Root) :<\/em> Die <strong>Standardisierung<\/strong> des Arbeitsplatzes (Wartungsnachweisblatt) enth\u00e4lt keine spezielle Zeile f\u00fcr die \u00dcberpr\u00fcfung des \u00d6lstands, und die Maschine hat kein sichtbares Schauglas (fehlende <strong>Visuelles Management<\/strong>).<\/li>\n<\/ul>\n<\/li>\n<\/ol>\n<p><strong>Schlussfolgerung :<\/strong> Die sichtbare Ursache war die durchgebrannte Sicherung (das Symptom). Die Wurzelursache war eine <strong>Fehler im Standard des Wartungsverfahrens<\/strong> und in Sehhilfen.<\/p>\n<h3><strong>Rolle in Operational Excellence<\/strong><\/h3>\n<p>Die Macht der <strong>5-Warum-Methode<\/strong> liegt in ihrer F\u00e4higkeit, die Ma\u00dfnahmen auf die Beseitigung der grundlegenden Ursache auszurichten und so die Wirksamkeit der L\u00f6sungen zu gew\u00e4hrleisten.<\/p>\n<ul>\n<li><strong>Beseitigung wiederkehrender Probleme :<\/strong> Indem Sie die Wurzel der Ursache angehen (z. B. den Standard aktualisieren oder einen <strong>Poka-Yoke<\/strong>) stellt das Team sicher, dass das Problem nicht wieder auftritt - ein Schl\u00fcsselprinzip des Ansatzes <strong>Lean Six Sigma<\/strong>.<\/li>\n<li><strong>Einfachheit und Schnelligkeit :<\/strong> Sie kann schnell am Arbeitsplatz durchgef\u00fchrt werden (<em>Gemba<\/em>) durch die Operatoren selbst, was die Aneignung der\u2019<strong>Kontinuierliche Verbesserung<\/strong>.<\/li>\n<li><strong>PDCA-Stromversorgung :<\/strong> Sobald die Wurzelursache identifiziert ist, wird die L\u00f6sung implementiert (<strong>Do<\/strong>), werden die Ergebnisse \u00fcberpr\u00fcft (<strong>Check<\/strong>), und der neue Standard wird festgelegt (<strong>Akt<\/strong>) und vervollst\u00e4ndigt damit den Zyklus <strong>PDCA (Plan-Do-Check-Act)<\/strong>.<\/li>\n<\/ul>\n<p>Es ist entscheidend, anzuhalten, wenn die gefundene Ursache <strong>bet\u00e4tigbar<\/strong> durch das Team und dass es sich um ein Systemversagen handelt (nicht um pers\u00f6nliche Schuld).<\/p>\n<p>Abschlie\u00dfend <strong>5-Warum-Methode<\/strong> ist das einfachste und aussagekr\u00e4ftigste Befragungsinstrument, um vom Symptom zur systemischen Ursache zu gelangen und sicherzustellen, dass die Ma\u00dfnahmen der\u2019 <strong>Kontinuierliche Verbesserung<\/strong> nachhaltige operative Leistungsgewinne generieren.<\/p>\n<p><!-- notionvc: 42c215f5-f91d-465a-87b7-2c3984718095 --><\/p>\n<p><!-- notionvc: 50c0bdc4-ad8b-4108-8cd6-1c882cbf6a9d --><\/p>\n<p data-start=\"3483\" data-end=\"3654\"><!-- notionvc: 55748b84-6bc7-48d1-980a-8210c919df08 --><\/p>","protected":false},"excerpt":{"rendered":"<p>La M\u00e9thode des 5 Pourquoi (ou 5 Why) est une technique it\u00e9rative d&#8217;interrogation utilis\u00e9e dans le Lean Management et l&#8217;Am\u00e9lioration Continue (KAIZEN). Son objectif est de creuser au-del\u00e0 du sympt\u00f4me d&#8217;un probl\u00e8me pour en identifier la Cause Racine (Root Cause) sous-jacente.<\/p>","protected":false},"author":1,"featured_media":0,"parent":12324,"menu_order":0,"comment_status":"closed","ping_status":"closed","template":"","meta":{"_sitemap_exclude":false,"_sitemap_priority":"","_sitemap_frequency":"","footnotes":""},"definition":[99],"class_list":["post-12556","page","type-page","status-publish","hentry","definition-definition"],"jetpack_sharing_enabled":true,"_links":{"self":[{"href":"https:\/\/sxe-consulting.com\/de\/wp-json\/wp\/v2\/pages\/12556","targetHints":{"allow":["GET"]}}],"collection":[{"href":"https:\/\/sxe-consulting.com\/de\/wp-json\/wp\/v2\/pages"}],"about":[{"href":"https:\/\/sxe-consulting.com\/de\/wp-json\/wp\/v2\/types\/page"}],"author":[{"embeddable":true,"href":"https:\/\/sxe-consulting.com\/de\/wp-json\/wp\/v2\/users\/1"}],"replies":[{"embeddable":true,"href":"https:\/\/sxe-consulting.com\/de\/wp-json\/wp\/v2\/comments?post=12556"}],"version-history":[{"count":0,"href":"https:\/\/sxe-consulting.com\/de\/wp-json\/wp\/v2\/pages\/12556\/revisions"}],"up":[{"embeddable":true,"href":"https:\/\/sxe-consulting.com\/de\/wp-json\/wp\/v2\/pages\/12324"}],"wp:attachment":[{"href":"https:\/\/sxe-consulting.com\/de\/wp-json\/wp\/v2\/media?parent=12556"}],"wp:term":[{"taxonomy":"definition","embeddable":true,"href":"https:\/\/sxe-consulting.com\/de\/wp-json\/wp\/v2\/definition?post=12556"}],"curies":[{"name":"wp","href":"https:\/\/api.w.org\/{rel}","templated":true}]}}