{"id":12555,"date":"2025-10-21T23:40:12","date_gmt":"2025-10-21T21:40:12","guid":{"rendered":"https:\/\/sxe-consulting.com\/?page_id=12555"},"modified":"2025-10-21T23:40:12","modified_gmt":"2025-10-21T21:40:12","slug":"dichte-feuerfeststoffe","status":"publish","type":"page","link":"https:\/\/sxe-consulting.com\/de\/glossaire-industriel\/les-refractaires-denses\/","title":{"rendered":"Die dichten Feuerfeststoffe"},"content":{"rendered":"<p>Die <strong>Dichtes Feuerfest<\/strong> (oder schwer) sind eine Kategorie von feuerfesten Materialien, die sich durch eine <strong>geringe Porosit\u00e4t<\/strong> und eine <strong>hohe Dichte<\/strong> scheinbarem Gewicht. Sie sind das Gegenteil von isolierenden Feuerfestmaterialien, die leicht und porenreich sind.<\/p>\n<p><!--more--><\/p>\n<p><strong>Vertiefte Definition :<\/strong> Im Kontext des <strong>Wirtschaftsingenieurwesen<\/strong>, Die Dichte eines feuerfesten Materials ist ein Schl\u00fcsselindikator f\u00fcr seine Leistung. Ein Material gilt als dicht, wenn seine <strong>Volumen der offenen Poren<\/strong> minimal ist (oft weniger als 10-15 %). Diese geringe Porosit\u00e4t wird durch fortschrittliche Herstellungsverfahren erreicht, z. B. durch die Verwendung sehr feiner und optimierter Korngr\u00f6\u00dfen beim Pressen (Sintern) oder durch Schmelzgusstechniken (wie bei der\u2019<strong>Elektrofon AZS<\/strong> und die\u2019<strong>Geschmolzene Tonerde<\/strong>).<\/p>\n<p>Der Hauptzweck eines dichten feuerfesten Materials ist nicht die W\u00e4rmed\u00e4mmung, sondern die <strong>mechanische Festigkeit<\/strong> und die <strong>Widerstand gegen chemische Penetration<\/strong>.<\/p>\n<h3><strong>Die Rolle der Dichte bei der industriellen Leistung<\/strong><\/h3>\n<p>Die geringe Porosit\u00e4t von dichten Feuerfestmaterialien bietet gro\u00dfe betriebliche Vorteile in den anspruchsvollsten Umgebungen:<\/p>\n<ol>\n<li><strong>\u00dcberlegene Korrosionsbest\u00e4ndigkeit :<\/strong> Der wichtigste Vorteil. Ein dichtes Material hat nur wenige Wege (Poren), auf denen korrosive Stoffe (Schlacke, Glas oder geschmolzene Metalle) in seine Struktur eindringen k\u00f6nnen. Dies verlangsamt den Abbau durch den chemischen Angriff erheblich und verl\u00e4ngert die Lebensdauer der Beschichtung (Verringerung der <strong>Korrigierende Wartung<\/strong>).<\/li>\n<li><strong>Hohe mechanische Festigkeit und Abriebfestigkeit :<\/strong> Die kompakte Struktur des Materials gew\u00e4hrleistet eine bessere Belastbarkeit bei hohen Temperaturen (niedrige <strong>Kriechen<\/strong>) und eine hervorragende Best\u00e4ndigkeit gegen mechanischen Verschlei\u00df oder Erosion durch den schnellen Fluss geschmolzenen Materials.<\/li>\n<li><strong>Dimensionsstabilit\u00e4t :<\/strong> Dichte Materialien, vor allem solche, die aus reinen Oxiden hergestellt werden (z. B. <strong>Oxydische feuerfeste Materialien<\/strong> oder <strong>Nicht oxidierend<\/strong> von Hochleistungswerkstoffen), behalten ihre Form und ihr Volumen unter thermischen Belastungen besser bei, was f\u00fcr die Zuverl\u00e4ssigkeit der Ofenstrukturen entscheidend ist.<\/li>\n<\/ol>\n<h3><strong>Strategische Anwendungen<\/strong><\/h3>\n<p>Dichte feuerfeste Materialien werden f\u00fcr die <strong>Arbeitsbelag<\/strong>, Dies ist die Schicht, die in direktem Kontakt mit dem geschmolzenen Material steht:<\/p>\n<ul>\n<li><strong>Stahl- und Metallindustrie :<\/strong> Auskleidung von Gie\u00dfpfannen, Konvertern und \u00d6fen (Mag-Carbon, Siliziumkarbid, reine Magnesia).<\/li>\n<li><strong>Glasindustrie :<\/strong> Elektroschmelzende Bl\u00f6cke in der Schmelzwanne (<strong>Elektrofon AZS<\/strong>, <strong>Geschmolzene Tonerde<\/strong>).<\/li>\n<li><strong>Chemie und Petrochemie :<\/strong> Hochtemperaturreaktoren und -\u00f6fen.<\/li>\n<\/ul>\n<h3><strong>Dichte Feuerfeststoffe vs. Isolierende Feuerfeststoffe<\/strong><\/h3>\n<p>Die Wahl zwischen einem dichten und einem isolierenden feuerfesten Material ist ein strategischer Kompromiss, der durch den <strong>Wirtschaftsingenieurwesen<\/strong> um die Energieeffizienz und die Langlebigkeit zu optimieren :<\/p>\n<ul>\n<li><strong>Dichte feuerfeste Steine :<\/strong> Verwendet in <strong>Innenauskleidung (hei\u00dfe Schicht)<\/strong> um mechanischer und chemischer Zerst\u00f6rung zu widerstehen. Sie leiten W\u00e4rme, sind aber f\u00fcr die Lebensdauer notwendig.<\/li>\n<li><strong>Feuerfeste isolierende (leichte) Ziegel :<\/strong> Verwendet in <strong>\u00e4u\u00dfere Schicht (kalte Schicht)<\/strong>, Die W\u00e4rme wird hinter der dichten Verkleidung gespeichert, um die W\u00e4rme zu erhalten und den Energieverbrauch zu senken (Energieeffizienz).<\/li>\n<\/ul>\n<p>Durch die Kombination der beiden erh\u00e4lt man eine Ofenwand, bei der die dichte Feuerfestmasse f\u00fcr die Robustheit und die isolierende Feuerfestmasse f\u00fcr die W\u00e4rmeleistung sorgt und so die\u2019<strong>Operative Exzellenz<\/strong> des Systems.<\/p>\n<p><!-- notionvc: 1ec320aa-a283-4847-a1b5-ee680ef792d4 --><\/p>\n<p><!-- notionvc: 50c0bdc4-ad8b-4108-8cd6-1c882cbf6a9d --><\/p>\n<p data-start=\"3483\" data-end=\"3654\"><!-- notionvc: 55748b84-6bc7-48d1-980a-8210c919df08 --><\/p>","protected":false},"excerpt":{"rendered":"<p>Les R\u00e9fractaires Denses (ou lourds) sont une cat\u00e9gorie de mat\u00e9riaux r\u00e9fractaires caract\u00e9ris\u00e9s par une faible porosit\u00e9 et une haute masse volumique apparente. Ils sont l&#8217;inverse des r\u00e9fractaires isolants, qui sont l\u00e9gers et riches en pores.<\/p>","protected":false},"author":1,"featured_media":0,"parent":12324,"menu_order":0,"comment_status":"closed","ping_status":"closed","template":"","meta":{"_sitemap_exclude":false,"_sitemap_priority":"","_sitemap_frequency":"","footnotes":""},"definition":[99],"class_list":["post-12555","page","type-page","status-publish","hentry","definition-definition"],"jetpack_sharing_enabled":true,"_links":{"self":[{"href":"https:\/\/sxe-consulting.com\/de\/wp-json\/wp\/v2\/pages\/12555","targetHints":{"allow":["GET"]}}],"collection":[{"href":"https:\/\/sxe-consulting.com\/de\/wp-json\/wp\/v2\/pages"}],"about":[{"href":"https:\/\/sxe-consulting.com\/de\/wp-json\/wp\/v2\/types\/page"}],"author":[{"embeddable":true,"href":"https:\/\/sxe-consulting.com\/de\/wp-json\/wp\/v2\/users\/1"}],"replies":[{"embeddable":true,"href":"https:\/\/sxe-consulting.com\/de\/wp-json\/wp\/v2\/comments?post=12555"}],"version-history":[{"count":0,"href":"https:\/\/sxe-consulting.com\/de\/wp-json\/wp\/v2\/pages\/12555\/revisions"}],"up":[{"embeddable":true,"href":"https:\/\/sxe-consulting.com\/de\/wp-json\/wp\/v2\/pages\/12324"}],"wp:attachment":[{"href":"https:\/\/sxe-consulting.com\/de\/wp-json\/wp\/v2\/media?parent=12555"}],"wp:term":[{"taxonomy":"definition","embeddable":true,"href":"https:\/\/sxe-consulting.com\/de\/wp-json\/wp\/v2\/definition?post=12555"}],"curies":[{"name":"wp","href":"https:\/\/api.w.org\/{rel}","templated":true}]}}