{"id":12554,"date":"2025-10-21T23:39:33","date_gmt":"2025-10-21T21:39:33","guid":{"rendered":"https:\/\/sxe-consulting.com\/?page_id=12554"},"modified":"2025-10-21T23:39:33","modified_gmt":"2025-10-21T21:39:33","slug":"oxidische-feuerfeste-materialien","status":"publish","type":"page","link":"https:\/\/sxe-consulting.com\/de\/glossaire-industriel\/les-materiaux-refractaires-oxydiques\/","title":{"rendered":"Feuerfeste oxidische Materialien"},"content":{"rendered":"<p>Die <strong>Oxydische feuerfeste Materialien<\/strong> sind die am weitesten verbreitete und \u00e4lteste Familie der hochtemperaturbest\u00e4ndigen Keramiken. Sie bestehen haupts\u00e4chlich aus\u2019<strong>Metalloxide<\/strong> (oder nat\u00fcrliche oxidreiche Mineralien), die ihre physikalische und chemische Integrit\u00e4t bei Temperaturen \u00fcber 1500\u2218C in oxidierender Atmosph\u00e4re (bei Anwesenheit von Luft oder Sauerstoff) behalten.<\/p>\n<p><!--more--><\/p>\n<p><strong>Vertiefte Definition :<\/strong> Im Gegensatz zu <strong>Nichtoxidische feuerfeste Materialien<\/strong> (Karbide, Nitride, <strong>Graphit<\/strong>), die sich in reduzierenden Umgebungen auszeichnen, sind oxidische Materialien in den meisten Industrie\u00f6fen, in denen die Anwesenheit von Sauerstoff die Norm ist, stabil und leistungsf\u00e4hig. Ihre Leistung wird definiert durch ihre <strong>hoher Schmelzpunkt<\/strong>, ihre <strong>chemische Stabilit\u00e4t<\/strong> und ihre Kriechfestigkeit (Verformung unter Belastung bei hohen Temperaturen). Ihre Herstellung erfolgt durch <strong>Sintern<\/strong> (Fall von\u2019<strong>Gesintertes Aluminiumoxid<\/strong>) oder durch <strong>Schmelzen und Gie\u00dfen<\/strong> (Fall von\u2019<strong>Geschmolzene Tonerde<\/strong> und der\u2019<strong>Elektrofon AZS<\/strong>).<\/p>\n<h3><strong>Die Oxidkategorien und ihre Anwendungen in der Industrietechnik<\/strong><\/h3>\n<p>Die <strong>Wirtschaftsingenieurwesen<\/strong> klassifiziert oxidische Feuerfeststoffe nach ihrer dominierenden chemischen Zusammensetzung, die ihre Verwendung f\u00fcr die <strong>Industrielle Leistung<\/strong> :<\/p>\n<table>\n<thead>\n<tr>\n<th>Kategorie des Oxids<\/th>\n<th>Oxid(e) Dominant<\/th>\n<th>Beispiele f\u00fcr Materialien und Derivate<\/th>\n<th>Schl\u00fcsseleigenschaften<\/th>\n<\/tr>\n<\/thead>\n<tbody>\n<tr>\n<td><strong>Tonerde<\/strong><\/td>\n<td>Al2O3 (<strong>Aluminiumoxid<\/strong>)<\/td>\n<td><strong>Geschmolzene Tonerde<\/strong>, <strong>Gesintertes Aluminiumoxid<\/strong>, <strong>Mulite<\/strong> (Aluminiumoxid-Siliziumdioxid)<\/td>\n<td>Sehr hoher Schmelzpunkt, ausgezeichnete mechanische Festigkeit und Korrosionsbest\u00e4ndigkeit.<\/td>\n<\/tr>\n<tr>\n<td><strong>Silizium-Aluminium-haltig<\/strong><\/td>\n<td>Al2O3 und SiO2 (<strong>Siliziumdioxid<\/strong>)<\/td>\n<td><strong>Feuerfeste Tonerde<\/strong>, <strong>Sillimanit<\/strong>, Andalusien<\/td>\n<td>Guter Kompromiss zwischen Kosten, W\u00e4rmed\u00e4mmung und Widerstandsf\u00e4higkeit gegen Temperaturschocks.<\/td>\n<\/tr>\n<tr>\n<td><strong>Basics<\/strong><\/td>\n<td>MgO (Magnesia), CaO (Kalk)<\/td>\n<td>Magnesia-Bricks, Chrom-Magnesia-Bricks<\/td>\n<td>Hervorragende Korrosionsbest\u00e4ndigkeit gegen\u00fcber Schlacke <strong>basics<\/strong> von Stahl (Eisen- und Stahlindustrie).<\/td>\n<\/tr>\n<tr>\n<td><strong>Zirkonia<\/strong><\/td>\n<td>ZrO2 (<strong>Zirkoniumdioxid<\/strong>)<\/td>\n<td><strong>Elektrofon AZS<\/strong> (Aluminiumoxid-Zirkoniumdioxid-Siliziumdioxid), Zirkoniumdioxid<\/td>\n<td>Dimensionsstabilit\u00e4t, sehr hohe Dichte, ultimative Korrosionsbest\u00e4ndigkeit von Glas.<\/td>\n<\/tr>\n<\/tbody>\n<\/table>\n<h3><strong>Vorteile und Herausforderungen von oxidischen Feuerfeststoffen<\/strong><\/h3>\n<h3><strong>A. Vorteile<\/strong><\/h3>\n<ul>\n<li><strong>Stabilit\u00e4t in oxidierender Atmosph\u00e4re :<\/strong> Sie oxidieren nicht und brennen nicht, was ihre Langlebigkeit in den meisten industriellen Anwendungen gew\u00e4hrleistet.<\/li>\n<li><strong>Hohe Refrakt\u00e4rit\u00e4t :<\/strong> Oxide wie Aluminiumoxid und Zirkoniumdioxid geh\u00f6ren zu den w\u00e4rmestabilsten Materialien.<\/li>\n<li><strong>Chemische Best\u00e4ndigkeit :<\/strong> Die verschiedenen Familien sind optimiert, um bestimmten chemischen Angriffen zu widerstehen (z. B. Magnesia gegen basische Schlacken, Zirkoniumdioxid gegen geschmolzenes Glas).<\/li>\n<\/ul>\n<h3><strong>B. Herausforderungen und Kompromisse<\/strong><\/h3>\n<ul>\n<li><strong>W\u00e4rmeschock :<\/strong> Reine oxidische Feuerfeststoffe (insbesondere solche mit einem hohen Gehalt an Al2O3 oder ZrO2) haben oft einen h\u00f6heren thermischen Ausdehnungskoeffizienten, was sie anf\u00e4lliger f\u00fcr die <strong>Temperaturschock<\/strong> und dem schnellen Zyklieren der \u00d6fen, ein Problem, das durch die Zugabe von <strong>Siliziumdioxid<\/strong> um Materialien wie <strong>Mulite<\/strong>.<\/li>\n<li><strong>Kosten :<\/strong> Sehr hochreine Oxide und elektrogeschmolzene Materialien (wie AZS) sind teurer als feuerfeste Materialien auf der Basis von\u2019<strong>Feuerfeste Tonerde<\/strong> oder Alumina-Silica in Standardqualit\u00e4t.<\/li>\n<\/ul>\n<h3><strong>Rolle in Operational Excellence<\/strong><\/h3>\n<p>Die Wahl des richtigen oxidischen Feuerfestmaterials ist eine strategische Entscheidung, die sich direkt auf die <strong>KPI<\/strong> :<\/p>\n<ol>\n<li><strong>Verl\u00e4sslichkeit des Prozesses :<\/strong> Die Verwendung geeigneter feuerfester Materialien gew\u00e4hrleistet die Haltbarkeit des Ofens und verringert die Unterbrechungen f\u00fcr die <strong>Korrigierende Wartung<\/strong> und maximiert den <strong>TRS (Synthetische Ertragsrate)<\/strong>.<\/li>\n<li><strong>Qualit\u00e4t des Produkts :<\/strong> Stabile Materialien begrenzen die Erosion und die Aufl\u00f6sung von Oxiden in der Schmelze (Glas oder Metall), was f\u00fcr die Aufrechterhaltung der <strong>Qualit\u00e4t<\/strong> des Endprodukts (z. B. die Reinheit von Stahl oder die Klarheit von Glas).<\/li>\n<\/ol>\n<p>Abschlie\u00dfend <strong>Oxydische feuerfeste Materialien<\/strong> sind die Grundlage f\u00fcr die Materialtechnik bei hohen Temperaturen. Von <strong>Feuerfester Ton<\/strong> wirtschaftlichen zu den Bl\u00f6cken von <strong>Zirkoniumdioxid<\/strong> ultra-leistungsf\u00e4hig sind, bieten sie eine Reihe von L\u00f6sungen, um die Belastbarkeit und Effizienz von Hochtemperaturprozessen zu gew\u00e4hrleisten.<\/p>\n<p><!-- notionvc: 89a9f114-9a0f-42bb-bb8b-ccac7205f113 --><\/p>\n<p><!-- notionvc: 50c0bdc4-ad8b-4108-8cd6-1c882cbf6a9d --><\/p>\n<p data-start=\"3483\" data-end=\"3654\"><!-- notionvc: 55748b84-6bc7-48d1-980a-8210c919df08 --><\/p>","protected":false},"excerpt":{"rendered":"<p>Les Mat\u00e9riaux R\u00e9fractaires Oxydiques constituent la famille la plus r\u00e9pandue et la plus ancienne des c\u00e9ramiques r\u00e9sistantes aux hautes temp\u00e9ratures. Ils sont principalement compos\u00e9s d&#8217;oxydes m\u00e9talliques (ou min\u00e9raux naturels riches en oxydes) qui conservent leur int\u00e9grit\u00e9 physique et chimique \u00e0 des temp\u00e9ratures sup\u00e9rieures \u00e0 1500\u2218C en atmosph\u00e8re oxydante (en pr\u00e9sence d&#8217;air ou d&#8217;oxyg\u00e8ne).<\/p>","protected":false},"author":1,"featured_media":0,"parent":12324,"menu_order":0,"comment_status":"closed","ping_status":"closed","template":"","meta":{"_sitemap_exclude":false,"_sitemap_priority":"","_sitemap_frequency":"","footnotes":""},"definition":[99],"class_list":["post-12554","page","type-page","status-publish","hentry","definition-definition"],"jetpack_sharing_enabled":true,"_links":{"self":[{"href":"https:\/\/sxe-consulting.com\/de\/wp-json\/wp\/v2\/pages\/12554","targetHints":{"allow":["GET"]}}],"collection":[{"href":"https:\/\/sxe-consulting.com\/de\/wp-json\/wp\/v2\/pages"}],"about":[{"href":"https:\/\/sxe-consulting.com\/de\/wp-json\/wp\/v2\/types\/page"}],"author":[{"embeddable":true,"href":"https:\/\/sxe-consulting.com\/de\/wp-json\/wp\/v2\/users\/1"}],"replies":[{"embeddable":true,"href":"https:\/\/sxe-consulting.com\/de\/wp-json\/wp\/v2\/comments?post=12554"}],"version-history":[{"count":0,"href":"https:\/\/sxe-consulting.com\/de\/wp-json\/wp\/v2\/pages\/12554\/revisions"}],"up":[{"embeddable":true,"href":"https:\/\/sxe-consulting.com\/de\/wp-json\/wp\/v2\/pages\/12324"}],"wp:attachment":[{"href":"https:\/\/sxe-consulting.com\/de\/wp-json\/wp\/v2\/media?parent=12554"}],"wp:term":[{"taxonomy":"definition","embeddable":true,"href":"https:\/\/sxe-consulting.com\/de\/wp-json\/wp\/v2\/definition?post=12554"}],"curies":[{"name":"wp","href":"https:\/\/api.w.org\/{rel}","templated":true}]}}