{"id":12553,"date":"2025-10-21T23:38:44","date_gmt":"2025-10-21T21:38:44","guid":{"rendered":"https:\/\/sxe-consulting.com\/?page_id=12553"},"modified":"2025-10-21T23:38:44","modified_gmt":"2025-10-21T21:38:44","slug":"nichtoxidische-feuerfeste-materialien","status":"publish","type":"page","link":"https:\/\/sxe-consulting.com\/de\/glossaire-industriel\/les-materiaux-refractaires-non-oxydiques\/","title":{"rendered":"Nichtoxidische feuerfeste Materialien"},"content":{"rendered":"<p>Die <strong>Nichtoxidische feuerfeste Materialien<\/strong> bezeichnen eine Klasse von Hochleistungskeramiken, deren Grundzusammensetzung nicht <strong>nicht ein Metalloxid<\/strong> (im Gegensatz zu\u2019<strong>Aluminiumoxid<\/strong>, in der <strong>Siliziumdioxid<\/strong> oder in der\u2019<strong>Geschmolzene Tonerde<\/strong>). Sie bestehen haupts\u00e4chlich aus nichtmetallischen feuerfesten Elementen oder deren Kombinationen, meist in Form von <strong>Karbide<\/strong>, von <strong>Nitride<\/strong>, von <strong>borures<\/strong> und im industriellen Kontext von einem wesentlichen Element: dem <strong>Kohlenstoff<\/strong> (Graphit).<\/p>\n<p><!--more--><\/p>\n<p><strong>Vertiefte Definition :<\/strong> Diese Materialien sind f\u00fcr die extremsten Ofenumgebungen konzipiert, insbesondere f\u00fcr solche, die unter <strong>reduzierende Atmosph\u00e4re<\/strong> (niedriger Sauerstoffgehalt oder hohe Kohlenmonoxidkonzentration), in denen herk\u00f6mmliche oxidische Feuerfeststoffe (wie reines Aluminiumoxid) chemisch instabil oder anf\u00e4llig f\u00fcr den Angriff von Schlacken oder geschmolzenen Metallen sind. Ihre Mikrostruktur ist durch eine starke kovalente Bindung gekennzeichnet, die ihnen eine au\u00dfergew\u00f6hnliche H\u00e4rte, Erosionsbest\u00e4ndigkeit und einen hohen Schmelzpunkt verleiht.<\/p>\n<h3><strong>Die Schl\u00fcsselfamilien der Nicht-Oxidantien<\/strong><\/h3>\n<p>Die <strong>Wirtschaftsingenieurwesen<\/strong> verwendet mehrere Familien von nichtoxidischen feuerfesten Materialien aufgrund ihrer spezifischen Eigenschaften :<\/p>\n<h3><strong>1. Feuerfeste Steine auf Kohlenstoffbasis<\/strong><\/h3>\n<ul>\n<li><strong>Kohlenstoff und Graphit :<\/strong> Werden allein oder als Zusatzstoffe verwendet. Die <strong>Graphit<\/strong> ist sehr beliebt f\u00fcr seine <strong>Nichtbenetzbarkeit<\/strong> (es wird nicht von geschmolzenen Metallen durchdrungen) und seine W\u00e4rmeleitf\u00e4higkeit. Er ist das Schl\u00fcsselelement von Ziegeln <strong>Kohlenstoff-Magnesia<\/strong> und <strong>Kohlenstoff-Aluminiumoxid<\/strong> (zusammengesetzte Feuerfeststoffe).<\/li>\n<li><strong>Anwendung :<\/strong> Auskleidungen von Gie\u00dfpfannen, Stahlkonvertern, Elektroden.<\/li>\n<\/ul>\n<h3><strong>2. Feuerfeste Steine Karbide (SiC, B4C)<\/strong><\/h3>\n<ul>\n<li><strong>Siliziumkarbid (SiC) :<\/strong> Sehr hart, mit ausgezeichneter W\u00e4rmeleitf\u00e4higkeit und guter Oxidationsbest\u00e4ndigkeit (besser als Graphit).<\/li>\n<li><strong>Anwendung :<\/strong> Hochbelastbare Ofenplatten, W\u00e4rmetauscherrohre, keramische Brennelemente.<\/li>\n<\/ul>\n<h3><strong>3. Feuerfeste Nitrid-Steine (Si3N4, BN)<\/strong><\/h3>\n<ul>\n<li><strong>Silizium- und Bornitride :<\/strong> Werden h\u00e4ufig wegen ihrer ausgezeichneten Temperaturschockbest\u00e4ndigkeit, geringen Dichte und chemischen Stabilit\u00e4t verwendet.<\/li>\n<li><strong>Anwendung :<\/strong> Pr\u00e4zisionsteile f\u00fcr die Nichteisenmetallurgie, Thermoelementh\u00fcllen.<\/li>\n<\/ul>\n<h3><strong>Schl\u00fcsselvorteile f\u00fcr die industrielle Leistung<\/strong><\/h3>\n<p>Nichtoxidische Feuerfeststoffe sind die Materialien der Wahl, wenn das Unternehmen auf die <strong>Industrielle Leistung<\/strong> und die maximale Lebensdauer kritischer Ger\u00e4te :<\/p>\n<table>\n<thead>\n<tr>\n<th>Eigentum<\/th>\n<th>Operativer Vorteil<\/th>\n<th>Leistungsbereich<\/th>\n<\/tr>\n<\/thead>\n<tbody>\n<tr>\n<td><strong>Korrosionsbest\u00e4ndigkeit<\/strong><\/td>\n<td>Nichtbenetzbarkeit durch Metalle und Schlacken.<\/td>\n<td><strong>L\u00e4ngere Lebensdauer des Ofens<\/strong> (Verringerung der <strong>Korrigierende Wartung<\/strong>).<\/td>\n<\/tr>\n<tr>\n<td><strong>Chemische Stabilit\u00e4t<\/strong><\/td>\n<td>Hohe Tr\u00e4gheit in reduzierender oder inerter Atmosph\u00e4re.<\/td>\n<td>Zuverl\u00e4ssige Schmelzprozesse ohne Beeintr\u00e4chtigung der Beschichtung.<\/td>\n<\/tr>\n<tr>\n<td><strong>Widerstand gegen Thermoschocks<\/strong><\/td>\n<td>Geringe W\u00e4rmeausdehnung (von Kohlenstoff und SiC geerbt).<\/td>\n<td>Schnelleres Starten und Stoppen des Ofens (Maximierung des <strong>TRS<\/strong>).<\/td>\n<\/tr>\n<tr>\n<td><strong>Hohe H\u00e4rte<\/strong><\/td>\n<td>Geringe Erosionsrate (mechanischer Verschlei\u00df).<\/td>\n<td><strong>Qualit\u00e4t<\/strong> konstantes Metall\/Glas durch Minimierung von Verunreinigungen.<\/td>\n<\/tr>\n<\/tbody>\n<\/table>\n<h3><strong>Die Herausforderungen<\/strong><\/h3>\n<p>Die gr\u00f6\u00dfte Herausforderung bei nichtoxidischen Materialien ist ihre <strong>Anf\u00e4lligkeit f\u00fcr Oxidation<\/strong> bei hohen Temperaturen in Gegenwart von Luft (Sauerstoff sch\u00e4digt sie). Deshalb werden sie oft in kontrollierten Umgebungen oder in Form von Verbundstoffen verwendet (z. B. Mag-Carbon-Ziegel, bei denen der Kohlenstoff teilweise durch Magnesia gesch\u00fctzt ist).<\/p>\n<p>Abschlie\u00dfend <strong>Nichtoxidische feuerfeste Materialien<\/strong> stehen f\u00fcr modernste Werkstofftechnik. Ihr Einsatz ist strategisch f\u00fcr die Schwerindustrie, die Zuverl\u00e4ssigkeit und <strong>Leistung<\/strong> maximal unter den extremsten thermochemischen Bedingungen, insbesondere in der Aluminium- (Beschichtungen ohne Reaktion mit Al) und Stahlmetallurgie.<\/p>\n<p><!-- notionvc: 9082b9c0-593d-4c0c-ba39-2b7fa454d2e5 --><\/p>\n<p><!-- notionvc: 50c0bdc4-ad8b-4108-8cd6-1c882cbf6a9d --><\/p>\n<p data-start=\"3483\" data-end=\"3654\"><!-- notionvc: 55748b84-6bc7-48d1-980a-8210c919df08 --><\/p>","protected":false},"excerpt":{"rendered":"<p>Les Mat\u00e9riaux R\u00e9fractaires Non Oxydiques d\u00e9signent une classe de c\u00e9ramiques de haute performance dont la composition de base n&#8217;est pas un oxyde m\u00e9tallique (contrairement \u00e0 l&#8217;Alumine, \u00e0 la Silice ou \u00e0 l&#8217;Alumine Fusionn\u00e9e). Ils sont principalement compos\u00e9s d&#8217;\u00e9l\u00e9ments r\u00e9fractaires non m\u00e9talliques ou de leurs combinaisons, le plus souvent sous forme de carbures, de nitrures, de [&hellip;]<\/p>\n","protected":false},"author":1,"featured_media":0,"parent":12324,"menu_order":0,"comment_status":"closed","ping_status":"closed","template":"","meta":{"_sitemap_exclude":false,"_sitemap_priority":"","_sitemap_frequency":"","footnotes":""},"definition":[99],"class_list":["post-12553","page","type-page","status-publish","hentry","definition-definition"],"jetpack_sharing_enabled":true,"_links":{"self":[{"href":"https:\/\/sxe-consulting.com\/de\/wp-json\/wp\/v2\/pages\/12553","targetHints":{"allow":["GET"]}}],"collection":[{"href":"https:\/\/sxe-consulting.com\/de\/wp-json\/wp\/v2\/pages"}],"about":[{"href":"https:\/\/sxe-consulting.com\/de\/wp-json\/wp\/v2\/types\/page"}],"author":[{"embeddable":true,"href":"https:\/\/sxe-consulting.com\/de\/wp-json\/wp\/v2\/users\/1"}],"replies":[{"embeddable":true,"href":"https:\/\/sxe-consulting.com\/de\/wp-json\/wp\/v2\/comments?post=12553"}],"version-history":[{"count":0,"href":"https:\/\/sxe-consulting.com\/de\/wp-json\/wp\/v2\/pages\/12553\/revisions"}],"up":[{"embeddable":true,"href":"https:\/\/sxe-consulting.com\/de\/wp-json\/wp\/v2\/pages\/12324"}],"wp:attachment":[{"href":"https:\/\/sxe-consulting.com\/de\/wp-json\/wp\/v2\/media?parent=12553"}],"wp:term":[{"taxonomy":"definition","embeddable":true,"href":"https:\/\/sxe-consulting.com\/de\/wp-json\/wp\/v2\/definition?post=12553"}],"curies":[{"name":"wp","href":"https:\/\/api.w.org\/{rel}","templated":true}]}}