{"id":12552,"date":"2025-10-21T23:37:31","date_gmt":"2025-10-21T21:37:31","guid":{"rendered":"https:\/\/sxe-consulting.com\/?page_id=12552"},"modified":"2025-10-21T23:37:31","modified_gmt":"2025-10-21T21:37:31","slug":"six-sigma-definition","status":"publish","type":"page","link":"https:\/\/sxe-consulting.com\/de\/glossaire-industriel\/le-six-sigma-definition\/","title":{"rendered":"Das Six Sigma"},"content":{"rendered":"<p>Die <strong>Six Sigma<\/strong> ist eine strukturierte Methode zum Management von <strong>Qualit\u00e4t<\/strong> die darauf abzielt, die Variabilit\u00e4t (Streuung) der Produktionsprozesse zu verringern, um Fehler und Nichtkonformit\u00e4ten zu beseitigen und ein Niveau von\u2019<strong>Operative Exzellenz<\/strong> nahezu perfekt.<\/p>\n<p><!--more--><\/p>\n<p><strong>Vertiefte Definition :<\/strong> Die Six-Sigma-Methode, die in den 1980er Jahren von Motorola entwickelt und von General Electric popularisiert wurde, verwendet statistische Werkzeuge, um die <strong>Kapazit\u00e4t eines Prozesses<\/strong> Ergebnisse innerhalb der Spezifikationen zu produzieren (die Toleranzen, die im <strong>Technisches Pflichtenheft<\/strong>). Das Ziel der Stufe <strong>Six Sigma<\/strong> ist eine maximale Fehlerquote von <strong>3,4 Teile pro Million (PPM)<\/strong>, Dies entspricht einem Niveau von <strong>Qualit\u00e4t<\/strong> von 99,99966 %. Die Methode ist sehr streng und beruht auf einer Entscheidungsfindung auf der Grundlage von Fakten und Daten (das <strong>Big Data<\/strong> aus Messsystemen).<\/p>\n<h3><strong>Die DMAIC-Methodologie (Probleml\u00f6sung)<\/strong><\/h3>\n<p>Six Sigma verwendet einen Fahrplan in f\u00fcnf Phasen, genannt <strong>DMAIC<\/strong>, f\u00fcr Projekte in\u2019<strong>Kontinuierliche Verbesserung (KAIZEN)<\/strong> von bestehenden Prozessen. Dieser Zyklus f\u00fcgt sich nahtlos in das <strong>PDCA (Plan-Do-Check-Act)<\/strong> :<\/p>\n<h3><strong>1. Definieren (D)<\/strong><\/h3>\n<ul>\n<li><strong>Plan:<\/strong> Definieren Sie das Problem, den betroffenen Prozess und die Ziele des Projekts (einschlie\u00dflich der <strong>KPI<\/strong> zu verbessern, wie die Ausschussquote oder die <strong>TRS<\/strong>). Definieren Sie das Team (\u00e4hnlich dem <strong>D1<\/strong> der\u2019<strong>8D-Analyse<\/strong>).<\/li>\n<\/ul>\n<h3><strong>2. Messen (M)<\/strong><\/h3>\n<ul>\n<li><strong>Plan:<\/strong> Sammeln Sie Daten \u00fcber die aktuelle Leistung (Fehlerrate, Variabilit\u00e4t). Berechnen Sie das anf\u00e4ngliche Sigma-Niveau des Prozesses. Diese Phase st\u00fctzt sich auf die Zuverl\u00e4ssigkeit der Datenerhebung (<strong>IoT<\/strong>, <strong>Machine Vision<\/strong>).<\/li>\n<\/ul>\n<h3><strong>3. Analysieren (A)<\/strong><\/h3>\n<ul>\n<li><strong>Plan:<\/strong> Verwenden Sie statistische Werkzeuge (wie das <strong>Ishikawa-Diagramm<\/strong>, Die <strong>Pareto-Methode<\/strong>, und Regressionsanalysen), um die <strong>Ursachen Wurzeln (RCA)<\/strong> der Variabilit\u00e4t und der Fehler. Ziel ist es, statistisch zu beweisen, welche Eingabevariablen die Ausgabevariablen beeinflussen.<\/li>\n<\/ul>\n<h3><strong>4. Innovieren \/ Verbessern (I)<\/strong><\/h3>\n<ul>\n<li><strong>Do:<\/strong> L\u00f6sungen entwickeln, testen und umsetzen, um die Wurzelursachen zu beseitigen und die Variabilit\u00e4t zu verringern (z. B. durch die Implementierung eines <strong>Poka-Yoke<\/strong> oder durch \u00c4nderung der <strong>Standardisierung<\/strong> des Prozesses).<\/li>\n<\/ul>\n<h3><strong>5. Kontrollieren (C)<\/strong><\/h3>\n<ul>\n<li><strong>Check\/Act :<\/strong> Mechanismen einf\u00fchren, um die erzielten Gewinne zu erhalten (neue <strong>KPI<\/strong>, Die neue <strong>Arbeitsanweisungen<\/strong>). Stellen Sie sicher, dass der Prozess auf dem neuen, verbesserten Sigma-Niveau stabil bleibt (die <strong>Standardisierung<\/strong> und die Nachhaltigkeit des <strong>KAIZEN<\/strong>).<\/li>\n<\/ul>\n<h3><strong>Six Sigma vs. Lean Management<\/strong><\/h3>\n<p>Six Sigma wird oft mit <strong>Lean Management<\/strong> um den Ansatz zu bilden <strong>Lean Six Sigma<\/strong>. Obwohl beide auf die\u2019<strong>Operative Exzellenz<\/strong>, sind ihre Ziele unterschiedlich:<\/p>\n<table>\n<thead>\n<tr>\n<th>Merkmal<\/th>\n<th>Six Sigma<\/th>\n<th>Lean Management<\/th>\n<\/tr>\n<\/thead>\n<tbody>\n<tr>\n<td><strong>Hauptzweck<\/strong><\/td>\n<td>Reduzieren Sie die <strong>Variabilit\u00e4t<\/strong> (Qualit\u00e4t verbessern)<\/td>\n<td>Reduzieren Sie den <strong>Verschwendung<\/strong> (<em>Muda<\/em>), verbessern die Geschwindigkeit und den <strong>Gezogener Fluss<\/strong><\/td>\n<\/tr>\n<tr>\n<td><strong>Werkzeug Schl\u00fcssel<\/strong><\/td>\n<td>Statistische Werkzeuge (Kapabilit\u00e4t, Regression)<\/td>\n<td>Visuelle Tools (VSM, <strong>Kanban<\/strong>, <strong>5S<\/strong>)<\/td>\n<\/tr>\n<tr>\n<td><strong>Philosophie<\/strong><\/td>\n<td>Auf Genauigkeit abzielen<\/td>\n<td>Auf Fl\u00fcssigkeit abzielen<\/td>\n<\/tr>\n<\/tbody>\n<\/table>\n<p>Die <strong>Lean Six Sigma<\/strong> kombiniert die St\u00e4rken beider: Lean identifiziert und eliminiert Verschwendung, um den Fluss zu beschleunigen, w\u00e4hrend Six Sigma sicherstellt, dass dieser schnelle Fluss ein Endergebnis von h\u00f6chstem <strong>Qualit\u00e4t<\/strong> (ohne Fehler).<\/p>\n<p>Abschlie\u00dfend <strong>Six Sigma<\/strong> ist ein rigoroser, faktenbasierter Ansatz, der es Unternehmen erm\u00f6glicht, ihre <strong>Qualit\u00e4t<\/strong> auf einen Weltklassestandard, der die Zuverl\u00e4ssigkeit und Rentabilit\u00e4t der <strong>Serienproduktion<\/strong> indem sie Fehler und Kosten f\u00fcr Nicht-Qualit\u00e4t fast auf null reduzieren.<\/p>\n<p><!-- notionvc: bfd9be66-d1ac-465f-b860-205945e46fa4 --><\/p>\n<p><!-- notionvc: 50c0bdc4-ad8b-4108-8cd6-1c882cbf6a9d --><\/p>\n<p data-start=\"3483\" data-end=\"3654\"><!-- notionvc: 55748b84-6bc7-48d1-980a-8210c919df08 --><\/p>","protected":false},"excerpt":{"rendered":"<p>Le Six Sigma est une m\u00e9thode structur\u00e9e de management de la Qualit\u00e9 qui vise \u00e0 r\u00e9duire la variabilit\u00e9 (la dispersion) des processus de production pour \u00e9liminer les d\u00e9fauts et les non-conformit\u00e9s, et atteindre un niveau d&#8217;Excellence Op\u00e9rationnelle quasi parfait.<\/p>","protected":false},"author":1,"featured_media":0,"parent":12324,"menu_order":0,"comment_status":"closed","ping_status":"closed","template":"","meta":{"_sitemap_exclude":false,"_sitemap_priority":"","_sitemap_frequency":"","footnotes":""},"definition":[99],"class_list":["post-12552","page","type-page","status-publish","hentry","definition-definition"],"jetpack_sharing_enabled":true,"_links":{"self":[{"href":"https:\/\/sxe-consulting.com\/de\/wp-json\/wp\/v2\/pages\/12552","targetHints":{"allow":["GET"]}}],"collection":[{"href":"https:\/\/sxe-consulting.com\/de\/wp-json\/wp\/v2\/pages"}],"about":[{"href":"https:\/\/sxe-consulting.com\/de\/wp-json\/wp\/v2\/types\/page"}],"author":[{"embeddable":true,"href":"https:\/\/sxe-consulting.com\/de\/wp-json\/wp\/v2\/users\/1"}],"replies":[{"embeddable":true,"href":"https:\/\/sxe-consulting.com\/de\/wp-json\/wp\/v2\/comments?post=12552"}],"version-history":[{"count":0,"href":"https:\/\/sxe-consulting.com\/de\/wp-json\/wp\/v2\/pages\/12552\/revisions"}],"up":[{"embeddable":true,"href":"https:\/\/sxe-consulting.com\/de\/wp-json\/wp\/v2\/pages\/12324"}],"wp:attachment":[{"href":"https:\/\/sxe-consulting.com\/de\/wp-json\/wp\/v2\/media?parent=12552"}],"wp:term":[{"taxonomy":"definition","embeddable":true,"href":"https:\/\/sxe-consulting.com\/de\/wp-json\/wp\/v2\/definition?post=12552"}],"curies":[{"name":"wp","href":"https:\/\/api.w.org\/{rel}","templated":true}]}}