{"id":12551,"date":"2025-10-21T23:36:41","date_gmt":"2025-10-21T21:36:41","guid":{"rendered":"https:\/\/sxe-consulting.com\/?page_id=12551"},"modified":"2025-10-21T23:36:41","modified_gmt":"2025-10-21T21:36:41","slug":"zirkonsand-definition","status":"publish","type":"page","link":"https:\/\/sxe-consulting.com\/de\/glossaire-industriel\/le-sable-de-zircon-definition\/","title":{"rendered":"Der Zirkoniasand"},"content":{"rendered":"<p>Die <strong>Zirkoniasand<\/strong> ist ein nat\u00fcrliches Mineral, das <strong>Zirkoniumsilikat<\/strong> (ZrSiO4), das aus alluvialen Lagerst\u00e4tten gewonnen wird. Es ist einer der wichtigsten Rohstoffe f\u00fcr industrielle Anwendungen, die eine sehr hohe thermische und chemische Best\u00e4ndigkeit erfordern.<\/p>\n<p><!--more--><\/p>\n<p><strong>Vertiefte Definition :<\/strong> Zirkon ist gekennzeichnet durch seine <strong>hohe Dichte<\/strong> und seine <strong>sehr geringe W\u00e4rmeausdehnung<\/strong> bei den Betriebstemperaturen. Diese Dimensionsstabilit\u00e4t ist entscheidend f\u00fcr Prozesse, die h\u00f6chste Pr\u00e4zision erfordern. Es besitzt eine <strong>sehr hoher Schmelzpunkt<\/strong> (ca. 2550\u2218C), was ihn zu einem bevorzugten Refraktor macht. Im Kontext der\u2019<strong>Industrialisierung<\/strong>, Zirkoniumsand wird h\u00e4ufig wegen seiner F\u00e4higkeit verwendet, Materialien ohne \u00fcberm\u00e4\u00dfige Dimensionsschrumpfung zu produzieren, die die Qualit\u00e4t des Materials beeintr\u00e4chtigen k\u00f6nnte. <strong>Qualit\u00e4t<\/strong> des fertigen Produkts.<\/p>\n<h3><strong>Schl\u00fcsselanwendungen in der Industrietechnik<\/strong><\/h3>\n<p>Die Eigenschaften von Zirkoniumsand machen ihn unersetzlich in mehreren kritischen Bereichen der <strong>Industrielle Leistung<\/strong> :<\/p>\n<h3><strong>1. Pr\u00e4zisionsgie\u00dferei<\/strong><\/h3>\n<ul>\n<li><strong>Rolle :<\/strong> Zirkonsand ist das Material der Wahl f\u00fcr die <strong>Muscheln und Kerne<\/strong> die in der Pr\u00e4zisionsgie\u00dferei verwendet werden. Seine <strong>thermische Stabilit\u00e4t<\/strong> stellt sicher, dass sich die Form nicht \u00fcberm\u00e4\u00dfig ausdehnt oder rei\u00dft, wenn geschmolzenes Metall in sie gegossen wird, und gew\u00e4hrleistet so die <strong>Ma\u00dfgenauigkeit<\/strong> des Teils (ein Schl\u00fcsselkriterium f\u00fcr die engen Toleranzen des <strong>Technisches Pflichtenheft<\/strong>). Au\u00dferdem reagiert Sand nicht chemisch mit geschmolzenem Metall.<\/li>\n<li><strong>Vorteil:<\/strong> Minimierung von Oberfl\u00e4chenfehlern und des Nachbesserungsbedarfs.<\/li>\n<\/ul>\n<h3><strong>2. Feuerfeste Hochleistungssteine<\/strong><\/h3>\n<ul>\n<li><strong>Rolle :<\/strong> Er wird zur Herstellung von Ziegeln, Beton und feuerfesten Auskleidungen verwendet. Zirkonsand ist ein wesentlicher Bestandteil von\u2019<strong>Elektrofon AZS<\/strong> (Aluminiumoxid-Zirkoniumoxid-Siliziumoxid). In diesen Materialien ist das Vorhandensein von <strong>Zirkoniumdioxid<\/strong> (aus der Zersetzung von Zirkon bei sehr hohen Temperaturen) verleiht eine \u00fcberlegene Best\u00e4ndigkeit gegen Korrosion durch geschmolzenes Glas und metallurgische Schlacken.<\/li>\n<li><strong>Vorteil:<\/strong> L\u00e4ngere Lebensdauer der Schmelz\u00f6fen (reduziert Ausfallzeiten und maximiert den <strong>TRS<\/strong>).<\/li>\n<\/ul>\n<h3><strong>3. Technische Keramiken und Tr\u00fcbungsmittel<\/strong><\/h3>\n<ul>\n<li><strong>Rolle :<\/strong> Gemahlener Zirkonsand (Zirkonmehl) wird als Tr\u00fcbungsmittel (Opaker) bei der Herstellung von Keramik (Fliesen, Sanit\u00e4rkeramik) und Oberfl\u00e4chenbeschichtungen (Glasuren, Emails) verwendet.<\/li>\n<li><strong>Vorteil:<\/strong> Verbessert den Wei\u00dfgrad und die Widerstandsf\u00e4higkeit gegen chemische Angriffe von Keramikoberfl\u00e4chen.<\/li>\n<\/ul>\n<h3><strong>Zirkonsand vs. Reines Siliziumdioxid<\/strong><\/h3>\n<p>Obwohl die <strong>Siliziumdioxid<\/strong> auch ein Bestandteil von Zirkon (ZrSiO4) ist, bietet Zirkon eine thermische und chemische Leistung, die weit \u00fcber der von Zirkon liegt. <strong>Siliziumdioxid<\/strong> rein oder sogar an <strong>Feuerfester Ton<\/strong> :<\/p>\n<ul>\n<li><strong>Refrakt\u00e4rit\u00e4t :<\/strong> Zirkon h\u00e4lt einer viel h\u00f6heren Temperatur stand und ist unter Belastung viel stabiler (weniger Kriechen).<\/li>\n<li><strong>Reaktivit\u00e4t :<\/strong> Zirkon reagiert viel weniger mit Metalloxiden und Schlacken, was es zur bevorzugten Wahl f\u00fcr kritische Gie\u00dferei- und Schmelzanwendungen macht.<\/li>\n<\/ul>\n<p>Abschlie\u00dfend <strong>Zirkoniasand<\/strong> ist ein mineralischer Luxusrohstoff f\u00fcr die Industrie, der Eigenschaften wie Ma\u00dfhaltigkeit und chemische Best\u00e4ndigkeit bietet, die f\u00fcr die Herstellung von Hochpr\u00e4zisionskomponenten und dauerhaften feuerfesten Auskleidungen unerl\u00e4sslich sind. Er ist ein entscheidender Faktor f\u00fcr die <strong>Qualit\u00e4t<\/strong> und der Zuverl\u00e4ssigkeit von thermischen Prozessen.<\/p>\n<p><!-- notionvc: 3d87dda0-cb08-4fce-bb64-f452b8974351 --><\/p>\n<p><!-- notionvc: 50c0bdc4-ad8b-4108-8cd6-1c882cbf6a9d --><\/p>\n<p data-start=\"3483\" data-end=\"3654\"><!-- notionvc: 55748b84-6bc7-48d1-980a-8210c919df08 --><\/p>","protected":false},"excerpt":{"rendered":"<p>Le Sable de Zircon est un min\u00e9ral naturel, le silicate de zirconium (ZrSiO4), extrait de gisements alluviaux. Il est l&#8217;une des mati\u00e8res premi\u00e8res les plus importantes pour les applications industrielles exigeant une r\u00e9sistance thermique et chimique de tr\u00e8s haute performance.<\/p>","protected":false},"author":1,"featured_media":0,"parent":12324,"menu_order":0,"comment_status":"closed","ping_status":"closed","template":"","meta":{"_sitemap_exclude":false,"_sitemap_priority":"","_sitemap_frequency":"","footnotes":""},"definition":[99],"class_list":["post-12551","page","type-page","status-publish","hentry","definition-definition"],"jetpack_sharing_enabled":true,"_links":{"self":[{"href":"https:\/\/sxe-consulting.com\/de\/wp-json\/wp\/v2\/pages\/12551","targetHints":{"allow":["GET"]}}],"collection":[{"href":"https:\/\/sxe-consulting.com\/de\/wp-json\/wp\/v2\/pages"}],"about":[{"href":"https:\/\/sxe-consulting.com\/de\/wp-json\/wp\/v2\/types\/page"}],"author":[{"embeddable":true,"href":"https:\/\/sxe-consulting.com\/de\/wp-json\/wp\/v2\/users\/1"}],"replies":[{"embeddable":true,"href":"https:\/\/sxe-consulting.com\/de\/wp-json\/wp\/v2\/comments?post=12551"}],"version-history":[{"count":0,"href":"https:\/\/sxe-consulting.com\/de\/wp-json\/wp\/v2\/pages\/12551\/revisions"}],"up":[{"embeddable":true,"href":"https:\/\/sxe-consulting.com\/de\/wp-json\/wp\/v2\/pages\/12324"}],"wp:attachment":[{"href":"https:\/\/sxe-consulting.com\/de\/wp-json\/wp\/v2\/media?parent=12551"}],"wp:term":[{"taxonomy":"definition","embeddable":true,"href":"https:\/\/sxe-consulting.com\/de\/wp-json\/wp\/v2\/definition?post=12551"}],"curies":[{"name":"wp","href":"https:\/\/api.w.org\/{rel}","templated":true}]}}