{"id":12550,"date":"2025-10-21T23:41:52","date_gmt":"2025-10-21T21:41:52","guid":{"rendered":"https:\/\/sxe-consulting.com\/?page_id=12550"},"modified":"2025-10-21T23:42:47","modified_gmt":"2025-10-21T21:42:47","slug":"magnesia-mgo-definition","status":"publish","type":"page","link":"https:\/\/sxe-consulting.com\/de\/glossaire-industriel\/magnesie-mgo-definition\/","title":{"rendered":"Magnesia (Magnesiumoxid) (MgO)"},"content":{"rendered":"<p>Die <strong>Magnesia<\/strong> ist Magnesiumoxid (MgO). Es ist ein feuerfestes Material der Kategorie <strong>Oxydische feuerfeste Materialien<\/strong> (oder basisch) gekennzeichnet durch ein <strong>extrem hoher Schmelzpunkt<\/strong> (ca. 2800\u2218C), was es zu einem der feuerfestesten kommerziell erh\u00e4ltlichen Oxide macht.<\/p>\n<p><!--more--><\/p>\n<p><strong>Vertiefte Definition :<\/strong> Magnesia, das in feuerfesten Materialien verwendet wird, wird durch Kalzinieren (Erhitzen) von Magnesiumcarbonat (Magnesit) oder Magnesiumhydroxid (aus Meerwasser) bei sehr hohen Temperaturen hergestellt. Das Endprodukt ist das <strong>Gesinterte Magnesia<\/strong> (oder klastischer Peridot), das eine sehr hohe Dichte und eine ausgezeichnete chemische Stabilit\u00e4t besitzt. Magnesia ist klassifiziert als <strong>feuerfest basisch<\/strong>, Sie ist so konzipiert, dass sie der Korrosion durch Schlacke widersteht (<strong>Metallurgische R\u00fcckst\u00e4nde<\/strong>), die ebenfalls basischer Natur sind, ein Prinzip des chemischen Angriffs von\u2019<strong>Operative Exzellenz<\/strong> : \u201c\u00c4hnliches widersteht \u00c4hnlichem\u201d.<\/p>\n<h3><strong>Strategische Anwendungen<\/strong><\/h3>\n<p>Magnesia ist wegen seiner Widerstandsf\u00e4higkeit gegen die aggressivsten Umgebungen ein Eckpfeiler der Schwerindustrie :<\/p>\n<ol>\n<li><strong>Eisen- und Stahlindustrie (Stahlherstellung) :<\/strong> Dies ist die Hauptanwendung. Die Ziegel aus Magnesia oder <strong>Kohlenstoff-Magnesia<\/strong> (Mag-Carbon) werden zur Auskleidung von Konvertern (wo der Stahl veredelt wird) und Gie\u00dfpfannen verwendet. Die Magnesia-Beschichtung ist unerl\u00e4sslich, da die <strong>Stahlschlacke<\/strong> sind reich an Kalzium- und Eisenoxiden, die basisch sind und schnell mit einer sauren Beschichtung reagieren w\u00fcrden (wie die <strong>Siliziumdioxid<\/strong>).<\/li>\n<li><strong>Nichteisenmetallurgie :<\/strong> Wird zum Schmelzen von Kupfer und anderen Metallen verwendet, bei denen die Schlacke von basischer Natur ist.<\/li>\n<li><strong>Zementfabriken und Kalk\u00f6fen :<\/strong> Bereiche, die sehr hohen Temperaturen und der Anwesenheit von Kalk (Kalziumoxid), einem anderen basischen Oxid, ausgesetzt sind.<\/li>\n<\/ol>\n<h3><strong>Magnesia und Kohlenstoff (Mag-Carbon)<\/strong><\/h3>\n<p>Zur Optimierung der <strong>Industrielle Leistung<\/strong> und die Lebensdauer von Ausr\u00fcstungen zu erh\u00f6hen, wird Magnesia sehr oft mit dem <strong>Kohlenstoff<\/strong> (Graphit) zur Herstellung von feuerfesten Steinen <strong>Mag-Carbon<\/strong>. Diese Kombination bietet das Beste aus beiden Welten :<\/p>\n<ul>\n<li><strong>Magnesia :<\/strong> Chemische Best\u00e4ndigkeit gegen basische Korrosion.<\/li>\n<li><strong>Kohlenstoff (Graphit) :<\/strong> Widerstand gegen Temperaturschocks und gegen das Eindringen (Nichtbenetzbarkeit) von geschmolzenem Metall.<\/li>\n<\/ul>\n<p>Die Verwendung von Mag-Carbon in kritischen Bereichen sorgt f\u00fcr eine <strong>l\u00e4ngere Lebensdauer des Ofens<\/strong>, Das bedeutet, dass die Produktion nicht unterbrochen werden muss und der Ertrag maximiert wird. <strong>TRS (Synthetische Ertragsrate)<\/strong>.<\/p>\n<h3><strong>Operative Herausforderungen<\/strong><\/h3>\n<p>Der Hauptnachteil von reinem Magnesia ist seine <strong>relative Empfindlichkeit gegen\u00fcber Temperaturschocks<\/strong> im Vergleich zu anderen Materialien wie <strong>Mulite<\/strong>. Dies ist einer der Gr\u00fcnde, warum sie in Anwendungen, die h\u00e4ufigen thermischen Zyklen (Start\/Stopp) ausgesetzt sind, mit dem <strong>Graphit<\/strong> oder verwendet in Form von <strong>Monolithische Feuerfeststoffe<\/strong> spezialisiert.<\/p>\n<p>Abschlie\u00dfend <strong>Magnesia<\/strong> ist ein wichtiges basisches feuerfestes Material, das es der Stahlindustrie erm\u00f6glicht, bei extremen Temperaturen zu arbeiten und gleichzeitig den chemischen Verschlei\u00df zu kontrollieren, wodurch die Zuverl\u00e4ssigkeit der Herstellungsprozesse gew\u00e4hrleistet wird.<\/p>\n<p><!-- notionvc: 47d579c9-4fad-491f-9aaf-03f9f2b0777e --><\/p>\n<p><!-- notionvc: 50c0bdc4-ad8b-4108-8cd6-1c882cbf6a9d --><\/p>\n<p data-start=\"3483\" data-end=\"3654\"><!-- notionvc: 55748b84-6bc7-48d1-980a-8210c919df08 --><\/p>","protected":false},"excerpt":{"rendered":"<p>La Magn\u00e9sie est l&#8217;oxyde de magn\u00e9sium (MgO). C&#8217;est un mat\u00e9riau r\u00e9fractaire de la cat\u00e9gorie des Mat\u00e9riaux R\u00e9fractaires Oxydiques (ou basiques) caract\u00e9ris\u00e9 par un point de fusion extr\u00eamement \u00e9lev\u00e9 (environ 2800\u2218C), ce qui en fait l&#8217;un des oxydes les plus r\u00e9fractaires disponibles commercialement.<\/p>","protected":false},"author":1,"featured_media":0,"parent":12324,"menu_order":0,"comment_status":"closed","ping_status":"closed","template":"","meta":{"_sitemap_exclude":false,"_sitemap_priority":"","_sitemap_frequency":"","footnotes":""},"definition":[99],"class_list":["post-12550","page","type-page","status-publish","hentry","definition-definition"],"jetpack_sharing_enabled":true,"_links":{"self":[{"href":"https:\/\/sxe-consulting.com\/de\/wp-json\/wp\/v2\/pages\/12550","targetHints":{"allow":["GET"]}}],"collection":[{"href":"https:\/\/sxe-consulting.com\/de\/wp-json\/wp\/v2\/pages"}],"about":[{"href":"https:\/\/sxe-consulting.com\/de\/wp-json\/wp\/v2\/types\/page"}],"author":[{"embeddable":true,"href":"https:\/\/sxe-consulting.com\/de\/wp-json\/wp\/v2\/users\/1"}],"replies":[{"embeddable":true,"href":"https:\/\/sxe-consulting.com\/de\/wp-json\/wp\/v2\/comments?post=12550"}],"version-history":[{"count":0,"href":"https:\/\/sxe-consulting.com\/de\/wp-json\/wp\/v2\/pages\/12550\/revisions"}],"up":[{"embeddable":true,"href":"https:\/\/sxe-consulting.com\/de\/wp-json\/wp\/v2\/pages\/12324"}],"wp:attachment":[{"href":"https:\/\/sxe-consulting.com\/de\/wp-json\/wp\/v2\/media?parent=12550"}],"wp:term":[{"taxonomy":"definition","embeddable":true,"href":"https:\/\/sxe-consulting.com\/de\/wp-json\/wp\/v2\/definition?post=12550"}],"curies":[{"name":"wp","href":"https:\/\/api.w.org\/{rel}","templated":true}]}}