{"id":12548,"date":"2025-10-21T23:41:01","date_gmt":"2025-10-21T21:41:01","guid":{"rendered":"https:\/\/sxe-consulting.com\/?page_id=12548"},"modified":"2025-10-21T23:41:13","modified_gmt":"2025-10-21T21:41:13","slug":"monolithische-feuerfeststoffe","status":"publish","type":"page","link":"https:\/\/sxe-consulting.com\/de\/glossaire-industriel\/les-refractaires-monolithiques\/","title":{"rendered":"Monolithische Feuerfeststoffe"},"content":{"rendered":"<p>Die <strong>Monolithische Feuerfeststoffe<\/strong> (oder <strong>nicht geformt<\/strong>) sind trockene oder feuchte, gebrauchsfertige Mischungen, die vor dem Versand nicht geformt und gebrannt werden (im Gegensatz zu feuerfesten Ziegeln). Sie werden direkt vor Ort aufgebracht, um eine durchgehende Auskleidung zu bilden und <strong>ohne Fugen<\/strong> in \u00d6fen und W\u00e4rmeanlagen.<\/p>\n<p><!--more--><\/p>\n<h3><strong>Die Vorteile einer durchgehenden Beschichtung<\/strong><\/h3>\n<p>Der Hauptvorteil von monolithischen Feuerfestmaterialien aus <strong>Wirtschaftsingenieurwesen<\/strong> ist die\u2019<strong>Entfernung von Fugen<\/strong>. Bei einer Ziegelverkleidung stellen die Fugen den schw\u00e4chsten Punkt dar, an dem Korrosion und Erosion beschleunigt werden und die Zuverl\u00e4ssigkeit der Ausr\u00fcstung gef\u00e4hrdet wird. Die monolithische Anwendung sorgt f\u00fcr eine bessere <strong>Industrielle Leistung<\/strong> dank :<\/p>\n<ul>\n<li><strong>\u00dcberlegener Widerstand gegen Penetration :<\/strong> Das Fehlen von Fugen verhindert das Eindringen von Schlacke, geschmolzenem Metall oder Glas, wodurch die Lebensdauer der Beschichtung verl\u00e4ngert wird (\u00e4hnlich dem Vorteil der <strong>Dichtes Feuerfest<\/strong>).<\/li>\n<li><strong>Vereinfachte und angepasste Installation :<\/strong> Diese Materialien k\u00f6nnen gespritzt, gegossen oder ger\u00fcttelt werden, um die genaue Form eines beliebigen Beh\u00e4lters oder einer komplexen Struktur anzunehmen.<\/li>\n<li><strong>Lokalisierte Reparaturen (Rapid Corrective Maintenance) :<\/strong> Sie sind ideal f\u00fcr Notreparaturen und erm\u00f6glichen das schnelle Abdichten besch\u00e4digter Stellen, ohne dass ein ganzer Abschnitt der Ziegel abgebaut werden muss.<\/li>\n<\/ul>\n<h3><strong>Monolithische Anwendungstechniken<\/strong><\/h3>\n<p>Die Leistung des monolithischen Materials h\u00e4ngt weitgehend von seiner Installationstechnik ab, die von den Ingenieuren je nach Geometrie und Bedarf ausgew\u00e4hlt wird :<\/p>\n<ol>\n<li><strong>Feuerfeste Betone (Castables) :<\/strong> Das Material wird mit Wasser (oder einem anderen Bindemittel) gemischt und in eine Schalung gegossen oder gepumpt, wo es chemisch aush\u00e4rtet. Sie werden f\u00fcr B\u00f6den, Gew\u00f6lbe oder vorgefertigte Abschnitte verwendet.<\/li>\n<li><strong>Ramming Mass (Ramm-Masse) :<\/strong> Materialien, die durch pneumatisches H\u00e4mmern verdichtet werden. Sie werden dort eingesetzt, wo eine Verschalung nicht m\u00f6glich ist, wie z. B. bei Ofenb\u00f6den und metallurgischen Gef\u00e4\u00dfen.<\/li>\n<li><strong>Materialien in Guniter (Gunning) :<\/strong> Materialien, die durch Hochgeschwindigkeitsspritzen mithilfe eines Druckluftstrahls aufgetragen werden. Diese Methode ist schnell und wird h\u00e4ufig f\u00fcr die Reparatur bestehender Beschichtungen verwendet (Ausbesserung von <strong>Korrigierende Wartung<\/strong>).<\/li>\n<\/ol>\n<h3><strong>Komposition und Leistung<\/strong><\/h3>\n<p>Moderne monolithische Feuerfeststoffe sind komplexe Formulierungen, die auf denselben Oxiden wie Ziegelsteine basieren, darunter :<\/p>\n<ul>\n<li><strong>Aluminiumoxid<\/strong> (Al2O3), einschlie\u00dflich der\u2019<strong>Geschmolzene Tonerde<\/strong> und die\u2019<strong>Gesintertes Aluminiumoxid<\/strong> (f\u00fcr hohen Widerstand).<\/li>\n<li><strong>Siliziumdioxid<\/strong> (SiO2), oft in Form von Silikarauch (zur Verbesserung des Bindemittels und der Dichte).<\/li>\n<li><strong>Magnesia<\/strong> (MgO) oder <strong>Siliziumkarbid<\/strong> (SiC) f\u00fcr nichtoxidische Anwendungen oder hohe Schlackenbest\u00e4ndigkeit.<\/li>\n<\/ul>\n<p>Ihre Verarbeitung und Trocknung erfordern einen strengen Prozess, da Wasser und Bindemittel langsam abgef\u00fchrt werden m\u00fcssen, um Risse zu vermeiden und die richtige Bildung der keramischen Matrix des Materials zu gew\u00e4hrleisten, die f\u00fcr die <strong>Qualit\u00e4t<\/strong> der endg\u00fcltigen Beschichtung.<\/p>\n<p>Abschlie\u00dfend <strong>Monolithische Feuerfeststoffe<\/strong> sind die Flexibilit\u00e4ts- und Leistungsl\u00f6sung, mit der Betreiber nahtlose Beschichtungen aufbauen k\u00f6nnen, die die Widerstandsf\u00e4higkeit gegen chemische Angriffe verbessern und die Logistik bei der Reparatur von thermischen Ger\u00e4ten vereinfachen.<\/p>\n<p><!-- notionvc: 1891529e-8e91-4e90-8c28-47cc552e4c12 --><\/p>\n<p><!-- notionvc: 50c0bdc4-ad8b-4108-8cd6-1c882cbf6a9d --><\/p>\n<p data-start=\"3483\" data-end=\"3654\"><!-- notionvc: 55748b84-6bc7-48d1-980a-8210c919df08 --><\/p>","protected":false},"excerpt":{"rendered":"<p>Les R\u00e9fractaires Monolithiques (ou non fa\u00e7onn\u00e9s) sont des m\u00e9langes secs ou humides, pr\u00eats \u00e0 l&#8217;emploi, qui ne sont pas moul\u00e9s et cuits avant leur exp\u00e9dition (contrairement aux briques r\u00e9fractaires). Ils sont appliqu\u00e9s directement sur site pour former un rev\u00eatement continu et sans joints dans les fours et les \u00e9quipements thermiques.<\/p>","protected":false},"author":1,"featured_media":0,"parent":12324,"menu_order":0,"comment_status":"closed","ping_status":"closed","template":"","meta":{"_sitemap_exclude":false,"_sitemap_priority":"","_sitemap_frequency":"","footnotes":""},"definition":[99],"class_list":["post-12548","page","type-page","status-publish","hentry","definition-definition"],"jetpack_sharing_enabled":true,"_links":{"self":[{"href":"https:\/\/sxe-consulting.com\/de\/wp-json\/wp\/v2\/pages\/12548","targetHints":{"allow":["GET"]}}],"collection":[{"href":"https:\/\/sxe-consulting.com\/de\/wp-json\/wp\/v2\/pages"}],"about":[{"href":"https:\/\/sxe-consulting.com\/de\/wp-json\/wp\/v2\/types\/page"}],"author":[{"embeddable":true,"href":"https:\/\/sxe-consulting.com\/de\/wp-json\/wp\/v2\/users\/1"}],"replies":[{"embeddable":true,"href":"https:\/\/sxe-consulting.com\/de\/wp-json\/wp\/v2\/comments?post=12548"}],"version-history":[{"count":0,"href":"https:\/\/sxe-consulting.com\/de\/wp-json\/wp\/v2\/pages\/12548\/revisions"}],"up":[{"embeddable":true,"href":"https:\/\/sxe-consulting.com\/de\/wp-json\/wp\/v2\/pages\/12324"}],"wp:attachment":[{"href":"https:\/\/sxe-consulting.com\/de\/wp-json\/wp\/v2\/media?parent=12548"}],"wp:term":[{"taxonomy":"definition","embeddable":true,"href":"https:\/\/sxe-consulting.com\/de\/wp-json\/wp\/v2\/definition?post=12548"}],"curies":[{"name":"wp","href":"https:\/\/api.w.org\/{rel}","templated":true}]}}