{"id":12526,"date":"2025-10-21T23:22:57","date_gmt":"2025-10-21T21:22:57","guid":{"rendered":"https:\/\/sxe-consulting.com\/?page_id=12526"},"modified":"2025-10-21T23:22:57","modified_gmt":"2025-10-21T21:22:57","slug":"sillimanit-definition","status":"publish","type":"page","link":"https:\/\/sxe-consulting.com\/de\/glossaire-industriel\/sillimanite-definition\/","title":{"rendered":"Sillimanit"},"content":{"rendered":"<p>Die <strong>Sillimanit<\/strong> ist ein Mineral, das wie Andalusit und Kyanit zur Gruppe der Aluminiumsilikate geh\u00f6rt (polymorph mit der gleichen chemischen Formel: Al2SiO5). Es ist ein Schl\u00fcsselmaterial in der Hochleistungskeramik- und Feuerfestindustrie.<\/p>\n<p><!--more--><\/p>\n<p><strong>Vertiefte Definition :<\/strong> Im Gegensatz zur <strong>Mulite<\/strong> (das synthetisch hergestellt wird), ist Sillimanit ein nat\u00fcrlich vorkommendes Mineral. Seine Kristallstruktur ist bis etwa 1545\u2218C stabil. Wenn es auf h\u00f6here Temperaturen erhitzt wird (Prozess der\u2019<strong>Industrialisierung<\/strong>), zersetzt sich Sillimanit unter Bildung von <strong>Mulite<\/strong> und glasigem Siliziumdioxid. Diese Verarbeitung verleiht den aus Sillimanit hergestellten Produkten au\u00dfergew\u00f6hnliche feuerfeste und mechanische Eigenschaften, da Mulit eine hohe strukturelle Stabilit\u00e4t bietet.<\/p>\n<h3><strong>Eigenschaften und Verwendung in der Industrietechnik<\/strong><\/h3>\n<p>Sillimanit wird bei der Herstellung von feuerfesten Ziegeln wegen seiner Eigenschaften gesch\u00e4tzt, die es zu einem hervorragenden Ausgangsmaterial f\u00fcr die Herstellung von Fertigprodukten machen :<\/p>\n<ol>\n<li><strong>Stabilit\u00e4t bei hohen Temperaturen :<\/strong> Sie beh\u00e4lt ihre mechanischen Eigenschaften und verformt sich auch bei sehr hohen Temperaturen nicht.<\/li>\n<li><strong>Geringer thermischer Ausdehnungskoeffizient :<\/strong> Dies ist eine geerbte Eigenschaft der <strong>Mulite<\/strong> (sein Zersetzungsprodukt). Diese Eigenschaft sorgt f\u00fcr eine hervorragende <strong>Best\u00e4ndigkeit gegen Temperaturschocks<\/strong> (F\u00e4higkeit, schnelle Aufheiz- und Abk\u00fchlzyklen ohne Rissbildung zu \u00fcberstehen), ein kritisches Kriterium f\u00fcr einen feuerfesten Stein.<\/li>\n<li><strong>Korrosionsbest\u00e4ndigkeit :<\/strong> Sie zeigt eine gute Best\u00e4ndigkeit gegen den Angriff von Schlacke (metallurgische R\u00fcckst\u00e4nde) und einigen Gl\u00e4sern, obwohl sie geringer ist als die von fortschrittlicheren Feuerfestmaterialien wie\u2019<strong>Elektrofon AZS<\/strong>.<\/li>\n<\/ol>\n<table>\n<thead>\n<tr>\n<th>Anwendungsbereich<\/th>\n<th>Rolle Schl\u00fcssel<\/th>\n<\/tr>\n<\/thead>\n<tbody>\n<tr>\n<td><strong>Schweres Feuerfest<\/strong><\/td>\n<td>Ziegel f\u00fcr Zement\u00f6fen, Glas\u00f6fen (weniger kritische Teile), Hoch\u00f6fen<\/td>\n<\/tr>\n<tr>\n<td><strong>Technische Keramik<\/strong><\/td>\n<td>Tiegel, Formen f\u00fcr Pr\u00e4zisionsgie\u00dfereien<\/td>\n<\/tr>\n<tr>\n<td><strong>Glasindustrie<\/strong><\/td>\n<td>Auskleidungen von \u00d6fen in weniger aggressiven Bereichen als bei Verwendung von AZS<\/td>\n<\/tr>\n<\/tbody>\n<\/table>\n<h3><strong>Sillimanit vs. Mulite Synthetisch<\/strong><\/h3>\n<p>Obwohl die endg\u00fcltigen Eigenschaften von Hochleistungs-Aluminiumoxid-Siliziumoxid weitgehend auf das Vorhandensein der Phase <strong>Mulite<\/strong>, Die Verwendung von nat\u00fcrlichem Sillimanit als Rohstoff bietet oft einen wirtschaftlichen Vorteil. Sillimanit ist eine hervorragende nat\u00fcrliche Quelle f\u00fcr die beiden notwendigen Oxide (Al2O3 und SiO2) im richtigen Verh\u00e4ltnis, um stabilen Mulit zu bilden, was den Herstellungsprozess von feuerfestem Stein vereinfacht.<\/p>\n<p>Abschlie\u00dfend <strong>Sillimanit<\/strong> ist ein wesentlicher mineralischer Rohstoff, der durch seine F\u00e4higkeit, die <strong>Mulite<\/strong> bei hohen Temperaturen, erm\u00f6glicht die Herstellung von langlebigen und widerstandsf\u00e4higen feuerfesten Materialien, die direkt zur Zuverl\u00e4ssigkeit der thermischen Prozesse in der Schwerindustrie beitragen.<\/p>\n<p><!-- notionvc: 0823244f-9a6b-4b4c-ba26-35d8c874e5a2 --><\/p>","protected":false},"excerpt":{"rendered":"<p>La Sillimanite est un min\u00e9ral qui appartient au groupe des silicates d&#8217;aluminium, tout comme l&#8217;Andalousite et le Kyanite (polymorphes avec la m\u00eame formule chimique : Al2SiO5). C&#8217;est un mat\u00e9riau cl\u00e9 dans l&#8217;industrie de la c\u00e9ramique et des r\u00e9fractaires de haute performance.<\/p>","protected":false},"author":1,"featured_media":0,"parent":12324,"menu_order":0,"comment_status":"closed","ping_status":"closed","template":"","meta":{"_sitemap_exclude":false,"_sitemap_priority":"","_sitemap_frequency":"","footnotes":""},"definition":[99],"class_list":["post-12526","page","type-page","status-publish","hentry","definition-definition"],"jetpack_sharing_enabled":true,"_links":{"self":[{"href":"https:\/\/sxe-consulting.com\/de\/wp-json\/wp\/v2\/pages\/12526","targetHints":{"allow":["GET"]}}],"collection":[{"href":"https:\/\/sxe-consulting.com\/de\/wp-json\/wp\/v2\/pages"}],"about":[{"href":"https:\/\/sxe-consulting.com\/de\/wp-json\/wp\/v2\/types\/page"}],"author":[{"embeddable":true,"href":"https:\/\/sxe-consulting.com\/de\/wp-json\/wp\/v2\/users\/1"}],"replies":[{"embeddable":true,"href":"https:\/\/sxe-consulting.com\/de\/wp-json\/wp\/v2\/comments?post=12526"}],"version-history":[{"count":0,"href":"https:\/\/sxe-consulting.com\/de\/wp-json\/wp\/v2\/pages\/12526\/revisions"}],"up":[{"embeddable":true,"href":"https:\/\/sxe-consulting.com\/de\/wp-json\/wp\/v2\/pages\/12324"}],"wp:attachment":[{"href":"https:\/\/sxe-consulting.com\/de\/wp-json\/wp\/v2\/media?parent=12526"}],"wp:term":[{"taxonomy":"definition","embeddable":true,"href":"https:\/\/sxe-consulting.com\/de\/wp-json\/wp\/v2\/definition?post=12526"}],"curies":[{"name":"wp","href":"https:\/\/api.w.org\/{rel}","templated":true}]}}