{"id":12525,"date":"2025-10-21T23:23:57","date_gmt":"2025-10-21T21:23:57","guid":{"rendered":"https:\/\/sxe-consulting.com\/?page_id=12525"},"modified":"2025-10-21T23:23:57","modified_gmt":"2025-10-21T21:23:57","slug":"amdec-definition","status":"publish","type":"page","link":"https:\/\/sxe-consulting.com\/de\/glossaire-industriel\/amdec-definition\/","title":{"rendered":"FMEA (Analyse der Fehlerm\u00f6glichkeiten, ihrer Auswirkungen und ihrer Kritikalit\u00e4t)"},"content":{"rendered":"<p>L\u2019<strong>AMDEC<\/strong> (Analyse der Fehlerm\u00f6glichkeiten, ihrer Auswirkungen und ihrer Kritikalit\u00e4t), oder <strong>FMEA<\/strong> auf Englisch (<em>Failure Mode and Effects Analysis<\/em>), ist eine pr\u00e4ventive und systematische Analysemethode, die zur Identifizierung, Bewertung und Priorisierung potenzieller Fehler eines Produkts oder Prozesses sowie ihrer Auswirkungen auf den Kunden oder das System eingesetzt wird.<\/p>\n<p><!--more--><\/p>\n<p><strong>Vertiefte Definition :<\/strong> Die FMEA ist ein grundlegendes Werkzeug f\u00fcr das Management der <strong>Qualit\u00e4t<\/strong> und des <strong>Wirtschaftsingenieurwesen<\/strong>. Sie gilt vor der Phase der <strong>Serienproduktion<\/strong> (bei der\u2019<strong>Industrialisierung<\/strong>) oder vor der Implementierung eines neuen Prozesses. Im Gegensatz zur <strong>Root Cause Analysis (RCA)<\/strong> die reaktiv ist (sie analysiert ein Problem <em>nach<\/em> dass es aufgetreten ist), ist die FMEA <strong>proaktiv<\/strong>. Sie versucht, drei Fragen zu beantworten:<\/p>\n<ol>\n<li><strong>Welche Pannen sind m\u00f6glich?<\/strong> (Ausfallmodi)<\/li>\n<li><strong>Was sind die Folgen?<\/strong> (Wirkungen)<\/li>\n<li><strong>Welche Ma\u00dfnahmen sind vorrangig, um sie zu verhindern?<\/strong> (Kritikalit\u00e4t und vorbeugende Ma\u00dfnahmen)<\/li>\n<\/ol>\n<h3><strong>Die drei Arten der FMEA<\/strong><\/h3>\n<p>Die FMEA ist in der Regel nach dem Zeitpunkt der Anwendung im Produktlebenszyklus strukturiert:<\/p>\n<ol>\n<li><strong>Produkt-FMEA (FMEA-Design) :<\/strong> Wird vom Designteam verwendet, um potenzielle Fehler zu analysieren, die mit dem Produkt selbst zusammenh\u00e4ngen (Material, Form, Toleranzen, Spezifikationen des <strong>Technisches Pflichtenheft<\/strong>). Damit soll sichergestellt werden, dass das Produkt von Natur aus zuverl\u00e4ssig ist.<\/li>\n<li><strong>Prozess-FMEA (Process FMEA) :<\/strong> Vom Team verwendet <strong>Methoden<\/strong> oder <strong>Industrialisierung<\/strong> zur Analyse potenzieller Fehler in der <strong>Herstellungsprogramm<\/strong> und Montageschritte (Bedienerfehler, falsche Einstellung der Maschine, Verwendung falscher Werkzeuge). Damit soll sichergestellt werden, dass der Prozess in der Lage ist, das Produkt zuverl\u00e4ssig und in \u00dcbereinstimmung mit dem <strong>Herstellungsordner<\/strong>.<\/li>\n<li><strong>AMDEC Mittel\/Maschine (Equipment FMEA) :<\/strong> Vom Team verwendet <strong>Wartung<\/strong> um die Ausf\u00e4lle einer Produktionsanlage zu analysieren (Ausfallursache, Bedarf an <strong>Vorbeugende Instandhaltung<\/strong> oder <strong>Vorausschauende Wartung<\/strong>).<\/li>\n<\/ol>\n<h3><strong>Die Berechnung der Kritikalit\u00e4t (RPI)<\/strong><\/h3>\n<p>Das Herzst\u00fcck der FMEA ist die Bestimmung der\u2019<strong>Risikopriorit\u00e4tsindex (RPI)<\/strong> f\u00fcr jeden identifizierten Ausfallmodus. Die RPZ ist das Produkt aus drei Ratings (\u00fcblicherweise auf einer Skala von 1 bis 10):<\/p>\n<p>IPR=Gravit\u00e4t\u02ca\u00d7Vorkommen\u00d7De\u02caErfassung<\/p>\n<ol>\n<li><strong>Schwerkraft (G) :<\/strong> Bewertung der Schwere der Auswirkungen des Fehlers auf den Kunden oder Nutzer (Auswirkungen auf die Sicherheit, Funktionalit\u00e4t, die <strong>Qualit\u00e4t<\/strong>).<\/li>\n<li><strong>Vorkommen (O) :<\/strong> Sch\u00e4tzung der H\u00e4ufigkeit, mit der die Ursache des Ausfalls eintreten wird.<\/li>\n<li><strong>Aufdeckung (D) :<\/strong> Bewertung der F\u00e4higkeit des derzeitigen Kontrollsystems (Inspektion, <strong>Poka-Yoke<\/strong>, <strong>Machine Vision<\/strong>) den Ausfall zu erkennen <em>vor<\/em> bevor sie den Kunden oder die nachgelagerte Stufe erreicht.<\/li>\n<\/ol>\n<p>Die Ausfallmodi mit der h\u00f6chsten RPZ (der sogenannte <strong>20 % kritisch<\/strong> identifiziert durch die <strong>Pareto-Methode<\/strong>) sind solche, die sofortige Korrekturma\u00dfnahmen erfordern, da ihr Risiko als unannehmbar eingesch\u00e4tzt wird.<\/p>\n<h3><strong>FMEA und betriebliche Exzellenz<\/strong><\/h3>\n<p>Die FMEA ist ein m\u00e4chtiges Werkzeug f\u00fcr die\u2019<strong>Operative Exzellenz<\/strong> weil er die Teams dazu zwingt, Probleme vorauszusehen :<\/p>\n<ul>\n<li><strong>Risikovorbeugung :<\/strong> Sie erm\u00f6glicht Ma\u00dfnahmen zur Risikoreduzierung (z. B. Hinzuf\u00fcgen einer Vorrichtung <strong>Poka-Yoke<\/strong> oder \u00c4nderung der <strong>Nomenklatur - BOM<\/strong>), bevor der Ausfall teuer wird.<\/li>\n<li><strong>Unterst\u00fctzung bei der Standardisierung :<\/strong> Die zur Reduzierung der RPZ gew\u00e4hlten Ma\u00dfnahmen (z. B. Verbesserung der Erkennung oder Verringerung des Auftretens) werden in die <strong>Arbeitsanweisungen<\/strong> und beim <strong>Herstellungsordner<\/strong>, und st\u00e4rkt die <strong>Standardisierung<\/strong>.<\/li>\n<li><strong>KAIZEN F\u00fctterung :<\/strong> Jedes Mal, wenn trotz FMEA ein Fehler auftritt, wird die Analyse aktualisiert, die Annahmen werden korrigiert und das neue Risikoniveau wird in den Zyklus aufgenommen <strong>PDCA (Plan-Do-Check-Act)<\/strong> f\u00fcr eine <strong>Kontinuierliche Verbesserung (KAIZEN)<\/strong>.<\/li>\n<\/ul>\n<p>Zusammenfassend l\u00e4sst sich sagen, dass die\u2019<strong>AMDEC<\/strong> ist das methodische Werkzeug, das es einer Organisation erm\u00f6glicht, ihren Umgang mit Problemen von einer reaktiven Haltung (Ausf\u00e4lle erleiden) zu einer proaktiven Haltung (Ausf\u00e4lle verhindern) zu ver\u00e4ndern und damit die Zuverl\u00e4ssigkeit und die <strong>Industrielle Leistung<\/strong> nachhaltig.<\/p>\n<p><!-- notionvc: e6d09db2-21d7-4381-a86d-17fbd9016710 --><\/p>","protected":false},"excerpt":{"rendered":"<p>L&#8217;AMDEC (Analyse des Modes de D\u00e9faillance, de leurs Effets et de leur Criticit\u00e9), ou FMEA en anglais (Failure Mode and Effects Analysis), est une m\u00e9thode d&#8217;analyse pr\u00e9ventive et syst\u00e9matique utilis\u00e9e pour identifier, \u00e9valuer et hi\u00e9rarchiser les d\u00e9faillances potentielles d&#8217;un produit ou d&#8217;un processus, ainsi que leurs impacts sur le client ou sur le syst\u00e8me.<\/p>","protected":false},"author":1,"featured_media":0,"parent":12324,"menu_order":0,"comment_status":"closed","ping_status":"closed","template":"","meta":{"_sitemap_exclude":false,"_sitemap_priority":"","_sitemap_frequency":"","footnotes":""},"definition":[99],"class_list":["post-12525","page","type-page","status-publish","hentry","definition-definition"],"jetpack_sharing_enabled":true,"_links":{"self":[{"href":"https:\/\/sxe-consulting.com\/de\/wp-json\/wp\/v2\/pages\/12525","targetHints":{"allow":["GET"]}}],"collection":[{"href":"https:\/\/sxe-consulting.com\/de\/wp-json\/wp\/v2\/pages"}],"about":[{"href":"https:\/\/sxe-consulting.com\/de\/wp-json\/wp\/v2\/types\/page"}],"author":[{"embeddable":true,"href":"https:\/\/sxe-consulting.com\/de\/wp-json\/wp\/v2\/users\/1"}],"replies":[{"embeddable":true,"href":"https:\/\/sxe-consulting.com\/de\/wp-json\/wp\/v2\/comments?post=12525"}],"version-history":[{"count":0,"href":"https:\/\/sxe-consulting.com\/de\/wp-json\/wp\/v2\/pages\/12525\/revisions"}],"up":[{"embeddable":true,"href":"https:\/\/sxe-consulting.com\/de\/wp-json\/wp\/v2\/pages\/12324"}],"wp:attachment":[{"href":"https:\/\/sxe-consulting.com\/de\/wp-json\/wp\/v2\/media?parent=12525"}],"wp:term":[{"taxonomy":"definition","embeddable":true,"href":"https:\/\/sxe-consulting.com\/de\/wp-json\/wp\/v2\/definition?post=12525"}],"curies":[{"name":"wp","href":"https:\/\/api.w.org\/{rel}","templated":true}]}}