{"id":12524,"date":"2025-10-21T23:24:47","date_gmt":"2025-10-21T21:24:47","guid":{"rendered":"https:\/\/sxe-consulting.com\/?page_id=12524"},"modified":"2025-10-21T23:24:59","modified_gmt":"2025-10-21T21:24:59","slug":"lanalyse-8d-definition","status":"publish","type":"page","link":"https:\/\/sxe-consulting.com\/de\/glossaire-industriel\/lanalyse-8d-definition\/","title":{"rendered":"Die 8D-Analyse"},"content":{"rendered":"<p>L\u2019<strong>8D-Analyse<\/strong> (oder <strong>Acht Probleml\u00f6sungsdisziplinen<\/strong>) ist eine strukturierte und sehr strenge Probleml\u00f6sungsmethode, die standardisiert ist und in der Industrie, insbesondere in der Automobilbranche, weit verbreitet ist. Es handelt sich um einen Ansatz zur <strong>Root Cause Analysis (RCA)<\/strong> die auf die L\u00f6sung eines wiederkehrenden oder kritischen Problems abzielt <strong>schnell, effizient und endg\u00fcltig<\/strong>.<\/p>\n<p><!--more--><\/p>\n<p><strong>Vertiefte Definition :<\/strong> Der 8D-Ansatz ist ein Prozess <strong>reaktiv<\/strong> (im Gegensatz zu\u2019<strong>AMDEC<\/strong> die pr\u00e4ventiv ist), die ausgel\u00f6st wird, wenn ein gr\u00f6\u00dferer Kundenfehler, eine schwerwiegende Nichtkonformit\u00e4t oder ein Fehler mit erheblichen Auswirkungen auf die <strong>Industrielle Leistung<\/strong> identifiziert wird (z. B. ein kritischer Abfall des <strong>TRS<\/strong> oder eine hohe Anzahl an Ausschuss). Sie legt den Schwerpunkt auf die <strong>Zusammenarbeit<\/strong> und die <strong>Standardisierung<\/strong> von Ma\u00dfnahmen. Sie begn\u00fcgt sich nicht damit, eine schnelle L\u00f6sung zu finden, sondern stellt sicher, dass die eigentliche Ursache (<em>Root Cause<\/em>) beseitigt wird und Ma\u00dfnahmen ergriffen werden, damit das Problem nie wieder auftritt.<\/p>\n<h3><strong>Die acht Schritte (Disziplinen) der 8D-Analyse<\/strong><\/h3>\n<p>Die 8D-Analyse ist ein logischer Weg, der oft in einem standardisierten Bericht dokumentiert wird und sich nahtlos in den Zyklus einf\u00fcgt <strong>PDCA (Plan-Do-Check-Act)<\/strong> :<\/p>\n<h3><strong>D1. Team zusammenstellen (Plan)<\/strong><\/h3>\n<ul>\n<li><strong>Ziele:<\/strong> Ein multidisziplin\u00e4res Team zusammenstellen.<\/li>\n<li><strong>Aktion :<\/strong> Beteiligen Sie die Personen, die das betreffende Produkt oder den Prozess am besten kennen (Qualit\u00e4t, Produktion, <strong>Wirtschaftsingenieurwesen<\/strong>, Wartung, usw.).<\/li>\n<\/ul>\n<h3><strong>D2. Beschreiben Sie das Problem (Plan)<\/strong><\/h3>\n<ul>\n<li><strong>Ziele:<\/strong> Definieren Sie das Problem klar und sachlich.<\/li>\n<li><strong>Aktion :<\/strong> Verwendung von 5W2H (Was, Wo, Wann, Wer, Warum, Wie, Wieviel) und Produktionsdaten (<strong>Big Data<\/strong> aus dem <strong>MEINE<\/strong>), um die Abweichung zu quantifizieren und die Nichtkonformit\u00e4t zum <strong>Technisches Pflichtenheft<\/strong>.<\/li>\n<\/ul>\n<h3><strong>D3. Einschlie\u00dfungsma\u00dfnahmen einleiten (Notfallma\u00dfnahmen)<\/strong><\/h3>\n<ul>\n<li><strong>Ziele:<\/strong> Sch\u00fctzen Sie den Kunden und stoppen Sie die Blutung.<\/li>\n<li><strong>Aktion :<\/strong> Isolieren und Sortieren potenziell fehlerhafter Produkte (laufende Best\u00e4nde, Lager und Kunden), um die <strong>Qualit\u00e4t<\/strong> der n\u00e4chsten Lieferungen.<\/li>\n<\/ul>\n<h3><strong>D4. Bestimmung der Wurzelursache (Root Cause Analysis - RCA)<\/strong><\/h3>\n<ul>\n<li><strong>Ziele:<\/strong> Identifizieren Sie die grundlegende Ursache, die dazu gef\u00fchrt hat, dass das Problem aufgetreten ist.<\/li>\n<li><strong>Aktion :<\/strong> Verwendung von Analysewerkzeugen (Ishikawa, 5 Warum), um von der Ursache des Symptoms zur eigentlichen Ursache der Fehlfunktion des Systems zu gelangen (z. B. Fehler in der <strong>Standardisierung<\/strong> oder <strong>Poka-Yoke<\/strong> fehlt).<\/li>\n<\/ul>\n<h3><strong>D5. St\u00e4ndige Korrekturma\u00dfnahmen festlegen und \u00fcberpr\u00fcfen (Plan\/Do\/Check)<\/strong><\/h3>\n<ul>\n<li><strong>Ziele:<\/strong> Finden Sie eine L\u00f6sung, die die Wurzelursache beseitigt.<\/li>\n<li><strong>Aktion :<\/strong> Definieren und testen Sie die L\u00f6sung. Das Testen ist entscheidend und soll zeigen, dass das Problem endg\u00fcltig gel\u00f6st ist (Phase <em>Check<\/em> von <strong>PDCA<\/strong>). Die Analyse <strong>Pareto<\/strong> kann dabei helfen, die effektivste L\u00f6sung ins Visier zu nehmen.<\/li>\n<\/ul>\n<h3><strong>D6. St\u00e4ndige Korrekturma\u00dfnahmen durchf\u00fchren (Act)<\/strong><\/h3>\n<ul>\n<li><strong>Ziele:<\/strong> Setzen Sie die getestete und validierte L\u00f6sung ma\u00dfstabsgetreu ein.<\/li>\n<li><strong>Aktion :<\/strong> Implementierung der L\u00f6sung, Aktualisierung der <strong>Nomenklatur (BOM)<\/strong>, der <strong>Herstellungsprogramm<\/strong> und <strong>Arbeitsanweisungen<\/strong> in der <strong>Herstellungsordner<\/strong> (Phase <em>Akt<\/em> von <strong>PDCA<\/strong>).<\/li>\n<\/ul>\n<h3><strong>D7. Pr\u00e4ventive Ma\u00dfnahmen einleiten (Pr\u00e4vention)<\/strong><\/h3>\n<ul>\n<li><strong>Ziele:<\/strong> Die L\u00f6sung auf andere \u00e4hnliche Produkte oder Prozesse anwenden, um zu verhindern, dass sie an anderer Stelle wiederkehrt (Kapitalisierung).<\/li>\n<li><strong>Aktion :<\/strong> Aktualisieren Sie die <strong>AMDEC<\/strong> existieren und die gelernte Lektion weitergeben (Lektion des <strong>KAIZEN<\/strong>).<\/li>\n<\/ul>\n<h3><strong>D8. Dem Team gratulieren (Abschluss)<\/strong><\/h3>\n<ul>\n<li><strong>Ziele:<\/strong> Die gemeinsame Anstrengung anerkennen und den Zyklus offiziell abschlie\u00dfen.<\/li>\n<\/ul>\n<h3><strong>8D und Operational Excellence<\/strong><\/h3>\n<p>L\u2019<strong>8D-Analyse<\/strong> ist eine S\u00e4ule der\u2019<strong>Kontinuierliche Verbesserung<\/strong>. Sie strukturiert den L\u00f6sungsansatz, um jede Krise von <strong>Qualit\u00e4t<\/strong> in eine Gelegenheit zum Lernen und zur St\u00e4rkung von Prozessen. Sie ist ein unverzichtbares Instrument, um <strong>die Beseitigung von Verschwendung dauerhaft verankern<\/strong> (<em>Muda<\/em>), die durch Defekte und Ausf\u00e4lle verursacht werden, garantieren eine h\u00f6here Zuverl\u00e4ssigkeit der <strong>Serienproduktion<\/strong>.<\/p>\n<p><!-- notionvc: 4320777a-15c4-4fc2-bfac-b4779a4df9f3 --><\/p>","protected":false},"excerpt":{"rendered":"<p>L&#8217;Analyse 8D (ou Huit Disciplines de R\u00e9solution de Probl\u00e8mes) est une m\u00e9thodologie de r\u00e9solution de probl\u00e8mes structur\u00e9e et tr\u00e8s rigoureuse, standardis\u00e9e et largement adopt\u00e9e dans l&#8217;industrie, en particulier dans l&#8217;automobile. C&#8217;est une d\u00e9marche de Root Cause Analysis (RCA) qui vise \u00e0 r\u00e9soudre un probl\u00e8me r\u00e9current ou critique rapidement, efficacement, et de mani\u00e8re d\u00e9finitive.<\/p>","protected":false},"author":1,"featured_media":0,"parent":12324,"menu_order":0,"comment_status":"closed","ping_status":"closed","template":"","meta":{"_sitemap_exclude":false,"_sitemap_priority":"","_sitemap_frequency":"","footnotes":""},"definition":[99],"class_list":["post-12524","page","type-page","status-publish","hentry","definition-definition"],"jetpack_sharing_enabled":true,"_links":{"self":[{"href":"https:\/\/sxe-consulting.com\/de\/wp-json\/wp\/v2\/pages\/12524","targetHints":{"allow":["GET"]}}],"collection":[{"href":"https:\/\/sxe-consulting.com\/de\/wp-json\/wp\/v2\/pages"}],"about":[{"href":"https:\/\/sxe-consulting.com\/de\/wp-json\/wp\/v2\/types\/page"}],"author":[{"embeddable":true,"href":"https:\/\/sxe-consulting.com\/de\/wp-json\/wp\/v2\/users\/1"}],"replies":[{"embeddable":true,"href":"https:\/\/sxe-consulting.com\/de\/wp-json\/wp\/v2\/comments?post=12524"}],"version-history":[{"count":0,"href":"https:\/\/sxe-consulting.com\/de\/wp-json\/wp\/v2\/pages\/12524\/revisions"}],"up":[{"embeddable":true,"href":"https:\/\/sxe-consulting.com\/de\/wp-json\/wp\/v2\/pages\/12324"}],"wp:attachment":[{"href":"https:\/\/sxe-consulting.com\/de\/wp-json\/wp\/v2\/media?parent=12524"}],"wp:term":[{"taxonomy":"definition","embeddable":true,"href":"https:\/\/sxe-consulting.com\/de\/wp-json\/wp\/v2\/definition?post=12524"}],"curies":[{"name":"wp","href":"https:\/\/api.w.org\/{rel}","templated":true}]}}