{"id":12523,"date":"2025-10-21T23:25:45","date_gmt":"2025-10-21T21:25:45","guid":{"rendered":"https:\/\/sxe-consulting.com\/?page_id=12523"},"modified":"2025-10-21T23:25:45","modified_gmt":"2025-10-21T21:25:45","slug":"andalusien-definition","status":"publish","type":"page","link":"https:\/\/sxe-consulting.com\/de\/glossaire-industriel\/andalousite-definition\/","title":{"rendered":"Andalusien"},"content":{"rendered":"<p>L\u2019<strong>Andalusien<\/strong> ist ein nat\u00fcrlich vorkommendes Aluminiumsilikatmineral mit der chemischen Formel Al2SiO5. Es ist eines der drei polymorphen (mit dem <strong>Sillimanit<\/strong> und Kyanit), d. h. es teilt die gleiche chemische Zusammensetzung wie seine Gegenst\u00fccke, besitzt aber eine andere Kristallstruktur.<\/p>\n<p><!--more--><\/p>\n<p><strong>Vertiefte Definition :<\/strong> Andalusit ist im Bereich der feuerfesten Materialien wegen seiner einzigartigen und kontrollierbaren Umwandlung bei hohen Temperaturen sehr begehrt. Wenn es erhitzt wird, zerf\u00e4llt es und verwandelt sich in <strong>Mulite<\/strong> (das bei hohen Temperaturen stabile Al2O3-SiO2-Oxid) und in eine kleine Menge geschmolzenes (glasiges) Siliziumdioxid. Diese Umwandlung wird begleitet von einem <strong>stabile und reproduzierbare volumetrische Aufbl\u00e4hung<\/strong> (bis zu 6-8 %), ein Schl\u00fcsselph\u00e4nomen in der\u2019<strong>Industrialisierung<\/strong> feuerfesten Materialien.<\/p>\n<h3><strong>Schl\u00fcsseleigenschaften und industrieller Vorteil<\/strong><\/h3>\n<p>Der Hauptvorteil von Andalusien bei der Herstellung von feuerfesten ****Steinen liegt in der Art und Weise, wie sich seine Eigenschaften beim endg\u00fcltigen Brennen der feuerfesten Produkte ver\u00e4ndern :<\/p>\n<ol>\n<li><strong>Widerstand gegen Stauchung (Shrinkage) :<\/strong> Durch das Aufquellen von Andalusit bei der Umwandlung in Mulit wird die nat\u00fcrliche Schrumpfung (Schrumpfung) der anderen feuerfesten Komponenten auf Ton- oder Aluminiumoxidbasis ausgeglichen. Das Endprodukt weist somit eine hervorragende <strong>Dimensionsstabilit\u00e4t<\/strong>, Die meisten von ihnen sind f\u00fcr den Bau von \u00d6fen unerl\u00e4sslich.<\/li>\n<li><strong>Widerstand gegen Thermoschocks :<\/strong> Wenn es zu Mulite verarbeitet wird, verleiht es den Produkten eine geringe W\u00e4rmeausdehnung, wodurch ihre Widerstandsf\u00e4higkeit gegen schnelle Temperaturschwankungen verbessert wird und somit ihre <strong>Industrielle Leistung<\/strong>.<\/li>\n<li><strong>Geringe Porosit\u00e4t :<\/strong> Durch das Aufquellen werden die beim Sintern entstehenden Poren gef\u00fcllt, wodurch dichtere feuerfeste Steine entstehen, die weniger durchl\u00e4ssig f\u00fcr Schlacke (R\u00fcckst\u00e4nde) und korrosive B\u00e4der sind, wodurch die Lebensdauer der Auskleidung verl\u00e4ngert wird.<\/li>\n<\/ol>\n<table>\n<thead>\n<tr>\n<th>Anwendungsbereich<\/th>\n<th>Rolle Schl\u00fcssel<\/th>\n<\/tr>\n<\/thead>\n<tbody>\n<tr>\n<td><strong>Stahlindustrie (Eisen- und Stahlmetallurgie)<\/strong><\/td>\n<td>Feuerfeste Steine f\u00fcr Gie\u00dfpfannen, Elektrolichtbogen\u00f6fen und Stranggie\u00dfsysteme<\/td>\n<\/tr>\n<tr>\n<td><strong>Technische Keramik und Industrie\u00f6fen<\/strong><\/td>\n<td>Gew\u00f6lbe, W\u00e4nde und Elemente von \u00d6fen, die eine gute mechanische Festigkeit und Stabilit\u00e4t gegen\u00fcber W\u00e4rmezyklen erfordern<\/td>\n<\/tr>\n<tr>\n<td><strong>Zementwerke<\/strong><\/td>\n<td>Kritische Bereiche beim Einlegen<\/td>\n<\/tr>\n<\/tbody>\n<\/table>\n<h3><strong>Andalusien im Kontext der operativen Exzellenz<\/strong><\/h3>\n<p>Die Verwendung von Andalusit, oft in Kombination mit anderen Rohstoffen wie z. B. dem\u2019<strong>Gesintertes Aluminiumoxid<\/strong> oder die\u2019<strong>Geschmolzene Tonerde<\/strong>, Die Kosten f\u00fcr die W\u00e4rmebehandlung k\u00f6nnen von Unternehmen besser kontrolliert werden:<\/p>\n<ul>\n<li><strong>Hohe Zuverl\u00e4ssigkeit :<\/strong> Stabilere und dichtere Ofenbeschichtungen bedeuten weniger Reparaturen und ungeplante Ausfallzeiten.<\/li>\n<li><strong>Beste Qualit\u00e4t :<\/strong> Die Verringerung des Kriechens und der Erosion der Beschichtung minimiert die Kontamination des geschmolzenen Produkts (Metall, Glas) und gew\u00e4hrleistet so eine bessere <strong>Qualit\u00e4t<\/strong> der Produktion.<\/li>\n<\/ul>\n<p>Zusammenfassend l\u00e4sst sich sagen, dass die\u2019<strong>Andalusien<\/strong> ist ein nat\u00fcrliches Aluminiumsilikat, dessen einzigartiges Verhalten bei hohen Temperaturen einen strategischen Vorteil bei der Herstellung von langlebigen feuerfesten Steinen darstellt, die eine wirtschaftliche und technische L\u00f6sung f\u00fcr die anspruchsvollsten thermischen Umgebungen bieten.<\/p>\n<p><!-- notionvc: f2b53eec-61e0-44ef-974c-eb086f4ea85c --><\/p>","protected":false},"excerpt":{"rendered":"<p>L&#8217;Andalousite est un min\u00e9ral silicat\u00e9 d&#8217;aluminium naturel de formule chimique Al2SiO5. Elle est l&#8217;un des trois polymorphes (avec la Sillimanite et le Kyanite), c&#8217;est-\u00e0-dire qu&#8217;elle partage la m\u00eame composition chimique que ses homologues, mais poss\u00e8de une structure cristalline diff\u00e9rente.<\/p>","protected":false},"author":1,"featured_media":0,"parent":12324,"menu_order":0,"comment_status":"closed","ping_status":"closed","template":"","meta":{"_sitemap_exclude":false,"_sitemap_priority":"","_sitemap_frequency":"","footnotes":""},"definition":[99],"class_list":["post-12523","page","type-page","status-publish","hentry","definition-definition"],"jetpack_sharing_enabled":true,"_links":{"self":[{"href":"https:\/\/sxe-consulting.com\/de\/wp-json\/wp\/v2\/pages\/12523","targetHints":{"allow":["GET"]}}],"collection":[{"href":"https:\/\/sxe-consulting.com\/de\/wp-json\/wp\/v2\/pages"}],"about":[{"href":"https:\/\/sxe-consulting.com\/de\/wp-json\/wp\/v2\/types\/page"}],"author":[{"embeddable":true,"href":"https:\/\/sxe-consulting.com\/de\/wp-json\/wp\/v2\/users\/1"}],"replies":[{"embeddable":true,"href":"https:\/\/sxe-consulting.com\/de\/wp-json\/wp\/v2\/comments?post=12523"}],"version-history":[{"count":0,"href":"https:\/\/sxe-consulting.com\/de\/wp-json\/wp\/v2\/pages\/12523\/revisions"}],"up":[{"embeddable":true,"href":"https:\/\/sxe-consulting.com\/de\/wp-json\/wp\/v2\/pages\/12324"}],"wp:attachment":[{"href":"https:\/\/sxe-consulting.com\/de\/wp-json\/wp\/v2\/media?parent=12523"}],"wp:term":[{"taxonomy":"definition","embeddable":true,"href":"https:\/\/sxe-consulting.com\/de\/wp-json\/wp\/v2\/definition?post=12523"}],"curies":[{"name":"wp","href":"https:\/\/api.w.org\/{rel}","templated":true}]}}