{"id":12522,"date":"2025-10-21T23:26:31","date_gmt":"2025-10-21T21:26:31","guid":{"rendered":"https:\/\/sxe-consulting.com\/?page_id=12522"},"modified":"2025-10-21T23:26:31","modified_gmt":"2025-10-21T21:26:31","slug":"largile-refractaire-definition","status":"publish","type":"page","link":"https:\/\/sxe-consulting.com\/de\/glossaire-industriel\/largile-refractaire-definition\/","title":{"rendered":"Feuerfester Ton"},"content":{"rendered":"<p>L\u2019<strong>Feuerfeste Tonerde<\/strong> (oder Refractory Brick Clay) ist eine Art nat\u00fcrlicher Ton, der sich durch seine <strong>hohe Reinheit<\/strong> und seine <strong>geringer Gehalt an Flussmitteln<\/strong> (Eisen-, Kalzium-, Kaliumoxide usw.). Diese Eigenschaften erm\u00f6glichen es ihm, seine Form und mechanische Festigkeit beizubehalten, ohne bei sehr hohen Temperaturen (\u00fcber 1500\u2218C) weich zu werden oder sich zu verformen.<\/p>\n<p><!--more--><\/p>\n<p><strong>Vertiefte Definition :<\/strong> Chemisch gesehen besteht feuerfeste Tonerde haupts\u00e4chlich aus <strong>Kaolinit<\/strong> (ein hydratisiertes Aluminiumsilikat) und von <strong>Siliziumdioxid<\/strong> (SiO2) frei. Das Fehlen von Flussmitteln ist entscheidend, da diese Verunreinigungen den Schmelzpunkt von gew\u00f6hnlichem Ton senken. Aufgrund dieser Zusammensetzung ist er einer der \u00e4ltesten und am h\u00e4ufigsten verwendeten Rohstoffe in der\u2019<strong>Industrialisierung<\/strong> f\u00fcr die Herstellung von feuerfesten Produkten.<\/p>\n<h3><strong>Rolle bei der Herstellung von feuerfesten Materialien<\/strong><\/h3>\n<p>Feuerfeste Tonerde wird bei der Herstellung von feuerfestem Stein auf zwei Hauptarten verwendet:<\/p>\n<ol>\n<li><strong>Rohstoff f\u00fcr gebrannte feuerfeste Ziegel :<\/strong> Ton wird mit anderen Materialien (wie z. B. <strong>Siliziumdioxid<\/strong>, Die <strong>Mulite<\/strong>, oder Schamotte - vorgebrannter Ton) und bei hohen Temperaturen gebrannt. Das Brennen bewirkt, dass das Aluminiumsilikat dehydriert und in Mulit und Siliziumdioxid umgewandelt wird. Die daraus resultierende Struktur ist mikropor\u00f6s, leicht und sehr isolierend.<\/li>\n<li><strong>Bindemittel in ungestalteten Feuerfesten :<\/strong> Mit Wasser vermischt ist Ton ein hervorragendes Bindemittel f\u00fcr nicht geformte feuerfeste Materialien (wie Feuerbeton oder M\u00f6rtel), die zum Versiegeln oder Auskleiden von \u00d6fen verwendet werden. Sie verleiht die f\u00fcr die Verarbeitung erforderliche Plastizit\u00e4t.<\/li>\n<\/ol>\n<h3><strong>Eigenschaften und Grenzen<\/strong><\/h3>\n<p>Obwohl er der Ausgangspunkt f\u00fcr viele feuerfeste Produkte ist, weist feuerfeste Tonerde Leistungseigenschaften auf, die sie hinter den fortschrittlichsten technischen Keramikmaterialien zur\u00fcckstehen lassen:<\/p>\n<table>\n<thead>\n<tr>\n<th>Eigentum<\/th>\n<th>Merkmal<\/th>\n<th>Vergleich (vs. AZS)<\/th>\n<\/tr>\n<\/thead>\n<tbody>\n<tr>\n<td><strong>Refrakt\u00e4rit\u00e4t<\/strong><\/td>\n<td>Hoch (bis zu 1700\u2218C)<\/td>\n<td>Weniger als die\u2019<strong>Elektrofon AZS<\/strong> oder auf die reine <strong>Geschmolzene Tonerde<\/strong><\/td>\n<\/tr>\n<tr>\n<td><strong>Thermische Isolierung<\/strong><\/td>\n<td>Gut (oft \u00fcberragend)<\/td>\n<td>Ziegel sind leichter und isolieren besser als massive elektrogeschmolzene Bl\u00f6cke.<\/td>\n<\/tr>\n<tr>\n<td><strong>Mechanischer Widerstand<\/strong><\/td>\n<td>Durchschnitt<\/td>\n<td>Gering im Vergleich zu synthetischen und elektrogeschmolzenen Materialien.<\/td>\n<\/tr>\n<tr>\n<td><strong>Korrosionsbest\u00e4ndigkeit<\/strong><\/td>\n<td>Gering bis Mittel<\/td>\n<td>Sehr anf\u00e4llig f\u00fcr den Angriff von Schlacken, Alkalien (wie sie von der\u2019<strong>Elektrofoniert \u03b1-\u03b2<\/strong>) und geschmolzenes Glas.<\/td>\n<\/tr>\n<\/tbody>\n<\/table>\n<h3><strong>Feuerfeste Tonerde im industriellen Kontext<\/strong><\/h3>\n<p>Im Rahmen des <strong>Wirtschaftsingenieurwesen<\/strong>, Schamottierte Tonerde wird f\u00fcr Anwendungen gew\u00e4hlt, bei denen die\u2019<strong>W\u00e4rmed\u00e4mmung<\/strong> und der <strong>Kosten<\/strong> sind die prim\u00e4ren Kriterien, nicht die Erosionsbest\u00e4ndigkeit :<\/p>\n<ul>\n<li><strong>Glasindustrie :<\/strong> Wird in den oberen Bereichen von \u00d6fen oder Regeneratoren verwendet (dort, wo die Temperatur hoch ist, aber keine Glaskorrosion auftritt).<\/li>\n<li><strong>Keramik- und Ziegel\u00f6fen :<\/strong> Innenauskleidung von \u00d6fen, wo sie viele Heizzyklen \u00fcberstehen kann, ohne sich zu verformen.<\/li>\n<\/ul>\n<p>Feuerfeste Tonerde ist ein hervorragendes Beispiel f\u00fcr einen nat\u00fcrlichen Rohstoff, der dank der Prozesse der\u2019<strong>Industrialisierung<\/strong> kontrolliert, erm\u00f6glicht die Herstellung von Materialien, die f\u00fcr den Hochtemperaturbetrieb in der Industrie kritisch sind, und bietet gleichzeitig eine kosteng\u00fcnstige Alternative zu hochentwickelten technischen Keramiken.<\/p>\n<p><!-- notionvc: 96583ca3-812a-4869-bd52-ed3c092b61e0 --><\/p>","protected":false},"excerpt":{"rendered":"<p>L&#8217;Argile R\u00e9fractaire (ou Argile \u00e0 Briques R\u00e9fractaires) est un type d&#8217;argile naturelle caract\u00e9ris\u00e9e par sa grande puret\u00e9 et sa faible teneur en fondants (oxydes de fer, de calcium, de potassium, etc.). Ces caract\u00e9ristiques lui permettent de conserver sa forme et sa r\u00e9sistance m\u00e9canique sans se ramollir ou se d\u00e9former \u00e0 des temp\u00e9ratures tr\u00e8s \u00e9lev\u00e9es (sup\u00e9rieures [&hellip;]<\/p>\n","protected":false},"author":1,"featured_media":0,"parent":12324,"menu_order":0,"comment_status":"closed","ping_status":"closed","template":"","meta":{"_sitemap_exclude":false,"_sitemap_priority":"","_sitemap_frequency":"","footnotes":""},"definition":[99],"class_list":["post-12522","page","type-page","status-publish","hentry","definition-definition"],"jetpack_sharing_enabled":true,"_links":{"self":[{"href":"https:\/\/sxe-consulting.com\/de\/wp-json\/wp\/v2\/pages\/12522","targetHints":{"allow":["GET"]}}],"collection":[{"href":"https:\/\/sxe-consulting.com\/de\/wp-json\/wp\/v2\/pages"}],"about":[{"href":"https:\/\/sxe-consulting.com\/de\/wp-json\/wp\/v2\/types\/page"}],"author":[{"embeddable":true,"href":"https:\/\/sxe-consulting.com\/de\/wp-json\/wp\/v2\/users\/1"}],"replies":[{"embeddable":true,"href":"https:\/\/sxe-consulting.com\/de\/wp-json\/wp\/v2\/comments?post=12522"}],"version-history":[{"count":0,"href":"https:\/\/sxe-consulting.com\/de\/wp-json\/wp\/v2\/pages\/12522\/revisions"}],"up":[{"embeddable":true,"href":"https:\/\/sxe-consulting.com\/de\/wp-json\/wp\/v2\/pages\/12324"}],"wp:attachment":[{"href":"https:\/\/sxe-consulting.com\/de\/wp-json\/wp\/v2\/media?parent=12522"}],"wp:term":[{"taxonomy":"definition","embeddable":true,"href":"https:\/\/sxe-consulting.com\/de\/wp-json\/wp\/v2\/definition?post=12522"}],"curies":[{"name":"wp","href":"https:\/\/api.w.org\/{rel}","templated":true}]}}