{"id":12521,"date":"2025-10-21T23:27:22","date_gmt":"2025-10-21T21:27:22","guid":{"rendered":"https:\/\/sxe-consulting.com\/?page_id=12521"},"modified":"2025-10-21T23:27:22","modified_gmt":"2025-10-21T21:27:22","slug":"brainstorming-definition","status":"publish","type":"page","link":"https:\/\/sxe-consulting.com\/de\/glossaire-industriel\/brainstorming-definition\/","title":{"rendered":"Brainstorming (oder \u00abBrainstorming\u00bb)"},"content":{"rendered":"<p>Die <strong>Brainstorming<\/strong>, oder <strong>\u00abBrainstorming\u00bb<\/strong>, ist eine kreative Gruppenarbeitstechnik, die darauf abzielt, in einer begrenzten Zeit m\u00f6glichst viele Ideen zu einem bestimmten Thema (Problem, Gelegenheit oder Ursache und Wirkung) zu produzieren. Sie ist ein wichtiges Instrument, um das laterale Denken anzuregen und die <strong>Zusammenarbeit<\/strong> der Teams.<\/p>\n<p><!--more--><\/p>\n<p><strong>Vertiefte Definition :<\/strong> Das Brainstorming wurde in den 1940er Jahren von Alex Osborn entwickelt und beruht auf dem Prinzip der <strong>Trennung von Generierungs- und Bewertungsphase<\/strong> der Ideen. Das urspr\u00fcngliche Ziel ist die <strong>Menge<\/strong>, nicht die Qualit\u00e4t. Diese Technik wird h\u00e4ufig in der Phase der <strong>Planung (Plan)<\/strong> des Zyklus <strong>PDCA<\/strong> oder beim Schritt <strong>D4 (Die Wurzel der Ursache ermitteln)<\/strong> einer <strong>8D-Analyse<\/strong>, Wenn das Team alle m\u00f6glichen Wege f\u00fcr eine bestimmte Aufgabe erkunden muss, kann es sich auf die Suche nach einer L\u00f6sung machen. <strong>Root Cause Analysis (RCA)<\/strong>.<\/p>\n<h3><strong>Die vier Grundregeln des Brainstormings<\/strong><\/h3>\n<p>Um den Erfolg einer Sitzung zu gew\u00e4hrleisten, muss der Moderator darauf achten, dass diese vier einfachen Regeln eingehalten werden, die Schl\u00fcsselprinzipien f\u00fcr ein partizipatives Management sind:<\/p>\n<ol>\n<li><strong>Menge anstreben :<\/strong> Je mehr Ideen es gibt, desto gr\u00f6\u00dfer ist die Chance, die ideale L\u00f6sung zu finden. Quantit\u00e4t ist das erste Ziel.<\/li>\n<li><strong>Verbot, zu kritisieren oder zu urteilen :<\/strong> Urteilen (positiv oder negativ) ist w\u00e4hrend der Generierungsphase strengstens untersagt. Auch die verr\u00fccktesten oder einfachsten Ideen m\u00fcssen kritiklos aufgenommen werden, um Selbstzensur zu vermeiden.<\/li>\n<li><strong>Ermutigung zu originellen und exzentrischen Ideen :<\/strong> Unkonventionelle Ideen werden gef\u00f6rdert, da sie oft zu unerwarteten L\u00f6sungen oder Br\u00fcchen f\u00fchren k\u00f6nnen.<\/li>\n<li><strong>Ideen kombinieren und verbessern (Synergieph\u00e4nomen) :<\/strong> Die Teilnehmer werden aufgefordert, an den Ideen der anderen abzuprallen, um sie zu verbessern, zusammenzuf\u00fchren oder umzuwandeln. Die endg\u00fcltige Idee ist oft das Ergebnis einer Kombination aus mehreren Vorschl\u00e4gen.<\/li>\n<\/ol>\n<h3><strong>Brainstorming im Kontext von Industrial Engineering<\/strong><\/h3>\n<p>Brainstorming ist unerl\u00e4sslich, um die\u2019<strong>Kontinuierliche Verbesserung (KAIZEN)<\/strong> und Risikomanagement :<\/p>\n<ul>\n<li><strong>Probleml\u00f6sung (RCA) :<\/strong> Wenn die Daten (\u00fcber das <strong>Big Data<\/strong> oder die <strong>KPI<\/strong> wie der <strong>TRS<\/strong>) ein Problem identifizieren (z. B. eine wiederkehrende St\u00f6rung oder einen Qualit\u00e4tsmangel), ist Brainstorming das ideale Werkzeug, um alle m\u00f6glichen Ursachen zu generieren, bevor sie validiert werden (oft mithilfe der <strong>Pareto-Methode<\/strong> um sie zu priorisieren).<\/li>\n<li><strong>Design und FMEA :<\/strong> In der Phase der\u2019<strong>Industrialisierung<\/strong>, Brainstorming wird von Ingenieuren verwendet, um sich alle potenziellen Fehlermodi eines neuen Produkts oder Prozesses vorzustellen (die Anfangsphase der\u2019<strong>AMDEC<\/strong>) oder um Ger\u00e4te zu entwerfen <strong>Poka-Yoke<\/strong> kreativ.<\/li>\n<li><strong>Optimierung von Prozessen :<\/strong> In <strong>Lean Management<\/strong>, Das Team kann Brainstorming betreiben, um Wege zu finden, Verschwendung zu eliminieren (<em>Muda<\/em>), die vor Ort identifiziert wurden, oder um einen Arbeitsbereich neu zu organisieren nach den Prinzipien der <strong>5S-Methode<\/strong>.<\/li>\n<\/ul>\n<h3><strong>Brainwriting: Eine Alternative f\u00fcr Industrie 4.0<\/strong><\/h3>\n<p>In modernen Umgebungen oder bei Gruppen, in denen die Pers\u00f6nlichkeiten zu dominant sind, ist der <strong>brainwriting<\/strong> (bei der Ideen anonym oder still aufgeschrieben und dann geteilt werden) ist eine oft bevorzugte Alternative. Diese Methode stellt sicher, dass alle Stimmen geh\u00f6rt werden, auch die leisen, und verringert die Auswirkungen von hierarchischen Verzerrungen.<\/p>\n<p>Abschlie\u00dfend <strong>Brainstorming<\/strong> ist eine einfache, aber wirkungsvolle Technik des partizipativen Managements, die es Unternehmen erm\u00f6glicht, die kollektive Intelligenz ihrer Teams zu mobilisieren, um Innovationen voranzutreiben, komplexe Probleme zu l\u00f6sen und Ideen zu generieren, die den Erfolg der Unternehmensstrategie unterst\u00fctzen.\u2019<strong>Operative Exzellenz<\/strong>.<\/p>\n<p><!-- notionvc: cbcc2287-ca0f-4cd9-bad3-75fd468af8e2 --><\/p>","protected":false},"excerpt":{"rendered":"<p>Le Brainstorming, ou \u00ab Remue-M\u00e9ninges \u00bb, est une technique de travail de groupe cr\u00e9ative visant \u00e0 produire un maximum d&#8217;id\u00e9es en un temps limit\u00e9 sur un sujet donn\u00e9 (probl\u00e8me, opportunit\u00e9 ou cause \u00e0 effet). C&#8217;est un outil essentiel pour stimuler la pens\u00e9e lat\u00e9rale et engager la collaboration des \u00e9quipes.<\/p>","protected":false},"author":1,"featured_media":0,"parent":12324,"menu_order":0,"comment_status":"closed","ping_status":"closed","template":"","meta":{"_sitemap_exclude":false,"_sitemap_priority":"","_sitemap_frequency":"","footnotes":""},"definition":[99],"class_list":["post-12521","page","type-page","status-publish","hentry","definition-definition"],"jetpack_sharing_enabled":true,"_links":{"self":[{"href":"https:\/\/sxe-consulting.com\/de\/wp-json\/wp\/v2\/pages\/12521","targetHints":{"allow":["GET"]}}],"collection":[{"href":"https:\/\/sxe-consulting.com\/de\/wp-json\/wp\/v2\/pages"}],"about":[{"href":"https:\/\/sxe-consulting.com\/de\/wp-json\/wp\/v2\/types\/page"}],"author":[{"embeddable":true,"href":"https:\/\/sxe-consulting.com\/de\/wp-json\/wp\/v2\/users\/1"}],"replies":[{"embeddable":true,"href":"https:\/\/sxe-consulting.com\/de\/wp-json\/wp\/v2\/comments?post=12521"}],"version-history":[{"count":0,"href":"https:\/\/sxe-consulting.com\/de\/wp-json\/wp\/v2\/pages\/12521\/revisions"}],"up":[{"embeddable":true,"href":"https:\/\/sxe-consulting.com\/de\/wp-json\/wp\/v2\/pages\/12324"}],"wp:attachment":[{"href":"https:\/\/sxe-consulting.com\/de\/wp-json\/wp\/v2\/media?parent=12521"}],"wp:term":[{"taxonomy":"definition","embeddable":true,"href":"https:\/\/sxe-consulting.com\/de\/wp-json\/wp\/v2\/definition?post=12521"}],"curies":[{"name":"wp","href":"https:\/\/api.w.org\/{rel}","templated":true}]}}