{"id":12520,"date":"2025-10-21T23:28:12","date_gmt":"2025-10-21T21:28:12","guid":{"rendered":"https:\/\/sxe-consulting.com\/?page_id=12520"},"modified":"2025-10-21T23:28:12","modified_gmt":"2025-10-21T21:28:12","slug":"kohlenstoff-definition","status":"publish","type":"page","link":"https:\/\/sxe-consulting.com\/de\/glossaire-industriel\/carbone-definition\/","title":{"rendered":"Kohlenstoff"},"content":{"rendered":"<p>Die <strong>Kohlenstoff<\/strong> (in verschiedenen Formen wie Graphit, Koks oder Ru\u00df) ist ein wesentliches nichtoxidisches feuerfestes Material. Es wird allein oder, h\u00e4ufiger, als Zusatzstoff in oxidischen Steinen (Aluminiumoxid, Magnesiumoxid) verwendet, um einzigartige thermische und chemische Leistungseigenschaften zu verleihen.<\/p>\n<p><!--more--><\/p>\n<p><strong>Vertiefte Definition :<\/strong> Kohlenstoff ist ein strategisches Material in Schmelzumgebungen, in denen extreme Temperaturen herrschen und der Angriff durch Schlacken (metallurgische R\u00fcckst\u00e4nde) oder geschmolzene Metalle intensiv ist. Er wird vor allem wegen zweier au\u00dfergew\u00f6hnlicher Eigenschaften gesch\u00e4tzt:<\/p>\n<ol>\n<li><strong>Unl\u00f6sbarkeit und Nichtnie\u00dfbarkeit :<\/strong> Kohlenstoff wird von den meisten Metallen und Schlacken nicht benetzt. Das bedeutet, dass korrosive Stoffe nicht in die Struktur des feuerfesten Materials eindringen k\u00f6nnen, wodurch Erosion und vorzeitiger Verschlei\u00df verhindert werden.<\/li>\n<li><strong>Stabilit\u00e4t in reduzierender Atmosph\u00e4re :<\/strong> Es beh\u00e4lt seine strukturelle Integrit\u00e4t auch unter Bedingungen bei, unter denen kein oder nur sehr wenig Sauerstoff vorhanden ist, wie es bei vielen metallurgischen Schmelzprozessen der Fall ist.<\/li>\n<\/ol>\n<h3><strong>Die Familien der Feuerfeststoffe auf Kohlenstoffbasis<\/strong><\/h3>\n<p>Die <strong>Wirtschaftsingenieurwesen<\/strong> verwendet mehrere Familien von kohlenstoffverwertenden Feuerfeststoffen, die alle f\u00fcr die <strong>Industrielle Leistung<\/strong> :<\/p>\n<h3><strong>1. Feuerfeste Kohlenstoff-Magnesia-Steine (Mag-Carbon)<\/strong><\/h3>\n<ul>\n<li><strong>Zusammensetzung :<\/strong> Mischung aus Magnesia (MgO) und Graphit oder Ru\u00df, gebunden durch organische Harze, die verkohlt werden <em>in situ<\/em> beim ersten Erhitzen.<\/li>\n<li><strong>Schl\u00fcsseleigenschaften :<\/strong> Extrem widerstandsf\u00e4hig gegen Temperaturschocks und Schlackenkorrosion. Magnesia sorgt f\u00fcr die Refrakt\u00e4rit\u00e4t bei hohen Temperaturen, und Kohlenstoff verhindert das korrosive Eindringen.<\/li>\n<li><strong>Anwendung :<\/strong> Auskleidung von Konvertern (Stahlwerke), Gie\u00dfpfannen und Elektrolichtbogen\u00f6fen.<\/li>\n<\/ul>\n<h3><strong>2. Feuerfeste Steine aus Kohlenstoff-Aluminiumoxid (Alumina-Carbon)<\/strong><\/h3>\n<ul>\n<li><strong>Zusammensetzung :<\/strong> Aluminiumoxid (Al2O3) und Graphit.<\/li>\n<li><strong>Schl\u00fcsseleigenschaften :<\/strong> Gute Best\u00e4ndigkeit gegen mechanischen Verschlei\u00df und Temperaturschocks. Werden dort eingesetzt, wo die Korrosion weniger alkalisch ist als in Stahlwerken.<\/li>\n<li><strong>Anwendung :<\/strong> Formgebung von Gusselementen (D\u00fcsen, D\u00fcsen) und Beschichtungen f\u00fcr die Nichteisenmetallurgie.<\/li>\n<\/ul>\n<h3><strong>3. Feuerfeste Steine Reiner Kohlenstoff<\/strong><\/h3>\n<ul>\n<li><strong>Zusammensetzung :<\/strong> Fast vollst\u00e4ndig aus hochreinem Graphit oder Koks.<\/li>\n<li><strong>Schl\u00fcsseleigenschaften :<\/strong> Ausgezeichneter W\u00e4rmeleiter, geringe W\u00e4rmeausdehnung, ausgezeichnete Nichtbenetzbarkeit.<\/li>\n<li><strong>Anwendung :<\/strong> Grundbl\u00f6cke von Hoch\u00f6fen (Eisenmetallurgie) und Elektroden.<\/li>\n<\/ul>\n<h3><strong>Kohlenstoff im industriellen Kontext<\/strong><\/h3>\n<p>Die Verwendung von feuerfestem Kohlenstoff ist ein Muss f\u00fcr die Schwerindustrie, da sie sich direkt auf die <strong>TRS (Synthetische Ertragsrate)<\/strong> und der <strong>Verdienstkosten<\/strong> :<\/p>\n<ul>\n<li><strong>Erh\u00f6hte Langlebigkeit :<\/strong> Die \u00fcberlegene Korrosions- und Erosionsbest\u00e4ndigkeit verl\u00e4ngert die Lebensdauer der Ofenauskleidungen und verringert die H\u00e4ufigkeit ungeplanter Stillstandszeiten f\u00fcr korrektive Wartungsarbeiten.<\/li>\n<li><strong>Qualit\u00e4t des Produkts :<\/strong> Die Nicht-Reaktivit\u00e4t des Kohlenstoffs mit dem geschmolzenen Metall hilft, die Reinheit der produzierten Legierung zu erhalten und garantiert die <strong>Qualit\u00e4t<\/strong> die von den Spezifikationen des <strong>Aufgabenstellung<\/strong>.<\/li>\n<li><strong>Thermische Effizienz :<\/strong> Kohlenstoff (in Form von Graphit) leitet W\u00e4rme sehr gut, was bei der Konstruktion von \u00d6fen strategisch eingesetzt wird, um W\u00e4rmegradienten zu steuern und den Energieverbrauch zu optimieren.<\/li>\n<\/ul>\n<p>Abschlie\u00dfend <strong>Kohlenstoff<\/strong> ist ein unverzichtbarer Bestandteil der hochmodernen Feuerfestmaterialtechnik. Es verwandelt extreme Produktionsumgebungen in zuverl\u00e4ssige und langlebige Prozesse und erm\u00f6glicht der Schwerindustrie eine hohe <strong>Industrielle Leistung<\/strong>.<\/p>\n<p><!-- notionvc: e56ec03b-d584-43cf-a7e5-9423b1bcf56e --><\/p>","protected":false},"excerpt":{"rendered":"<p>Le Carbone (sous diverses formes telles que le graphite, le coke ou le noir de carbone) est un mat\u00e9riau r\u00e9fractaire non-oxyde essentiel. Il est utilis\u00e9 seul ou, plus fr\u00e9quemment, comme additif dans des briques \u00e0 base d&#8217;oxyde (alumine, magn\u00e9sie) pour conf\u00e9rer des propri\u00e9t\u00e9s de performance thermique et chimique uniques.<\/p>","protected":false},"author":1,"featured_media":0,"parent":12324,"menu_order":0,"comment_status":"closed","ping_status":"closed","template":"","meta":{"_sitemap_exclude":false,"_sitemap_priority":"","_sitemap_frequency":"","footnotes":""},"definition":[99],"class_list":["post-12520","page","type-page","status-publish","hentry","definition-definition"],"jetpack_sharing_enabled":true,"_links":{"self":[{"href":"https:\/\/sxe-consulting.com\/de\/wp-json\/wp\/v2\/pages\/12520","targetHints":{"allow":["GET"]}}],"collection":[{"href":"https:\/\/sxe-consulting.com\/de\/wp-json\/wp\/v2\/pages"}],"about":[{"href":"https:\/\/sxe-consulting.com\/de\/wp-json\/wp\/v2\/types\/page"}],"author":[{"embeddable":true,"href":"https:\/\/sxe-consulting.com\/de\/wp-json\/wp\/v2\/users\/1"}],"replies":[{"embeddable":true,"href":"https:\/\/sxe-consulting.com\/de\/wp-json\/wp\/v2\/comments?post=12520"}],"version-history":[{"count":0,"href":"https:\/\/sxe-consulting.com\/de\/wp-json\/wp\/v2\/pages\/12520\/revisions"}],"up":[{"embeddable":true,"href":"https:\/\/sxe-consulting.com\/de\/wp-json\/wp\/v2\/pages\/12324"}],"wp:attachment":[{"href":"https:\/\/sxe-consulting.com\/de\/wp-json\/wp\/v2\/media?parent=12520"}],"wp:term":[{"taxonomy":"definition","embeddable":true,"href":"https:\/\/sxe-consulting.com\/de\/wp-json\/wp\/v2\/definition?post=12520"}],"curies":[{"name":"wp","href":"https:\/\/api.w.org\/{rel}","templated":true}]}}