{"id":12519,"date":"2025-10-21T23:29:11","date_gmt":"2025-10-21T21:29:11","guid":{"rendered":"https:\/\/sxe-consulting.com\/?page_id=12519"},"modified":"2025-10-21T23:29:11","modified_gmt":"2025-10-21T21:29:11","slug":"dishikawa-diagram-definition","status":"publish","type":"page","link":"https:\/\/sxe-consulting.com\/de\/glossaire-industriel\/diagramme-dishikawa-definition\/","title":{"rendered":"Das Ishikawa-Diagramm"},"content":{"rendered":"<p>Die <strong>Ishikawa-Diagramm<\/strong>, auch bekannt als <strong>Ursache-Wirkungs-Diagramm<\/strong> oder <strong>Fischgr\u00e4tendiagramm<\/strong> (<em>Fishbone Diagram<\/em>), ist ein grafisches Werkzeug der <strong>Qualit\u00e4t<\/strong> verwendet, um die Suche der <strong>m\u00f6gliche Ursachen<\/strong> einer bestimmten Wirkung oder eines bestimmten Problems.<\/p>\n<p><!--more--><\/p>\n<p><strong>Vertiefte Definition :<\/strong> Dieses Diagramm wurde von Professor Kaoru Ishikawa erfunden und ist ein grundlegendes Instrument der <strong>Root Cause Analysis (RCA)<\/strong>. Er erm\u00f6glicht es, die m\u00f6glichen Ursachen eines Problems zu organisieren, indem er sie in Familien einteilt. Diese visuelle Struktur (daher der Name Fischgr\u00e4te) ist \u00e4u\u00dferst effektiv, um :<\/p>\n<ol>\n<li><strong>Sicherstellen, dass Sie keine Ursachen vergessen :<\/strong> Die systematische Klassifizierung verhindert Verzerrungen und vorschnelle Urteile.<\/li>\n<li><strong>Brainstorming erleichtern :<\/strong> Er dient als strukturierter Rahmen f\u00fcr die Brainstorming-Sitzungen der\u2019<strong>Kontinuierliche Verbesserung (KAIZEN)<\/strong>.<\/li>\n<li><strong>Die Analyse zusammenfassend pr\u00e4sentieren :<\/strong> Es erm\u00f6glicht eine schnelle Visualisierung von Ursache-Wirkungs-Beziehungen, die h\u00e4ufig in den Schritten <strong>D4 (Die Wurzel der Ursache ermitteln)<\/strong> einer <strong>8D-Analyse<\/strong>.<\/li>\n<\/ol>\n<h3><strong>Das klassische \u00ab5M\u00bb-Modell der Industrie<\/strong><\/h3>\n<p>Die Struktur des Ishikawa-Diagramms beruht traditionell auf einer Reihe von Kategorien potenzieller Ursachen. Das in der verarbeitenden Industrie am h\u00e4ufigsten verwendete Modell ist das der <strong>5M<\/strong>, manchmal erweitert auf <strong>6M<\/strong> oder <strong>8M<\/strong> :<\/p>\n<table>\n<thead>\n<tr>\n<th>Kategorie (Hauptkante)<\/th>\n<th>Gedeckter Bereich<\/th>\n<th>Beispiele f\u00fcr m\u00f6gliche Ursachen<\/th>\n<\/tr>\n<\/thead>\n<tbody>\n<tr>\n<td><strong>Material<\/strong><\/td>\n<td>Rohstoffe, Verbrauchsmaterial, <strong>Nomenklatur (BOM)<\/strong><\/td>\n<td>Qualit\u00e4t der Charge nicht konform, Material nicht zertifiziert, Referenzfehler, Problem der <strong>Lieferkette<\/strong>.<\/td>\n<\/tr>\n<tr>\n<td><strong>Methoden<\/strong><\/td>\n<td>Prozess, <strong>Herstellungsprogramm<\/strong>, <strong>Arbeitsanweisungen<\/strong><\/td>\n<td>Falsche Operationssequenz, Mangel an <strong>Standardisierung<\/strong>, Die Verwendung einer falschen Version des <strong>Herstellungsordner<\/strong>.<\/td>\n<\/tr>\n<tr>\n<td><strong>Arbeitskraft<\/strong><\/td>\n<td>Personal, Operatoren, Techniker<\/td>\n<td>Mangelnde Ausbildung, M\u00fcdigkeit, Fehlinterpretation von Anweisungen, fehlende Selbstdisziplin (<strong>Shitsuke<\/strong> der <strong>5S-Methode<\/strong>).<\/td>\n<\/tr>\n<tr>\n<td><strong>Mittel<\/strong><\/td>\n<td>Maschinen, Werkzeuge, Messausr\u00fcstung (<strong>Poka-Yoke<\/strong>)<\/td>\n<td>Abnutzung der Werkzeuge, falsche Einstellung, fehlende <strong>Vorbeugende Instandhaltung<\/strong>, Ausfall eines Sensors <strong>IoT<\/strong>.<\/td>\n<\/tr>\n<tr>\n<td><strong>Milieu (oder Umwelt)<\/strong><\/td>\n<td>Arbeitsumfeld, physische Bedingungen<\/td>\n<td>Unzureichende Beleuchtung, ungeeignete Temperatur und Luftfeuchtigkeit, \u00fcberm\u00e4\u00dfiger L\u00e4rm, Unordnung (<strong>Seiri<\/strong> und <strong>Seiton<\/strong> der <strong>5S-Methode<\/strong>).<\/td>\n<\/tr>\n<tr>\n<td><strong>Ma\u00dfnahme (6. M)<\/strong><\/td>\n<td>Kontrollen, <strong>KPI<\/strong>, Kalibrierung<\/td>\n<td>Nicht kalibrierte Messausr\u00fcstung, unzureichende Pr\u00fcffrequenz, System der <strong>Machine Vision<\/strong> falsch eingestellt.<\/td>\n<\/tr>\n<\/tbody>\n<\/table>\n<h3><strong>Anwendung im Verbesserungszyklus (PDCA)<\/strong><\/h3>\n<p>Das Ishikawa-Diagramm ist das wichtigste Werkzeug der Phase <strong>Plan<\/strong> des Zyklus <strong>PDCA (Plan-Do-Check-Act)<\/strong>. Es erm\u00f6glicht :<\/p>\n<ol>\n<li><strong>Inventar aufstellen :<\/strong> Das Team von <strong>Wirtschaftsingenieurwesen<\/strong> nutzt das Diagramm, um alle m\u00f6glichen Ursachen des Problems (der Wirkung) zu ermitteln, nachdem es klar definiert wurde (oft mithilfe von <strong>KPI<\/strong> wie der <strong>TRS<\/strong> oder die Ausschussrate).<\/li>\n<li><strong>Hypothesen validieren :<\/strong> Sobald das Diagramm ausgef\u00fcllt ist, begn\u00fcgt sich das Team nicht mit den Ideen, sondern nutzt die Datenanalyse (oft die <strong>Pareto-Methode<\/strong>), um zu \u00fcberpr\u00fcfen, welche Ursachen am wahrscheinlichsten und kritischsten sind, und diese in verifizierte Wurzelursachen umzuwandeln.<\/li>\n<li><strong>Aktion anvisieren :<\/strong> Die Aufl\u00f6sung konzentriert sich dann nur auf die <strong>kritische Wurzelursachen<\/strong> die, wenn sie eliminiert werden, den gr\u00f6\u00dften Einfluss auf die L\u00f6sung des Problems haben (Prinzip der <strong>Pareto-Methode<\/strong>).<\/li>\n<\/ol>\n<p>Abschlie\u00dfend <strong>Ishikawa-Diagramm<\/strong> ist das visuelle und methodische Werkzeug, das die Probleml\u00f6sung von einer ungeordneten Suche zu einem strukturierten, kollaborativen und rigorosen Vorgehen ver\u00e4ndert. Es ist unerl\u00e4sslich, um die Wirksamkeit der\u2019<strong>Operative Exzellenz<\/strong> im Unternehmen.<\/p>\n<p><!-- notionvc: a8d4136b-14a3-4724-8f89-1f7b0a435c83 --><\/p>","protected":false},"excerpt":{"rendered":"<p>Le Diagramme d&#8217;Ishikawa, \u00e9galement appel\u00e9 Diagramme Causes-Effets ou Diagramme en Ar\u00eates de Poisson (Fishbone Diagram), est un outil graphique de la gestion de la Qualit\u00e9 utilis\u00e9 pour structurer la recherche des causes potentielles d&#8217;un effet ou d&#8217;un probl\u00e8me sp\u00e9cifique.<\/p>","protected":false},"author":1,"featured_media":0,"parent":12324,"menu_order":0,"comment_status":"closed","ping_status":"closed","template":"","meta":{"_sitemap_exclude":false,"_sitemap_priority":"","_sitemap_frequency":"","footnotes":""},"definition":[99],"class_list":["post-12519","page","type-page","status-publish","hentry","definition-definition"],"jetpack_sharing_enabled":true,"_links":{"self":[{"href":"https:\/\/sxe-consulting.com\/de\/wp-json\/wp\/v2\/pages\/12519","targetHints":{"allow":["GET"]}}],"collection":[{"href":"https:\/\/sxe-consulting.com\/de\/wp-json\/wp\/v2\/pages"}],"about":[{"href":"https:\/\/sxe-consulting.com\/de\/wp-json\/wp\/v2\/types\/page"}],"author":[{"embeddable":true,"href":"https:\/\/sxe-consulting.com\/de\/wp-json\/wp\/v2\/users\/1"}],"replies":[{"embeddable":true,"href":"https:\/\/sxe-consulting.com\/de\/wp-json\/wp\/v2\/comments?post=12519"}],"version-history":[{"count":0,"href":"https:\/\/sxe-consulting.com\/de\/wp-json\/wp\/v2\/pages\/12519\/revisions"}],"up":[{"embeddable":true,"href":"https:\/\/sxe-consulting.com\/de\/wp-json\/wp\/v2\/pages\/12324"}],"wp:attachment":[{"href":"https:\/\/sxe-consulting.com\/de\/wp-json\/wp\/v2\/media?parent=12519"}],"wp:term":[{"taxonomy":"definition","embeddable":true,"href":"https:\/\/sxe-consulting.com\/de\/wp-json\/wp\/v2\/definition?post=12519"}],"curies":[{"name":"wp","href":"https:\/\/api.w.org\/{rel}","templated":true}]}}