{"id":12518,"date":"2025-10-21T23:30:16","date_gmt":"2025-10-21T21:30:16","guid":{"rendered":"https:\/\/sxe-consulting.com\/?page_id=12518"},"modified":"2025-10-21T23:30:16","modified_gmt":"2025-10-21T21:30:16","slug":"graphit-definition","status":"publish","type":"page","link":"https:\/\/sxe-consulting.com\/de\/glossaire-industriel\/graphite-definition\/","title":{"rendered":"Graphit"},"content":{"rendered":"<p>Die <strong>Graphit<\/strong> ist eine kristalline Form des <strong>Kohlenstoff<\/strong> pur. Es ist ein wesentliches nichtoxidisches feuerfestes Material, das wegen seiner au\u00dfergew\u00f6hnlichen physikalisch-chemischen Eigenschaften, die sich aus seiner Schichtstruktur ergeben, h\u00e4ufig in Schmelzmedien verwendet wird.<\/p>\n<p><!--more--><\/p>\n<p><strong>Vertiefte Definition :<\/strong> Im Gegensatz zu Feuerfestmaterialien auf Oxidbasis (wie z. B.\u2019<strong>Aluminiumoxid<\/strong> oder die <strong>Siliziumdioxid<\/strong>), Graphit ist das einzige feuerfeste Material, das ein <strong>ausgezeichnete thermische und elektrische Leitf\u00e4higkeit<\/strong>. Seine anisotrope Struktur (seine Eigenschaften \u00e4ndern sich je nach Richtung) verleiht ihm eine <strong>Stabilit\u00e4t bei sehr hohen Temperaturen<\/strong> und eine <strong>geringe W\u00e4rmeausdehnung<\/strong>, Das bedeutet, dass sie dem <strong>Temperaturschock<\/strong> besser als fast alle anderen Materialien.<\/p>\n<p>In Bezug auf <strong>Industrielle Leistung<\/strong>, Graphit wird bevorzugt f\u00fcr :<\/p>\n<ol>\n<li><strong>Nichtbenetzbarkeit :<\/strong> Es wird von den meisten geschmolzenen Metallen und Schlacken nicht benetzt, sodass korrosive Stoffe nicht eindringen und das feuerfeste Material erodieren k\u00f6nnen.<\/li>\n<li><strong>Hohe Refrakt\u00e4rit\u00e4t :<\/strong> Sein Sublimationspunkt (direkter \u00dcbergang vom festen in den gasf\u00f6rmigen Zustand) ist extrem hoch (ca. 3900\u2218C), was ihm strukturelle Stabilit\u00e4t in reduzierenden oder inerten Umgebungen verleiht.<\/li>\n<li><strong>W\u00e4rmeleitf\u00e4higkeit :<\/strong> Seine F\u00e4higkeit, W\u00e4rme schnell zu \u00fcbertragen, wird genutzt, um die Temperatur im Ofen zu homogenisieren und die Energieeffizienz des Schmelzprozesses zu erh\u00f6hen.<\/li>\n<\/ol>\n<h3><strong>Schl\u00fcsselanwendungen<\/strong><\/h3>\n<p>Graphit ist ein entscheidender Bestandteil der leistungsf\u00e4higsten Feuerfestmaterialien, oft in Kombination mit anderen Oxiden :<\/p>\n<h3><strong>1. Ofenelektroden<\/strong><\/h3>\n<ul>\n<li><strong>Rolle :<\/strong> Graphit ist das Material der Wahl f\u00fcr die Elektroden von elektrischen Lichtbogen\u00f6fen (die zum Schmelzen von Stahl verwendet werden). Es ist in der Lage, den enormen elektrischen Strom zu leiten, der zur Erzeugung des Lichtbogens erforderlich ist, und gleichzeitig extremen Temperaturen (\u00fcber 3000\u2218C) standzuhalten.<\/li>\n<\/ul>\n<h3><strong>2. Feuerfeste Verbundsteine (Mag-Carbon und Alumina-Carbon)<\/strong><\/h3>\n<ul>\n<li><strong>Rolle :<\/strong> Wird in Form von Flocken oder Pulver in die Packungen von <strong>Kohlenstoff-Magnesia<\/strong> oder <strong>Kohlenstoff-Aluminiumoxid<\/strong>. Graphit ist das entscheidende Korrosionsschutzmittel, das die Best\u00e4ndigkeit gegen Temperaturschocks verbessert und das Eindringen von Schlacke verhindert, wodurch die Lebensdauer der Auskleidungen von Gie\u00dfpfannen und Konvertern erh\u00f6ht wird.<\/li>\n<\/ul>\n<h3><strong>3. Strukturteile und Formen<\/strong><\/h3>\n<ul>\n<li><strong>Rolle :<\/strong> Es wird f\u00fcr Schmelztiegel und Stranggussformen in der Metallurgie verwendet. Seine geringe W\u00e4rmeausdehnung und seine hervorragenden Nichtbenetzungseigenschaften sorgen daf\u00fcr, dass das geschmolzene Metall nicht klebt und die Form eine <strong>Dimensionsstabilit\u00e4t<\/strong> perfekt f\u00fcr die <strong>Qualit\u00e4t<\/strong> des fertigen Produkts.<\/li>\n<\/ul>\n<h3><strong>Die Oxydationsherausforderung<\/strong><\/h3>\n<p>Der Hauptnachteil von Graphit aus Sicht der feuerfesten Materialien ist seine Anf\u00e4lligkeit f\u00fcr die\u2019<strong>Oxidation<\/strong> (Verbrennung) in Gegenwart von Sauerstoff, die ab 450\u2218C stattfindet.<\/p>\n<ul>\n<li><strong>Technische L\u00f6sung :<\/strong> F\u00fcr Anwendungen, bei denen Sauerstoff vorhanden ist, wird Graphit entweder in einer Oxidmatrix eingeschlossen (wie in Mag-Carbon-Steinen) oder mit Antioxidationszus\u00e4tzen (Metalle wie Aluminium oder Silizium) behandelt, die eine Schutzschicht bilden.<\/li>\n<\/ul>\n<p>Abschlie\u00dfend <strong>Graphit<\/strong> ist ein bruchfestes feuerfestes Material, dessen einzigartige Kombination aus Leitf\u00e4higkeit, chemischer Tr\u00e4gheit und thermischer Stabilit\u00e4t unerl\u00e4sslich ist, um die Wirksamkeit, Langlebigkeit und <strong>Leistung<\/strong> der anspruchsvollsten Schmelzprozesse in der Stahlindustrie.<\/p>\n<p><!-- notionvc: 6018a650-b609-4721-b38a-b00a7e2477eb --><\/p>","protected":false},"excerpt":{"rendered":"<p>Le Graphite est une forme cristalline du Carbone pur. C&#8217;est un mat\u00e9riau r\u00e9fractaire non-oxyde essentiel, largement utilis\u00e9 en milieu de fusion pour ses propri\u00e9t\u00e9s physico-chimiques exceptionnelles, qui d\u00e9coulent de sa structure en feuillets.<\/p>","protected":false},"author":1,"featured_media":0,"parent":12324,"menu_order":0,"comment_status":"closed","ping_status":"closed","template":"","meta":{"_sitemap_exclude":false,"_sitemap_priority":"","_sitemap_frequency":"","footnotes":""},"definition":[99],"class_list":["post-12518","page","type-page","status-publish","hentry","definition-definition"],"jetpack_sharing_enabled":true,"_links":{"self":[{"href":"https:\/\/sxe-consulting.com\/de\/wp-json\/wp\/v2\/pages\/12518","targetHints":{"allow":["GET"]}}],"collection":[{"href":"https:\/\/sxe-consulting.com\/de\/wp-json\/wp\/v2\/pages"}],"about":[{"href":"https:\/\/sxe-consulting.com\/de\/wp-json\/wp\/v2\/types\/page"}],"author":[{"embeddable":true,"href":"https:\/\/sxe-consulting.com\/de\/wp-json\/wp\/v2\/users\/1"}],"replies":[{"embeddable":true,"href":"https:\/\/sxe-consulting.com\/de\/wp-json\/wp\/v2\/comments?post=12518"}],"version-history":[{"count":0,"href":"https:\/\/sxe-consulting.com\/de\/wp-json\/wp\/v2\/pages\/12518\/revisions"}],"up":[{"embeddable":true,"href":"https:\/\/sxe-consulting.com\/de\/wp-json\/wp\/v2\/pages\/12324"}],"wp:attachment":[{"href":"https:\/\/sxe-consulting.com\/de\/wp-json\/wp\/v2\/media?parent=12518"}],"wp:term":[{"taxonomy":"definition","embeddable":true,"href":"https:\/\/sxe-consulting.com\/de\/wp-json\/wp\/v2\/definition?post=12518"}],"curies":[{"name":"wp","href":"https:\/\/api.w.org\/{rel}","templated":true}]}}