{"id":12516,"date":"2025-10-21T23:21:41","date_gmt":"2025-10-21T21:21:41","guid":{"rendered":"https:\/\/sxe-consulting.com\/?page_id=12516"},"modified":"2025-10-21T23:22:02","modified_gmt":"2025-10-21T21:22:02","slug":"silica-definition","status":"publish","type":"page","link":"https:\/\/sxe-consulting.com\/de\/glossaire-industriel\/silice-definition\/","title":{"rendered":"Siliziumdioxid"},"content":{"rendered":"<p>Die <strong>Siliziumdioxid<\/strong> ist die gebr\u00e4uchliche Bezeichnung f\u00fcr Siliziumdioxid (SiO2). Es ist ein extrem h\u00e4ufig vorkommendes Oxidmineral, das fast 60 % der Erdkruste ausmacht. Seine h\u00e4ufigste Form ist das <strong>Quarz<\/strong>.<\/p>\n<p><!--more--><\/p>\n<p><strong>Vertiefte Definition :<\/strong> Siliziumdioxid ist der wichtigste Rohstoff f\u00fcr viele verarbeitende Industrien. In seiner kristallinen Form (Quarz, Quarzsand) ist es chemisch inert, sehr hart und hat einen hohen Schmelzpunkt (ca. 1700\u2218C). Siliziumdioxid ist der grundlegende Bestandteil von zwei kritischen Materialfamilien f\u00fcr die <strong>Wirtschaftsingenieurwesen<\/strong> : glasartige Materialien (Glas) und keramische\/ feuerfeste Materialien. Seine Reinheit ist ein wesentliches Qualit\u00e4tskriterium, da Verunreinigungen (z. B. Eisenoxid) die optischen oder thermischen Eigenschaften des Endprodukts beeintr\u00e4chtigen k\u00f6nnen.<\/p>\n<h3><strong>Zentrale Rolle in Hochleistungsmaterialien<\/strong><\/h3>\n<p>Silica wird entweder als Hauptkomponente oder als Bindemittel und Zusatzstoff verwendet, um Materialien spezifische Eigenschaften zu verleihen, was f\u00fcr die <strong>Industrielle Leistung<\/strong> :<\/p>\n<h3><strong>A. Glas- und Bindemittelindustrie<\/strong><\/h3>\n<ul>\n<li><strong>Glas (Amorphes Siliziumdioxid) :<\/strong> Siliziumdioxid ist der Hauptbestandteil von Glas. Beim Schmelzen von Quarzsand und anschlie\u00dfendem schnellen Abk\u00fchlen gelingt es dem Siliziumdioxid nicht, eine geordnete Kristallstruktur zu bilden, was ihm seine transparenten optischen Eigenschaften und seine amorphe Struktur verleiht.<\/li>\n<li><strong>Zement und Beton :<\/strong> Siliziumdioxid (in Form von Silikastaub oder Zusatzstoffen) wird in Beton und M\u00f6rtel verwendet, um die Festigkeit, Dichte und Haltbarkeit zu verbessern.<\/li>\n<\/ul>\n<h3><strong>B. Feuerfeste Materialien und technische Keramiken<\/strong><\/h3>\n<ul>\n<li><strong>Thermische Stabilit\u00e4t :<\/strong> Siliziumdioxid ist eine Schl\u00fcsselkomponente in feuerfesten Ziegeln mittlerer bis hoher Leistung. Es wird mit Aluminiumoxid kombiniert, um die <strong>Mulite<\/strong> (Al2O3-SiO2), das sehr stabil ist und eine ausgezeichnete Temperaturschockbest\u00e4ndigkeit aufweist.<\/li>\n<li><strong>Refrakt\u00e4re Elektroschmelzen :<\/strong> Siliziumdioxid ist einer der drei Hauptbestandteile von\u2019<strong>Elektrofon AZS<\/strong> (Aluminiumoxid-Zirkoniumoxid-Siliziumoxid). In diesem Fall wird sein Anteil sorgf\u00e4ltig kontrolliert, um die Glasphase zu erhalten, die die Zirkoniumdioxid- und Aluminiumoxidkristalle verbindet und so die Korrosionsbest\u00e4ndigkeit gegen\u00fcber der Glasschmelze optimiert.<\/li>\n<\/ul>\n<h3><strong>C. Elektronik und Halbleiter<\/strong><\/h3>\n<ul>\n<li><strong>Silizium :<\/strong> Nach der Reduktion ist Siliziumdioxid die Quelle des <strong>Silizium<\/strong> Metall, der weltweit am h\u00e4ufigsten verwendete Halbleiter. Die erforderliche Reinheit ist hier extrem (Electronic Grade Silicon) f\u00fcr die Herstellung von Chips und integrierten Schaltkreisen.<\/li>\n<li><strong>Optische Fasern :<\/strong> Ultrareines Siliziumdioxid wird f\u00fcr die Herstellung von Glasfasern verwendet, die das R\u00fcckgrat der digitalen Kommunikation bilden, eine S\u00e4ule der\u2019<strong>Industrie 4.0<\/strong> und der <strong>Industrielle Digitalisierung<\/strong>.<\/li>\n<\/ul>\n<h3><strong>\u00dcberlegungen zu Qualit\u00e4t und Gesundheit<\/strong><\/h3>\n<p>Die Reinheit von Silica ist ein kritischer Faktor im Prozess der\u2019<strong>Industrialisierung<\/strong>. F\u00fcr die Flachglasindustrie muss das Siliziumdioxid beispielsweise sehr arm an Eisenoxiden sein, um die Transparenz zu gew\u00e4hrleisten.<\/p>\n<p>Dar\u00fcber hinaus ist eine wichtige \u00dcberlegung in <strong>Operative Exzellenz<\/strong> ist die <strong>Gesundheit und Sicherheit<\/strong> (ein Prinzip der Methode <strong>5S<\/strong>). Siliziumdioxid in lungeng\u00e4ngiger kristalliner Form (Staub) stellt ein Gesundheitsrisiko dar, das strenge Sicherheitsma\u00dfnahmen und die Einf\u00fchrung strenger Handhabungsprotokolle erfordert.<\/p>\n<p>Abschlie\u00dfend <strong>Siliziumdioxid<\/strong> ist das Grundmineral, das die Herstellung von Produkten erm\u00f6glicht, die vom handels\u00fcblichen Fensterglas bis zu den komplexesten Computerchips reichen. Seine Kontrolle und effiziente Verarbeitung stehen im Mittelpunkt des <strong>Wirtschaftsingenieurwesen<\/strong> modern.<\/p>\n<p><!-- notionvc: e969a9a9-aaef-4ced-984b-571b83e8e8c3 --><\/p>","protected":false},"excerpt":{"rendered":"<p>La Silice est le nom commun donn\u00e9 au dioxyde de silicium (SiO2). C&#8217;est un oxyde min\u00e9ral extr\u00eamement abondant, constituant pr\u00e8s de 60 % de la cro\u00fbte terrestre. Sa forme la plus courante est le Quartz.<\/p>","protected":false},"author":1,"featured_media":0,"parent":12324,"menu_order":0,"comment_status":"closed","ping_status":"closed","template":"","meta":{"_sitemap_exclude":false,"_sitemap_priority":"","_sitemap_frequency":"","footnotes":""},"definition":[99],"class_list":["post-12516","page","type-page","status-publish","hentry","definition-definition"],"jetpack_sharing_enabled":true,"_links":{"self":[{"href":"https:\/\/sxe-consulting.com\/de\/wp-json\/wp\/v2\/pages\/12516","targetHints":{"allow":["GET"]}}],"collection":[{"href":"https:\/\/sxe-consulting.com\/de\/wp-json\/wp\/v2\/pages"}],"about":[{"href":"https:\/\/sxe-consulting.com\/de\/wp-json\/wp\/v2\/types\/page"}],"author":[{"embeddable":true,"href":"https:\/\/sxe-consulting.com\/de\/wp-json\/wp\/v2\/users\/1"}],"replies":[{"embeddable":true,"href":"https:\/\/sxe-consulting.com\/de\/wp-json\/wp\/v2\/comments?post=12516"}],"version-history":[{"count":0,"href":"https:\/\/sxe-consulting.com\/de\/wp-json\/wp\/v2\/pages\/12516\/revisions"}],"up":[{"embeddable":true,"href":"https:\/\/sxe-consulting.com\/de\/wp-json\/wp\/v2\/pages\/12324"}],"wp:attachment":[{"href":"https:\/\/sxe-consulting.com\/de\/wp-json\/wp\/v2\/media?parent=12516"}],"wp:term":[{"taxonomy":"definition","embeddable":true,"href":"https:\/\/sxe-consulting.com\/de\/wp-json\/wp\/v2\/definition?post=12516"}],"curies":[{"name":"wp","href":"https:\/\/api.w.org\/{rel}","templated":true}]}}