{"id":12505,"date":"2025-10-20T23:45:37","date_gmt":"2025-10-20T21:45:37","guid":{"rendered":"https:\/\/sxe-consulting.com\/?page_id=12505"},"modified":"2025-10-20T23:45:37","modified_gmt":"2025-10-20T21:45:37","slug":"electrofondu-azs-definition","status":"publish","type":"page","link":"https:\/\/sxe-consulting.com\/de\/glossaire-industriel\/electrofondu-azs-definition\/","title":{"rendered":"Electrofondu AZS"},"content":{"rendered":"<p>L\u2019<strong>Elektrofon AZS<\/strong> ist eine Art feuerfeste Keramik (hitzebest\u00e4ndiges Material), die haupts\u00e4chlich in den aggressivsten Industrieumgebungen, insbesondere in Schmelz\u00f6fen, verwendet wird. Das Akronym <strong>AZS<\/strong> bezieht sich auf seine chemische Hauptzusammensetzung : <strong>Aluminiumoxid<\/strong> (Al2O3), <strong>Zirkoniumdioxid<\/strong> (ZrO2), und <strong>Siliziumdioxid<\/strong> (SiO2).<\/p>\n<p><!--more--><\/p>\n<p><strong>Vertiefte Definition :<\/strong> Ein Refrakt\u00e4r <strong>Elektrofon AZS<\/strong> ist ein massiver Block, der durch ein Verfahren der\u2019<strong>Elektroschmelze<\/strong> die dem Material eine maximale Dichte und eine einzigartige kristalline Mikrostruktur verleiht. Das Rohmaterial (eine Mischung der Oxide) wird in einem <strong>elektrischer Lichtbogenofen<\/strong> bei extremen Temperaturen (oft \u00fcber 2500\u2218C). Anschlie\u00dfend wird es in Formen gegossen und langsam abgek\u00fchlt, um gro\u00dfe Kristalle und extrem koh\u00e4sive Strukturen zu bilden. Dieses Verfahren, das aus der\u2019<strong>Industrialisierung<\/strong> fortschrittliche Technologie, garantiert eine au\u00dfergew\u00f6hnliche Best\u00e4ndigkeit gegen chemischen und thermischen Verschlei\u00df.<\/p>\n<h3><strong>Abgeleitete Schl\u00fcsseleigenschaften von Electro-Fusion<\/strong><\/h3>\n<p>Die Wahl von AZS in kritischen Anwendungen beruht auf seinen au\u00dfergew\u00f6hnlichen physikalischen und chemischen Eigenschaften, die die von gesinterten oder ungeschmolzenen Keramiken \u00fcbertreffen :<\/p>\n<ol>\n<li><strong>Ausgezeichnete Korrosionsbest\u00e4ndigkeit :<\/strong> Dies ist seine wertvollste Eigenschaft. AZS ist nahezu inert gegen\u00fcber Glasb\u00e4dern und geschmolzenen Schlacken (metallurgischen R\u00fcckst\u00e4nden), einschlie\u00dflich Gl\u00e4sern mit hohem Alkaligehalt.<\/li>\n<li><strong>Sehr hohe Betriebstemperatur :<\/strong> Es beh\u00e4lt seine Struktur und seine mechanischen Eigenschaften bei Temperaturen \u00fcber 1600\u2218C bei, ohne sich zu verformen.<\/li>\n<li><strong>Geringe Porosit\u00e4t und hohe Dichte :<\/strong> Durch das Elektroschmelzen wird der Gro\u00dfteil der Poren entfernt. Diese hohe Dichte verhindert das Eindringen des korrosiven Bades in die Struktur, was die Hauptursache f\u00fcr den Verfall herk\u00f6mmlicher feuerfester Materialien ist.<\/li>\n<li><strong>Kristalline Struktur :<\/strong> AZS ist ein Verbundstoff aus Korund- (Aluminiumoxid) und Baddeleyitk\u00f6rnern (Zirkoniumdioxid), die durch eine Glasphase verbunden sind. Das Vorhandensein von kristallisiertem Zirkoniumdioxid ist der Schl\u00fcssel zu seiner \u00fcberlegenen Korrosionsbest\u00e4ndigkeit.<\/li>\n<\/ol>\n<h3><strong>Strategische Anwendungen in der industriellen Leistung<\/strong><\/h3>\n<p>AZS wird eingesetzt, wenn die Kriterien Zuverl\u00e4ssigkeit und Langlebigkeit von \u00d6fen kritisch sind, da die Kosten f\u00fcr die Abschaltung eines Ofens (und dessen Wiederaufbau) exorbitant hoch sind. Es ist der Schl\u00fcssel zur <strong>Industrielle Leistung<\/strong> in :<\/p>\n<ul>\n<li><strong>Glasindustrie (Hauptanwendung) :<\/strong> AZS wird f\u00fcr die am st\u00e4rksten beanspruchten Bereiche des Schmelzofens verwendet, wie die Floatlinie, die Wannenw\u00e4nde (wo das geschmolzene Glas am st\u00e4rksten korrodiert) und die Brenner. Es garantiert eine l\u00e4ngere Lebensdauer des Ofens und eine <strong>Qualit\u00e4t<\/strong> konstant produziertes Glas (Vermeidung von Korrosionskontamination der feuerfesten Materialien).<\/li>\n<li><strong>Metallurgie :<\/strong> F\u00fcr Schmelzwannen und Auskleidungen von \u00d6fen, die Nichteisenmetalle verarbeiten.<\/li>\n<li><strong>Chemische Industrie :<\/strong> F\u00fcr chemische Reaktoren, die bei sehr hohen Temperaturen und in Gegenwart von korrosiven Stoffen betrieben werden.<\/li>\n<\/ul>\n<p>Die Investition in feuerfeste Steine in <strong>Elektrofon AZS<\/strong> ist ein zentraler Bestandteil der logistischen Kostensenkungsstrategie der Schwerindustrie und gew\u00e4hrleistet die Nachhaltigkeit und maximale Effizienz des Fusionsprozesses.<\/p>\n<p><!-- notionvc: 392f6e94-31e1-40b2-9c5b-43fcdb5137a5 --><\/p>\n<p data-start=\"3483\" data-end=\"3654\"><!-- notionvc: 55748b84-6bc7-48d1-980a-8210c919df08 --><\/p>","protected":false},"excerpt":{"rendered":"<p>L&#8217;\u00c9lectrofondu AZS est un type de c\u00e9ramique r\u00e9fractaire (mat\u00e9riau r\u00e9sistant \u00e0 la chaleur) essentiel utilis\u00e9 dans les environnements industriels les plus agressifs, notamment les fours de fusion. L&#8217;acronyme AZS fait r\u00e9f\u00e9rence \u00e0 sa composition chimique principale : Alumine (Al2O3), Zircone (ZrO2), et Silice (SiO2).<\/p>","protected":false},"author":1,"featured_media":0,"parent":12324,"menu_order":0,"comment_status":"closed","ping_status":"closed","template":"","meta":{"_sitemap_exclude":false,"_sitemap_priority":"","_sitemap_frequency":"","footnotes":""},"definition":[99],"class_list":["post-12505","page","type-page","status-publish","hentry","definition-definition"],"jetpack_sharing_enabled":true,"_links":{"self":[{"href":"https:\/\/sxe-consulting.com\/de\/wp-json\/wp\/v2\/pages\/12505","targetHints":{"allow":["GET"]}}],"collection":[{"href":"https:\/\/sxe-consulting.com\/de\/wp-json\/wp\/v2\/pages"}],"about":[{"href":"https:\/\/sxe-consulting.com\/de\/wp-json\/wp\/v2\/types\/page"}],"author":[{"embeddable":true,"href":"https:\/\/sxe-consulting.com\/de\/wp-json\/wp\/v2\/users\/1"}],"replies":[{"embeddable":true,"href":"https:\/\/sxe-consulting.com\/de\/wp-json\/wp\/v2\/comments?post=12505"}],"version-history":[{"count":0,"href":"https:\/\/sxe-consulting.com\/de\/wp-json\/wp\/v2\/pages\/12505\/revisions"}],"up":[{"embeddable":true,"href":"https:\/\/sxe-consulting.com\/de\/wp-json\/wp\/v2\/pages\/12324"}],"wp:attachment":[{"href":"https:\/\/sxe-consulting.com\/de\/wp-json\/wp\/v2\/media?parent=12505"}],"wp:term":[{"taxonomy":"definition","embeddable":true,"href":"https:\/\/sxe-consulting.com\/de\/wp-json\/wp\/v2\/definition?post=12505"}],"curies":[{"name":"wp","href":"https:\/\/api.w.org\/{rel}","templated":true}]}}