{"id":12504,"date":"2025-10-20T23:46:57","date_gmt":"2025-10-20T21:46:57","guid":{"rendered":"https:\/\/sxe-consulting.com\/?page_id=12504"},"modified":"2025-10-20T23:46:57","modified_gmt":"2025-10-20T21:46:57","slug":"elektrofondue-%ce%b1-%ce%b2-definition","status":"publish","type":"page","link":"https:\/\/sxe-consulting.com\/de\/glossaire-industriel\/electrofondue-%ce%b1-%ce%b2-definition\/","title":{"rendered":"Elektrofondue \u03b1-\u03b2"},"content":{"rendered":"<p>L\u2019<strong>Elektrofoniert \u03b1-\u03b2<\/strong> ist ein feuerfestes Hochleistungsmaterial auf der Basis von Aluminiumoxid (Al2O3), das sich durch eine zweiphasige kristalline Zusammensetzung auszeichnet. Es wird so genannt, weil es eine kontrollierte Mischung von\u2019<strong>Alpha-Aluminiumoxid (\u03b1)<\/strong> und von\u2019<strong>Beta-Aluminiumoxid (\u03b2)<\/strong>.<\/p>\n<p><!--more--><\/p>\n<p><strong>Vertiefte Definition :<\/strong> Dieses Material wird durch das\u2019<strong>Elektroschmelze<\/strong> bei sehr hohen Temperaturen, die eine geringe Porosit\u00e4t und eine hohe Dichte garantieren (\u00e4hnlich wie AZS und Fused Alumina).<\/p>\n<ul>\n<li><strong>Die Alpha-Phase (\u03b1 - Korund) :<\/strong> Es ist die stabilste Form von Aluminiumoxid, das f\u00fcr seine extreme H\u00e4rte, mechanische Festigkeit und chemische Stabilit\u00e4t bekannt ist.<\/li>\n<li><strong>Die Beta-Phase (\u03b2 - Natriumaluminat) :<\/strong> Diese Phase ist ein Natriumaluminat (typischerweise Na2O\u22c511Al2O3). Ihr Vorhandensein ist auf die kontrollierte Einf\u00fchrung eines alkalischen Mittels (wie Na2O) in die Schmelze zur\u00fcckzuf\u00fchren. Die einzigartige lamellare Struktur der \u03b2-Phase verleiht ihr spezifische Eigenschaften, darunter eine hervorragende <strong>Widerstand gegen alkalische Fl\u00fcchtigkeit<\/strong> und eine hohe Ionenleitf\u00e4higkeit.<\/li>\n<\/ul>\n<p>Diese \u03b1-\u03b2-Kombination wurde entwickelt, um die Best\u00e4ndigkeit gegen spezifische chemische Angriffe zu optimieren, bei denen Aluminiumoxid allein (reines \u03b1) anf\u00e4llig sein k\u00f6nnte.<\/p>\n<h3><strong>Schl\u00fcsseleigenschaften und spezifische Anwendungen in der Industrietechnik<\/strong><\/h3>\n<p>Die Elektrofondu \u03b1-\u03b2 ist eine strategische Wahl des <strong>Wirtschaftsingenieurwesen<\/strong> f\u00fcr Anwendungen, die eine hohe Leistung in Umgebungen mit fl\u00fcchtigen D\u00e4mpfen und Alkaliverbindungen erfordern :<\/p>\n<ol>\n<li><strong>Ausgezeichnete Best\u00e4ndigkeit gegen Alkalien :<\/strong> Die \u03b2-Phase reagiert gut auf alkalireiche Atmosph\u00e4ren (Natrium, Kalium), wodurch ein Schutz vor Korrosion und Abbl\u00e4ttern entsteht. Diese Eigenschaft ist in Bereichen, in denen Schmelzprodukte oder Brennstoffe korrosive D\u00e4mpfe erzeugen, von entscheidender Bedeutung.<\/li>\n<li><strong>Hohe Kriechfestigkeit (Creep) :<\/strong> Es beh\u00e4lt seine Formstabilit\u00e4t auch unter schweren Belastungen und bei hohen Temperaturen bei, was eine kritische Anforderung f\u00fcr Ofenstrukturen ist.<\/li>\n<li><strong>Widerstand gegen Thermoschocks :<\/strong> Die Kombination der beiden Phasen mit ihren unterschiedlichen Ausdehnungskoeffizienten verleiht dem Material eine bessere Best\u00e4ndigkeit gegen schnelle Temperaturwechsel als reines Aluminiumoxid, ein Vorteil f\u00fcr die <strong>Industrielle Leistung<\/strong>.<\/li>\n<li><strong>Ionische Leitf\u00e4higkeit (Eigenschaft der Beta-Phase) :<\/strong> In nicht feuerfesten Anwendungen wird die reine \u03b2-Phase aufgrund ihrer hohen Ionenbeweglichkeit als fester Elektrolyt verwendet (z. B. in Natrium-Schwefel-Batterien und einigen Sensoren).<\/li>\n<\/ol>\n<table>\n<thead>\n<tr>\n<th>Anwendungsbereich<\/th>\n<th>Rolle Schl\u00fcssel<\/th>\n<\/tr>\n<\/thead>\n<tbody>\n<tr>\n<td><strong>Glasindustrie (Regeneratoren)<\/strong><\/td>\n<td>Wird als Keilstein verwendet (<em>checker bricks<\/em>) und feuerfesten Materialien in Regeneratorbereichen, die hohen Konzentrationen von alkalischen D\u00e4mpfen ausgesetzt sind.<\/td>\n<\/tr>\n<tr>\n<td><strong>Metallurgische Taschen und Tanks<\/strong><\/td>\n<td>Beschichtungen, bei denen das geschmolzene Metall mit Schlacke in Ber\u00fchrung kommt, die reich an Alkaliverbindungen ist.<\/td>\n<\/tr>\n<tr>\n<td><strong>Elektrochemische Anwendungen<\/strong><\/td>\n<td>Elektrolyt f\u00fcr spezifische Fusionszellen oder Hochtemperatur-Energiespeicher (Na\/S-Batterien).<\/td>\n<\/tr>\n<\/tbody>\n<\/table>\n<h3><strong>AZS vs. \u03b1-\u03b2: Die Wahl des Widerst\u00e4ndlers<\/strong><\/h3>\n<p>Die Wahl zwischen dem\u2019<strong>Elektrofon AZS<\/strong> (Aluminiumoxid-Zirkoniumoxid-Siliziumoxid) und Elektroschmelze \u03b1-\u03b2 h\u00e4ngt von der genauen Art des chemischen Angriffs ab :<\/p>\n<ul>\n<li><strong>AZS :<\/strong> Ideal f\u00fcr eine allgemeine Widerstandsf\u00e4higkeit gegen <strong>Glaskorrosion<\/strong> und an die <strong>reine Temperatur<\/strong> (dank Zirkoniumdioxid).<\/li>\n<li><strong>\u03b1-\u03b2:<\/strong> Gezielte Wahl, wenn das Hauptproblem der Angriff durch die <strong>fl\u00fcchtige alkalische D\u00e4mpfe<\/strong> (Natrium, Kalium) und f\u00fcr thermisch und chemisch stark beanspruchte Bereiche von \u00d6fen.<\/li>\n<\/ul>\n<p>Die Verwendung dieser fortschrittlichen feuerfesten Steine ist ein wesentlicher Bestandteil der Kostensenkungsstrategie der Schwerindustrie, da sie die Haltbarkeit und Effizienz der Schmelzanlagen sicherstellt und die Kosten f\u00fcr korrektive Wartung und Reparaturen senkt (ein Schl\u00fcsselziel der <strong>Vorausschauende Wartung<\/strong>).<\/p>\n<p><!-- notionvc: 8311df77-bb5e-45fe-8515-c2c81b310041 --><\/p>\n<p data-start=\"3483\" data-end=\"3654\"><!-- notionvc: 55748b84-6bc7-48d1-980a-8210c919df08 --><\/p>","protected":false},"excerpt":{"rendered":"<p>L&#8217;\u00c9lectrofondu \u03b1\u2212\u03b2 est un mat\u00e9riau r\u00e9fractaire de haute performance bas\u00e9 sur l&#8217;oxyde d&#8217;aluminium (Al2O3), caract\u00e9ris\u00e9 par une composition cristalline bi-phas\u00e9e. Il est ainsi nomm\u00e9 car il contient un m\u00e9lange contr\u00f4l\u00e9 d&#8217;alumine alpha (\u03b1) et d&#8217;alumine b\u00eata (\u03b2).<\/p>","protected":false},"author":1,"featured_media":0,"parent":12324,"menu_order":0,"comment_status":"closed","ping_status":"closed","template":"","meta":{"_sitemap_exclude":false,"_sitemap_priority":"","_sitemap_frequency":"","footnotes":""},"definition":[99],"class_list":["post-12504","page","type-page","status-publish","hentry","definition-definition"],"jetpack_sharing_enabled":true,"_links":{"self":[{"href":"https:\/\/sxe-consulting.com\/de\/wp-json\/wp\/v2\/pages\/12504","targetHints":{"allow":["GET"]}}],"collection":[{"href":"https:\/\/sxe-consulting.com\/de\/wp-json\/wp\/v2\/pages"}],"about":[{"href":"https:\/\/sxe-consulting.com\/de\/wp-json\/wp\/v2\/types\/page"}],"author":[{"embeddable":true,"href":"https:\/\/sxe-consulting.com\/de\/wp-json\/wp\/v2\/users\/1"}],"replies":[{"embeddable":true,"href":"https:\/\/sxe-consulting.com\/de\/wp-json\/wp\/v2\/comments?post=12504"}],"version-history":[{"count":0,"href":"https:\/\/sxe-consulting.com\/de\/wp-json\/wp\/v2\/pages\/12504\/revisions"}],"up":[{"embeddable":true,"href":"https:\/\/sxe-consulting.com\/de\/wp-json\/wp\/v2\/pages\/12324"}],"wp:attachment":[{"href":"https:\/\/sxe-consulting.com\/de\/wp-json\/wp\/v2\/media?parent=12504"}],"wp:term":[{"taxonomy":"definition","embeddable":true,"href":"https:\/\/sxe-consulting.com\/de\/wp-json\/wp\/v2\/definition?post=12504"}],"curies":[{"name":"wp","href":"https:\/\/api.w.org\/{rel}","templated":true}]}}