{"id":12503,"date":"2025-10-20T23:48:15","date_gmt":"2025-10-20T21:48:15","guid":{"rendered":"https:\/\/sxe-consulting.com\/?page_id=12503"},"modified":"2025-10-20T23:48:15","modified_gmt":"2025-10-20T21:48:15","slug":"industrie-4-0-definition","status":"publish","type":"page","link":"https:\/\/sxe-consulting.com\/de\/glossaire-industriel\/industrie-4-0-definition\/","title":{"rendered":"Industrie 4.0"},"content":{"rendered":"<p>L\u2019<strong>Industrie 4.0<\/strong> ist ein Begriff, der die <strong>vierte industrielle Revolution<\/strong>. Sie stellt die Konvergenz von fortgeschrittenen digitalen Technologien, dem Internet und physischen Produktionssystemen dar. Ihr Ziel ist es, eine <strong>Intelligente Fabrik (<em>Smart Factory<\/em>)<\/strong> in der die Systeme autonom und miteinander verbunden sind und dezentralisierte Entscheidungen in Echtzeit treffen k\u00f6nnen.<\/p>\n<p><!--more--><\/p>\n<p><strong>Vertiefte Definition :<\/strong> Industrie 4.0 ist gekennzeichnet durch die vollst\u00e4ndige Integration von cyber-physischen Systemen (<strong>CPS<\/strong> - <em>Cyber-Physical Systems<\/em>) in den Produktionsprozessen. Sie st\u00fctzt sich auf die <strong>Industrielle Digitalisierung<\/strong> um die gesamte Wertsch\u00f6pfungskette vom Lieferanten bis zum Kunden zu verbinden. Diese Transformation beruht auf der Nutzung von Massendaten (dem <strong>Big Data<\/strong>) gesammelt von der\u2019<strong>IoT<\/strong>, die von der\u2019<strong>K\u00fcnstliche Intelligenz (KI)<\/strong>, und von den ausf\u00fchrenden Systemen implementiert (<strong>MEINE<\/strong>). Sie erm\u00f6glicht den \u00dcbergang von einer starren zu einer hochgradig <strong>flexibel, individuell und optimiert<\/strong> kontinuierlich.<\/p>\n<h3><strong>Die 9 technologischen S\u00e4ulen der Industrie 4.0<\/strong><\/h3>\n<p>Die Verwirklichung von Industrie 4.0 beruht auf der Verkn\u00fcpfung mehrerer bahnbrechender Technologien:<\/p>\n<ol>\n<li><strong>Das Internet der Dinge (IoT) :<\/strong> Stellt die notwendigen Sensoren und Netzwerke bereit, um Produktionsdaten in Echtzeit zu erfassen. Er ist der <strong>Nervensystem<\/strong> der vernetzten Fabrik.<\/li>\n<li><strong>Big Data &amp; Analyse :<\/strong> Erm\u00f6glicht die Umwandlung massiver Mengen von Rohdaten in verwertbare Informationen f\u00fcr die Entscheidungsfindung.<\/li>\n<li><strong>K\u00fcnstliche Intelligenz (KI) &amp; Machine Learning :<\/strong> Erm\u00f6glichen es Systemen, zu lernen, Produktionsparameter zu optimieren und die <strong>Vorausschauende Wartung<\/strong>.<\/li>\n<li><strong>Der digitale Zwilling (Digital Twin) :<\/strong> Virtuelle Nachbildungen des Produkts oder des Prozesses, die vor der physischen Umsetzung zur Simulation und Optimierung verwendet werden.<\/li>\n<li><strong>Cyber-Physical Systems (CPS) und systemische Integration :<\/strong> Die F\u00e4higkeit von Software (<strong>ERP<\/strong> \/ <strong>MEINE<\/strong>) mit den physischen Maschinen zu kommunizieren.<\/li>\n<li><strong>Additive Fertigung (3D-Druck) :<\/strong> Erm\u00f6glicht die Herstellung komplexer Teile oder ultrapersonalisierter Kleinserien und ver\u00e4ndert die Logistik und den Werkzeugbau.<\/li>\n<li><strong>Augmented Reality (AR) :<\/strong> Wird f\u00fcr Schulungen, Wartungsarbeiten (F\u00fchrung von Technikern) und zur Unterst\u00fctzung des Bedieners am Arbeitsplatz verwendet.<\/li>\n<li><strong>Fortgeschrittene Robotik und Cobots :<\/strong> Kollaborative Roboter, die Seite an Seite mit Menschen arbeiten und so die Ergonomie und Produktivit\u00e4t verbessern.<\/li>\n<li><strong>Cybersicherheit :<\/strong> Unerl\u00e4sslich, um zusammengeschaltete Netzwerke vor Eindringlingen zu sch\u00fctzen und die Zuverl\u00e4ssigkeit von Daten zu gew\u00e4hrleisten.<\/li>\n<\/ol>\n<h3><strong>Die Auswirkungen von Industrie 4.0 auf die betriebliche Exzellenz<\/strong><\/h3>\n<p>Industrie 4.0 ist der m\u00e4chtigste Weg, um das Ziel zu erreichen.\u2019<strong>Operative Exzellenz,<\/strong> indem sie auf alle Hebel des <strong>Wirtschaftsingenieurwesen<\/strong> :<\/p>\n<ul>\n<li><strong>Mass Customization :<\/strong> Die Fabrik wird flexibel genug, um eine gro\u00dfe Vielfalt an Referenzen in kleinen Chargen mit der Effizienz der <strong>Serienproduktion<\/strong> (Anpassungsf\u00e4higkeit an <strong>Gezogener Fluss<\/strong>).<\/li>\n<li><strong>Verbesserte Zuverl\u00e4ssigkeit und Qualit\u00e4t :<\/strong> Die <strong>Vorausschauende Wartung<\/strong> und die kontinuierliche Qualit\u00e4tskontrolle (<strong>Machine Vision<\/strong>) maximieren den <strong>TRS (Synthetische Ertragsrate)<\/strong> und garantieren eine Null-Fehler-Qualit\u00e4t (durch die Integration des <strong>Poka-Yoke<\/strong> digital).<\/li>\n<li><strong>Reduzierung von Kosten und Verschwendung :<\/strong> Die Analyse von Flussdaten erm\u00f6glicht die Identifizierung und Beseitigung von Verschwendung (<em>Muda<\/em>) mit einer nie dagewesenen Genauigkeit, was einen schnelleren Six-Sigma-Lean-Zyklus antreibt.<\/li>\n<\/ul>\n<h3><strong>Die Herausforderung der Integration (Die Rolle des Industrial Engineering)<\/strong><\/h3>\n<p>Die gr\u00f6\u00dfte Herausforderung f\u00fcr KMU ist nicht die Technologie selbst, sondern ihre nahtlose Integration.<\/p>\n<ol>\n<li><strong>Technologie und Prozess angleichen :<\/strong> Der Berater in <strong>Wirtschaftsingenieurwesen<\/strong> stellt sicher, dass digitale Werkzeuge (z. B: <strong>IoT<\/strong>) werden eingesetzt, um ein reales Problem zu l\u00f6sen und nicht um der Technologie willen. Die Prinzipien des <strong>Lean Management<\/strong> bleiben der methodische Leitfaden.<\/li>\n<li><strong>Interoperabilit\u00e4t :<\/strong> Sicherstellen, dass die\u2019<strong>ERP<\/strong>, am <strong>MEINE<\/strong>, In diesem Fall ist es wichtig, dass die Automaten und Wartungssysteme perfekt miteinander kommunizieren.<\/li>\n<\/ol>\n<p>L\u2019<strong>Industrie 4.0<\/strong> ist nicht nur ein technologisches Upgrade; es ist eine strategische Transformation, die das Unternehmen in der globalen Wertsch\u00f6pfungskette neu positioniert und ihm eine beispiellose Agilit\u00e4t und Effizienz verleiht. Das ist die Garantie f\u00fcr langfristige Wettbewerbsf\u00e4higkeit.<\/p>\n<p><!-- notionvc: 51be70d6-4edf-4afc-b68f-fe83d2259dbd --><\/p>\n<p data-start=\"3483\" data-end=\"3654\"><!-- notionvc: 55748b84-6bc7-48d1-980a-8210c919df08 --><\/p>","protected":false},"excerpt":{"rendered":"<p>L&#8217;Industrie 4.0 est un terme qui d\u00e9crit la quatri\u00e8me r\u00e9volution industrielle. Elle repr\u00e9sente la convergence des technologies num\u00e9riques avanc\u00e9es, de l&#8217;internet et des syst\u00e8mes de production physique. Son objectif est de cr\u00e9er une Usine Intelligente (Smart Factory) o\u00f9 les syst\u00e8mes sont autonomes, interconnect\u00e9s et capables de prendre des d\u00e9cisions d\u00e9centralis\u00e9es en temps r\u00e9el.<\/p>","protected":false},"author":1,"featured_media":0,"parent":12324,"menu_order":0,"comment_status":"closed","ping_status":"closed","template":"","meta":{"_sitemap_exclude":false,"_sitemap_priority":"","_sitemap_frequency":"","footnotes":""},"definition":[99],"class_list":["post-12503","page","type-page","status-publish","hentry","definition-definition"],"jetpack_sharing_enabled":true,"_links":{"self":[{"href":"https:\/\/sxe-consulting.com\/de\/wp-json\/wp\/v2\/pages\/12503","targetHints":{"allow":["GET"]}}],"collection":[{"href":"https:\/\/sxe-consulting.com\/de\/wp-json\/wp\/v2\/pages"}],"about":[{"href":"https:\/\/sxe-consulting.com\/de\/wp-json\/wp\/v2\/types\/page"}],"author":[{"embeddable":true,"href":"https:\/\/sxe-consulting.com\/de\/wp-json\/wp\/v2\/users\/1"}],"replies":[{"embeddable":true,"href":"https:\/\/sxe-consulting.com\/de\/wp-json\/wp\/v2\/comments?post=12503"}],"version-history":[{"count":0,"href":"https:\/\/sxe-consulting.com\/de\/wp-json\/wp\/v2\/pages\/12503\/revisions"}],"up":[{"embeddable":true,"href":"https:\/\/sxe-consulting.com\/de\/wp-json\/wp\/v2\/pages\/12324"}],"wp:attachment":[{"href":"https:\/\/sxe-consulting.com\/de\/wp-json\/wp\/v2\/media?parent=12503"}],"wp:term":[{"taxonomy":"definition","embeddable":true,"href":"https:\/\/sxe-consulting.com\/de\/wp-json\/wp\/v2\/definition?post=12503"}],"curies":[{"name":"wp","href":"https:\/\/api.w.org\/{rel}","templated":true}]}}