{"id":12502,"date":"2025-10-20T23:49:12","date_gmt":"2025-10-20T21:49:12","guid":{"rendered":"https:\/\/sxe-consulting.com\/?page_id=12502"},"modified":"2025-10-20T23:49:12","modified_gmt":"2025-10-20T21:49:12","slug":"kanban-definition","status":"publish","type":"page","link":"https:\/\/sxe-consulting.com\/de\/glossaire-industriel\/kanban-definition\/","title":{"rendered":"Kanban"},"content":{"rendered":"<p>Die <strong>Kanban<\/strong> ist ein operationelles und visuelles Werkzeug des <strong>Lean Management<\/strong>, Der Name stammt von den beiden japanischen Schriftzeichen : <em>Kan<\/em> (Karte oder visuelles Signal) und <em>Ban<\/em> (Tabelle). Sie wurde von Toyota entwickelt und ist das Schl\u00fcsselelement zur Implementierung des <strong>Pull-Fluss (Pull System)<\/strong> in einer Umgebung von <strong>Serienproduktion<\/strong>.<\/p>\n<p><!--more--><\/p>\n<p><strong>Vertiefte Definition :<\/strong> Kanban ist ein <strong>Signalsystem<\/strong> der die Produktion und die Materialversorgung regelt. Seine Aufgabe ist es, die Herstellung oder Lieferung eines Teils nur dann auszul\u00f6sen, wenn es von der nachgelagerten Arbeitsstation (dem internen Kunden) ben\u00f6tigt wird. Die Karte oder der Kanban-Impuls zirkuliert zwischen den Arbeitsstationen: Wenn der Bestand eines Bauteils einen vordefinierten Mindeststand (den Reorder-Point) erreicht, wird die Karte an die vorgelagerte Station (den internen Lieferanten) gesendet, um die Produktion oder Lieferung der genauen Anzahl der verbrauchten Teile zu genehmigen. Das Ziel ist <strong>die laufende Arbeit strikt begrenzen (WIP - <em>Work In Progress<\/em>)<\/strong> und die Vermeidung von <strong>\u00dcberproduktion<\/strong> (die gef\u00e4hrlichste Verschwendung, <em>Muda<\/em>).<\/p>\n<h3><strong>Die Grundprinzipien und Goldenen Regeln von Kanban<\/strong><\/h3>\n<p>Damit ein Kanban-System effektiv ist und die\u2019<strong>Operative Exzellenz<\/strong>, In der Regel m\u00fcssen vier Regeln beachtet werden:<\/p>\n<ol>\n<li><strong>Nur produzieren\/liefern, was zur\u00fcckgezogen wird :<\/strong> Die vorgelagerte Station darf nur die Teile herstellen, die durch den Kanban-Impuls angegeben wurden. Dadurch wird sichergestellt, dass die Produktion <em>gezogen<\/em> durch die tats\u00e4chliche Nachfrage, und nicht <em>Schub<\/em> durch eine theoretische Planung (<strong>MRP<\/strong>).<\/li>\n<li><strong>Ein Kanban pro Beh\u00e4lter (oder Los) :<\/strong> Jeder Beh\u00e4lter oder jede Charge von Teilen muss eine zugeh\u00f6rige Kanban-Karte haben. Die R\u00fcckgabe dieser Karte ist das Signal f\u00fcr den Nachschub.<\/li>\n<li><strong>Kein Raum Ohne Kanban :<\/strong> Kein Teil darf produziert, transportiert oder gelagert werden, wenn es nicht an einem Kanban-Impuls befestigt ist. Diese Regel diszipliniert die Werkstatt und sorgt f\u00fcr eine strenge Kontrolle des <strong>WIP<\/strong>.<\/li>\n<li><strong>\u00dcberpr\u00fcfen Sie die Qualit\u00e4t bei jedem Schritt :<\/strong> Kanban macht die Werkstatt sehr empfindlich gegen\u00fcber <strong>Qualit\u00e4t<\/strong>. Wenn ein Fehler auftritt, h\u00f6rt die Talstation auf zu schie\u00dfen, und das Problem steigt sofort auf und zwingt die <strong>Root Cause Analysis (RCA)<\/strong> und die\u2019<strong>Kontinuierliche Verbesserung (KAIZEN)<\/strong> an der Bergstation.<\/li>\n<\/ol>\n<h3><strong>Kanban und Industrielle Leistung<\/strong><\/h3>\n<p>Die Implementierung von Kanban durch die Ingenieure des <strong>Wirtschaftsingenieurwesen<\/strong> ist ein notwendiger Schritt, um ein System von <strong>Pushed Flow<\/strong> in ein System von <strong>Gezogener Fluss<\/strong> leistungsstark :<\/p>\n<ul>\n<li><strong>Drastische Reduzierung der Lagerbest\u00e4nde :<\/strong> Kanban wurde entwickelt, um das Unternehmen mit einem Minimum an Sicherheitsbest\u00e4nden zu betreiben, die notwendig sind, um Nachfrageschwankungen und Wiederbeschaffungszeiten abzudecken. Dies setzt Kapital (BFR) und Platz frei.<\/li>\n<li><strong>Identifizierung von Problemen (Engp\u00e4ssen) :<\/strong> Durch die Begrenzung des <strong>WIP<\/strong>, Kanban macht Probleme sichtbar. Wenn ein <strong>Erdrosselungshals (Bottleneck)<\/strong> einen Schritt verlangsamt, leert sich die vorgelagerte Warteschlange schnell, und die anderen Stationen halten an, wodurch die Quelle der Blockade klar offengelegt wird (eines der Hauptziele des <strong>Visuelles Management<\/strong>).<\/li>\n<li><strong>Lean Management :<\/strong> Das Unternehmen ist st\u00e4ndig bestrebt, die Anzahl der Kanban-Karten und damit den Bestand zu reduzieren. Jede erfolgreiche Reduzierung legt das n\u00e4chste Problem oder die n\u00e4chste Verschwendung offen, die es zu beseitigen gilt, wodurch der Kreislauf weiter angeheizt wird <strong>PDCA<\/strong>.<\/li>\n<\/ul>\n<h3><strong>Digitales Kanban (e-Kanban) und Industrie 4.0<\/strong><\/h3>\n<p>Im Zeitalter der <strong>Industrielle Digitalisierung<\/strong>, Kanban hat sich weiterentwickelt:<\/p>\n<ul>\n<li><strong>e-Kanban :<\/strong> Physische Karten werden durch elektronische Signale ersetzt. Barcode-Scanner oder Sensoren <strong>IoT<\/strong> erkennen den Verbrauch und senden ein automatisches Signal an das System <strong>MES (Manufacturing Execution System)<\/strong> oder in der\u2019<strong>ERP (Enterprise Resource Planning)<\/strong> um einen Produktions- oder Einkaufsauftrag zu generieren.<\/li>\n<li><strong>Kanban und KI :<\/strong> Die <strong>Machine Learning<\/strong> kann helfen, die Losgr\u00f6\u00dfe (die Anzahl der Teile pro Kanban) und den Ausl\u00f6sepunkt dynamisch zu optimieren, um besser auf \u00c4nderungen der Nachfrage und des <strong>Taktzeit<\/strong>.<\/li>\n<\/ul>\n<p>Das Wesen des <strong>Kanban<\/strong> bleibt gleich: <strong>den Fluss visualisieren, den WIP begrenzen und die Produktion durch die tats\u00e4chliche Nachfrage ziehen<\/strong>. Er ist der Regelmechanismus, der der Fabrik ihre Flexibilit\u00e4t und Effizienz von <strong>Gezogener Fluss<\/strong>.<\/p>\n<p><!-- notionvc: 12064eb7-ea80-4fe9-9633-f331c2058e94 --><\/p>\n<p data-start=\"3483\" data-end=\"3654\"><!-- notionvc: 55748b84-6bc7-48d1-980a-8210c919df08 --><\/p>","protected":false},"excerpt":{"rendered":"<p>Le Kanban est un outil op\u00e9rationnel et visuel du Lean Management, qui tire son nom des deux caract\u00e8res japonais : Kan (carte ou signal visuel) et Ban (tableau). D\u00e9velopp\u00e9 par Toyota, il est l&#8217;\u00e9l\u00e9ment cl\u00e9 qui permet d&#8217;impl\u00e9menter le Flux Tir\u00e9 (Pull System) dans un environnement de Production de S\u00e9rie.<\/p>","protected":false},"author":1,"featured_media":0,"parent":12324,"menu_order":0,"comment_status":"closed","ping_status":"closed","template":"","meta":{"_sitemap_exclude":false,"_sitemap_priority":"","_sitemap_frequency":"","footnotes":""},"definition":[99],"class_list":["post-12502","page","type-page","status-publish","hentry","definition-definition"],"jetpack_sharing_enabled":true,"_links":{"self":[{"href":"https:\/\/sxe-consulting.com\/de\/wp-json\/wp\/v2\/pages\/12502","targetHints":{"allow":["GET"]}}],"collection":[{"href":"https:\/\/sxe-consulting.com\/de\/wp-json\/wp\/v2\/pages"}],"about":[{"href":"https:\/\/sxe-consulting.com\/de\/wp-json\/wp\/v2\/types\/page"}],"author":[{"embeddable":true,"href":"https:\/\/sxe-consulting.com\/de\/wp-json\/wp\/v2\/users\/1"}],"replies":[{"embeddable":true,"href":"https:\/\/sxe-consulting.com\/de\/wp-json\/wp\/v2\/comments?post=12502"}],"version-history":[{"count":0,"href":"https:\/\/sxe-consulting.com\/de\/wp-json\/wp\/v2\/pages\/12502\/revisions"}],"up":[{"embeddable":true,"href":"https:\/\/sxe-consulting.com\/de\/wp-json\/wp\/v2\/pages\/12324"}],"wp:attachment":[{"href":"https:\/\/sxe-consulting.com\/de\/wp-json\/wp\/v2\/media?parent=12502"}],"wp:term":[{"taxonomy":"definition","embeddable":true,"href":"https:\/\/sxe-consulting.com\/de\/wp-json\/wp\/v2\/definition?post=12502"}],"curies":[{"name":"wp","href":"https:\/\/api.w.org\/{rel}","templated":true}]}}