{"id":12500,"date":"2025-10-20T23:50:43","date_gmt":"2025-10-20T21:50:43","guid":{"rendered":"https:\/\/sxe-consulting.com\/?page_id=12500"},"modified":"2025-10-20T23:50:43","modified_gmt":"2025-10-20T21:50:43","slug":"bauxit-definition","status":"publish","type":"page","link":"https:\/\/sxe-consulting.com\/de\/glossaire-industriel\/la-bauxite-definition\/","title":{"rendered":"Bauxit"},"content":{"rendered":"<p>Die <strong>Bauxit<\/strong> ist ein Sedimentgestein, die wichtigste Handelsquelle von\u2019<strong>Aluminium<\/strong> (Metall) und der\u2019<strong>Aluminiumoxid<\/strong> (Aluminiumoxid, Al2O3). Es ist nach dem Dorf Les Baux-de-Provence in S\u00fcdfrankreich benannt, wo es 1821 entdeckt wurde.<\/p>\n<p><!--more--><\/p>\n<p><strong>Vertiefte Definition :<\/strong> Bauxit ist ein zusammengesetztes Erz. Seine chemische Zusammensetzung besteht haupts\u00e4chlich aus Aluminiumoxiden und -hydroxiden (wie Gibbsit, B\u00f6hmit und Diaspor), die mit Verunreinigungen wie Eisen-, Titan- und Siliziumoxiden vermischt sind. Seine Farbe kann aufgrund des Eisenanteils von rot bis dunkelbraun variieren. Die Qualit\u00e4t eines Bauxits wird anhand seines Gehalts an extrahierbarem Aluminiumoxid gemessen, das der Schl\u00fcsselindikator f\u00fcr sein wirtschaftliches Potenzial und seine Verwendung in der\u2019<strong>Industrialisierung<\/strong>.<\/p>\n<h3><strong>Die Rolle von Bauxit in der industriellen Wertsch\u00f6pfungskette<\/strong><\/h3>\n<p>Bauxit ist der Ursprung einer der kritischsten industriellen Wertsch\u00f6pfungsketten f\u00fcr die <strong>Wirtschaftsingenieurwesen<\/strong> :<\/p>\n<ol>\n<li><strong>Herstellung von Aluminiumoxid (Extraktionsschritt) :<\/strong>\n<ul>\n<li>Bauxiterz wird zun\u00e4chst raffiniert, um reines Aluminiumoxid (Al2O3) mithilfe des Bayer-Verfahrens zu extrahieren. Bei diesem komplexen chemischen Verfahren werden die Aluminiumhydroxide von den Verunreinigungen (dem Rotschlamm, der als Nebenprodukt anf\u00e4llt) getrennt.<\/li>\n<li>L\u2019<strong>Aluminiumoxid<\/strong> (in Form eines wei\u00dfen Pulvers), das so gewonnen wird, dient als Hauptrohstoff.<\/li>\n<\/ul>\n<\/li>\n<li><strong>Aluminiumproduktion (Metallurgie) :<\/strong>\n<ul>\n<li>Das reine Aluminiumoxid wird dann durch Elektrolyse (Hall-H\u00e9roult-Verfahren) in das Metall Aluminium (Al) umgewandelt, ein \u00e4u\u00dferst energieintensiver Prozess.<\/li>\n<li>Aluminium ist nach Eisen das am h\u00e4ufigsten verwendete Nichteisenmetall, das aufgrund seines geringen Gewichts und seiner Korrosionsbest\u00e4ndigkeit f\u00fcr Transport, Bau und Verpackung unerl\u00e4sslich ist.<\/li>\n<\/ul>\n<\/li>\n<li><strong>Feuerfeste Materialien und Schleifmittel :<\/strong>\n<ul>\n<li>Ein Bruchteil des hochreinen Aluminiumoxids oder des kalzinierten Bauxits wird f\u00fcr die Herstellung von technisch fortgeschrittenen feuerfesten Steinen verwendet. Dies ist der Fall bei\u2019<strong>Geschmolzene Tonerde<\/strong> und seinen Derivaten wie\u2019<strong>Elektrofon AZS<\/strong> und die\u2019<strong>Elektrofoniert \u03b1-\u03b2<\/strong>.<\/li>\n<li>Diese Materialien sind f\u00fcr die Schwerindustrie lebenswichtig, da sie die Auskleidung von \u00d6fen bilden, die extremen Temperaturen und Korrosionen standhalten und so die Zuverl\u00e4ssigkeit der Ger\u00e4te und die <strong>Industrielle Leistung<\/strong>.<\/li>\n<\/ul>\n<\/li>\n<\/ol>\n<h3><strong>Herausforderungen f\u00fcr die Supply Chain<\/strong><\/h3>\n<p>Die Versorgung mit Bauxit ist eine wichtige Herausforderung f\u00fcr die <strong>Lieferkette<\/strong> Welt und der <strong>Industrielle Leistung<\/strong> der Nationen.<\/p>\n<ul>\n<li><strong>Strategische Ressource :<\/strong> Das Erz ist f\u00fcr die Transport- und Luftfahrtindustrie (leichtes Aluminium) von entscheidender Bedeutung. Seine Verf\u00fcgbarkeit und die Kosten f\u00fcr die Energie, die f\u00fcr seine Verarbeitung ben\u00f6tigt wird, wirken sich direkt auf die Gestehungskosten der verarbeiteten Produkte aus.<\/li>\n<li><strong>Geografie und Nachvollziehbarkeit :<\/strong> Die wichtigsten Vorkommen konzentrieren sich auf einige wenige L\u00e4nder (Australien, Guinea, Brasilien). Die <strong>R\u00fcckverfolgbarkeit<\/strong> der Rohstoffe und die Sicherung der Versorgung sind zunehmend ein Anliegen der Unternehmen, die das Risiko von Unterbrechungen ihrer Produktion minimieren wollen. <strong>Serienproduktion<\/strong>.<\/li>\n<\/ul>\n<p>Abschlie\u00dfend <strong>Bauxit<\/strong> ist weit mehr als nur ein Gestein. Es ist der Ausgangspunkt einer Branche, die die Innovation bei Leichtbaumaterialien und die Widerstandsf\u00e4higkeit der industriellen Hochtemperatur-Infrastrukturen antreibt - ein wichtiges Glied der Weltwirtschaft.<\/p>\n<p><!-- notionvc: 12cb7b84-55af-4bde-aa7c-fe67e2047a65 --><\/p>\n<p data-start=\"3483\" data-end=\"3654\"><!-- notionvc: 55748b84-6bc7-48d1-980a-8210c919df08 --><\/p>","protected":false},"excerpt":{"rendered":"<p>La Bauxite est une roche s\u00e9dimentaire, la principale source commerciale de l&#8217;Aluminium (m\u00e9tal) et de l&#8217;Alumine (oxyde d&#8217;aluminium, Al2O3). Elle doit son nom au village des Baux-de-Provence, dans le sud de la France, o\u00f9 elle fut d\u00e9couverte en 1821.<\/p>","protected":false},"author":1,"featured_media":0,"parent":12324,"menu_order":0,"comment_status":"closed","ping_status":"closed","template":"","meta":{"_sitemap_exclude":false,"_sitemap_priority":"","_sitemap_frequency":"","footnotes":""},"definition":[99],"class_list":["post-12500","page","type-page","status-publish","hentry","definition-definition"],"jetpack_sharing_enabled":true,"_links":{"self":[{"href":"https:\/\/sxe-consulting.com\/de\/wp-json\/wp\/v2\/pages\/12500","targetHints":{"allow":["GET"]}}],"collection":[{"href":"https:\/\/sxe-consulting.com\/de\/wp-json\/wp\/v2\/pages"}],"about":[{"href":"https:\/\/sxe-consulting.com\/de\/wp-json\/wp\/v2\/types\/page"}],"author":[{"embeddable":true,"href":"https:\/\/sxe-consulting.com\/de\/wp-json\/wp\/v2\/users\/1"}],"replies":[{"embeddable":true,"href":"https:\/\/sxe-consulting.com\/de\/wp-json\/wp\/v2\/comments?post=12500"}],"version-history":[{"count":0,"href":"https:\/\/sxe-consulting.com\/de\/wp-json\/wp\/v2\/pages\/12500\/revisions"}],"up":[{"embeddable":true,"href":"https:\/\/sxe-consulting.com\/de\/wp-json\/wp\/v2\/pages\/12324"}],"wp:attachment":[{"href":"https:\/\/sxe-consulting.com\/de\/wp-json\/wp\/v2\/media?parent=12500"}],"wp:term":[{"taxonomy":"definition","embeddable":true,"href":"https:\/\/sxe-consulting.com\/de\/wp-json\/wp\/v2\/definition?post=12500"}],"curies":[{"name":"wp","href":"https:\/\/api.w.org\/{rel}","templated":true}]}}