{"id":12499,"date":"2025-10-20T23:51:41","date_gmt":"2025-10-20T21:51:41","guid":{"rendered":"https:\/\/sxe-consulting.com\/?page_id=12499"},"modified":"2025-10-20T23:51:41","modified_gmt":"2025-10-20T21:51:41","slug":"die-5s-methode-definition","status":"publish","type":"page","link":"https:\/\/sxe-consulting.com\/de\/glossaire-industriel\/la-methode-5s-definition\/","title":{"rendered":"Die 5S-Methode"},"content":{"rendered":"<p>Die <strong>5S-Methode<\/strong> ist ein strukturierendes und grundlegendes Instrument des <strong>Lean Management<\/strong> die darauf abzielt, ein optimales Arbeitsumfeld zu schaffen (sauber, ordentlich, sicher und effizient). Sein Name leitet sich von f\u00fcnf japanischen Begriffen ab, die alle mit dem Buchstaben \u2018S\u2019 beginnen.<\/p>\n<p><!--more--><\/p>\n<p><strong>Vertiefte Definition :<\/strong> Die 5S-Methode ist ein praktischer und partizipatorischer Prozess, der die Werkstatt oder das B\u00fcro in einen Ort der Produktion von\u2019<strong>Operative Exzellenz<\/strong>. Das Hauptziel ist <strong>Anomalien sofort sichtbar machen<\/strong> (ein Schl\u00fcsselprinzip des <strong>Visuelles Management<\/strong>) und Verschwendung zu beseitigen (<em>Muda<\/em>), die mit unn\u00f6tigen Bewegungen, Wartezeiten und der Suche nach Hilfsmitteln oder Informationen verbunden sind. Dies ist der erste Schritt, der f\u00fcr jede Initiative zur\u2019<strong>Kontinuierliche Verbesserung (KAIZEN)<\/strong>. Ohne eine kontrollierte 5S-Umgebung ist es sehr schwierig, die <strong>Standardisierung<\/strong> und die <strong>Qualit\u00e4t<\/strong> der <strong>Serienproduktion<\/strong>.<\/p>\n<h3><strong>Die F\u00fcnf S\u00e4ulen der Organisation<\/strong><\/h3>\n<p>Die 5S-Methode ist ein Verbesserungszyklus, der sequenziell angewendet wird und alle Bediener einbezieht :<\/p>\n<h3><strong>1. Seiri (Sortieren, Entsorgen)<\/strong><\/h3>\n<ul>\n<li><strong>Ziele:<\/strong> Unterscheiden Sie zwischen dem, was f\u00fcr die Arbeit notwendig ist, und dem, was nicht notwendig ist.<\/li>\n<li><strong>Aktion :<\/strong> Entfernen Sie unn\u00f6tige oder selten benutzte Gegenst\u00e4nde aus dem Arbeitsbereich (z. B. veraltete Werkzeuge, alte Dokumente, \u00fcbersch\u00fcssige Best\u00e4nde). Durch das Sortieren soll Platz geschaffen und Unordnung reduziert werden.<\/li>\n<\/ul>\n<h3><strong>2. Seiton (Ordnen, Verorten)<\/strong><\/h3>\n<ul>\n<li><strong>Ziele:<\/strong> Organisieren Sie die ben\u00f6tigten Gegenst\u00e4nde effektiv, sodass Sie sie leicht finden und verstauen k\u00f6nnen.<\/li>\n<li><strong>Aktion :<\/strong> Legen Sie f\u00fcr alles einen Platz fest und sorgen Sie daf\u00fcr, dass alles an seinem Platz ist. Verwendung des <strong>Visuelles Management<\/strong> (Beschriftung, Bodenmarkierungen, Werkzeugtafeln), damit alles zug\u00e4nglich ist und das Fehlen eines Gegenstandes sofort auff\u00e4llt.<\/li>\n<\/ul>\n<h3><strong>3. Seiso (Reinigen, Inspizieren)<\/strong><\/h3>\n<ul>\n<li><strong>Ziele:<\/strong> Halten Sie den Arbeitsbereich sauber und inspizieren Sie bei dieser Gelegenheit auch die Ausr\u00fcstung.<\/li>\n<li><strong>Aktion :<\/strong> Reinigen Sie den Arbeitsplatz, die Maschine und die Umgebung regelm\u00e4\u00dfig. Die Reinigung wird zu einem Akt der\u2019<strong>Inspektion<\/strong> mit dem Probleme bereits bei ihrer Entstehung erkannt werden k\u00f6nnen (Lecks, abnormale Vibrationen, Ger\u00e4usche, beginnender Maschinenausfall).<\/li>\n<\/ul>\n<h3><strong>4. Seiketsu (Standardisieren, Offensichtlich machen)<\/strong><\/h3>\n<ul>\n<li><strong>Ziele:<\/strong> Aufrechterhaltung der ersten drei \u201cS\u201d durch die Schaffung von Regeln und Standards.<\/li>\n<li><strong>Aktion :<\/strong> Formalisierung bew\u00e4hrter Praktiken (z. B. \u00fcber die Aktualisierung von <strong>Arbeitsanweisungen<\/strong>), Regeln visuell darstellen (z. B. Farbcodes, Checklisten) und die Praktiken zwischen den verschiedenen Arbeitspl\u00e4tzen vereinheitlichen. Es geht darum, punktuelle Ma\u00dfnahmen in Routine zu verwandeln.<\/li>\n<\/ul>\n<h3><strong>5. Shitsuke (Fortbestehen, Disziplin)<\/strong><\/h3>\n<ul>\n<li><strong>Ziele:<\/strong> 5S zu einer Lebensweise des Unternehmens machen und seinen Fortbestand sichern.<\/li>\n<li><strong>Aktion :<\/strong> Integration der 5S-Methode in die Unternehmenskultur durch regelm\u00e4\u00dfige Audits, Bewertung der Leistung der Teams in Bezug auf die Einhaltung der 5S-Standards und Anerkennung der Anstrengungen der Mitarbeiter.\u2019<strong>Kontinuierliche Verbesserung<\/strong>. Dies ist die Phase der Selbstdisziplin.<\/li>\n<\/ul>\n<h3><strong>Die Auswirkungen von 5S auf die industrielle Leistung<\/strong><\/h3>\n<p>Die Umsetzung von 5S ist eine Voraussetzung f\u00fcr jede <strong>Wirtschaftsingenieurwesen<\/strong> und erzeugt direkte und messbare Vorteile :<\/p>\n<ul>\n<li><strong>Sicherheit und Ergonomie :<\/strong> Weniger Platzbedarf und eine geordnete Aufbewahrung senken das Unfallrisiko (St\u00fcrze, Verletzungen) erheblich und verbessern die Ergonomie der Arbeitspl\u00e4tze.<\/li>\n<li><strong>Qualit\u00e4t und Effektivit\u00e4t :<\/strong> Ein organisierter Arbeitsplatz reduziert die Zeit, die mit Suchen verschwendet wird (eine Verschwendung <em>Muda<\/em>), verringert die Gefahr, falsche Werkzeuge oder Komponenten zu verwenden (<strong>Poka-Yoke<\/strong> pr\u00e4ventiv), und verbessert die Qualit\u00e4t gleich beim ersten Mal (<em>First Time Right<\/em>).<\/li>\n<li><strong>Maintenance Support :<\/strong> Durch die Integration der Reinigung-Inspektion (<strong>Seiso<\/strong>), tr\u00e4gt die 5S-Methode indirekt zur Fr\u00fcherkennung von Problemen bei, indem sie als Unterst\u00fctzung f\u00fcr die <strong>Vorbeugende Instandhaltung<\/strong> oder sogar an die <strong>Vorausschauende Wartung<\/strong> (visuell).<\/li>\n<li><strong>Kontinuierliche Verbesserung :<\/strong> Die Einhaltung von Standards (Phasen <strong>Seiketsu<\/strong> und <strong>Shitsuke<\/strong>) liefert die Ausgangsbasis f\u00fcr die n\u00e4chste Verbesserung (<strong>KAIZEN<\/strong>), wodurch sichergestellt wird, dass der Zyklus <strong>PDCA<\/strong> beginnt immer von einer stabilen und bekannten Position aus.<\/li>\n<\/ul>\n<p>Zusammenfassend l\u00e4sst sich sagen, dass die Methode <strong>5S<\/strong> ist weit mehr als nur eine Reinigungsinitiative; es ist ein Managementinstrument, das Prozesse und Teams diszipliniert und die Arbeitsumgebung in einen Motor f\u00fcr Effizienz und eine unverzichtbare Grundlage f\u00fcr die\u2019<strong>Operative Exzellenz<\/strong>.<\/p>\n<p><!-- notionvc: b14d37f1-cc66-4560-b124-8aec23672877 --><\/p>","protected":false},"excerpt":{"rendered":"<p>La m\u00e9thode 5S est un outil structurant et fondamental du Lean Management qui vise \u00e0 cr\u00e9er un environnement de travail optimal (propre, ordonn\u00e9, s\u00fbr et efficace). Son nom vient de cinq termes japonais commen\u00e7ant tous par la lettre &#8216;S&#8217;.<\/p>","protected":false},"author":1,"featured_media":0,"parent":12324,"menu_order":0,"comment_status":"closed","ping_status":"closed","template":"","meta":{"_sitemap_exclude":false,"_sitemap_priority":"","_sitemap_frequency":"","footnotes":""},"definition":[99],"class_list":["post-12499","page","type-page","status-publish","hentry","definition-definition"],"jetpack_sharing_enabled":true,"_links":{"self":[{"href":"https:\/\/sxe-consulting.com\/de\/wp-json\/wp\/v2\/pages\/12499","targetHints":{"allow":["GET"]}}],"collection":[{"href":"https:\/\/sxe-consulting.com\/de\/wp-json\/wp\/v2\/pages"}],"about":[{"href":"https:\/\/sxe-consulting.com\/de\/wp-json\/wp\/v2\/types\/page"}],"author":[{"embeddable":true,"href":"https:\/\/sxe-consulting.com\/de\/wp-json\/wp\/v2\/users\/1"}],"replies":[{"embeddable":true,"href":"https:\/\/sxe-consulting.com\/de\/wp-json\/wp\/v2\/comments?post=12499"}],"version-history":[{"count":0,"href":"https:\/\/sxe-consulting.com\/de\/wp-json\/wp\/v2\/pages\/12499\/revisions"}],"up":[{"embeddable":true,"href":"https:\/\/sxe-consulting.com\/de\/wp-json\/wp\/v2\/pages\/12324"}],"wp:attachment":[{"href":"https:\/\/sxe-consulting.com\/de\/wp-json\/wp\/v2\/media?parent=12499"}],"wp:term":[{"taxonomy":"definition","embeddable":true,"href":"https:\/\/sxe-consulting.com\/de\/wp-json\/wp\/v2\/definition?post=12499"}],"curies":[{"name":"wp","href":"https:\/\/api.w.org\/{rel}","templated":true}]}}