{"id":12498,"date":"2025-10-20T23:52:41","date_gmt":"2025-10-20T21:52:41","guid":{"rendered":"https:\/\/sxe-consulting.com\/?page_id=12498"},"modified":"2025-10-20T23:52:41","modified_gmt":"2025-10-20T21:52:41","slug":"pareto-definition","status":"publish","type":"page","link":"https:\/\/sxe-consulting.com\/de\/glossaire-industriel\/pareto-definition\/","title":{"rendered":"Die Pareto-Methode oder das 80\/20-Prinzip"},"content":{"rendered":"<p>Die <strong>Pareto-Prinzip<\/strong>, oder <strong>80\/20-Gesetz<\/strong>, ist eine empirische Regel, die besagt, dass in den meisten Situationen, <strong>80 % der Wirkungen stammen aus 20 % der Ursachen<\/strong>. Dieses Prinzip wurde urspr\u00fcnglich von dem italienischen \u00d6konomen Vilfredo Pareto formuliert, der beobachtete, dass 80 % des Reichtums im Besitz von 20 % der Bev\u00f6lkerung sind. Sp\u00e4ter wurde es von Joseph Juran im Bereich der Qualit\u00e4t popul\u00e4r gemacht.<\/p>\n<p><!--more--><\/p>\n<p><strong>Vertiefte Definition :<\/strong> Im Zusammenhang mit der\u2019<strong>Operative Exzellenz<\/strong> und des <strong>Wirtschaftsingenieurwesen<\/strong>, Die Pareto-Methode ist ein wichtiges Analyse- und Entscheidungsinstrument. Sie erm\u00f6glicht die Identifizierung und Priorisierung von Wurzelursachen (die <strong>20 % kritisch<\/strong>), die den Gro\u00dfteil der Probleme erzeugen, Verschwendung (<em>Muda<\/em>), oder Verz\u00f6gerungen. Das Ziel ist nicht, alles zu l\u00f6sen, sondern <strong>die Bem\u00fchungen um kontinuierliche Verbesserung (KAIZEN) zu b\u00fcndeln<\/strong> dort, wo die Investitionsrendite am gr\u00f6\u00dften ist. Sie wird grafisch oft durch ein <strong>Pareto-Diagramm<\/strong>, Diese Methode kombiniert ein Histogramm (H\u00e4ufigkeit der Probleme) mit einer kumulativen Kurve (Prozentsatz der abgedeckten Effekte).<\/p>\n<h3><strong>Schl\u00fcsselanwendungen von 80\/20 in der Industrie<\/strong><\/h3>\n<p>Das Pareto-Prinzip gilt f\u00fcr alle Bereiche der <strong>Industrielle Leistung<\/strong> :<\/p>\n<h3><strong>1. Qualit\u00e4t und M\u00e4ngel<\/strong><\/h3>\n<ul>\n<li><strong>Anwendung :<\/strong> <strong>80 % der Nichtkonformit\u00e4ten<\/strong> oder Ausschuss werden verursacht durch <strong>20 % der Fehlerarten<\/strong> (oder 20 % der Maschinen, oder 20 % der Bediener).<\/li>\n<li><strong>Aktion :<\/strong> Das Team von <strong>Qualit\u00e4t<\/strong> und von <strong>Wirtschaftsingenieurwesen<\/strong> verwendet eine <strong>Root Cause Analysis (RCA)<\/strong> auf die geringe Anzahl von Hauptfehlern. Durch die Behebung dieser 20 % Ursachen erreicht das Unternehmen eine massive und schnelle Auswirkung auf die Nichtqualit\u00e4tsrate (ein <strong>KPI<\/strong> wesentlich).<\/li>\n<\/ul>\n<h3><strong>2. Wartung und TRS<\/strong><\/h3>\n<ul>\n<li><strong>Anwendung :<\/strong> <strong>80 % der Ausfallzeiten<\/strong> unvorhergesehene Ereignisse (angezeigt durch die <strong>Verf\u00fcgbarkeit<\/strong> in der <strong>TRS<\/strong>) sind zur\u00fcckzuf\u00fchren auf <strong>20 % der Arten von Ausf\u00e4llen<\/strong> (z. B. der Ausfall einer kritischen Komponente oder ein <strong>Erdrosselungshals (Bottleneck)<\/strong>).<\/li>\n<li><strong>Aktion :<\/strong> Die Bem\u00fchungen von <strong>Vorbeugende Instandhaltung<\/strong> oder die Installation von Sensoren <strong>IoT<\/strong> f\u00fcr die <strong>Vorausschauende Wartung<\/strong> sind auf diesen kleinen Prozentsatz kritischer Maschinen oder Ausf\u00e4lle konzentriert und maximieren die Auswirkungen auf die Produktionszeit.<\/li>\n<\/ul>\n<h3><strong>3. Bestandsmanagement und Supply Chain<\/strong><\/h3>\n<ul>\n<li><strong>Anwendung :<\/strong> <strong>80 % des Bestandswerts<\/strong> (oder <strong>80 % des Bestellvolumens<\/strong>) stammt aus <strong>20 % der Referenzen<\/strong> (die A-Artikel der ABC-Analyse).<\/li>\n<li><strong>Aktion :<\/strong> Die Verwaltung der Best\u00e4nde, die Einkaufsstrategie und die Einrichtung von <strong>Gezogener Fluss (Kanban)<\/strong> werden f\u00fcr diese 20 % an hochwertigen Artikeln hyperrationalisiert, w\u00e4hrend f\u00fcr die restlichen 80 % eine einfachere Verwaltung angewendet wird.<\/li>\n<\/ul>\n<h3><strong>Der PDCA-Zyklus und Pareto<\/strong><\/h3>\n<p>Die Pareto-Methode passt perfekt in die Phase der <strong>Planung (Plan)<\/strong> des Zyklus <strong>PDCA (Plan-Do-Check-Act)<\/strong> :<\/p>\n<ol>\n<li><strong>Plan (Priorisierung) :<\/strong> Datenanalyse nutzen (<strong>Big Data<\/strong> \u00fcber den <strong>MEINE<\/strong>), um die lebenswichtige Gruppe von Ursachen (die 20 %) zu identifizieren, die f\u00fcr das Problem verantwortlich sind.<\/li>\n<li><strong>Do (L\u00f6sung) :<\/strong> Implementieren Sie die L\u00f6sung f\u00fcr diese spezifischen Ursachen.<\/li>\n<li><strong>Check (\u00dcberpr\u00fcfen) :<\/strong> Messen Sie die Auswirkungen. Wenn die Aktion auf den 20 % 80 % des Problems gel\u00f6st hat, wird der Leistungszuwachs validiert.<\/li>\n<li><strong>Act (Standardisierung) :<\/strong> Die L\u00f6sung wird standardisiert und das Team kann dann die Pareto-Analyse f\u00fcr die verbleibenden 20 % Probleme erneut starten (die zu den neuen 100 % der n\u00e4chsten Analyse werden).<\/li>\n<\/ol>\n<h3><strong>Schlussfolgerung: Effektivit\u00e4t und Focussing<\/strong><\/h3>\n<p>Das Prinzip der <strong>Pareto<\/strong> ist der Beweis daf\u00fcr, dass bei der Leistung die Effizienz wichtiger ist als die Menge an Arbeit. Es erm\u00f6glicht KMU, sich nicht zu verzetteln und <strong>die Bem\u00fchungen dorthin richten, wo der Wert geschaffen wird<\/strong> : einige Schl\u00fcsselprobleme l\u00f6sen, die die Mehrheit der <strong>KPI<\/strong>. Es ist ein praktischer Leitfaden f\u00fcr jeden Teamleiter, der versucht, eine <strong>Serienproduktion<\/strong> zuverl\u00e4ssig und kosteng\u00fcnstig.<\/p>\n<p><!-- notionvc: 12bb9850-d306-4a2b-8dff-5f9c27801337 --><\/p>\n<p data-start=\"3483\" data-end=\"3654\"><!-- notionvc: 55748b84-6bc7-48d1-980a-8210c919df08 --><\/p>","protected":false},"excerpt":{"rendered":"<p>Le Principe de Pareto, ou Loi des 80\/20, est une r\u00e8gle empirique qui stipule que, dans la plupart des situations, 80 % des effets proviennent de 20 % des causes. Ce principe a \u00e9t\u00e9 formul\u00e9 \u00e0 l&#8217;origine par l&#8217;\u00e9conomiste italien Vilfredo Pareto, qui observait que 80 % des richesses \u00e9taient d\u00e9tenues par 20 % de [&hellip;]<\/p>\n","protected":false},"author":1,"featured_media":0,"parent":12324,"menu_order":0,"comment_status":"closed","ping_status":"closed","template":"","meta":{"_sitemap_exclude":false,"_sitemap_priority":"","_sitemap_frequency":"","footnotes":""},"definition":[99],"class_list":["post-12498","page","type-page","status-publish","hentry","definition-definition"],"jetpack_sharing_enabled":true,"_links":{"self":[{"href":"https:\/\/sxe-consulting.com\/de\/wp-json\/wp\/v2\/pages\/12498","targetHints":{"allow":["GET"]}}],"collection":[{"href":"https:\/\/sxe-consulting.com\/de\/wp-json\/wp\/v2\/pages"}],"about":[{"href":"https:\/\/sxe-consulting.com\/de\/wp-json\/wp\/v2\/types\/page"}],"author":[{"embeddable":true,"href":"https:\/\/sxe-consulting.com\/de\/wp-json\/wp\/v2\/users\/1"}],"replies":[{"embeddable":true,"href":"https:\/\/sxe-consulting.com\/de\/wp-json\/wp\/v2\/comments?post=12498"}],"version-history":[{"count":0,"href":"https:\/\/sxe-consulting.com\/de\/wp-json\/wp\/v2\/pages\/12498\/revisions"}],"up":[{"embeddable":true,"href":"https:\/\/sxe-consulting.com\/de\/wp-json\/wp\/v2\/pages\/12324"}],"wp:attachment":[{"href":"https:\/\/sxe-consulting.com\/de\/wp-json\/wp\/v2\/media?parent=12498"}],"wp:term":[{"taxonomy":"definition","embeddable":true,"href":"https:\/\/sxe-consulting.com\/de\/wp-json\/wp\/v2\/definition?post=12498"}],"curies":[{"name":"wp","href":"https:\/\/api.w.org\/{rel}","templated":true}]}}