{"id":12497,"date":"2025-10-20T23:53:25","date_gmt":"2025-10-20T21:53:25","guid":{"rendered":"https:\/\/sxe-consulting.com\/?page_id=12497"},"modified":"2025-10-20T23:53:25","modified_gmt":"2025-10-20T21:53:25","slug":"die-mulite-definition","status":"publish","type":"page","link":"https:\/\/sxe-consulting.com\/de\/glossaire-industriel\/la-mulite-definition\/","title":{"rendered":"Die Mulite"},"content":{"rendered":"<p>Die <strong>Mulite<\/strong> ist eine mineralische Verbindung, die zur Familie der Aluminiumsilikate geh\u00f6rt. Es ist die einzige stabile Verbindung zwischen Aluminiumoxid (Al2O3) und Siliziumdioxid (SiO2) bei Atmosph\u00e4rendruck und hohen Temperaturen. Seine chemische Formel n\u00e4hert sich 3Al2O3\u22c52SiO2 (entspricht etwa 60% Aluminiumoxid und 40% Siliziumdioxid als Massenanteil).<\/p>\n<p><!--more--><\/p>\n<p><strong>Vertiefte Definition :<\/strong> Mulit ist eine technische Keramik, die f\u00fcr feuerfeste (Hitzebest\u00e4ndigkeit) und strukturelle Anwendungen besonders beliebt ist, da sie eine der wenigen Phasen mit stabilem Gleichgewicht bei hohen Temperaturen im Al2O3-SiO2-Phasendiagramm ist. Sie wird in der Regel durch das Sintern von hochreinen Mischungen aus Aluminiumoxid und Siliziumdioxid oder durch Elektroschmelzen (Methoden der\u2019<strong>Industrialisierung<\/strong>). Seine Mikrostruktur ist durch nadelf\u00f6rmige (nadelartige) Kristalle gekennzeichnet, die sich ineinander verhaken und dem Material eine hervorragende mechanische Festigkeit verleihen.<\/p>\n<h3><strong>Schl\u00fcsseleigenschaften f\u00fcr die industrielle Leistung<\/strong><\/h3>\n<p>Mulite ist ein strategisches Material in <strong>Wirtschaftsingenieurwesen<\/strong> da sie ein au\u00dfergew\u00f6hnliches Gleichgewicht zwischen W\u00e4rmeleistung und physischer Stabilit\u00e4t bietet :<\/p>\n<ol>\n<li><strong>Ausgezeichnete Best\u00e4ndigkeit gegen Thermoschocks :<\/strong> Dies ist seine bemerkenswerteste Eigenschaft. Mulite hat einen sehr niedrigen W\u00e4rmeausdehnungskoeffizienten, wodurch es schnelle Temperaturwechsel \u00fcberstehen kann, ohne zu rei\u00dfen - ein gro\u00dfer Vorteil im Vergleich zu\u2019<strong>Geschmolzene Tonerde<\/strong> rein.<\/li>\n<li><strong>Hoher Schmelzpunkt :<\/strong> Sie bleibt bis etwa 1850\u2218C stabil, was ein kritisches Leistungskriterium f\u00fcr feuerfeste Anwendungen ist.<\/li>\n<li><strong>Gute Kriechfestigkeit (<em>Creep<\/em>) :<\/strong> Es beh\u00e4lt seine Form und Steifigkeit unter mechanischer Belastung bei hohen Temperaturen bei und sorgt so f\u00fcr stabile Ofenstrukturen.<\/li>\n<li><strong>Chemische Tr\u00e4gheit :<\/strong> Obwohl es gegen bestimmte Arten von chemischen Angriffen weniger widerstandsf\u00e4hig ist als Feuerfestmaterialien mit sehr hohem Reinheitsgrad (wie z. B.\u2019<strong>Elektrofon AZS<\/strong>), bietet es eine gute Korrosionsbest\u00e4ndigkeit, insbesondere gegen\u00fcber Schlacke und Gl\u00e4sern mit Standardzusammensetzung.<\/li>\n<\/ol>\n<h3><strong>Strategische Anwendungen<\/strong><\/h3>\n<p>Mulite ist entscheidend f\u00fcr <strong>Serienproduktion<\/strong> die sowohl eine hohe Temperatur als auch die Notwendigkeit eines zyklischen Aufheizens\/K\u00fchlens erfordern :<\/p>\n<table>\n<thead>\n<tr>\n<th>Anwendungsbereich<\/th>\n<th>Beispiel<\/th>\n<th>Rolle Schl\u00fcssel<\/th>\n<\/tr>\n<\/thead>\n<tbody>\n<tr>\n<td><strong>Technische Feuerfeststoffe<\/strong><\/td>\n<td>W\u00e4nde und D\u00e4cher von Keramik\u00f6fen, Sinter\u00f6fen<\/td>\n<td>Temperaturbest\u00e4ndigkeit und Best\u00e4ndigkeit gegen Temperaturschocks.<\/td>\n<\/tr>\n<tr>\n<td><strong>Teilehalter (Ofenelemente)<\/strong><\/td>\n<td>Kochplatten (<em>setters<\/em>) f\u00fcr Keramik oder elektronische Bauteile<\/td>\n<td>Formstabilit\u00e4t und geringes Gewicht (Optimierung des Ofens).<\/td>\n<\/tr>\n<tr>\n<td><strong>Katalyse und Filtration<\/strong><\/td>\n<td>Hochtemperaturkatalysatortr\u00e4ger, Partikelfilter<\/td>\n<td>Kontrollierte Porenstruktur und thermische Stabilit\u00e4t.<\/td>\n<\/tr>\n<tr>\n<td><strong>Glasindustrie<\/strong><\/td>\n<td>Isolier- und Verbindungssteine in den weniger beanspruchten Bereichen des Ofens<\/td>\n<td>Energieeinsparung durch gute W\u00e4rmed\u00e4mmung.<\/td>\n<\/tr>\n<\/tbody>\n<\/table>\n<h3><strong>Mulite vs. Pure Alumina<\/strong><\/h3>\n<p>Die Wahl zwischen Mulite und Pure Alumina (<strong>Gesintertes Aluminiumoxid<\/strong> oder <strong>Geschmolzene Tonerde<\/strong>) bei der Herstellung <strong>aus feuerfesten Ziegeln<\/strong> ist ein Kompromiss zwischen den Kosten, der maximalen Gebrauchstemperatur und der Best\u00e4ndigkeit gegen Temperaturschocks :<\/p>\n<ul>\n<li><strong>Reine Tonerde :<\/strong> Bietet eine h\u00f6here H\u00e4rte, eine bessere Korrosionsbest\u00e4ndigkeit und einen etwas h\u00f6heren Schmelzpunkt (ideal, wenn es nur auf die Temperatur ankommt).<\/li>\n<li><strong>Mulite :<\/strong> Biete eine <strong>deutlich bessere Best\u00e4ndigkeit gegen Temperaturschocks<\/strong> und Temperaturzyklen, oft bei geringeren Rohstoffkosten, was sie zu einer ausgezeichneten Wahl f\u00fcr Anwendungen mit zeitweiligem Gebrauch oder f\u00fcr Strukturbauteile macht, die dynamischen Belastungen standhalten m\u00fcssen.<\/li>\n<\/ul>\n<p>Abschlie\u00dfend <strong>Mulite<\/strong> ist ein unverzichtbares Material in der Hochtemperaturindustrie, das die Langlebigkeit und Energieeffizienz kritischer Ger\u00e4te gew\u00e4hrleistet, ein wesentlicher Faktor f\u00fcr die <strong>Industrielle Leistung<\/strong>.<\/p>\n<p><!-- notionvc: 297c9ed9-42b6-4917-8935-53860b1d865a --><\/p>","protected":false},"excerpt":{"rendered":"<p>La Mulite est un compos\u00e9 min\u00e9ral qui appartient \u00e0 la famille des silicates d&#8217;aluminium. C&#8217;est l&#8217;unique compos\u00e9 stable entre l&#8217;alumine (Al2O3) et la silice (SiO2) \u00e0 pression atmosph\u00e9rique et \u00e0 haute temp\u00e9rature. Sa formule chimique s&#8217;approche de 3Al2O3\u22c52SiO2 (soit environ 60% d&#8217;alumine et 40% de silice en masse).<\/p>","protected":false},"author":1,"featured_media":0,"parent":12324,"menu_order":0,"comment_status":"closed","ping_status":"closed","template":"","meta":{"_sitemap_exclude":false,"_sitemap_priority":"","_sitemap_frequency":"","footnotes":""},"definition":[99],"class_list":["post-12497","page","type-page","status-publish","hentry","definition-definition"],"jetpack_sharing_enabled":true,"_links":{"self":[{"href":"https:\/\/sxe-consulting.com\/de\/wp-json\/wp\/v2\/pages\/12497","targetHints":{"allow":["GET"]}}],"collection":[{"href":"https:\/\/sxe-consulting.com\/de\/wp-json\/wp\/v2\/pages"}],"about":[{"href":"https:\/\/sxe-consulting.com\/de\/wp-json\/wp\/v2\/types\/page"}],"author":[{"embeddable":true,"href":"https:\/\/sxe-consulting.com\/de\/wp-json\/wp\/v2\/users\/1"}],"replies":[{"embeddable":true,"href":"https:\/\/sxe-consulting.com\/de\/wp-json\/wp\/v2\/comments?post=12497"}],"version-history":[{"count":0,"href":"https:\/\/sxe-consulting.com\/de\/wp-json\/wp\/v2\/pages\/12497\/revisions"}],"up":[{"embeddable":true,"href":"https:\/\/sxe-consulting.com\/de\/wp-json\/wp\/v2\/pages\/12324"}],"wp:attachment":[{"href":"https:\/\/sxe-consulting.com\/de\/wp-json\/wp\/v2\/media?parent=12497"}],"wp:term":[{"taxonomy":"definition","embeddable":true,"href":"https:\/\/sxe-consulting.com\/de\/wp-json\/wp\/v2\/definition?post=12497"}],"curies":[{"name":"wp","href":"https:\/\/api.w.org\/{rel}","templated":true}]}}