{"id":12496,"date":"2025-10-20T23:43:25","date_gmt":"2025-10-20T21:43:25","guid":{"rendered":"https:\/\/sxe-consulting.com\/?page_id=12496"},"modified":"2025-10-20T23:43:25","modified_gmt":"2025-10-20T21:43:25","slug":"big-data-definition","status":"publish","type":"page","link":"https:\/\/sxe-consulting.com\/de\/glossaire-industriel\/big-data-definition\/","title":{"rendered":"Big Data"},"content":{"rendered":"<p>Der Begriff <strong>Big Data<\/strong> bezeichnet Datens\u00e4tze, die so gro\u00df sind, so schnell generiert werden und so vielf\u00e4ltig sind, dass sie die M\u00f6glichkeiten herk\u00f6mmlicher Datenverwaltungswerkzeuge und Anwendungen \u00fcbersteigen. Er ist die Essenz der <strong>Industrielle Digitalisierung<\/strong> und das Rohmaterial f\u00fcr die\u2019<strong>K\u00fcnstliche Intelligenz (KI)<\/strong>.<\/p>\n<p><!--more--><\/p>\n<p><strong>Vertiefte Definition :<\/strong> Big Data wird nicht nur durch sein Volumen definiert, sondern auch durch die <strong>3 V<\/strong> die ihre Herausforderungen und Chancen beschreiben :<\/p>\n<ol>\n<li><strong>Volumen :<\/strong> Die massive Menge an generierten Daten. In der Industrie sind dies Terabytes an Daten, die kontinuierlich von Tausenden von Sensoren gesammelt werden <strong>IoT (Internet der Dinge)<\/strong>, Systeme <strong>MES (Manufacturing Execution System)<\/strong>, und <strong>ERP (Enterprise Resource Planning)<\/strong>.<\/li>\n<li><strong>Velocity :<\/strong> Die Geschwindigkeit, mit der Daten generiert, gesammelt und vor allem verarbeitet werden. Die Analyse in Echtzeit (oder nahezu in Echtzeit) ist entscheidend f\u00fcr die <strong>Vorausschauende Wartung<\/strong> und die Optimierung der Prozesse von <strong>Serienproduktion<\/strong>.<\/li>\n<li><strong>Sorte :<\/strong> Die Vielfalt der Datenformate und -quellen: strukturierte Daten (ERP-Datenbanken), halbstrukturierte Daten (XML-Dateien) und unstrukturierte Daten (Videos, Bilder von <strong>Machine Vision<\/strong>, (z. B. Textdateien, rohe Sensordaten).<\/li>\n<\/ol>\n<p>Die Herausforderung von Big Data, gel\u00f6st durch das <strong>Machine Learning<\/strong> und Analyse, besteht darin, diese rohe Masse an Daten in <strong>verwertbare Informationen<\/strong> f\u00fcr die\u2019<strong>Operative Exzellenz<\/strong>.<\/p>\n<h3><strong>Die Rolle von Big Data in der industriellen Leistung<\/strong><\/h3>\n<p>F\u00fcr KMU und Experten in <strong>Wirtschaftsingenieurwesen<\/strong>, Die Nutzung von Big Data ist ein Hebel f\u00fcr die Transformation der Gesellschaft. <strong>Industrielle Leistung<\/strong> :<\/p>\n<ol>\n<li><strong>Pr\u00e4diktive und pr\u00e4skriptive Analyse :<\/strong> Big Data ist der Treibstoff f\u00fcr die <strong>Vorausschauende Wartung<\/strong>. Durch die Analyse komplexer Muster in historischen Daten k\u00f6nnen Algorithmen Maschinenausf\u00e4lle mit bisher unerreichter Genauigkeit vorhersagen und so den <strong>TRS (Synthetische Ertragsrate)<\/strong>. Es hilft auch, die optimalen Bedingungen (Temperatur, Geschwindigkeit) zu identifizieren, um die beste <strong>Qualit\u00e4t<\/strong>.<\/li>\n<li><strong>Optimierung von Prozessen :<\/strong> Die Analyse von Flussdaten erm\u00f6glicht es, genau zu sehen, wo Verschwendung auftritt (<em>Muda<\/em>), dynamisch die Lokalisierung von <strong>Erdrosselnde Flaschenh\u00e4lse (Bottleneck)<\/strong> und die tats\u00e4chlichen Auswirkungen von\u2019<strong>Kontinuierliche Verbesserung<\/strong>.<\/li>\n<li><strong>R\u00fcckverfolgbarkeit und Qualit\u00e4t :<\/strong> Big Data erm\u00f6glicht eine <strong>R\u00fcckverfolgbarkeit<\/strong> Die Daten der Ausr\u00fcstung (\u00fcber das\u2019<strong>IoT<\/strong> und der <strong>MEINE<\/strong>), die Rohstoffcharge (\u00fcber die\u2019<strong>ERP<\/strong> und die <strong>Nomenklatur - BOM<\/strong>), und das Ergebnis der Qualit\u00e4tskontrolle (<strong>Machine Vision<\/strong>), die die vollst\u00e4ndige Einhaltung des <strong>Herstellungsordner<\/strong>.<\/li>\n<li><strong>Erweiterte Simulation :<\/strong> Massive Daten werden zum Aufbau und zur Kalibrierung von <strong>Digitale Zwillinge (Digital Twin)<\/strong>, Diese Methode erm\u00f6glicht es, die Auswirkungen von \u00c4nderungen am Produktionssystem zu simulieren, bevor diese physisch umgesetzt werden.<\/li>\n<\/ol>\n<h3><strong>Herausforderungen f\u00fcr KMU und die Intervention von Industrial Engineering<\/strong><\/h3>\n<p>Die Einf\u00fchrung von Big Data ist nicht ohne Hindernisse, insbesondere f\u00fcr Unternehmen mit disparaten IT-Systemen:<\/p>\n<ul>\n<li><strong>Integration von Quellen :<\/strong> Die gr\u00f6\u00dfte Herausforderung ist das Sammeln und Vereinheitlichen von Daten aus heterogenen Systemen (Automaten, <strong>MEINE<\/strong>, <strong>ERP<\/strong>) in einer zentralisierten und strukturierten Plattform.<\/li>\n<li><strong>Sicherheit und Governance :<\/strong> Verwalten Sie den Zugang, die Vertraulichkeit und die Sicherheit dieser Informationsmengen, insbesondere bei der Vernetzung von Systemen (OT und IT).<\/li>\n<li><strong>Analytische F\u00e4higkeiten :<\/strong> \u00dcber die internen Kompetenzen verf\u00fcgen, um Modelle zur\u2019<strong>IA<\/strong> und von <strong>Machine Learning<\/strong> und Rohdaten in n\u00fctzliche Informationen umwandeln.<\/li>\n<\/ul>\n<p><strong>SXE Consulting<\/strong> hilft seinen Kunden, sich durch diese Herausforderung zu navigieren, indem er eine klare Datenstrategie festlegt: Welche Daten sollen gesammelt werden (<strong>IoT<\/strong>), wie sie zu speichern sind (Cloud- oder Edge-Architektur) und welche vorrangigen Analysen zu implementieren sind, um eine schnelle Investitionsrendite zu erzielen (z. B.: Ausrichtung auf die 20% Daten, die 80% der Probleme von <strong>TRS<\/strong>).<\/p>\n<p>Abschlie\u00dfend <strong>Big Data<\/strong> ist die Grundlage, auf der die\u2019<strong>Industrie 4.0<\/strong> baut ihre F\u00e4higkeiten zu Intelligenz, Autonomie und Leistung auf. Ihr gutes Management ist der Schl\u00fcssel zur Umwandlung des digitalen Potenzials in einen nachhaltigen Wettbewerbsvorteil.<\/p>\n<p><!-- notionvc: 50c0bdc4-ad8b-4108-8cd6-1c882cbf6a9d --><\/p>\n<p data-start=\"3483\" data-end=\"3654\"><!-- notionvc: 55748b84-6bc7-48d1-980a-8210c919df08 --><\/p>","protected":false},"excerpt":{"rendered":"<p>Le terme Big Data d\u00e9signe des ensembles de donn\u00e9es si volumineux, g\u00e9n\u00e9r\u00e9s si rapidement et d&#8217;une telle vari\u00e9t\u00e9 qu&#8217;ils d\u00e9passent les capacit\u00e9s des outils de gestion de donn\u00e9es et des applications traditionnelles. Il est l&#8217;essence m\u00eame de la Digitalisation Industrielle et la mati\u00e8re premi\u00e8re de l&#8217;Intelligence Artificielle (IA).<\/p>","protected":false},"author":1,"featured_media":0,"parent":12324,"menu_order":0,"comment_status":"closed","ping_status":"closed","template":"","meta":{"_sitemap_exclude":false,"_sitemap_priority":"","_sitemap_frequency":"","footnotes":""},"definition":[99],"class_list":["post-12496","page","type-page","status-publish","hentry","definition-definition"],"jetpack_sharing_enabled":true,"_links":{"self":[{"href":"https:\/\/sxe-consulting.com\/de\/wp-json\/wp\/v2\/pages\/12496","targetHints":{"allow":["GET"]}}],"collection":[{"href":"https:\/\/sxe-consulting.com\/de\/wp-json\/wp\/v2\/pages"}],"about":[{"href":"https:\/\/sxe-consulting.com\/de\/wp-json\/wp\/v2\/types\/page"}],"author":[{"embeddable":true,"href":"https:\/\/sxe-consulting.com\/de\/wp-json\/wp\/v2\/users\/1"}],"replies":[{"embeddable":true,"href":"https:\/\/sxe-consulting.com\/de\/wp-json\/wp\/v2\/comments?post=12496"}],"version-history":[{"count":0,"href":"https:\/\/sxe-consulting.com\/de\/wp-json\/wp\/v2\/pages\/12496\/revisions"}],"up":[{"embeddable":true,"href":"https:\/\/sxe-consulting.com\/de\/wp-json\/wp\/v2\/pages\/12324"}],"wp:attachment":[{"href":"https:\/\/sxe-consulting.com\/de\/wp-json\/wp\/v2\/media?parent=12496"}],"wp:term":[{"taxonomy":"definition","embeddable":true,"href":"https:\/\/sxe-consulting.com\/de\/wp-json\/wp\/v2\/definition?post=12496"}],"curies":[{"name":"wp","href":"https:\/\/api.w.org\/{rel}","templated":true}]}}