{"id":12487,"date":"2025-10-14T21:15:32","date_gmt":"2025-10-14T19:15:32","guid":{"rendered":"https:\/\/sxe-consulting.com\/?page_id=12487"},"modified":"2025-10-14T21:15:32","modified_gmt":"2025-10-14T19:15:32","slug":"poka-yoke-definition","status":"publish","type":"page","link":"https:\/\/sxe-consulting.com\/de\/glossaire-industriel\/poka-yoke-definition\/","title":{"rendered":"Poka-Yoke verstehen"},"content":{"rendered":"<p>Die <strong>Poka-Yoke<\/strong> ist eine grundlegende Technik des <strong>Lean Management<\/strong>, erfunden von dem japanischen Ingenieur Shigeo Shing\u014d und haupts\u00e4chlich im Toyota-Produktionssystem verwendet (<strong>TPS<\/strong>). Der Begriff setzt sich zusammen aus <em>poka<\/em> (unbeabsichtigter Fehler oder Gedankenlosigkeit) und von <em>yokeru<\/em> (vermeiden). Das Konzept ist also <strong>der Anti-Fehler<\/strong> oder die <strong>Vermeidung von unbeabsichtigten Fehlern<\/strong>.<\/p>\n<p><!--more--><\/p>\n<p><strong>Vertiefte Definition :<\/strong> Poka-Yoke ist die Gestaltung eines Prozesses, eines Werkzeugs oder eines Arbeitsplatzes in einer Weise, dass sie <strong>unm\u00f6glich<\/strong> f\u00fcr den Bediener (oder die Maschine), einen Fehler zu begehen. Wenn der Fehler nicht vermieden werden kann, muss die Vorrichtung ihn <strong>sofort erkennen<\/strong> und <strong>den Prozess stoppen<\/strong> bevor sich der Fehler auf den nachgeschalteten Kunden ausbreitet. Dies ist ein ingenieurtechnisches Prinzip, das die <strong>Qualit\u00e4t<\/strong> vom ersten Mal an (<em>First Time Right<\/em>), indem sie auf die Wurzelursache des menschlichen oder maschinellen Fehlers einwirken und nicht nur den Fehler beheben.<\/p>\n<h3><strong>Die drei Ans\u00e4tze des Poka-Yoke<\/strong><\/h3>\n<p>Die Poka-Yoke-Ger\u00e4te, die in die <strong>Arbeitsanweisungen<\/strong> und an die <strong>Herstellungsprogramm<\/strong>, In den meisten F\u00e4llen wird die Art und Weise, wie sie mit Fehlern umgehen, in Kategorien eingeteilt:<\/p>\n<h3><strong>A. Kontaktmethode (Contact Method)<\/strong><\/h3>\n<ul>\n<li><strong>Prinzip :<\/strong> Verwendet die physische Form oder die Eigenschaften des Produkts (Gr\u00f6\u00dfe, Farbe, Gewicht), um Fehler zu erkennen.<\/li>\n<li><strong>Beispiel:<\/strong> Eine Form, die so konstruiert ist, dass sie das Teil nur in der richtigen Ausrichtung aufnehmen kann. Codierstifte an elektrischen Steckern, die verhindern, dass sie falsch eingesteckt werden.<\/li>\n<\/ul>\n<h3><strong>B. Festwertmethode (Fixed-Value Method)<\/strong><\/h3>\n<ul>\n<li><strong>Prinzip :<\/strong> Stellt sicher, dass eine bestimmte Anzahl von Aktionen oder Teilen durchgef\u00fchrt oder verwendet wurde.<\/li>\n<li><strong>Beispiel:<\/strong> Eine Verbindungsvorrichtung, die sich weigert, sich zu schlie\u00dfen, solange die genaue Anzahl an Schrauben (festgelegt in der <strong>Nomenklatur - BOM<\/strong>) nicht eingef\u00fcgt wurde, oder eine Maschine, die ihren Zyklus stoppt, wenn sie nicht die richtige Anzahl von Z\u00fcgen gez\u00e4hlt hat.<\/li>\n<\/ul>\n<h3><strong>C. Methode der sequenziellen Schritte (Motion-Step Method)<\/strong><\/h3>\n<ul>\n<li><strong>Prinzip :<\/strong> \u00dcberpr\u00fcft, ob alle Schritte einer Prozesssequenz (definiert in der <strong>Herstellungsprogramm<\/strong>) in der richtigen Reihenfolge durchgef\u00fchrt wurden.<\/li>\n<li><strong>Beispiel:<\/strong> Ein Sensor, der \u00fcberpr\u00fcft, ob der Bediener alle Teile gescannt hat, bevor er die Baugruppe best\u00e4tigt und zum n\u00e4chsten Schritt \u00fcbergeht.<\/li>\n<\/ul>\n<h3><strong>Poka-Yoke und Industrielle Leistung<\/strong><\/h3>\n<p>Die Anwendung von Poka-Yoke ist ein m\u00e4chtiger Hebel f\u00fcr die\u2019<strong>Operative Exzellenz<\/strong> und der <strong>Wirtschaftsingenieurwesen<\/strong> :<\/p>\n<ol>\n<li><strong>Beseitigung von Verschwendung (Muda) :<\/strong> Durch die Verhinderung von Defekten beseitigt Poka-Yoke die teuerste Verschwendung: Ausschuss, Nacharbeit und unn\u00f6tige Inspektionen und tr\u00e4gt so zu einer hohen <strong>Industrielle Leistung<\/strong>.<\/li>\n<li><strong>Verbesserung des Flusses :<\/strong> Ein fehlerfreier Prozess ist ein fl\u00fcssigerer Prozess, der es leichter macht, die <strong>Gezogener Fluss<\/strong> und die Einhaltung des <strong>Taktzeit<\/strong> erforderlich.<\/li>\n<li><strong>Standardisierung und KAIZEN :<\/strong> Die Identifizierung der Wurzelursache eines Fehlers (\u00fcber die <strong>Root Cause Analysis - RCA<\/strong>), die zu einem Poka-Yoke f\u00fchrt, ist ein Akt der\u2019<strong>Kontinuierliche Verbesserung<\/strong>. Die Fehlervermeidung wird dann in den Standard integriert (die\u2019<strong>Arbeitsanweisung<\/strong>), wodurch die Nachhaltigkeit der Verbesserung gew\u00e4hrleistet wird.<\/li>\n<li><strong>Autonomie des Operators :<\/strong> Das Poka-Yoke vereinfacht komplexe Aufgaben, reduziert die geistige Belastung des Bedieners (der sich nicht mehr an eine kritische Kontrolle erinnern muss) und erm\u00f6glicht ihm, sich auf Aufgaben mit h\u00f6herem Mehrwert zu konzentrieren.<\/li>\n<\/ol>\n<h3><strong>Poka-Yoke im Zeitalter von Industrie 4.0<\/strong><\/h3>\n<p>Die <strong>Industrielle Digitalisierung<\/strong> hat den Anwendungsbereich von Poka-Yoke \u00fcber mechanische Ger\u00e4te hinaus erweitert:<\/p>\n<ul>\n<li><strong>Digitales Poka-Yoke :<\/strong> Das System <strong>MES (Manufacturing Execution System)<\/strong> oder die\u2019<strong>ERP (Enterprise Resource Planning)<\/strong> kann wie ein Poka-Yoke wirken, indem es eine Fehlermeldung anzeigt oder die Validierung eines Schritts blockiert, wenn die Daten falsch oder unvollst\u00e4ndig sind (z. B. wenn der Bediener vergisst, einen kritischen Parameter einzugeben, oder versucht, eine veraltete Version des <strong>Herstellungsordner<\/strong>).<\/li>\n<li><strong>Machine Vision :<\/strong> Die Integration von <strong>Machine Vision<\/strong> und der\u2019<strong>K\u00fcnstliche Intelligenz (KI)<\/strong> erm\u00f6glicht die Erstellung anspruchsvoller Poka-Yoke, die das Vorhandensein, die Ausrichtung und die Konformit\u00e4t von Teilen am Flie\u00dfband bei sehr hohen Geschwindigkeiten in Echtzeit \u00fcberpr\u00fcfen.<\/li>\n<\/ul>\n<p>Abschlie\u00dfend <strong>Poka-Yoke<\/strong> ist ein proaktiver Qualit\u00e4tsansatz, der davon ausgeht, dass Fehler menschlich sind, dass es aber m\u00f6glich ist, Prozesse unfehlbar zu machen. Er ist ein Muss f\u00fcr jedes KMU, das ein Qualit\u00e4tsniveau von Weltklasse erreichen will.<\/p>\n<p><!-- notionvc: 829024b0-20eb-4cd5-b222-5138c254bf86 --><\/p>","protected":false},"excerpt":{"rendered":"<p>Le Poka-Yoke est une technique fondamentale du Lean Management, invent\u00e9e par l&#8217;ing\u00e9nieur japonais Shigeo Shing\u014d, et utilis\u00e9e principalement dans le syst\u00e8me de production Toyota (TPS). Le terme se compose de poka (erreur non intentionnelle ou \u00e9tourderie) et de yokeru (\u00e9viter). Le concept est donc l&#8217;anti-erreur ou la pr\u00e9vention des erreurs involontaires.<\/p>","protected":false},"author":1,"featured_media":0,"parent":12324,"menu_order":0,"comment_status":"closed","ping_status":"closed","template":"","meta":{"_sitemap_exclude":false,"_sitemap_priority":"","_sitemap_frequency":"","footnotes":""},"definition":[99],"class_list":["post-12487","page","type-page","status-publish","hentry","definition-definition"],"jetpack_sharing_enabled":true,"_links":{"self":[{"href":"https:\/\/sxe-consulting.com\/de\/wp-json\/wp\/v2\/pages\/12487","targetHints":{"allow":["GET"]}}],"collection":[{"href":"https:\/\/sxe-consulting.com\/de\/wp-json\/wp\/v2\/pages"}],"about":[{"href":"https:\/\/sxe-consulting.com\/de\/wp-json\/wp\/v2\/types\/page"}],"author":[{"embeddable":true,"href":"https:\/\/sxe-consulting.com\/de\/wp-json\/wp\/v2\/users\/1"}],"replies":[{"embeddable":true,"href":"https:\/\/sxe-consulting.com\/de\/wp-json\/wp\/v2\/comments?post=12487"}],"version-history":[{"count":0,"href":"https:\/\/sxe-consulting.com\/de\/wp-json\/wp\/v2\/pages\/12487\/revisions"}],"up":[{"embeddable":true,"href":"https:\/\/sxe-consulting.com\/de\/wp-json\/wp\/v2\/pages\/12324"}],"wp:attachment":[{"href":"https:\/\/sxe-consulting.com\/de\/wp-json\/wp\/v2\/media?parent=12487"}],"wp:term":[{"taxonomy":"definition","embeddable":true,"href":"https:\/\/sxe-consulting.com\/de\/wp-json\/wp\/v2\/definition?post=12487"}],"curies":[{"name":"wp","href":"https:\/\/api.w.org\/{rel}","templated":true}]}}