{"id":12484,"date":"2025-10-14T21:19:35","date_gmt":"2025-10-14T19:19:35","guid":{"rendered":"https:\/\/sxe-consulting.com\/?page_id=12484"},"modified":"2025-10-14T21:19:35","modified_gmt":"2025-10-14T19:19:35","slug":"fused-alumina-definition","status":"publish","type":"page","link":"https:\/\/sxe-consulting.com\/de\/glossaire-industriel\/fused-alumina-definition\/","title":{"rendered":"Fused Alumina - Geschmolzene Tonerde"},"content":{"rendered":"<p>L\u2019<strong>Geschmolzene Tonerde<\/strong>, auch Elektroschmelzkorund genannt, ist eine Form von Aluminiumoxid, die sich durch eine <strong>massive, eckige Kristallstruktur<\/strong>, Der Begriff \"Schrott\" ist ein Begriff, der durch Verfestigung nach einer vollst\u00e4ndigen Schmelzphase gewonnen wird.<\/p>\n<p><!--more--><\/p>\n<p><strong>Vertiefte Definition :<\/strong> Im Gegensatz zum Sintern beginnt das Schmelzverfahren mit dem Schmelzen von Bauxit (dem Aluminiumerz) oder hochreinem Aluminiumoxid in einem <strong>elektrischer Lichtbogenofen<\/strong> bei extremen Temperaturen (oft \u00fcber 2000\u2218C). Das geschmolzene Material wird dann in Formen gegossen oder im Ofen langsam abk\u00fchlen gelassen, um gro\u00dfe kristalline Massen zu bilden. Nach dem Abk\u00fchlen werden diese Massen zerkleinert, gemahlen und kalibriert, um K\u00f6rner mit folgenden Eigenschaften zu erzeugen <strong>scharfe, harte Kanten<\/strong>.<\/p>\n<h3><strong>Arten, Eigenschaften und industrielle Anwendungen<\/strong><\/h3>\n<p>Fused Alumina gibt es in mehreren Arten, die beiden wichtigsten sind :<\/p>\n<ol>\n<li><strong>Wei\u00dfe verschmolzene Tonerde (White Fused Alumina - WFA) :<\/strong> Von sehr hoher Reinheit (\u226599%). Eigenschaften: Sehr gro\u00dfe H\u00e4rte, Spr\u00f6digkeit (die K\u00f6rner brechen auf und bilden neue scharfe Kanten) und wei\u00dfe Farbe aufgrund des Fehlens von Verunreinigungen (Eisen, Titan).<\/li>\n<li><strong>Braune verschmolzene Tonerde (Brown Fused Alumina - BFA) :<\/strong> Weniger rein, aber sehr hartn\u00e4ckig, da geringe Mengen an Eisen- und Titanoxiden enthalten sind.<\/li>\n<\/ol>\n<table>\n<thead>\n<tr>\n<th>Anwendungsbereich<\/th>\n<th>Typ Bevorzugt<\/th>\n<th>Rolle Schl\u00fcssel<\/th>\n<\/tr>\n<\/thead>\n<tbody>\n<tr>\n<td><strong>Hochleistungs-Schleifmittel<\/strong><\/td>\n<td>WFA und BFA<\/td>\n<td>Extreme H\u00e4rte zum Schneiden, Schleifen, Sandstrahlen und zur Oberfl\u00e4chenvorbereitung vor dem Beschichten.<\/td>\n<\/tr>\n<tr>\n<td><strong>Feuerfest<\/strong><\/td>\n<td>BFA<\/td>\n<td>Stabilit\u00e4t bei sehr hohen Temperaturen und Widerstandsf\u00e4higkeit gegen Temperaturschocks, wird f\u00fcr die Auskleidung von \u00d6fen und Gie\u00dfpfannen verwendet.<\/td>\n<\/tr>\n<tr>\n<td><strong>Rutschfest<\/strong><\/td>\n<td>BFA<\/td>\n<td>Eckige und z\u00e4he K\u00f6rner werden zur Sicherheit in Industriebodenbel\u00e4ge eingearbeitet.<\/td>\n<\/tr>\n<\/tbody>\n<\/table>\n<p>Fused Alumina ist das Material der Wahl, wenn man eine <strong>maximale H\u00e4rte f\u00fcr Abrieb<\/strong> oder eine <strong>au\u00dfergew\u00f6hnliche W\u00e4rmebest\u00e4ndigkeit<\/strong>, Diese Eigenschaften sind entscheidend f\u00fcr die <strong>Industrielle Leistung<\/strong> in der Metallindustrie, im Baugewerbe und in der Werkzeugherstellung.<\/p>\n<hr \/>\n<h3><strong>Schl\u00fcsseldifferenz: Prozess und Mikrostruktur<\/strong><\/h3>\n<p>Die Unterscheidung zwischen den beiden ist kritisch f\u00fcr die Wahl des feuerfesten Materials :<\/p>\n<ul>\n<li><strong>Gesinterte Tonerde :<\/strong> Prozess im festen Zustand (kein Schmelzen), der eine Mikrostruktur bei <strong>feink\u00f6rnig und gleichm\u00e4\u00dfig<\/strong>, Die meisten Menschen, die sich f\u00fcr die <strong>mechanische Festigkeit<\/strong> und die <strong>Pr\u00e4zisionskomponenten<\/strong>.<\/li>\n<li><strong>Fusionierte Tonerde :<\/strong> Prozesse im fl\u00fcssigen Zustand (Schmelzen und Kristallisation), die zu <strong>eckige, rohe und extrem harte K\u00f6rner<\/strong>, Die meisten Sch\u00fclerinnen und Sch\u00fcler sind in der Lage, die <strong>abrasive und feuerfeste Anwendungen<\/strong>.<\/li>\n<\/ul>\n<p><!-- notionvc: b13ed810-6b7b-4a22-92e8-01d8fbe54c0e --><\/p>","protected":false},"excerpt":{"rendered":"<p>L&#8217;Alumine Fusionn\u00e9e, \u00e9galement appel\u00e9e corindon \u00e9lectro-fondu, est une forme d&#8217;oxyde d&#8217;aluminium caract\u00e9ris\u00e9e par une structure cristalline massive et angulaire, obtenue par solidification apr\u00e8s une phase de fusion compl\u00e8te.<\/p>","protected":false},"author":1,"featured_media":0,"parent":12324,"menu_order":0,"comment_status":"closed","ping_status":"closed","template":"","meta":{"_sitemap_exclude":false,"_sitemap_priority":"","_sitemap_frequency":"","footnotes":""},"definition":[99],"class_list":["post-12484","page","type-page","status-publish","hentry","definition-definition"],"jetpack_sharing_enabled":true,"_links":{"self":[{"href":"https:\/\/sxe-consulting.com\/de\/wp-json\/wp\/v2\/pages\/12484","targetHints":{"allow":["GET"]}}],"collection":[{"href":"https:\/\/sxe-consulting.com\/de\/wp-json\/wp\/v2\/pages"}],"about":[{"href":"https:\/\/sxe-consulting.com\/de\/wp-json\/wp\/v2\/types\/page"}],"author":[{"embeddable":true,"href":"https:\/\/sxe-consulting.com\/de\/wp-json\/wp\/v2\/users\/1"}],"replies":[{"embeddable":true,"href":"https:\/\/sxe-consulting.com\/de\/wp-json\/wp\/v2\/comments?post=12484"}],"version-history":[{"count":0,"href":"https:\/\/sxe-consulting.com\/de\/wp-json\/wp\/v2\/pages\/12484\/revisions"}],"up":[{"embeddable":true,"href":"https:\/\/sxe-consulting.com\/de\/wp-json\/wp\/v2\/pages\/12324"}],"wp:attachment":[{"href":"https:\/\/sxe-consulting.com\/de\/wp-json\/wp\/v2\/media?parent=12484"}],"wp:term":[{"taxonomy":"definition","embeddable":true,"href":"https:\/\/sxe-consulting.com\/de\/wp-json\/wp\/v2\/definition?post=12484"}],"curies":[{"name":"wp","href":"https:\/\/api.w.org\/{rel}","templated":true}]}}