{"id":12483,"date":"2025-10-14T21:14:14","date_gmt":"2025-10-14T19:14:14","guid":{"rendered":"https:\/\/sxe-consulting.com\/?page_id=12483"},"modified":"2025-10-14T21:14:14","modified_gmt":"2025-10-14T19:14:14","slug":"industrielle-leistung-definition","status":"publish","type":"page","link":"https:\/\/sxe-consulting.com\/de\/glossaire-industriel\/performance-industrielle-definition\/","title":{"rendered":"Was ist Industrielle Leistung?"},"content":{"rendered":"<p>Die <strong>Industrielle Leistung<\/strong> ist die F\u00e4higkeit eines Unternehmens der verarbeitenden Industrie, seine strategischen und betrieblichen Ziele dauerhaft und effizient zu erreichen. Sie beschr\u00e4nkt sich nicht nur auf den Aspekt der Produktivit\u00e4t, sondern ist eine <strong>mehrdimensionale Messung<\/strong> die drei grundlegende S\u00e4ulen umfasst: Zeit (Geschwindigkeit), Qualit\u00e4t und Kosten.<\/p>\n<p><!--more--><\/p>\n<p><strong>Vertiefte Definition :<\/strong> Industrielle Leistung ist das Ergebnis einer erfolgreichen Ausrichtung von Prozessen, Technologien und menschlichen F\u00e4higkeiten. Sie zielt auf die Maximierung der Produktion (den <strong>Durchfluss<\/strong>) und Qualit\u00e4t (die Einhaltung des <strong>Herstellungsordner<\/strong> und beim <strong>Technisches Lastenheft - CCT<\/strong>) durch Minimierung der verbrauchten Ressourcen, Verschwendung (<em>Muda<\/em>) und Risiken. Sie ist der konkrete Beweis daf\u00fcr, dass die Prinzipien der\u2019<strong>Operative Exzellenz<\/strong> und von <strong>Wirtschaftsingenieurwesen<\/strong> richtig angewendet werden und das Unternehmen auf seinem Markt wettbewerbsf\u00e4hig ist.<\/p>\n<h3><strong>Die drei Achsen der industriellen Leistung<\/strong><\/h3>\n<p>Der Leistungsberater bewertet und beeinflusst die Leistung anhand von drei Hauptfamilien von Indikatoren (den <strong>KPI<\/strong>) :<\/p>\n<h3><strong>A. Effizienz und Fristen (Geschwindigkeit und Durchsatz)<\/strong><\/h3>\n<ul>\n<li><strong>Synthetische Ertragsrate (SRR) :<\/strong> Der k\u00f6nigliche Indikator. Er misst die tats\u00e4chliche Effizienz einer Maschine oder einer Linie, indem er Verf\u00fcgbarkeit, Leistung und Qualit\u00e4t kombiniert. Seine Optimierung erfolgt h\u00e4ufig durch die Eliminierung ungeplanter Stillst\u00e4nde (\u00fcber die <strong>Vorausschauende Wartung<\/strong>) und die Verwaltung von <strong>Erdrosselnde Flaschenh\u00e4lse (Bottleneck)<\/strong>.<\/li>\n<li><strong>\u00dcberfahrtszeit (<em>Lead Time<\/em>) :<\/strong> Die Zeit, die zwischen dem Beginn des Produktionsprozesses und dem Ausgang des fertigen Produkts vergeht. Die Reduzierung der <em>Lead Time<\/em> ist ein Schl\u00fcsselziel des <strong>Lean Management<\/strong> und steht in direktem Zusammenhang mit der F\u00e4higkeit, von einem <strong>Pushed Flow<\/strong> zu einem <strong>Gezogener Fluss<\/strong>.<\/li>\n<li><strong>Service-Rate :<\/strong> F\u00e4higkeit, Bestellungen rechtzeitig und in den gew\u00fcnschten Mengen zu liefern, ein direkter Indikator f\u00fcr die Zuverl\u00e4ssigkeit der <strong>Lieferkette<\/strong>.<\/li>\n<\/ul>\n<h3><strong>B. Qualit\u00e4t (Konformit\u00e4t und Zuverl\u00e4ssigkeit)<\/strong><\/h3>\n<ul>\n<li><strong>Nicht-Qualit\u00e4tsrate \/ Ausschussquote :<\/strong> Misst den Anteil der Produkte, die nicht den Spezifikationen entsprechen und deshalb Ausschuss oder Nacharbeit erfordern. Die Verbesserung dieses Indikators ist oft das Ergebnis von <strong>Standardisierung<\/strong> der <strong>Arbeitsanweisungen<\/strong> und der Integration der Kontrolle durch <strong>Machine Vision<\/strong>.<\/li>\n<li><strong>Qualit\u00e4tsrate ab dem ersten Mal (<em>First Time Right - FTR<\/em>) :<\/strong> Der Prozentsatz der Produkte, die den gesamten Herstellungsprozess ohne Fehler, Nacharbeit oder zus\u00e4tzliche Inspektion durchlaufen.<\/li>\n<\/ul>\n<h3><strong>C. Kosten (Rentabilit\u00e4t und Ressourcenverbrauch)<\/strong><\/h3>\n<ul>\n<li><strong>St\u00fcckkosten :<\/strong> Die Gesamtkosten (Rohstoffe, Arbeit, Maschinenabschreibung, Energie) f\u00fcr die Herstellung einer einzelnen Einheit. Die Optimierung des Prozesses \u00fcber den <strong>KAIZEN<\/strong> und die Reduzierung von Verschwendung ist ein direkter Hebel auf diesen Indikator.<\/li>\n<li><strong>Ressourcennutzungsgrad :<\/strong> Energieeffizienz und Abfallmanagement. Die <strong>Industrielle Digitalisierung<\/strong> erm\u00f6glicht die Verwendung von\u2019<strong>K\u00fcnstliche Intelligenz (KI)<\/strong> um den Energieverbrauch in Echtzeit zu optimieren.<\/li>\n<\/ul>\n<h3><strong>Leistung im Zeitalter von Industrie 4.0<\/strong><\/h3>\n<p>Die <strong>Industrielle Digitalisierung<\/strong> hat die Art und Weise, wie industrielle Leistung gemessen und gesteuert wird, grundlegend ver\u00e4ndert:<\/p>\n<ol>\n<li><strong>Echtzeit-Messung :<\/strong> L\u2019<strong>IoT<\/strong> und Systeme <strong>MES (Manufacturing Execution System)<\/strong> liefern Daten in Echtzeit und nicht mehr in historischen Berichten. Diese Unmittelbarkeit erm\u00f6glicht es, auf Probleme zu reagieren (z. B. fallende <strong>TRS<\/strong>) sofort und nicht erst im Nachhinein.<\/li>\n<li><strong>Simulation und Vorhersage :<\/strong> Die <strong>Digitaler Zwilling (Digital Twin)<\/strong> und der <strong>Machine Learning<\/strong> erm\u00f6glichen es, die Auswirkungen einer Parameter\u00e4nderung auf die zuk\u00fcnftige Performance zu simulieren, bevor sie auf die physische Linie angewendet wird.<\/li>\n<li><strong>Transversalit\u00e4t :<\/strong> L\u2019<strong>ERP<\/strong> konsolidierte und integrierte Systeme stellen sicher, dass die Leistung der Werkstatt direkt mit der finanziellen und gesch\u00e4ftlichen Leistung des Unternehmens verkn\u00fcpft ist, wodurch eine strategische und umfassende Sicht auf die Effizienz entsteht.<\/li>\n<\/ol>\n<h3><strong>Die Rolle der Messung in der kontinuierlichen Verbesserung (PDCA)<\/strong><\/h3>\n<p>Die Messung der industriellen Leistungsf\u00e4higkeit ist kein Selbstzweck, sondern der Ausgangspunkt f\u00fcr die\u2019<strong>Kontinuierliche Verbesserung<\/strong>. Ohne eine genaue Messung (Phase <em>Check<\/em> des Zyklus <strong>PDCA<\/strong>), bleiben Verbesserungsma\u00dfnahmen subjektiv.<\/p>\n<p><!-- notionvc: f6de31f5-0706-4074-8cc2-882a1cef32ad --><\/p>","protected":false},"excerpt":{"rendered":"<p>La Performance Industrielle est la capacit\u00e9 d&#8217;une entreprise manufacturi\u00e8re \u00e0 atteindre, de mani\u00e8re durable et efficace, ses objectifs strat\u00e9giques et op\u00e9rationnels. Elle ne se limite pas au seul aspect de la productivit\u00e9, mais est une mesure multidimensionnelle qui englobe trois piliers fondamentaux : les d\u00e9lais (vitesse), la qualit\u00e9 et les co\u00fbts.<\/p>","protected":false},"author":1,"featured_media":0,"parent":12324,"menu_order":0,"comment_status":"closed","ping_status":"closed","template":"","meta":{"_sitemap_exclude":false,"_sitemap_priority":"","_sitemap_frequency":"","footnotes":""},"definition":[99],"class_list":["post-12483","page","type-page","status-publish","hentry","definition-definition"],"jetpack_sharing_enabled":true,"_links":{"self":[{"href":"https:\/\/sxe-consulting.com\/de\/wp-json\/wp\/v2\/pages\/12483","targetHints":{"allow":["GET"]}}],"collection":[{"href":"https:\/\/sxe-consulting.com\/de\/wp-json\/wp\/v2\/pages"}],"about":[{"href":"https:\/\/sxe-consulting.com\/de\/wp-json\/wp\/v2\/types\/page"}],"author":[{"embeddable":true,"href":"https:\/\/sxe-consulting.com\/de\/wp-json\/wp\/v2\/users\/1"}],"replies":[{"embeddable":true,"href":"https:\/\/sxe-consulting.com\/de\/wp-json\/wp\/v2\/comments?post=12483"}],"version-history":[{"count":0,"href":"https:\/\/sxe-consulting.com\/de\/wp-json\/wp\/v2\/pages\/12483\/revisions"}],"up":[{"embeddable":true,"href":"https:\/\/sxe-consulting.com\/de\/wp-json\/wp\/v2\/pages\/12324"}],"wp:attachment":[{"href":"https:\/\/sxe-consulting.com\/de\/wp-json\/wp\/v2\/media?parent=12483"}],"wp:term":[{"taxonomy":"definition","embeddable":true,"href":"https:\/\/sxe-consulting.com\/de\/wp-json\/wp\/v2\/definition?post=12483"}],"curies":[{"name":"wp","href":"https:\/\/api.w.org\/{rel}","templated":true}]}}